{"id":45223,"date":"2025-01-01T03:02:08","date_gmt":"2025-01-01T01:32:08","guid":{"rendered":"https:\/\/swiss-peak.com\/swiss-peak-travel-case-aus-rcs-rec-pu-mit-3-in-1-charger-schwarz\/"},"modified":"2026-03-12T03:30:25","modified_gmt":"2026-03-12T01:30:25","slug":"swiss-peak-travel-case-aus-rcs-rec-pu-mit-3-in-1-charger-schwarz","status":"publish","type":"product","link":"https:\/\/swiss-peak.com\/de\/produkt\/swiss-peak-travel-case-aus-rcs-rec-pu-mit-3-in-1-charger-schwarz\/","title":{"rendered":"Swiss Peak Travel-Case aus RCS rec. PU mit 3-in-1-Charger, schwarz"},"content":{"rendered":"<p>Hartschalen-Travel-Case mit integriertem 3-in-1-Ladeger\u00e4t f\u00fcr kabellose Ger\u00e4te aus RCS recyceltem PU. Gesamter recycelter Anteil: 5% basierend auf dem Gesamtgewicht des Artikels. Die RCS-Zertifizierung gew\u00e4hrleistet eine vollst\u00e4ndig zertifizierte Lieferkette der recycelten Materialien. Das Travel-Case bietet Stauraum f\u00fcr Reisepass und mehrere Karten und verf\u00fcgt \u00fcber eine integrierte Kabelhalterung. Zudem ist es mit einem magnetischen 15W-Ladeger\u00e4t und einem weiteren 5W-Ladeger\u00e4t ausgestattet, das f\u00fcr Ohrh\u00f6rer-Etuis oder andere kleine kabellose, aufladbare Ger\u00e4te geeignet ist, sowie mit einem 2,5W-Ladeger\u00e4t f\u00fcr Smartwatches (nur Apple-Uhren). Perfekt, um all Ihre Wertsachen zu transportieren und all Ihre Ger\u00e4te aufzuladen. Inklusive 120cm TPE-Kabel. Verpackt in FSC\u00ae-Mix-Verpackung. Artikel und Zubeh\u00f6r 100% PVC-frei. Mindestleistung: 9V\/3A f\u00fcr optimale Nutzung. Leistung: Telefon: 9V\/1,1A; 9V\/1,67A\/(15 W), Ohrh\u00f6rer: 5V\/1A (5 W), Uhr: 5V\/0,5A.<\/p>\n","protected":false},"excerpt":{"rendered":"<p>Hartschalen-Travel-Case mit integriertem 3-in-1-Ladeger\u00e4t f\u00fcr kabellose Ger\u00e4te aus RCS recyceltem PU. Gesamter recycelter Anteil: 5% basierend auf dem Gesamtgewicht des Artikels. Die RCS-Zertifizierung gew\u00e4hrleistet eine vollst\u00e4ndig zertifizierte Lieferkette der recycelten Materialien. Das Travel-Case bietet Stauraum f\u00fcr Reisepass und mehrere Karten und verf\u00fcgt \u00fcber eine integrierte Kabelhalterung. Zudem ist es mit einem magnetischen 15W-Ladeger\u00e4t und einem [&hellip;]<\/p>\n","protected":false},"featured_media":44668,"template":"","meta":{"_acf_changed":false},"product_cat":[288,305],"product_tag":[],"class_list":["post-45223","product","type-product","status-publish","has-post-thumbnail","hentry","product_cat-geschafte","product_cat-tech-de","pa_color-black-de"],"acf":[],"yoast_head":"<!-- This site is optimized with the Yoast SEO plugin v27.0 - https:\/\/yoast.com\/product\/yoast-seo-wordpress\/ -->\n<title>Swiss Peak Travel-Case aus RCS rec. PU mit 3-in-1-Charger, schwarz - Swiss Peak<\/title>\n<meta name=\"robots\" content=\"index, follow, max-snippet:-1, max-image-preview:large, max-video-preview:-1\" \/>\n<link rel=\"canonical\" href=\"https:\/\/swiss-peak.com\/de\/produkt\/swiss-peak-travel-case-aus-rcs-rec-pu-mit-3-in-1-charger-schwarz\/\" \/>\n<meta property=\"og:locale\" content=\"de_DE\" \/>\n<meta property=\"og:type\" content=\"article\" \/>\n<meta property=\"og:title\" content=\"Swiss Peak Travel-Case aus RCS rec. PU mit 3-in-1-Charger, schwarz - Swiss Peak\" \/>\n<meta property=\"og:description\" content=\"Hartschalen-Travel-Case mit integriertem 3-in-1-Ladeger\u00e4t f\u00fcr kabellose Ger\u00e4te aus RCS recyceltem PU. Gesamter recycelter Anteil: 5% basierend auf dem Gesamtgewicht des Artikels. Die RCS-Zertifizierung gew\u00e4hrleistet eine vollst\u00e4ndig zertifizierte Lieferkette der recycelten Materialien. Das Travel-Case bietet Stauraum f\u00fcr Reisepass und mehrere Karten und verf\u00fcgt \u00fcber eine integrierte Kabelhalterung. Zudem ist es mit einem magnetischen 15W-Ladeger\u00e4t und einem [&hellip;]\" \/>\n<meta property=\"og:url\" content=\"https:\/\/swiss-peak.com\/de\/produkt\/swiss-peak-travel-case-aus-rcs-rec-pu-mit-3-in-1-charger-schwarz\/\" \/>\n<meta property=\"og:site_name\" content=\"Swiss Peak\" \/>\n<meta property=\"article:modified_time\" content=\"2026-03-12T01:30:25+00:00\" \/>\n<meta property=\"og:image\" content=\"https:\/\/swiss-peak.com\/wp-content\/uploads\/sites\/9\/2025\/01\/P309.0501__S_0__38a6a8bab2974debb3eb0e9fe9cf23b8.jpg\" \/>\n\t<meta property=\"og:image:width\" content=\"1024\" \/>\n\t<meta property=\"og:image:height\" content=\"1024\" \/>\n\t<meta property=\"og:image:type\" content=\"image\/jpeg\" \/>\n<meta name=\"twitter:card\" content=\"summary_large_image\" \/>\n<meta name=\"twitter:label1\" content=\"Gesch\u00e4tzte Lesezeit\" \/>\n\t<meta name=\"twitter:data1\" content=\"1\u00a0Minute\" \/>\n<script type=\"application\/ld+json\" class=\"yoast-schema-graph\">{\"@context\":\"https:\/\/schema.org\",\"@graph\":[{\"@type\":\"WebPage\",\"@id\":\"https:\/\/swiss-peak.com\/de\/produkt\/swiss-peak-travel-case-aus-rcs-rec-pu-mit-3-in-1-charger-schwarz\/\",\"url\":\"https:\/\/swiss-peak.com\/de\/produkt\/swiss-peak-travel-case-aus-rcs-rec-pu-mit-3-in-1-charger-schwarz\/\",\"name\":\"Swiss Peak Travel-Case aus RCS rec. PU mit 3-in-1-Charger, schwarz - Swiss Peak\",\"isPartOf\":{\"@id\":\"https:\/\/swiss-peak.com\/de\/#website\"},\"primaryImageOfPage\":{\"@id\":\"https:\/\/swiss-peak.com\/de\/produkt\/swiss-peak-travel-case-aus-rcs-rec-pu-mit-3-in-1-charger-schwarz\/#primaryimage\"},\"image\":{\"@id\":\"https:\/\/swiss-peak.com\/de\/produkt\/swiss-peak-travel-case-aus-rcs-rec-pu-mit-3-in-1-charger-schwarz\/#primaryimage\"},\"thumbnailUrl\":\"https:\/\/swiss-peak.com\/wp-content\/uploads\/sites\/9\/2025\/01\/P309.0501__S_0__38a6a8bab2974debb3eb0e9fe9cf23b8.jpg\",\"datePublished\":\"2025-01-01T01:32:08+00:00\",\"dateModified\":\"2026-03-12T01:30:25+00:00\",\"breadcrumb\":{\"@id\":\"https:\/\/swiss-peak.com\/de\/produkt\/swiss-peak-travel-case-aus-rcs-rec-pu-mit-3-in-1-charger-schwarz\/#breadcrumb\"},\"inLanguage\":\"de\",\"potentialAction\":[{\"@type\":\"ReadAction\",\"target\":[\"https:\/\/swiss-peak.com\/de\/produkt\/swiss-peak-travel-case-aus-rcs-rec-pu-mit-3-in-1-charger-schwarz\/\"]}]},{\"@type\":\"ImageObject\",\"inLanguage\":\"de\",\"@id\":\"https:\/\/swiss-peak.com\/de\/produkt\/swiss-peak-travel-case-aus-rcs-rec-pu-mit-3-in-1-charger-schwarz\/#primaryimage\",\"url\":\"https:\/\/swiss-peak.com\/wp-content\/uploads\/sites\/9\/2025\/01\/P309.0501__S_0__38a6a8bab2974debb3eb0e9fe9cf23b8.jpg\",\"contentUrl\":\"https:\/\/swiss-peak.com\/wp-content\/uploads\/sites\/9\/2025\/01\/P309.0501__S_0__38a6a8bab2974debb3eb0e9fe9cf23b8.jpg\",\"width\":1024,\"height\":1024},{\"@type\":\"BreadcrumbList\",\"@id\":\"https:\/\/swiss-peak.com\/de\/produkt\/swiss-peak-travel-case-aus-rcs-rec-pu-mit-3-in-1-charger-schwarz\/#breadcrumb\",\"itemListElement\":[{\"@type\":\"ListItem\",\"position\":1,\"name\":\"Home\",\"item\":\"https:\/\/swiss-peak.com\/de\/\"},{\"@type\":\"ListItem\",\"position\":2,\"name\":\"Kollektion\",\"item\":\"https:\/\/swiss-peak.com\/de\/kollektion\/\"},{\"@type\":\"ListItem\",\"position\":3,\"name\":\"Swiss Peak Travel-Case aus RCS rec. PU mit 3-in-1-Charger, schwarz\"}]},{\"@type\":\"WebSite\",\"@id\":\"https:\/\/swiss-peak.com\/de\/#website\",\"url\":\"https:\/\/swiss-peak.com\/de\/\",\"name\":\"Swiss Peak\",\"description\":\"Where will today take you?\",\"potentialAction\":[{\"@type\":\"SearchAction\",\"target\":{\"@type\":\"EntryPoint\",\"urlTemplate\":\"https:\/\/swiss-peak.com\/de\/?s={search_term_string}\"},\"query-input\":{\"@type\":\"PropertyValueSpecification\",\"valueRequired\":true,\"valueName\":\"search_term_string\"}}],\"inLanguage\":\"de\"}]}<\/script>\n<!-- \/ Yoast SEO plugin. -->","yoast_head_json":{"title":"Swiss Peak Travel-Case aus RCS rec. PU mit 3-in-1-Charger, schwarz - Swiss Peak","robots":{"index":"index","follow":"follow","max-snippet":"max-snippet:-1","max-image-preview":"max-image-preview:large","max-video-preview":"max-video-preview:-1"},"canonical":"https:\/\/swiss-peak.com\/de\/produkt\/swiss-peak-travel-case-aus-rcs-rec-pu-mit-3-in-1-charger-schwarz\/","og_locale":"de_DE","og_type":"article","og_title":"Swiss Peak Travel-Case aus RCS rec. PU mit 3-in-1-Charger, schwarz - Swiss Peak","og_description":"Hartschalen-Travel-Case mit integriertem 3-in-1-Ladeger\u00e4t f\u00fcr kabellose Ger\u00e4te aus RCS recyceltem PU. Gesamter recycelter Anteil: 5% basierend auf dem Gesamtgewicht des Artikels. Die RCS-Zertifizierung gew\u00e4hrleistet eine vollst\u00e4ndig zertifizierte Lieferkette der recycelten Materialien. Das Travel-Case bietet Stauraum f\u00fcr Reisepass und mehrere Karten und verf\u00fcgt \u00fcber eine integrierte Kabelhalterung. Zudem ist es mit einem magnetischen 15W-Ladeger\u00e4t und einem [&hellip;]","og_url":"https:\/\/swiss-peak.com\/de\/produkt\/swiss-peak-travel-case-aus-rcs-rec-pu-mit-3-in-1-charger-schwarz\/","og_site_name":"Swiss Peak","article_modified_time":"2026-03-12T01:30:25+00:00","og_image":[{"width":1024,"height":1024,"url":"https:\/\/swiss-peak.com\/wp-content\/uploads\/sites\/9\/2025\/01\/P309.0501__S_0__38a6a8bab2974debb3eb0e9fe9cf23b8.jpg","type":"image\/jpeg"}],"twitter_card":"summary_large_image","twitter_misc":{"Gesch\u00e4tzte Lesezeit":"1\u00a0Minute"},"schema":{"@context":"https:\/\/schema.org","@graph":[{"@type":"WebPage","@id":"https:\/\/swiss-peak.com\/de\/produkt\/swiss-peak-travel-case-aus-rcs-rec-pu-mit-3-in-1-charger-schwarz\/","url":"https:\/\/swiss-peak.com\/de\/produkt\/swiss-peak-travel-case-aus-rcs-rec-pu-mit-3-in-1-charger-schwarz\/","name":"Swiss Peak Travel-Case aus RCS rec. PU mit 3-in-1-Charger, schwarz - Swiss Peak","isPartOf":{"@id":"https:\/\/swiss-peak.com\/de\/#website"},"primaryImageOfPage":{"@id":"https:\/\/swiss-peak.com\/de\/produkt\/swiss-peak-travel-case-aus-rcs-rec-pu-mit-3-in-1-charger-schwarz\/#primaryimage"},"image":{"@id":"https:\/\/swiss-peak.com\/de\/produkt\/swiss-peak-travel-case-aus-rcs-rec-pu-mit-3-in-1-charger-schwarz\/#primaryimage"},"thumbnailUrl":"https:\/\/swiss-peak.com\/wp-content\/uploads\/sites\/9\/2025\/01\/P309.0501__S_0__38a6a8bab2974debb3eb0e9fe9cf23b8.jpg","datePublished":"2025-01-01T01:32:08+00:00","dateModified":"2026-03-12T01:30:25+00:00","breadcrumb":{"@id":"https:\/\/swiss-peak.com\/de\/produkt\/swiss-peak-travel-case-aus-rcs-rec-pu-mit-3-in-1-charger-schwarz\/#breadcrumb"},"inLanguage":"de","potentialAction":[{"@type":"ReadAction","target":["https:\/\/swiss-peak.com\/de\/produkt\/swiss-peak-travel-case-aus-rcs-rec-pu-mit-3-in-1-charger-schwarz\/"]}]},{"@type":"ImageObject","inLanguage":"de","@id":"https:\/\/swiss-peak.com\/de\/produkt\/swiss-peak-travel-case-aus-rcs-rec-pu-mit-3-in-1-charger-schwarz\/#primaryimage","url":"https:\/\/swiss-peak.com\/wp-content\/uploads\/sites\/9\/2025\/01\/P309.0501__S_0__38a6a8bab2974debb3eb0e9fe9cf23b8.jpg","contentUrl":"https:\/\/swiss-peak.com\/wp-content\/uploads\/sites\/9\/2025\/01\/P309.0501__S_0__38a6a8bab2974debb3eb0e9fe9cf23b8.jpg","width":1024,"height":1024},{"@type":"BreadcrumbList","@id":"https:\/\/swiss-peak.com\/de\/produkt\/swiss-peak-travel-case-aus-rcs-rec-pu-mit-3-in-1-charger-schwarz\/#breadcrumb","itemListElement":[{"@type":"ListItem","position":1,"name":"Home","item":"https:\/\/swiss-peak.com\/de\/"},{"@type":"ListItem","position":2,"name":"Kollektion","item":"https:\/\/swiss-peak.com\/de\/kollektion\/"},{"@type":"ListItem","position":3,"name":"Swiss Peak Travel-Case aus RCS rec. PU mit 3-in-1-Charger, schwarz"}]},{"@type":"WebSite","@id":"https:\/\/swiss-peak.com\/de\/#website","url":"https:\/\/swiss-peak.com\/de\/","name":"Swiss Peak","description":"Where will today take you?","potentialAction":[{"@type":"SearchAction","target":{"@type":"EntryPoint","urlTemplate":"https:\/\/swiss-peak.com\/de\/?s={search_term_string}"},"query-input":{"@type":"PropertyValueSpecification","valueRequired":true,"valueName":"search_term_string"}}],"inLanguage":"de"}]}},"_links":{"self":[{"href":"https:\/\/swiss-peak.com\/de\/wp-json\/wp\/v2\/product\/45223","targetHints":{"allow":["GET"]}}],"collection":[{"href":"https:\/\/swiss-peak.com\/de\/wp-json\/wp\/v2\/product"}],"about":[{"href":"https:\/\/swiss-peak.com\/de\/wp-json\/wp\/v2\/types\/product"}],"wp:featuredmedia":[{"embeddable":true,"href":"https:\/\/swiss-peak.com\/de\/wp-json\/wp\/v2\/media\/44668"}],"wp:attachment":[{"href":"https:\/\/swiss-peak.com\/de\/wp-json\/wp\/v2\/media?parent=45223"}],"wp:term":[{"taxonomy":"product_cat","embeddable":true,"href":"https:\/\/swiss-peak.com\/de\/wp-json\/wp\/v2\/product_cat?post=45223"},{"taxonomy":"product_tag","embeddable":true,"href":"https:\/\/swiss-peak.com\/de\/wp-json\/wp\/v2\/product_tag?post=45223"}],"curies":[{"name":"wp","href":"https:\/\/api.w.org\/{rel}","templated":true}]}}