{"id":44345,"date":"2024-08-03T02:02:34","date_gmt":"2024-08-03T00:32:13","guid":{"rendered":"https:\/\/swiss-peak.com\/swiss-peak-tula-rcs-set-aus-key-organizer-stifte-schwarz\/"},"modified":"2026-03-20T03:32:18","modified_gmt":"2026-03-20T01:32:18","slug":"swiss-peak-tula-rcs-set-aus-key-organizer-stifte-schwarz","status":"publish","type":"product","link":"https:\/\/swiss-peak.com\/de\/produkt\/swiss-peak-tula-rcs-set-aus-key-organizer-stifte-schwarz\/","title":{"rendered":"Tula RCS Set aus Key-Organizer &amp; Stifte, schwarz"},"content":{"rendered":"<p>Mit dem Swiss Peak Tula RCS-zertifizierten Schl\u00fcssel-Organizer und dem Stift aus recyceltem Aluminium, der in einer luxuri\u00f6sen Geschenkbox pr\u00e4sentiert wird, werten Sie Ihre Alltagsutensilien auf. Der mit Pr\u00e4zision gefertigte Schl\u00fcssel-Organizer sorgt f\u00fcr eine schlanke Organisation, w\u00e4hrend der Stift aus recyceltem Aluminium kreative Ideen zu Papier bringt &#8211; ein ideales Geschenk. Hergestellt aus RCS-zertifiziert (Recycled Claim Standard) recycelten Materialien. Die RCS-Zertifizierung gew\u00e4hrleistet eine vollst\u00e4ndig zertifizierte Lieferkette der recycelten Materialien. Dieses Produkt enth\u00e4lt 11% RCS-zertifiziertes, recyceltes PU und 8% RCS-zertifiziertes, recyceltes Aluminium.<\/p>\n","protected":false},"excerpt":{"rendered":"<p>Mit dem Swiss Peak Tula RCS-zertifizierten Schl\u00fcssel-Organizer und dem Stift aus recyceltem Aluminium, der in einer luxuri\u00f6sen Geschenkbox pr\u00e4sentiert wird, werten Sie Ihre Alltagsutensilien auf. Der mit Pr\u00e4zision gefertigte Schl\u00fcssel-Organizer sorgt f\u00fcr eine schlanke Organisation, w\u00e4hrend der Stift aus recyceltem Aluminium kreative Ideen zu Papier bringt &#8211; ein ideales Geschenk. Hergestellt aus RCS-zertifiziert (Recycled Claim [&hellip;]<\/p>\n","protected":false},"featured_media":44217,"template":"","meta":{"_acf_changed":false},"product_cat":[296,288],"product_tag":[],"class_list":["post-44345","product","type-product","status-publish","has-post-thumbnail","hentry","product_cat-buro-schreibgerate","product_cat-geschafte","pa_color-black-de"],"acf":[],"yoast_head":"<!-- This site is optimized with the Yoast SEO plugin v27.0 - https:\/\/yoast.com\/product\/yoast-seo-wordpress\/ -->\n<title>Tula RCS Set aus Key-Organizer &amp; Stifte, schwarz - Swiss Peak<\/title>\n<meta name=\"robots\" content=\"index, follow, max-snippet:-1, max-image-preview:large, max-video-preview:-1\" \/>\n<link rel=\"canonical\" href=\"https:\/\/swiss-peak.com\/de\/produkt\/swiss-peak-tula-rcs-set-aus-key-organizer-stifte-schwarz\/\" \/>\n<meta property=\"og:locale\" content=\"de_DE\" \/>\n<meta property=\"og:type\" content=\"article\" \/>\n<meta property=\"og:title\" content=\"Tula RCS Set aus Key-Organizer &amp; Stifte, schwarz - Swiss Peak\" \/>\n<meta property=\"og:description\" content=\"Mit dem Swiss Peak Tula RCS-zertifizierten Schl\u00fcssel-Organizer und dem Stift aus recyceltem Aluminium, der in einer luxuri\u00f6sen Geschenkbox pr\u00e4sentiert wird, werten Sie Ihre Alltagsutensilien auf. Der mit Pr\u00e4zision gefertigte Schl\u00fcssel-Organizer sorgt f\u00fcr eine schlanke Organisation, w\u00e4hrend der Stift aus recyceltem Aluminium kreative Ideen zu Papier bringt &#8211; ein ideales Geschenk. Hergestellt aus RCS-zertifiziert (Recycled Claim [&hellip;]\" \/>\n<meta property=\"og:url\" content=\"https:\/\/swiss-peak.com\/de\/produkt\/swiss-peak-tula-rcs-set-aus-key-organizer-stifte-schwarz\/\" \/>\n<meta property=\"og:site_name\" content=\"Swiss Peak\" \/>\n<meta property=\"article:modified_time\" content=\"2026-03-20T01:32:18+00:00\" \/>\n<meta property=\"og:image\" content=\"https:\/\/swiss-peak.com\/wp-content\/uploads\/sites\/9\/2024\/08\/P820.9701__S_0__a99a23a48fe74bb694aaaed5cd4ea3f4.jpg\" \/>\n\t<meta property=\"og:image:width\" content=\"1024\" \/>\n\t<meta property=\"og:image:height\" content=\"1024\" \/>\n\t<meta property=\"og:image:type\" content=\"image\/jpeg\" \/>\n<meta name=\"twitter:card\" content=\"summary_large_image\" \/>\n<script type=\"application\/ld+json\" class=\"yoast-schema-graph\">{\"@context\":\"https:\/\/schema.org\",\"@graph\":[{\"@type\":\"WebPage\",\"@id\":\"https:\/\/swiss-peak.com\/de\/produkt\/swiss-peak-tula-rcs-set-aus-key-organizer-stifte-schwarz\/\",\"url\":\"https:\/\/swiss-peak.com\/de\/produkt\/swiss-peak-tula-rcs-set-aus-key-organizer-stifte-schwarz\/\",\"name\":\"Tula RCS Set aus Key-Organizer &amp; Stifte, schwarz - Swiss Peak\",\"isPartOf\":{\"@id\":\"https:\/\/swiss-peak.com\/de\/#website\"},\"primaryImageOfPage\":{\"@id\":\"https:\/\/swiss-peak.com\/de\/produkt\/swiss-peak-tula-rcs-set-aus-key-organizer-stifte-schwarz\/#primaryimage\"},\"image\":{\"@id\":\"https:\/\/swiss-peak.com\/de\/produkt\/swiss-peak-tula-rcs-set-aus-key-organizer-stifte-schwarz\/#primaryimage\"},\"thumbnailUrl\":\"https:\/\/swiss-peak.com\/wp-content\/uploads\/sites\/9\/2024\/08\/P820.9701__S_0__a99a23a48fe74bb694aaaed5cd4ea3f4.jpg\",\"datePublished\":\"2024-08-03T00:32:13+00:00\",\"dateModified\":\"2026-03-20T01:32:18+00:00\",\"breadcrumb\":{\"@id\":\"https:\/\/swiss-peak.com\/de\/produkt\/swiss-peak-tula-rcs-set-aus-key-organizer-stifte-schwarz\/#breadcrumb\"},\"inLanguage\":\"de\",\"potentialAction\":[{\"@type\":\"ReadAction\",\"target\":[\"https:\/\/swiss-peak.com\/de\/produkt\/swiss-peak-tula-rcs-set-aus-key-organizer-stifte-schwarz\/\"]}]},{\"@type\":\"ImageObject\",\"inLanguage\":\"de\",\"@id\":\"https:\/\/swiss-peak.com\/de\/produkt\/swiss-peak-tula-rcs-set-aus-key-organizer-stifte-schwarz\/#primaryimage\",\"url\":\"https:\/\/swiss-peak.com\/wp-content\/uploads\/sites\/9\/2024\/08\/P820.9701__S_0__a99a23a48fe74bb694aaaed5cd4ea3f4.jpg\",\"contentUrl\":\"https:\/\/swiss-peak.com\/wp-content\/uploads\/sites\/9\/2024\/08\/P820.9701__S_0__a99a23a48fe74bb694aaaed5cd4ea3f4.jpg\",\"width\":1024,\"height\":1024},{\"@type\":\"BreadcrumbList\",\"@id\":\"https:\/\/swiss-peak.com\/de\/produkt\/swiss-peak-tula-rcs-set-aus-key-organizer-stifte-schwarz\/#breadcrumb\",\"itemListElement\":[{\"@type\":\"ListItem\",\"position\":1,\"name\":\"Home\",\"item\":\"https:\/\/swiss-peak.com\/de\/\"},{\"@type\":\"ListItem\",\"position\":2,\"name\":\"Kollektion\",\"item\":\"https:\/\/swiss-peak.com\/de\/kollektion\/\"},{\"@type\":\"ListItem\",\"position\":3,\"name\":\"Tula RCS Set aus Key-Organizer &amp; Stifte, schwarz\"}]},{\"@type\":\"WebSite\",\"@id\":\"https:\/\/swiss-peak.com\/de\/#website\",\"url\":\"https:\/\/swiss-peak.com\/de\/\",\"name\":\"Swiss Peak\",\"description\":\"Where will today take you?\",\"potentialAction\":[{\"@type\":\"SearchAction\",\"target\":{\"@type\":\"EntryPoint\",\"urlTemplate\":\"https:\/\/swiss-peak.com\/de\/?s={search_term_string}\"},\"query-input\":{\"@type\":\"PropertyValueSpecification\",\"valueRequired\":true,\"valueName\":\"search_term_string\"}}],\"inLanguage\":\"de\"}]}<\/script>\n<!-- \/ Yoast SEO plugin. -->","yoast_head_json":{"title":"Tula RCS Set aus Key-Organizer &amp; Stifte, schwarz - Swiss Peak","robots":{"index":"index","follow":"follow","max-snippet":"max-snippet:-1","max-image-preview":"max-image-preview:large","max-video-preview":"max-video-preview:-1"},"canonical":"https:\/\/swiss-peak.com\/de\/produkt\/swiss-peak-tula-rcs-set-aus-key-organizer-stifte-schwarz\/","og_locale":"de_DE","og_type":"article","og_title":"Tula RCS Set aus Key-Organizer &amp; Stifte, schwarz - Swiss Peak","og_description":"Mit dem Swiss Peak Tula RCS-zertifizierten Schl\u00fcssel-Organizer und dem Stift aus recyceltem Aluminium, der in einer luxuri\u00f6sen Geschenkbox pr\u00e4sentiert wird, werten Sie Ihre Alltagsutensilien auf. Der mit Pr\u00e4zision gefertigte Schl\u00fcssel-Organizer sorgt f\u00fcr eine schlanke Organisation, w\u00e4hrend der Stift aus recyceltem Aluminium kreative Ideen zu Papier bringt &#8211; ein ideales Geschenk. Hergestellt aus RCS-zertifiziert (Recycled Claim [&hellip;]","og_url":"https:\/\/swiss-peak.com\/de\/produkt\/swiss-peak-tula-rcs-set-aus-key-organizer-stifte-schwarz\/","og_site_name":"Swiss Peak","article_modified_time":"2026-03-20T01:32:18+00:00","og_image":[{"width":1024,"height":1024,"url":"https:\/\/swiss-peak.com\/wp-content\/uploads\/sites\/9\/2024\/08\/P820.9701__S_0__a99a23a48fe74bb694aaaed5cd4ea3f4.jpg","type":"image\/jpeg"}],"twitter_card":"summary_large_image","schema":{"@context":"https:\/\/schema.org","@graph":[{"@type":"WebPage","@id":"https:\/\/swiss-peak.com\/de\/produkt\/swiss-peak-tula-rcs-set-aus-key-organizer-stifte-schwarz\/","url":"https:\/\/swiss-peak.com\/de\/produkt\/swiss-peak-tula-rcs-set-aus-key-organizer-stifte-schwarz\/","name":"Tula RCS Set aus Key-Organizer &amp; Stifte, schwarz - Swiss Peak","isPartOf":{"@id":"https:\/\/swiss-peak.com\/de\/#website"},"primaryImageOfPage":{"@id":"https:\/\/swiss-peak.com\/de\/produkt\/swiss-peak-tula-rcs-set-aus-key-organizer-stifte-schwarz\/#primaryimage"},"image":{"@id":"https:\/\/swiss-peak.com\/de\/produkt\/swiss-peak-tula-rcs-set-aus-key-organizer-stifte-schwarz\/#primaryimage"},"thumbnailUrl":"https:\/\/swiss-peak.com\/wp-content\/uploads\/sites\/9\/2024\/08\/P820.9701__S_0__a99a23a48fe74bb694aaaed5cd4ea3f4.jpg","datePublished":"2024-08-03T00:32:13+00:00","dateModified":"2026-03-20T01:32:18+00:00","breadcrumb":{"@id":"https:\/\/swiss-peak.com\/de\/produkt\/swiss-peak-tula-rcs-set-aus-key-organizer-stifte-schwarz\/#breadcrumb"},"inLanguage":"de","potentialAction":[{"@type":"ReadAction","target":["https:\/\/swiss-peak.com\/de\/produkt\/swiss-peak-tula-rcs-set-aus-key-organizer-stifte-schwarz\/"]}]},{"@type":"ImageObject","inLanguage":"de","@id":"https:\/\/swiss-peak.com\/de\/produkt\/swiss-peak-tula-rcs-set-aus-key-organizer-stifte-schwarz\/#primaryimage","url":"https:\/\/swiss-peak.com\/wp-content\/uploads\/sites\/9\/2024\/08\/P820.9701__S_0__a99a23a48fe74bb694aaaed5cd4ea3f4.jpg","contentUrl":"https:\/\/swiss-peak.com\/wp-content\/uploads\/sites\/9\/2024\/08\/P820.9701__S_0__a99a23a48fe74bb694aaaed5cd4ea3f4.jpg","width":1024,"height":1024},{"@type":"BreadcrumbList","@id":"https:\/\/swiss-peak.com\/de\/produkt\/swiss-peak-tula-rcs-set-aus-key-organizer-stifte-schwarz\/#breadcrumb","itemListElement":[{"@type":"ListItem","position":1,"name":"Home","item":"https:\/\/swiss-peak.com\/de\/"},{"@type":"ListItem","position":2,"name":"Kollektion","item":"https:\/\/swiss-peak.com\/de\/kollektion\/"},{"@type":"ListItem","position":3,"name":"Tula RCS Set aus Key-Organizer &amp; Stifte, schwarz"}]},{"@type":"WebSite","@id":"https:\/\/swiss-peak.com\/de\/#website","url":"https:\/\/swiss-peak.com\/de\/","name":"Swiss Peak","description":"Where will today take you?","potentialAction":[{"@type":"SearchAction","target":{"@type":"EntryPoint","urlTemplate":"https:\/\/swiss-peak.com\/de\/?s={search_term_string}"},"query-input":{"@type":"PropertyValueSpecification","valueRequired":true,"valueName":"search_term_string"}}],"inLanguage":"de"}]}},"_links":{"self":[{"href":"https:\/\/swiss-peak.com\/de\/wp-json\/wp\/v2\/product\/44345","targetHints":{"allow":["GET"]}}],"collection":[{"href":"https:\/\/swiss-peak.com\/de\/wp-json\/wp\/v2\/product"}],"about":[{"href":"https:\/\/swiss-peak.com\/de\/wp-json\/wp\/v2\/types\/product"}],"wp:featuredmedia":[{"embeddable":true,"href":"https:\/\/swiss-peak.com\/de\/wp-json\/wp\/v2\/media\/44217"}],"wp:attachment":[{"href":"https:\/\/swiss-peak.com\/de\/wp-json\/wp\/v2\/media?parent=44345"}],"wp:term":[{"taxonomy":"product_cat","embeddable":true,"href":"https:\/\/swiss-peak.com\/de\/wp-json\/wp\/v2\/product_cat?post=44345"},{"taxonomy":"product_tag","embeddable":true,"href":"https:\/\/swiss-peak.com\/de\/wp-json\/wp\/v2\/product_tag?post=44345"}],"curies":[{"name":"wp","href":"https:\/\/api.w.org\/{rel}","templated":true}]}}