{"id":44195,"date":"2024-07-02T02:02:08","date_gmt":"2024-07-02T00:30:09","guid":{"rendered":"https:\/\/swiss-peak.com\/magstand-magnetische-handytasche-mit-staender-aus-rcs-rec-pu-schwarz\/"},"modified":"2026-03-12T03:30:11","modified_gmt":"2026-03-12T01:30:11","slug":"magstand-magnetische-handytasche-mit-staender-aus-rcs-rec-pu-schwarz","status":"publish","type":"product","link":"https:\/\/swiss-peak.com\/de\/produkt\/magstand-magnetische-handytasche-mit-staender-aus-rcs-rec-pu-schwarz\/","title":{"rendered":"Magstand magnetische Handytasche mit St\u00e4nder aus RCS rec. PU, schwarz"},"content":{"rendered":"<p>Hier kommt die ultimative Kombination aus Komfort und Stil. Verabschieden Sie sich von sperrigen Taschen und der Suche nach Karten &#8211; dieses elegante Accessoire h\u00e4lt Ihre wichtigsten Utensilien griffbereit und l\u00e4sst sich m\u00fchelos in einen St\u00e4nder verwandeln, um die H\u00e4nde frei zu haben.<br \/>\nAus recyceltem RCS-PU gefertigte und in minimalistischem Design bietet es Platz f\u00fcr zwei Karten. Egal, ob Sie unterwegs sind oder einfach nur zu Hause entspannen, mit diesem vielseitigen Accessoire haben Sie Ihr Telefon und Ihre Karten immer in Reichweite. Durch einfaches Umklappen verwandelt sich das Wallet in einen stabilen St\u00e4nder, der den perfekten Blickwinkel f\u00fcr Ihr Ger\u00e4t bietet. Gesamter recycelter Inhalt: 5%, bezogen auf auf das Gesamtgewicht des Artikels. Die RCS-Zertifizierung gew\u00e4hrleistet eine vollst\u00e4ndig zertifizierte Lieferkette f\u00fcr die recycelten Materialien.<\/p>\n","protected":false},"excerpt":{"rendered":"<p>Hier kommt die ultimative Kombination aus Komfort und Stil. Verabschieden Sie sich von sperrigen Taschen und der Suche nach Karten &#8211; dieses elegante Accessoire h\u00e4lt Ihre wichtigsten Utensilien griffbereit und l\u00e4sst sich m\u00fchelos in einen St\u00e4nder verwandeln, um die H\u00e4nde frei zu haben. Aus recyceltem RCS-PU gefertigte und in minimalistischem Design bietet es Platz f\u00fcr [&hellip;]<\/p>\n","protected":false},"featured_media":44202,"template":"","meta":{"_acf_changed":false},"product_cat":[288,305],"product_tag":[],"class_list":["post-44195","product","type-product","status-publish","has-post-thumbnail","hentry","product_cat-geschafte","product_cat-tech-de","pa_color-black-de"],"acf":[],"yoast_head":"<!-- This site is optimized with the Yoast SEO plugin v27.0 - https:\/\/yoast.com\/product\/yoast-seo-wordpress\/ -->\n<title>Magstand magnetische Handytasche mit St\u00e4nder aus RCS rec. PU, schwarz - Swiss Peak<\/title>\n<meta name=\"robots\" content=\"index, follow, max-snippet:-1, max-image-preview:large, max-video-preview:-1\" \/>\n<link rel=\"canonical\" href=\"https:\/\/swiss-peak.com\/de\/produkt\/magstand-magnetische-handytasche-mit-staender-aus-rcs-rec-pu-schwarz\/\" \/>\n<meta property=\"og:locale\" content=\"de_DE\" \/>\n<meta property=\"og:type\" content=\"article\" \/>\n<meta property=\"og:title\" content=\"Magstand magnetische Handytasche mit St\u00e4nder aus RCS rec. PU, schwarz - Swiss Peak\" \/>\n<meta property=\"og:description\" content=\"Hier kommt die ultimative Kombination aus Komfort und Stil. Verabschieden Sie sich von sperrigen Taschen und der Suche nach Karten &#8211; dieses elegante Accessoire h\u00e4lt Ihre wichtigsten Utensilien griffbereit und l\u00e4sst sich m\u00fchelos in einen St\u00e4nder verwandeln, um die H\u00e4nde frei zu haben. Aus recyceltem RCS-PU gefertigte und in minimalistischem Design bietet es Platz f\u00fcr [&hellip;]\" \/>\n<meta property=\"og:url\" content=\"https:\/\/swiss-peak.com\/de\/produkt\/magstand-magnetische-handytasche-mit-staender-aus-rcs-rec-pu-schwarz\/\" \/>\n<meta property=\"og:site_name\" content=\"Swiss Peak\" \/>\n<meta property=\"article:modified_time\" content=\"2026-03-12T01:30:11+00:00\" \/>\n<meta property=\"og:image\" content=\"https:\/\/swiss-peak.com\/wp-content\/uploads\/sites\/9\/2024\/07\/P301.7501__S_0__bdc01cce230943b2b37ad307607643de.jpg\" \/>\n\t<meta property=\"og:image:width\" content=\"1024\" \/>\n\t<meta property=\"og:image:height\" content=\"1024\" \/>\n\t<meta property=\"og:image:type\" content=\"image\/jpeg\" \/>\n<meta name=\"twitter:card\" content=\"summary_large_image\" \/>\n<meta name=\"twitter:label1\" content=\"Gesch\u00e4tzte Lesezeit\" \/>\n\t<meta name=\"twitter:data1\" content=\"1\u00a0Minute\" \/>\n<script type=\"application\/ld+json\" class=\"yoast-schema-graph\">{\"@context\":\"https:\/\/schema.org\",\"@graph\":[{\"@type\":\"WebPage\",\"@id\":\"https:\/\/swiss-peak.com\/de\/produkt\/magstand-magnetische-handytasche-mit-staender-aus-rcs-rec-pu-schwarz\/\",\"url\":\"https:\/\/swiss-peak.com\/de\/produkt\/magstand-magnetische-handytasche-mit-staender-aus-rcs-rec-pu-schwarz\/\",\"name\":\"Magstand magnetische Handytasche mit St\u00e4nder aus RCS rec. PU, schwarz - Swiss Peak\",\"isPartOf\":{\"@id\":\"https:\/\/swiss-peak.com\/de\/#website\"},\"primaryImageOfPage\":{\"@id\":\"https:\/\/swiss-peak.com\/de\/produkt\/magstand-magnetische-handytasche-mit-staender-aus-rcs-rec-pu-schwarz\/#primaryimage\"},\"image\":{\"@id\":\"https:\/\/swiss-peak.com\/de\/produkt\/magstand-magnetische-handytasche-mit-staender-aus-rcs-rec-pu-schwarz\/#primaryimage\"},\"thumbnailUrl\":\"https:\/\/swiss-peak.com\/wp-content\/uploads\/sites\/9\/2024\/07\/P301.7501__S_0__bdc01cce230943b2b37ad307607643de.jpg\",\"datePublished\":\"2024-07-02T00:30:09+00:00\",\"dateModified\":\"2026-03-12T01:30:11+00:00\",\"breadcrumb\":{\"@id\":\"https:\/\/swiss-peak.com\/de\/produkt\/magstand-magnetische-handytasche-mit-staender-aus-rcs-rec-pu-schwarz\/#breadcrumb\"},\"inLanguage\":\"de\",\"potentialAction\":[{\"@type\":\"ReadAction\",\"target\":[\"https:\/\/swiss-peak.com\/de\/produkt\/magstand-magnetische-handytasche-mit-staender-aus-rcs-rec-pu-schwarz\/\"]}]},{\"@type\":\"ImageObject\",\"inLanguage\":\"de\",\"@id\":\"https:\/\/swiss-peak.com\/de\/produkt\/magstand-magnetische-handytasche-mit-staender-aus-rcs-rec-pu-schwarz\/#primaryimage\",\"url\":\"https:\/\/swiss-peak.com\/wp-content\/uploads\/sites\/9\/2024\/07\/P301.7501__S_0__bdc01cce230943b2b37ad307607643de.jpg\",\"contentUrl\":\"https:\/\/swiss-peak.com\/wp-content\/uploads\/sites\/9\/2024\/07\/P301.7501__S_0__bdc01cce230943b2b37ad307607643de.jpg\",\"width\":1024,\"height\":1024},{\"@type\":\"BreadcrumbList\",\"@id\":\"https:\/\/swiss-peak.com\/de\/produkt\/magstand-magnetische-handytasche-mit-staender-aus-rcs-rec-pu-schwarz\/#breadcrumb\",\"itemListElement\":[{\"@type\":\"ListItem\",\"position\":1,\"name\":\"Home\",\"item\":\"https:\/\/swiss-peak.com\/de\/\"},{\"@type\":\"ListItem\",\"position\":2,\"name\":\"Kollektion\",\"item\":\"https:\/\/swiss-peak.com\/de\/kollektion\/\"},{\"@type\":\"ListItem\",\"position\":3,\"name\":\"Magstand magnetische Handytasche mit St\u00e4nder aus RCS rec. PU, schwarz\"}]},{\"@type\":\"WebSite\",\"@id\":\"https:\/\/swiss-peak.com\/de\/#website\",\"url\":\"https:\/\/swiss-peak.com\/de\/\",\"name\":\"Swiss Peak\",\"description\":\"Where will today take you?\",\"potentialAction\":[{\"@type\":\"SearchAction\",\"target\":{\"@type\":\"EntryPoint\",\"urlTemplate\":\"https:\/\/swiss-peak.com\/de\/?s={search_term_string}\"},\"query-input\":{\"@type\":\"PropertyValueSpecification\",\"valueRequired\":true,\"valueName\":\"search_term_string\"}}],\"inLanguage\":\"de\"}]}<\/script>\n<!-- \/ Yoast SEO plugin. -->","yoast_head_json":{"title":"Magstand magnetische Handytasche mit St\u00e4nder aus RCS rec. PU, schwarz - Swiss Peak","robots":{"index":"index","follow":"follow","max-snippet":"max-snippet:-1","max-image-preview":"max-image-preview:large","max-video-preview":"max-video-preview:-1"},"canonical":"https:\/\/swiss-peak.com\/de\/produkt\/magstand-magnetische-handytasche-mit-staender-aus-rcs-rec-pu-schwarz\/","og_locale":"de_DE","og_type":"article","og_title":"Magstand magnetische Handytasche mit St\u00e4nder aus RCS rec. PU, schwarz - Swiss Peak","og_description":"Hier kommt die ultimative Kombination aus Komfort und Stil. Verabschieden Sie sich von sperrigen Taschen und der Suche nach Karten &#8211; dieses elegante Accessoire h\u00e4lt Ihre wichtigsten Utensilien griffbereit und l\u00e4sst sich m\u00fchelos in einen St\u00e4nder verwandeln, um die H\u00e4nde frei zu haben. Aus recyceltem RCS-PU gefertigte und in minimalistischem Design bietet es Platz f\u00fcr [&hellip;]","og_url":"https:\/\/swiss-peak.com\/de\/produkt\/magstand-magnetische-handytasche-mit-staender-aus-rcs-rec-pu-schwarz\/","og_site_name":"Swiss Peak","article_modified_time":"2026-03-12T01:30:11+00:00","og_image":[{"width":1024,"height":1024,"url":"https:\/\/swiss-peak.com\/wp-content\/uploads\/sites\/9\/2024\/07\/P301.7501__S_0__bdc01cce230943b2b37ad307607643de.jpg","type":"image\/jpeg"}],"twitter_card":"summary_large_image","twitter_misc":{"Gesch\u00e4tzte Lesezeit":"1\u00a0Minute"},"schema":{"@context":"https:\/\/schema.org","@graph":[{"@type":"WebPage","@id":"https:\/\/swiss-peak.com\/de\/produkt\/magstand-magnetische-handytasche-mit-staender-aus-rcs-rec-pu-schwarz\/","url":"https:\/\/swiss-peak.com\/de\/produkt\/magstand-magnetische-handytasche-mit-staender-aus-rcs-rec-pu-schwarz\/","name":"Magstand magnetische Handytasche mit St\u00e4nder aus RCS rec. PU, schwarz - Swiss Peak","isPartOf":{"@id":"https:\/\/swiss-peak.com\/de\/#website"},"primaryImageOfPage":{"@id":"https:\/\/swiss-peak.com\/de\/produkt\/magstand-magnetische-handytasche-mit-staender-aus-rcs-rec-pu-schwarz\/#primaryimage"},"image":{"@id":"https:\/\/swiss-peak.com\/de\/produkt\/magstand-magnetische-handytasche-mit-staender-aus-rcs-rec-pu-schwarz\/#primaryimage"},"thumbnailUrl":"https:\/\/swiss-peak.com\/wp-content\/uploads\/sites\/9\/2024\/07\/P301.7501__S_0__bdc01cce230943b2b37ad307607643de.jpg","datePublished":"2024-07-02T00:30:09+00:00","dateModified":"2026-03-12T01:30:11+00:00","breadcrumb":{"@id":"https:\/\/swiss-peak.com\/de\/produkt\/magstand-magnetische-handytasche-mit-staender-aus-rcs-rec-pu-schwarz\/#breadcrumb"},"inLanguage":"de","potentialAction":[{"@type":"ReadAction","target":["https:\/\/swiss-peak.com\/de\/produkt\/magstand-magnetische-handytasche-mit-staender-aus-rcs-rec-pu-schwarz\/"]}]},{"@type":"ImageObject","inLanguage":"de","@id":"https:\/\/swiss-peak.com\/de\/produkt\/magstand-magnetische-handytasche-mit-staender-aus-rcs-rec-pu-schwarz\/#primaryimage","url":"https:\/\/swiss-peak.com\/wp-content\/uploads\/sites\/9\/2024\/07\/P301.7501__S_0__bdc01cce230943b2b37ad307607643de.jpg","contentUrl":"https:\/\/swiss-peak.com\/wp-content\/uploads\/sites\/9\/2024\/07\/P301.7501__S_0__bdc01cce230943b2b37ad307607643de.jpg","width":1024,"height":1024},{"@type":"BreadcrumbList","@id":"https:\/\/swiss-peak.com\/de\/produkt\/magstand-magnetische-handytasche-mit-staender-aus-rcs-rec-pu-schwarz\/#breadcrumb","itemListElement":[{"@type":"ListItem","position":1,"name":"Home","item":"https:\/\/swiss-peak.com\/de\/"},{"@type":"ListItem","position":2,"name":"Kollektion","item":"https:\/\/swiss-peak.com\/de\/kollektion\/"},{"@type":"ListItem","position":3,"name":"Magstand magnetische Handytasche mit St\u00e4nder aus RCS rec. PU, schwarz"}]},{"@type":"WebSite","@id":"https:\/\/swiss-peak.com\/de\/#website","url":"https:\/\/swiss-peak.com\/de\/","name":"Swiss Peak","description":"Where will today take you?","potentialAction":[{"@type":"SearchAction","target":{"@type":"EntryPoint","urlTemplate":"https:\/\/swiss-peak.com\/de\/?s={search_term_string}"},"query-input":{"@type":"PropertyValueSpecification","valueRequired":true,"valueName":"search_term_string"}}],"inLanguage":"de"}]}},"_links":{"self":[{"href":"https:\/\/swiss-peak.com\/de\/wp-json\/wp\/v2\/product\/44195","targetHints":{"allow":["GET"]}}],"collection":[{"href":"https:\/\/swiss-peak.com\/de\/wp-json\/wp\/v2\/product"}],"about":[{"href":"https:\/\/swiss-peak.com\/de\/wp-json\/wp\/v2\/types\/product"}],"wp:featuredmedia":[{"embeddable":true,"href":"https:\/\/swiss-peak.com\/de\/wp-json\/wp\/v2\/media\/44202"}],"wp:attachment":[{"href":"https:\/\/swiss-peak.com\/de\/wp-json\/wp\/v2\/media?parent=44195"}],"wp:term":[{"taxonomy":"product_cat","embeddable":true,"href":"https:\/\/swiss-peak.com\/de\/wp-json\/wp\/v2\/product_cat?post=44195"},{"taxonomy":"product_tag","embeddable":true,"href":"https:\/\/swiss-peak.com\/de\/wp-json\/wp\/v2\/product_tag?post=44195"}],"curies":[{"name":"wp","href":"https:\/\/api.w.org\/{rel}","templated":true}]}}