{"id":22535,"date":"2024-01-03T03:00:30","date_gmt":"2024-01-03T01:30:12","guid":{"rendered":"https:\/\/swiss-peak.com\/swiss-peak-storm-dual-tip-pen-aus-rcs-recyceltem-aluminum-schwarz\/"},"modified":"2026-03-12T03:32:53","modified_gmt":"2026-03-12T01:32:53","slug":"swiss-peak-storm-dual-tip-pen-aus-rcs-recyceltem-aluminum-schwarz","status":"publish","type":"product","link":"https:\/\/swiss-peak.com\/de\/produkt\/swiss-peak-storm-dual-tip-pen-aus-rcs-recyceltem-aluminum-schwarz\/","title":{"rendered":"Storm Dual-Tip-Pen aus RCS recyceltem Aluminum, schwarz"},"content":{"rendered":"<p>Erleben Sie ein \u00fcberragendes Schreibgef\u00fchl mit diesem au\u00dfergew\u00f6hnlichen Stift aus RCS-zertifiziert recyceltem Aluminium. Er kombiniert Stil und Umweltfreundlichkeit mit 83% recyceltem RCS-zertifiziertem Aluminium. Der Stift verf\u00fcgt \u00fcber zwei Spitzen &#8211; eine Graphitspitze auf der einen Seite und eine Kugelschreiberspitze. Schreibbreite 1 mm, und blaue Tinte f\u00fcr eine Schreibl\u00e4nge von bis zu 1200 Meter. Verpackt in einer schwarzen Swiss Peak Geschenkbox aus FSC\u00ae-Material. Gesamter recycelter Inhalt auf Basis des Artikelgewichts: 83%.<\/p>\n","protected":false},"excerpt":{"rendered":"<p>Erleben Sie ein \u00fcberragendes Schreibgef\u00fchl mit diesem au\u00dfergew\u00f6hnlichen Stift aus RCS-zertifiziert recyceltem Aluminium. Er kombiniert Stil und Umweltfreundlichkeit mit 83% recyceltem RCS-zertifiziertem Aluminium. Der Stift verf\u00fcgt \u00fcber zwei Spitzen &#8211; eine Graphitspitze auf der einen Seite und eine Kugelschreiberspitze. Schreibbreite 1 mm, und blaue Tinte f\u00fcr eine Schreibl\u00e4nge von bis zu 1200 Meter. Verpackt in [&hellip;]<\/p>\n","protected":false},"featured_media":28992,"template":"","meta":{"_acf_changed":false},"product_cat":[296,288],"product_tag":[],"class_list":["post-22535","product","type-product","status-publish","has-post-thumbnail","hentry","product_cat-buro-schreibgerate","product_cat-geschafte","pa_color-black-de"],"acf":[],"yoast_head":"<!-- This site is optimized with the Yoast SEO plugin v27.0 - https:\/\/yoast.com\/product\/yoast-seo-wordpress\/ -->\n<title>Storm Dual-Tip-Pen aus RCS recyceltem Aluminum, schwarz - Swiss Peak<\/title>\n<meta name=\"robots\" content=\"index, follow, max-snippet:-1, max-image-preview:large, max-video-preview:-1\" \/>\n<link rel=\"canonical\" href=\"https:\/\/swiss-peak.com\/de\/produkt\/swiss-peak-storm-dual-tip-pen-aus-rcs-recyceltem-aluminum-schwarz\/\" \/>\n<meta property=\"og:locale\" content=\"de_DE\" \/>\n<meta property=\"og:type\" content=\"article\" \/>\n<meta property=\"og:title\" content=\"Storm Dual-Tip-Pen aus RCS recyceltem Aluminum, schwarz - Swiss Peak\" \/>\n<meta property=\"og:description\" content=\"Erleben Sie ein \u00fcberragendes Schreibgef\u00fchl mit diesem au\u00dfergew\u00f6hnlichen Stift aus RCS-zertifiziert recyceltem Aluminium. Er kombiniert Stil und Umweltfreundlichkeit mit 83% recyceltem RCS-zertifiziertem Aluminium. Der Stift verf\u00fcgt \u00fcber zwei Spitzen &#8211; eine Graphitspitze auf der einen Seite und eine Kugelschreiberspitze. Schreibbreite 1 mm, und blaue Tinte f\u00fcr eine Schreibl\u00e4nge von bis zu 1200 Meter. Verpackt in [&hellip;]\" \/>\n<meta property=\"og:url\" content=\"https:\/\/swiss-peak.com\/de\/produkt\/swiss-peak-storm-dual-tip-pen-aus-rcs-recyceltem-aluminum-schwarz\/\" \/>\n<meta property=\"og:site_name\" content=\"Swiss Peak\" \/>\n<meta property=\"article:modified_time\" content=\"2026-03-12T01:32:53+00:00\" \/>\n<meta property=\"og:image\" content=\"https:\/\/swiss-peak.com\/wp-content\/uploads\/sites\/9\/2024\/02\/P611.251__S_0__c3c3b2d921dd4937839884e466a1e0fd.jpg\" \/>\n\t<meta property=\"og:image:width\" content=\"1024\" \/>\n\t<meta property=\"og:image:height\" content=\"1024\" \/>\n\t<meta property=\"og:image:type\" content=\"image\/jpeg\" \/>\n<meta name=\"twitter:card\" content=\"summary_large_image\" \/>\n<script type=\"application\/ld+json\" class=\"yoast-schema-graph\">{\"@context\":\"https:\/\/schema.org\",\"@graph\":[{\"@type\":\"WebPage\",\"@id\":\"https:\/\/swiss-peak.com\/de\/produkt\/swiss-peak-storm-dual-tip-pen-aus-rcs-recyceltem-aluminum-schwarz\/\",\"url\":\"https:\/\/swiss-peak.com\/de\/produkt\/swiss-peak-storm-dual-tip-pen-aus-rcs-recyceltem-aluminum-schwarz\/\",\"name\":\"Storm Dual-Tip-Pen aus RCS recyceltem Aluminum, schwarz - Swiss Peak\",\"isPartOf\":{\"@id\":\"https:\/\/swiss-peak.com\/de\/#website\"},\"primaryImageOfPage\":{\"@id\":\"https:\/\/swiss-peak.com\/de\/produkt\/swiss-peak-storm-dual-tip-pen-aus-rcs-recyceltem-aluminum-schwarz\/#primaryimage\"},\"image\":{\"@id\":\"https:\/\/swiss-peak.com\/de\/produkt\/swiss-peak-storm-dual-tip-pen-aus-rcs-recyceltem-aluminum-schwarz\/#primaryimage\"},\"thumbnailUrl\":\"https:\/\/swiss-peak.com\/wp-content\/uploads\/sites\/9\/2024\/02\/P611.251__S_0__c3c3b2d921dd4937839884e466a1e0fd.jpg\",\"datePublished\":\"2024-01-03T01:30:12+00:00\",\"dateModified\":\"2026-03-12T01:32:53+00:00\",\"breadcrumb\":{\"@id\":\"https:\/\/swiss-peak.com\/de\/produkt\/swiss-peak-storm-dual-tip-pen-aus-rcs-recyceltem-aluminum-schwarz\/#breadcrumb\"},\"inLanguage\":\"de\",\"potentialAction\":[{\"@type\":\"ReadAction\",\"target\":[\"https:\/\/swiss-peak.com\/de\/produkt\/swiss-peak-storm-dual-tip-pen-aus-rcs-recyceltem-aluminum-schwarz\/\"]}]},{\"@type\":\"ImageObject\",\"inLanguage\":\"de\",\"@id\":\"https:\/\/swiss-peak.com\/de\/produkt\/swiss-peak-storm-dual-tip-pen-aus-rcs-recyceltem-aluminum-schwarz\/#primaryimage\",\"url\":\"https:\/\/swiss-peak.com\/wp-content\/uploads\/sites\/9\/2024\/02\/P611.251__S_0__c3c3b2d921dd4937839884e466a1e0fd.jpg\",\"contentUrl\":\"https:\/\/swiss-peak.com\/wp-content\/uploads\/sites\/9\/2024\/02\/P611.251__S_0__c3c3b2d921dd4937839884e466a1e0fd.jpg\",\"width\":1024,\"height\":1024},{\"@type\":\"BreadcrumbList\",\"@id\":\"https:\/\/swiss-peak.com\/de\/produkt\/swiss-peak-storm-dual-tip-pen-aus-rcs-recyceltem-aluminum-schwarz\/#breadcrumb\",\"itemListElement\":[{\"@type\":\"ListItem\",\"position\":1,\"name\":\"Home\",\"item\":\"https:\/\/swiss-peak.com\/de\/\"},{\"@type\":\"ListItem\",\"position\":2,\"name\":\"Kollektion\",\"item\":\"https:\/\/swiss-peak.com\/de\/kollektion\/\"},{\"@type\":\"ListItem\",\"position\":3,\"name\":\"Storm Dual-Tip-Pen aus RCS recyceltem Aluminum, schwarz\"}]},{\"@type\":\"WebSite\",\"@id\":\"https:\/\/swiss-peak.com\/de\/#website\",\"url\":\"https:\/\/swiss-peak.com\/de\/\",\"name\":\"Swiss Peak\",\"description\":\"Where will today take you?\",\"potentialAction\":[{\"@type\":\"SearchAction\",\"target\":{\"@type\":\"EntryPoint\",\"urlTemplate\":\"https:\/\/swiss-peak.com\/de\/?s={search_term_string}\"},\"query-input\":{\"@type\":\"PropertyValueSpecification\",\"valueRequired\":true,\"valueName\":\"search_term_string\"}}],\"inLanguage\":\"de\"}]}<\/script>\n<!-- \/ Yoast SEO plugin. -->","yoast_head_json":{"title":"Storm Dual-Tip-Pen aus RCS recyceltem Aluminum, schwarz - Swiss Peak","robots":{"index":"index","follow":"follow","max-snippet":"max-snippet:-1","max-image-preview":"max-image-preview:large","max-video-preview":"max-video-preview:-1"},"canonical":"https:\/\/swiss-peak.com\/de\/produkt\/swiss-peak-storm-dual-tip-pen-aus-rcs-recyceltem-aluminum-schwarz\/","og_locale":"de_DE","og_type":"article","og_title":"Storm Dual-Tip-Pen aus RCS recyceltem Aluminum, schwarz - Swiss Peak","og_description":"Erleben Sie ein \u00fcberragendes Schreibgef\u00fchl mit diesem au\u00dfergew\u00f6hnlichen Stift aus RCS-zertifiziert recyceltem Aluminium. Er kombiniert Stil und Umweltfreundlichkeit mit 83% recyceltem RCS-zertifiziertem Aluminium. Der Stift verf\u00fcgt \u00fcber zwei Spitzen &#8211; eine Graphitspitze auf der einen Seite und eine Kugelschreiberspitze. Schreibbreite 1 mm, und blaue Tinte f\u00fcr eine Schreibl\u00e4nge von bis zu 1200 Meter. Verpackt in [&hellip;]","og_url":"https:\/\/swiss-peak.com\/de\/produkt\/swiss-peak-storm-dual-tip-pen-aus-rcs-recyceltem-aluminum-schwarz\/","og_site_name":"Swiss Peak","article_modified_time":"2026-03-12T01:32:53+00:00","og_image":[{"width":1024,"height":1024,"url":"https:\/\/swiss-peak.com\/wp-content\/uploads\/sites\/9\/2024\/02\/P611.251__S_0__c3c3b2d921dd4937839884e466a1e0fd.jpg","type":"image\/jpeg"}],"twitter_card":"summary_large_image","schema":{"@context":"https:\/\/schema.org","@graph":[{"@type":"WebPage","@id":"https:\/\/swiss-peak.com\/de\/produkt\/swiss-peak-storm-dual-tip-pen-aus-rcs-recyceltem-aluminum-schwarz\/","url":"https:\/\/swiss-peak.com\/de\/produkt\/swiss-peak-storm-dual-tip-pen-aus-rcs-recyceltem-aluminum-schwarz\/","name":"Storm Dual-Tip-Pen aus RCS recyceltem Aluminum, schwarz - Swiss Peak","isPartOf":{"@id":"https:\/\/swiss-peak.com\/de\/#website"},"primaryImageOfPage":{"@id":"https:\/\/swiss-peak.com\/de\/produkt\/swiss-peak-storm-dual-tip-pen-aus-rcs-recyceltem-aluminum-schwarz\/#primaryimage"},"image":{"@id":"https:\/\/swiss-peak.com\/de\/produkt\/swiss-peak-storm-dual-tip-pen-aus-rcs-recyceltem-aluminum-schwarz\/#primaryimage"},"thumbnailUrl":"https:\/\/swiss-peak.com\/wp-content\/uploads\/sites\/9\/2024\/02\/P611.251__S_0__c3c3b2d921dd4937839884e466a1e0fd.jpg","datePublished":"2024-01-03T01:30:12+00:00","dateModified":"2026-03-12T01:32:53+00:00","breadcrumb":{"@id":"https:\/\/swiss-peak.com\/de\/produkt\/swiss-peak-storm-dual-tip-pen-aus-rcs-recyceltem-aluminum-schwarz\/#breadcrumb"},"inLanguage":"de","potentialAction":[{"@type":"ReadAction","target":["https:\/\/swiss-peak.com\/de\/produkt\/swiss-peak-storm-dual-tip-pen-aus-rcs-recyceltem-aluminum-schwarz\/"]}]},{"@type":"ImageObject","inLanguage":"de","@id":"https:\/\/swiss-peak.com\/de\/produkt\/swiss-peak-storm-dual-tip-pen-aus-rcs-recyceltem-aluminum-schwarz\/#primaryimage","url":"https:\/\/swiss-peak.com\/wp-content\/uploads\/sites\/9\/2024\/02\/P611.251__S_0__c3c3b2d921dd4937839884e466a1e0fd.jpg","contentUrl":"https:\/\/swiss-peak.com\/wp-content\/uploads\/sites\/9\/2024\/02\/P611.251__S_0__c3c3b2d921dd4937839884e466a1e0fd.jpg","width":1024,"height":1024},{"@type":"BreadcrumbList","@id":"https:\/\/swiss-peak.com\/de\/produkt\/swiss-peak-storm-dual-tip-pen-aus-rcs-recyceltem-aluminum-schwarz\/#breadcrumb","itemListElement":[{"@type":"ListItem","position":1,"name":"Home","item":"https:\/\/swiss-peak.com\/de\/"},{"@type":"ListItem","position":2,"name":"Kollektion","item":"https:\/\/swiss-peak.com\/de\/kollektion\/"},{"@type":"ListItem","position":3,"name":"Storm Dual-Tip-Pen aus RCS recyceltem Aluminum, schwarz"}]},{"@type":"WebSite","@id":"https:\/\/swiss-peak.com\/de\/#website","url":"https:\/\/swiss-peak.com\/de\/","name":"Swiss Peak","description":"Where will today take you?","potentialAction":[{"@type":"SearchAction","target":{"@type":"EntryPoint","urlTemplate":"https:\/\/swiss-peak.com\/de\/?s={search_term_string}"},"query-input":{"@type":"PropertyValueSpecification","valueRequired":true,"valueName":"search_term_string"}}],"inLanguage":"de"}]}},"_links":{"self":[{"href":"https:\/\/swiss-peak.com\/de\/wp-json\/wp\/v2\/product\/22535","targetHints":{"allow":["GET"]}}],"collection":[{"href":"https:\/\/swiss-peak.com\/de\/wp-json\/wp\/v2\/product"}],"about":[{"href":"https:\/\/swiss-peak.com\/de\/wp-json\/wp\/v2\/types\/product"}],"wp:featuredmedia":[{"embeddable":true,"href":"https:\/\/swiss-peak.com\/de\/wp-json\/wp\/v2\/media\/28992"}],"wp:attachment":[{"href":"https:\/\/swiss-peak.com\/de\/wp-json\/wp\/v2\/media?parent=22535"}],"wp:term":[{"taxonomy":"product_cat","embeddable":true,"href":"https:\/\/swiss-peak.com\/de\/wp-json\/wp\/v2\/product_cat?post=22535"},{"taxonomy":"product_tag","embeddable":true,"href":"https:\/\/swiss-peak.com\/de\/wp-json\/wp\/v2\/product_tag?post=22535"}],"curies":[{"name":"wp","href":"https:\/\/api.w.org\/{rel}","templated":true}]}}