{"id":19766,"date":"2023-07-18T02:00:14","date_gmt":"2023-07-18T00:32:11","guid":{"rendered":"https:\/\/swiss-peak.com\/swiss-peak-15w-3-in-1-magnetischer-wireles-charger-aus-rpu-schwarz\/"},"modified":"2026-03-12T03:30:18","modified_gmt":"2026-03-12T01:30:18","slug":"swiss-peak-15w-3-in-1-magnetischer-wireles-charger-aus-rpu-schwarz","status":"publish","type":"product","link":"https:\/\/swiss-peak.com\/de\/produkt\/swiss-peak-15w-3-in-1-magnetischer-wireles-charger-aus-rpu-schwarz\/","title":{"rendered":"15W 3-in-1 magnetischer Wireles Charger aus rPU, schwarz"},"content":{"rendered":"<p>Luxuri\u00f6ses und faltbares kabelloses 3-in-1-Ladeger\u00e4t aus RCS-zertifiziert recyceltem PU. Gesamter recycelter Inhalt: 5%, bezogen auf das Gesamtgewicht des Artikels. Die RCS-Zertifizierung gew\u00e4hrleistet eine vollst\u00e4ndig zertifizierte Lieferkette f\u00fcr die recycelten Materialien. Das kabellose Ladeger\u00e4t ist auf der Vorderseite mit einem magnetischen kabellosen 15W-Ladeger\u00e4t ausgestattet. Auf der R\u00fcckseite befindet sich ein zus\u00e4tzliches kabelloses 5W-Ladeger\u00e4t, das f\u00fcr Ohrh\u00f6rer oder andere kleine kabellos aufladbare Ger\u00e4te geeignet ist, sowie ein kabelloses 2,5-W-Ladeger\u00e4t f\u00fcr Ihre Apple Watch. Inklusive 120cm langem, RCS-zertifiziert recyceltem TPE-Kabel. Verpackt in FSC\u00ae-Mix-Kraftverpackung. Artikel und Zubeh\u00f6r 100% PVC-frei. Input: 9V\/3A f\u00fcr optimale Nutzung. Output: Vorderseite: 9V\/1.1A; 9V\/1.67 A\/(15W), Kopfh\u00f6rer: 5V\/1A (5W), Uhr: 5V\/0,5A.<\/p>\n","protected":false},"excerpt":{"rendered":"<p>Luxuri\u00f6ses und faltbares kabelloses 3-in-1-Ladeger\u00e4t aus RCS-zertifiziert recyceltem PU. Gesamter recycelter Inhalt: 5%, bezogen auf das Gesamtgewicht des Artikels. Die RCS-Zertifizierung gew\u00e4hrleistet eine vollst\u00e4ndig zertifizierte Lieferkette f\u00fcr die recycelten Materialien. Das kabellose Ladeger\u00e4t ist auf der Vorderseite mit einem magnetischen kabellosen 15W-Ladeger\u00e4t ausgestattet. Auf der R\u00fcckseite befindet sich ein zus\u00e4tzliches kabelloses 5W-Ladeger\u00e4t, das f\u00fcr Ohrh\u00f6rer [&hellip;]<\/p>\n","protected":false},"featured_media":23056,"template":"","meta":{"_acf_changed":false},"product_cat":[288,305],"product_tag":[],"class_list":["post-19766","product","type-product","status-publish","has-post-thumbnail","hentry","product_cat-geschafte","product_cat-tech-de","pa_color-black-de"],"acf":[],"yoast_head":"<!-- This site is optimized with the Yoast SEO plugin v27.0 - https:\/\/yoast.com\/product\/yoast-seo-wordpress\/ -->\n<title>15W 3-in-1 magnetischer Wireles Charger aus rPU, schwarz - Swiss Peak<\/title>\n<meta name=\"robots\" content=\"index, follow, max-snippet:-1, max-image-preview:large, max-video-preview:-1\" \/>\n<link rel=\"canonical\" href=\"https:\/\/swiss-peak.com\/de\/produkt\/swiss-peak-15w-3-in-1-magnetischer-wireles-charger-aus-rpu-schwarz\/\" \/>\n<meta property=\"og:locale\" content=\"de_DE\" \/>\n<meta property=\"og:type\" content=\"article\" \/>\n<meta property=\"og:title\" content=\"15W 3-in-1 magnetischer Wireles Charger aus rPU, schwarz - Swiss Peak\" \/>\n<meta property=\"og:description\" content=\"Luxuri\u00f6ses und faltbares kabelloses 3-in-1-Ladeger\u00e4t aus RCS-zertifiziert recyceltem PU. Gesamter recycelter Inhalt: 5%, bezogen auf das Gesamtgewicht des Artikels. Die RCS-Zertifizierung gew\u00e4hrleistet eine vollst\u00e4ndig zertifizierte Lieferkette f\u00fcr die recycelten Materialien. Das kabellose Ladeger\u00e4t ist auf der Vorderseite mit einem magnetischen kabellosen 15W-Ladeger\u00e4t ausgestattet. Auf der R\u00fcckseite befindet sich ein zus\u00e4tzliches kabelloses 5W-Ladeger\u00e4t, das f\u00fcr Ohrh\u00f6rer [&hellip;]\" \/>\n<meta property=\"og:url\" content=\"https:\/\/swiss-peak.com\/de\/produkt\/swiss-peak-15w-3-in-1-magnetischer-wireles-charger-aus-rpu-schwarz\/\" \/>\n<meta property=\"og:site_name\" content=\"Swiss Peak\" \/>\n<meta property=\"article:modified_time\" content=\"2026-03-12T01:30:18+00:00\" \/>\n<meta property=\"og:image\" content=\"https:\/\/swiss-peak.com\/wp-content\/uploads\/sites\/9\/2024\/02\/P308.541__S_0__9092d79aa8824b24bcd56166fffac877.jpg\" \/>\n\t<meta property=\"og:image:width\" content=\"1024\" \/>\n\t<meta property=\"og:image:height\" content=\"1024\" \/>\n\t<meta property=\"og:image:type\" content=\"image\/jpeg\" \/>\n<meta name=\"twitter:card\" content=\"summary_large_image\" \/>\n<meta name=\"twitter:label1\" content=\"Gesch\u00e4tzte Lesezeit\" \/>\n\t<meta name=\"twitter:data1\" content=\"1\u00a0Minute\" \/>\n<script type=\"application\/ld+json\" class=\"yoast-schema-graph\">{\"@context\":\"https:\/\/schema.org\",\"@graph\":[{\"@type\":\"WebPage\",\"@id\":\"https:\/\/swiss-peak.com\/de\/produkt\/swiss-peak-15w-3-in-1-magnetischer-wireles-charger-aus-rpu-schwarz\/\",\"url\":\"https:\/\/swiss-peak.com\/de\/produkt\/swiss-peak-15w-3-in-1-magnetischer-wireles-charger-aus-rpu-schwarz\/\",\"name\":\"15W 3-in-1 magnetischer Wireles Charger aus rPU, schwarz - Swiss Peak\",\"isPartOf\":{\"@id\":\"https:\/\/swiss-peak.com\/de\/#website\"},\"primaryImageOfPage\":{\"@id\":\"https:\/\/swiss-peak.com\/de\/produkt\/swiss-peak-15w-3-in-1-magnetischer-wireles-charger-aus-rpu-schwarz\/#primaryimage\"},\"image\":{\"@id\":\"https:\/\/swiss-peak.com\/de\/produkt\/swiss-peak-15w-3-in-1-magnetischer-wireles-charger-aus-rpu-schwarz\/#primaryimage\"},\"thumbnailUrl\":\"https:\/\/swiss-peak.com\/wp-content\/uploads\/sites\/9\/2024\/02\/P308.541__S_0__9092d79aa8824b24bcd56166fffac877.jpg\",\"datePublished\":\"2023-07-18T00:32:11+00:00\",\"dateModified\":\"2026-03-12T01:30:18+00:00\",\"breadcrumb\":{\"@id\":\"https:\/\/swiss-peak.com\/de\/produkt\/swiss-peak-15w-3-in-1-magnetischer-wireles-charger-aus-rpu-schwarz\/#breadcrumb\"},\"inLanguage\":\"de\",\"potentialAction\":[{\"@type\":\"ReadAction\",\"target\":[\"https:\/\/swiss-peak.com\/de\/produkt\/swiss-peak-15w-3-in-1-magnetischer-wireles-charger-aus-rpu-schwarz\/\"]}]},{\"@type\":\"ImageObject\",\"inLanguage\":\"de\",\"@id\":\"https:\/\/swiss-peak.com\/de\/produkt\/swiss-peak-15w-3-in-1-magnetischer-wireles-charger-aus-rpu-schwarz\/#primaryimage\",\"url\":\"https:\/\/swiss-peak.com\/wp-content\/uploads\/sites\/9\/2024\/02\/P308.541__S_0__9092d79aa8824b24bcd56166fffac877.jpg\",\"contentUrl\":\"https:\/\/swiss-peak.com\/wp-content\/uploads\/sites\/9\/2024\/02\/P308.541__S_0__9092d79aa8824b24bcd56166fffac877.jpg\",\"width\":1024,\"height\":1024},{\"@type\":\"BreadcrumbList\",\"@id\":\"https:\/\/swiss-peak.com\/de\/produkt\/swiss-peak-15w-3-in-1-magnetischer-wireles-charger-aus-rpu-schwarz\/#breadcrumb\",\"itemListElement\":[{\"@type\":\"ListItem\",\"position\":1,\"name\":\"Home\",\"item\":\"https:\/\/swiss-peak.com\/de\/\"},{\"@type\":\"ListItem\",\"position\":2,\"name\":\"Kollektion\",\"item\":\"https:\/\/swiss-peak.com\/de\/kollektion\/\"},{\"@type\":\"ListItem\",\"position\":3,\"name\":\"15W 3-in-1 magnetischer Wireles Charger aus rPU, schwarz\"}]},{\"@type\":\"WebSite\",\"@id\":\"https:\/\/swiss-peak.com\/de\/#website\",\"url\":\"https:\/\/swiss-peak.com\/de\/\",\"name\":\"Swiss Peak\",\"description\":\"Where will today take you?\",\"potentialAction\":[{\"@type\":\"SearchAction\",\"target\":{\"@type\":\"EntryPoint\",\"urlTemplate\":\"https:\/\/swiss-peak.com\/de\/?s={search_term_string}\"},\"query-input\":{\"@type\":\"PropertyValueSpecification\",\"valueRequired\":true,\"valueName\":\"search_term_string\"}}],\"inLanguage\":\"de\"}]}<\/script>\n<!-- \/ Yoast SEO plugin. -->","yoast_head_json":{"title":"15W 3-in-1 magnetischer Wireles Charger aus rPU, schwarz - Swiss Peak","robots":{"index":"index","follow":"follow","max-snippet":"max-snippet:-1","max-image-preview":"max-image-preview:large","max-video-preview":"max-video-preview:-1"},"canonical":"https:\/\/swiss-peak.com\/de\/produkt\/swiss-peak-15w-3-in-1-magnetischer-wireles-charger-aus-rpu-schwarz\/","og_locale":"de_DE","og_type":"article","og_title":"15W 3-in-1 magnetischer Wireles Charger aus rPU, schwarz - Swiss Peak","og_description":"Luxuri\u00f6ses und faltbares kabelloses 3-in-1-Ladeger\u00e4t aus RCS-zertifiziert recyceltem PU. Gesamter recycelter Inhalt: 5%, bezogen auf das Gesamtgewicht des Artikels. Die RCS-Zertifizierung gew\u00e4hrleistet eine vollst\u00e4ndig zertifizierte Lieferkette f\u00fcr die recycelten Materialien. Das kabellose Ladeger\u00e4t ist auf der Vorderseite mit einem magnetischen kabellosen 15W-Ladeger\u00e4t ausgestattet. Auf der R\u00fcckseite befindet sich ein zus\u00e4tzliches kabelloses 5W-Ladeger\u00e4t, das f\u00fcr Ohrh\u00f6rer [&hellip;]","og_url":"https:\/\/swiss-peak.com\/de\/produkt\/swiss-peak-15w-3-in-1-magnetischer-wireles-charger-aus-rpu-schwarz\/","og_site_name":"Swiss Peak","article_modified_time":"2026-03-12T01:30:18+00:00","og_image":[{"width":1024,"height":1024,"url":"https:\/\/swiss-peak.com\/wp-content\/uploads\/sites\/9\/2024\/02\/P308.541__S_0__9092d79aa8824b24bcd56166fffac877.jpg","type":"image\/jpeg"}],"twitter_card":"summary_large_image","twitter_misc":{"Gesch\u00e4tzte Lesezeit":"1\u00a0Minute"},"schema":{"@context":"https:\/\/schema.org","@graph":[{"@type":"WebPage","@id":"https:\/\/swiss-peak.com\/de\/produkt\/swiss-peak-15w-3-in-1-magnetischer-wireles-charger-aus-rpu-schwarz\/","url":"https:\/\/swiss-peak.com\/de\/produkt\/swiss-peak-15w-3-in-1-magnetischer-wireles-charger-aus-rpu-schwarz\/","name":"15W 3-in-1 magnetischer Wireles Charger aus rPU, schwarz - Swiss Peak","isPartOf":{"@id":"https:\/\/swiss-peak.com\/de\/#website"},"primaryImageOfPage":{"@id":"https:\/\/swiss-peak.com\/de\/produkt\/swiss-peak-15w-3-in-1-magnetischer-wireles-charger-aus-rpu-schwarz\/#primaryimage"},"image":{"@id":"https:\/\/swiss-peak.com\/de\/produkt\/swiss-peak-15w-3-in-1-magnetischer-wireles-charger-aus-rpu-schwarz\/#primaryimage"},"thumbnailUrl":"https:\/\/swiss-peak.com\/wp-content\/uploads\/sites\/9\/2024\/02\/P308.541__S_0__9092d79aa8824b24bcd56166fffac877.jpg","datePublished":"2023-07-18T00:32:11+00:00","dateModified":"2026-03-12T01:30:18+00:00","breadcrumb":{"@id":"https:\/\/swiss-peak.com\/de\/produkt\/swiss-peak-15w-3-in-1-magnetischer-wireles-charger-aus-rpu-schwarz\/#breadcrumb"},"inLanguage":"de","potentialAction":[{"@type":"ReadAction","target":["https:\/\/swiss-peak.com\/de\/produkt\/swiss-peak-15w-3-in-1-magnetischer-wireles-charger-aus-rpu-schwarz\/"]}]},{"@type":"ImageObject","inLanguage":"de","@id":"https:\/\/swiss-peak.com\/de\/produkt\/swiss-peak-15w-3-in-1-magnetischer-wireles-charger-aus-rpu-schwarz\/#primaryimage","url":"https:\/\/swiss-peak.com\/wp-content\/uploads\/sites\/9\/2024\/02\/P308.541__S_0__9092d79aa8824b24bcd56166fffac877.jpg","contentUrl":"https:\/\/swiss-peak.com\/wp-content\/uploads\/sites\/9\/2024\/02\/P308.541__S_0__9092d79aa8824b24bcd56166fffac877.jpg","width":1024,"height":1024},{"@type":"BreadcrumbList","@id":"https:\/\/swiss-peak.com\/de\/produkt\/swiss-peak-15w-3-in-1-magnetischer-wireles-charger-aus-rpu-schwarz\/#breadcrumb","itemListElement":[{"@type":"ListItem","position":1,"name":"Home","item":"https:\/\/swiss-peak.com\/de\/"},{"@type":"ListItem","position":2,"name":"Kollektion","item":"https:\/\/swiss-peak.com\/de\/kollektion\/"},{"@type":"ListItem","position":3,"name":"15W 3-in-1 magnetischer Wireles Charger aus rPU, schwarz"}]},{"@type":"WebSite","@id":"https:\/\/swiss-peak.com\/de\/#website","url":"https:\/\/swiss-peak.com\/de\/","name":"Swiss Peak","description":"Where will today take you?","potentialAction":[{"@type":"SearchAction","target":{"@type":"EntryPoint","urlTemplate":"https:\/\/swiss-peak.com\/de\/?s={search_term_string}"},"query-input":{"@type":"PropertyValueSpecification","valueRequired":true,"valueName":"search_term_string"}}],"inLanguage":"de"}]}},"_links":{"self":[{"href":"https:\/\/swiss-peak.com\/de\/wp-json\/wp\/v2\/product\/19766","targetHints":{"allow":["GET"]}}],"collection":[{"href":"https:\/\/swiss-peak.com\/de\/wp-json\/wp\/v2\/product"}],"about":[{"href":"https:\/\/swiss-peak.com\/de\/wp-json\/wp\/v2\/types\/product"}],"wp:featuredmedia":[{"embeddable":true,"href":"https:\/\/swiss-peak.com\/de\/wp-json\/wp\/v2\/media\/23056"}],"wp:attachment":[{"href":"https:\/\/swiss-peak.com\/de\/wp-json\/wp\/v2\/media?parent=19766"}],"wp:term":[{"taxonomy":"product_cat","embeddable":true,"href":"https:\/\/swiss-peak.com\/de\/wp-json\/wp\/v2\/product_cat?post=19766"},{"taxonomy":"product_tag","embeddable":true,"href":"https:\/\/swiss-peak.com\/de\/wp-json\/wp\/v2\/product_tag?post=19766"}],"curies":[{"name":"wp","href":"https:\/\/api.w.org\/{rel}","templated":true}]}}