{"id":19475,"date":"2023-07-12T02:02:18","date_gmt":"2023-07-12T00:30:17","guid":{"rendered":"https:\/\/swiss-peak.com\/swiss-peak-cedar-stift-aus-rcs-recyceltem-aluminium-schwarz\/"},"modified":"2026-03-12T03:32:45","modified_gmt":"2026-03-12T01:32:45","slug":"swiss-peak-cedar-stift-aus-rcs-recyceltem-aluminium-schwarz","status":"publish","type":"product","link":"https:\/\/swiss-peak.com\/de\/produkt\/swiss-peak-cedar-stift-aus-rcs-recyceltem-aluminium-schwarz\/","title":{"rendered":"Cedar Stift aus RCS recyceltem Aluminium, schwarz"},"content":{"rendered":"<p>Der Cedar Stift aus RCS-zertifiziert recyceltem Aluminium ist die perfekte Kombination aus Umweltfreundlichkeit und Stil. Aus recyceltem Aluminium hergestellt, sieht dieser Stift nicht nur gut aus, sondern tr\u00e4gt auch dazu bei, die Umweltbelastung zu reduzieren. Sein schlankes und modernes Design wird Sie beeindrucken und macht ihn zum perfekten Schreibger\u00e4t f\u00fcr jede Gelegenheit. Bis zu 1200m gleichm\u00e4\u00dfiges Schreibgef\u00fchl mit blauer Dokumental-Tinte. Hergestellt aus RCS-zertifizierten (Recycled Claim Standard) recycelten Materialien. Die RCS-Zertifizierung gew\u00e4hrleistet eine vollst\u00e4ndig zertifizierte Lieferkette f\u00fcr die recycelten Materialien. Recycelter Gesamtanteil: 17% bezogen auf das Gesamtgewicht des Artikels. In FSC\u00ae-zertifizierter Verpackung.<\/p>\n","protected":false},"excerpt":{"rendered":"<p>Der Cedar Stift aus RCS-zertifiziert recyceltem Aluminium ist die perfekte Kombination aus Umweltfreundlichkeit und Stil. Aus recyceltem Aluminium hergestellt, sieht dieser Stift nicht nur gut aus, sondern tr\u00e4gt auch dazu bei, die Umweltbelastung zu reduzieren. Sein schlankes und modernes Design wird Sie beeindrucken und macht ihn zum perfekten Schreibger\u00e4t f\u00fcr jede Gelegenheit. Bis zu 1200m [&hellip;]<\/p>\n","protected":false},"featured_media":28375,"template":"","meta":{"_acf_changed":false},"product_cat":[296,288],"product_tag":[],"class_list":["post-19475","product","type-product","status-publish","has-post-thumbnail","hentry","product_cat-buro-schreibgerate","product_cat-geschafte","pa_color-black-de"],"acf":[],"yoast_head":"<!-- This site is optimized with the Yoast SEO plugin v27.0 - https:\/\/yoast.com\/product\/yoast-seo-wordpress\/ -->\n<title>Cedar Stift aus RCS recyceltem Aluminium, schwarz - Swiss Peak<\/title>\n<meta name=\"robots\" content=\"index, follow, max-snippet:-1, max-image-preview:large, max-video-preview:-1\" \/>\n<link rel=\"canonical\" href=\"https:\/\/swiss-peak.com\/de\/produkt\/swiss-peak-cedar-stift-aus-rcs-recyceltem-aluminium-schwarz\/\" \/>\n<meta property=\"og:locale\" content=\"de_DE\" \/>\n<meta property=\"og:type\" content=\"article\" \/>\n<meta property=\"og:title\" content=\"Cedar Stift aus RCS recyceltem Aluminium, schwarz - Swiss Peak\" \/>\n<meta property=\"og:description\" content=\"Der Cedar Stift aus RCS-zertifiziert recyceltem Aluminium ist die perfekte Kombination aus Umweltfreundlichkeit und Stil. Aus recyceltem Aluminium hergestellt, sieht dieser Stift nicht nur gut aus, sondern tr\u00e4gt auch dazu bei, die Umweltbelastung zu reduzieren. Sein schlankes und modernes Design wird Sie beeindrucken und macht ihn zum perfekten Schreibger\u00e4t f\u00fcr jede Gelegenheit. Bis zu 1200m [&hellip;]\" \/>\n<meta property=\"og:url\" content=\"https:\/\/swiss-peak.com\/de\/produkt\/swiss-peak-cedar-stift-aus-rcs-recyceltem-aluminium-schwarz\/\" \/>\n<meta property=\"og:site_name\" content=\"Swiss Peak\" \/>\n<meta property=\"article:modified_time\" content=\"2026-03-12T01:32:45+00:00\" \/>\n<meta property=\"og:image\" content=\"https:\/\/swiss-peak.com\/wp-content\/uploads\/sites\/9\/2024\/02\/P611.151__S_0__a0b603b0904e4fad82afddc7543d2f48.jpg\" \/>\n\t<meta property=\"og:image:width\" content=\"1024\" \/>\n\t<meta property=\"og:image:height\" content=\"1024\" \/>\n\t<meta property=\"og:image:type\" content=\"image\/jpeg\" \/>\n<meta name=\"twitter:card\" content=\"summary_large_image\" \/>\n<script type=\"application\/ld+json\" class=\"yoast-schema-graph\">{\"@context\":\"https:\/\/schema.org\",\"@graph\":[{\"@type\":\"WebPage\",\"@id\":\"https:\/\/swiss-peak.com\/de\/produkt\/swiss-peak-cedar-stift-aus-rcs-recyceltem-aluminium-schwarz\/\",\"url\":\"https:\/\/swiss-peak.com\/de\/produkt\/swiss-peak-cedar-stift-aus-rcs-recyceltem-aluminium-schwarz\/\",\"name\":\"Cedar Stift aus RCS recyceltem Aluminium, schwarz - Swiss Peak\",\"isPartOf\":{\"@id\":\"https:\/\/swiss-peak.com\/de\/#website\"},\"primaryImageOfPage\":{\"@id\":\"https:\/\/swiss-peak.com\/de\/produkt\/swiss-peak-cedar-stift-aus-rcs-recyceltem-aluminium-schwarz\/#primaryimage\"},\"image\":{\"@id\":\"https:\/\/swiss-peak.com\/de\/produkt\/swiss-peak-cedar-stift-aus-rcs-recyceltem-aluminium-schwarz\/#primaryimage\"},\"thumbnailUrl\":\"https:\/\/swiss-peak.com\/wp-content\/uploads\/sites\/9\/2024\/02\/P611.151__S_0__a0b603b0904e4fad82afddc7543d2f48.jpg\",\"datePublished\":\"2023-07-12T00:30:17+00:00\",\"dateModified\":\"2026-03-12T01:32:45+00:00\",\"breadcrumb\":{\"@id\":\"https:\/\/swiss-peak.com\/de\/produkt\/swiss-peak-cedar-stift-aus-rcs-recyceltem-aluminium-schwarz\/#breadcrumb\"},\"inLanguage\":\"de\",\"potentialAction\":[{\"@type\":\"ReadAction\",\"target\":[\"https:\/\/swiss-peak.com\/de\/produkt\/swiss-peak-cedar-stift-aus-rcs-recyceltem-aluminium-schwarz\/\"]}]},{\"@type\":\"ImageObject\",\"inLanguage\":\"de\",\"@id\":\"https:\/\/swiss-peak.com\/de\/produkt\/swiss-peak-cedar-stift-aus-rcs-recyceltem-aluminium-schwarz\/#primaryimage\",\"url\":\"https:\/\/swiss-peak.com\/wp-content\/uploads\/sites\/9\/2024\/02\/P611.151__S_0__a0b603b0904e4fad82afddc7543d2f48.jpg\",\"contentUrl\":\"https:\/\/swiss-peak.com\/wp-content\/uploads\/sites\/9\/2024\/02\/P611.151__S_0__a0b603b0904e4fad82afddc7543d2f48.jpg\",\"width\":1024,\"height\":1024},{\"@type\":\"BreadcrumbList\",\"@id\":\"https:\/\/swiss-peak.com\/de\/produkt\/swiss-peak-cedar-stift-aus-rcs-recyceltem-aluminium-schwarz\/#breadcrumb\",\"itemListElement\":[{\"@type\":\"ListItem\",\"position\":1,\"name\":\"Home\",\"item\":\"https:\/\/swiss-peak.com\/de\/\"},{\"@type\":\"ListItem\",\"position\":2,\"name\":\"Kollektion\",\"item\":\"https:\/\/swiss-peak.com\/de\/kollektion\/\"},{\"@type\":\"ListItem\",\"position\":3,\"name\":\"Cedar Stift aus RCS recyceltem Aluminium, schwarz\"}]},{\"@type\":\"WebSite\",\"@id\":\"https:\/\/swiss-peak.com\/de\/#website\",\"url\":\"https:\/\/swiss-peak.com\/de\/\",\"name\":\"Swiss Peak\",\"description\":\"Where will today take you?\",\"potentialAction\":[{\"@type\":\"SearchAction\",\"target\":{\"@type\":\"EntryPoint\",\"urlTemplate\":\"https:\/\/swiss-peak.com\/de\/?s={search_term_string}\"},\"query-input\":{\"@type\":\"PropertyValueSpecification\",\"valueRequired\":true,\"valueName\":\"search_term_string\"}}],\"inLanguage\":\"de\"}]}<\/script>\n<!-- \/ Yoast SEO plugin. -->","yoast_head_json":{"title":"Cedar Stift aus RCS recyceltem Aluminium, schwarz - Swiss Peak","robots":{"index":"index","follow":"follow","max-snippet":"max-snippet:-1","max-image-preview":"max-image-preview:large","max-video-preview":"max-video-preview:-1"},"canonical":"https:\/\/swiss-peak.com\/de\/produkt\/swiss-peak-cedar-stift-aus-rcs-recyceltem-aluminium-schwarz\/","og_locale":"de_DE","og_type":"article","og_title":"Cedar Stift aus RCS recyceltem Aluminium, schwarz - Swiss Peak","og_description":"Der Cedar Stift aus RCS-zertifiziert recyceltem Aluminium ist die perfekte Kombination aus Umweltfreundlichkeit und Stil. Aus recyceltem Aluminium hergestellt, sieht dieser Stift nicht nur gut aus, sondern tr\u00e4gt auch dazu bei, die Umweltbelastung zu reduzieren. Sein schlankes und modernes Design wird Sie beeindrucken und macht ihn zum perfekten Schreibger\u00e4t f\u00fcr jede Gelegenheit. Bis zu 1200m [&hellip;]","og_url":"https:\/\/swiss-peak.com\/de\/produkt\/swiss-peak-cedar-stift-aus-rcs-recyceltem-aluminium-schwarz\/","og_site_name":"Swiss Peak","article_modified_time":"2026-03-12T01:32:45+00:00","og_image":[{"width":1024,"height":1024,"url":"https:\/\/swiss-peak.com\/wp-content\/uploads\/sites\/9\/2024\/02\/P611.151__S_0__a0b603b0904e4fad82afddc7543d2f48.jpg","type":"image\/jpeg"}],"twitter_card":"summary_large_image","schema":{"@context":"https:\/\/schema.org","@graph":[{"@type":"WebPage","@id":"https:\/\/swiss-peak.com\/de\/produkt\/swiss-peak-cedar-stift-aus-rcs-recyceltem-aluminium-schwarz\/","url":"https:\/\/swiss-peak.com\/de\/produkt\/swiss-peak-cedar-stift-aus-rcs-recyceltem-aluminium-schwarz\/","name":"Cedar Stift aus RCS recyceltem Aluminium, schwarz - Swiss Peak","isPartOf":{"@id":"https:\/\/swiss-peak.com\/de\/#website"},"primaryImageOfPage":{"@id":"https:\/\/swiss-peak.com\/de\/produkt\/swiss-peak-cedar-stift-aus-rcs-recyceltem-aluminium-schwarz\/#primaryimage"},"image":{"@id":"https:\/\/swiss-peak.com\/de\/produkt\/swiss-peak-cedar-stift-aus-rcs-recyceltem-aluminium-schwarz\/#primaryimage"},"thumbnailUrl":"https:\/\/swiss-peak.com\/wp-content\/uploads\/sites\/9\/2024\/02\/P611.151__S_0__a0b603b0904e4fad82afddc7543d2f48.jpg","datePublished":"2023-07-12T00:30:17+00:00","dateModified":"2026-03-12T01:32:45+00:00","breadcrumb":{"@id":"https:\/\/swiss-peak.com\/de\/produkt\/swiss-peak-cedar-stift-aus-rcs-recyceltem-aluminium-schwarz\/#breadcrumb"},"inLanguage":"de","potentialAction":[{"@type":"ReadAction","target":["https:\/\/swiss-peak.com\/de\/produkt\/swiss-peak-cedar-stift-aus-rcs-recyceltem-aluminium-schwarz\/"]}]},{"@type":"ImageObject","inLanguage":"de","@id":"https:\/\/swiss-peak.com\/de\/produkt\/swiss-peak-cedar-stift-aus-rcs-recyceltem-aluminium-schwarz\/#primaryimage","url":"https:\/\/swiss-peak.com\/wp-content\/uploads\/sites\/9\/2024\/02\/P611.151__S_0__a0b603b0904e4fad82afddc7543d2f48.jpg","contentUrl":"https:\/\/swiss-peak.com\/wp-content\/uploads\/sites\/9\/2024\/02\/P611.151__S_0__a0b603b0904e4fad82afddc7543d2f48.jpg","width":1024,"height":1024},{"@type":"BreadcrumbList","@id":"https:\/\/swiss-peak.com\/de\/produkt\/swiss-peak-cedar-stift-aus-rcs-recyceltem-aluminium-schwarz\/#breadcrumb","itemListElement":[{"@type":"ListItem","position":1,"name":"Home","item":"https:\/\/swiss-peak.com\/de\/"},{"@type":"ListItem","position":2,"name":"Kollektion","item":"https:\/\/swiss-peak.com\/de\/kollektion\/"},{"@type":"ListItem","position":3,"name":"Cedar Stift aus RCS recyceltem Aluminium, schwarz"}]},{"@type":"WebSite","@id":"https:\/\/swiss-peak.com\/de\/#website","url":"https:\/\/swiss-peak.com\/de\/","name":"Swiss Peak","description":"Where will today take you?","potentialAction":[{"@type":"SearchAction","target":{"@type":"EntryPoint","urlTemplate":"https:\/\/swiss-peak.com\/de\/?s={search_term_string}"},"query-input":{"@type":"PropertyValueSpecification","valueRequired":true,"valueName":"search_term_string"}}],"inLanguage":"de"}]}},"_links":{"self":[{"href":"https:\/\/swiss-peak.com\/de\/wp-json\/wp\/v2\/product\/19475","targetHints":{"allow":["GET"]}}],"collection":[{"href":"https:\/\/swiss-peak.com\/de\/wp-json\/wp\/v2\/product"}],"about":[{"href":"https:\/\/swiss-peak.com\/de\/wp-json\/wp\/v2\/types\/product"}],"wp:featuredmedia":[{"embeddable":true,"href":"https:\/\/swiss-peak.com\/de\/wp-json\/wp\/v2\/media\/28375"}],"wp:attachment":[{"href":"https:\/\/swiss-peak.com\/de\/wp-json\/wp\/v2\/media?parent=19475"}],"wp:term":[{"taxonomy":"product_cat","embeddable":true,"href":"https:\/\/swiss-peak.com\/de\/wp-json\/wp\/v2\/product_cat?post=19475"},{"taxonomy":"product_tag","embeddable":true,"href":"https:\/\/swiss-peak.com\/de\/wp-json\/wp\/v2\/product_tag?post=19475"}],"curies":[{"name":"wp","href":"https:\/\/api.w.org\/{rel}","templated":true}]}}