{"id":16274,"date":"2023-06-10T02:02:17","date_gmt":"2023-06-10T00:30:19","guid":{"rendered":"https:\/\/swiss-peak.com\/swiss-peak-aware-tornado-23-sturmschirm-schwarz\/"},"modified":"2026-03-12T03:38:58","modified_gmt":"2026-03-12T01:38:58","slug":"swiss-peak-aware-tornado-23-sturmschirm-schwarz","status":"publish","type":"product","link":"https:\/\/swiss-peak.com\/de\/produkt\/swiss-peak-aware-tornado-23-sturmschirm-schwarz\/","title":{"rendered":"AWARE\u2122 Tornado 23&#8243; Sturmschirm, schwarz"},"content":{"rendered":"<p>Der Swiss Peak AWARE\u2122 Tornado 23&#8243; Sturmschirm besteht aus 190T Pongee RPET und ist ein hochwertiges Accessoire f\u00fcr raues Wetter. Sein automatisches \u00d6ffnen\/manuelles Schlie\u00dfen und sein winddichtes System sorgen f\u00fcr Benutzerfreundlichkeit und Verl\u00e4sslichkeit. Der Schaft aus Metall und das Gestell aus Glasfaserkunststoff machen diesen Schirm robust und langlebig. Der gerade ABS-Gummigriff liegt angenehm in der Hand. Verpackt in einer Swiss Peak FSC-Kraftpapier-Geschenkbox. Mit AWARE\u2122-Tracer, der die tats\u00e4chliche Verwendung von recycelten Materialien best\u00e4tigt. 2% des Erl\u00f6ses jedes verkauften Aware\u2122-Produkts werden an Water.org gespendet.<\/p>\n","protected":false},"excerpt":{"rendered":"<p>Der Swiss Peak AWARE\u2122 Tornado 23&#8243; Sturmschirm besteht aus 190T Pongee RPET und ist ein hochwertiges Accessoire f\u00fcr raues Wetter. Sein automatisches \u00d6ffnen\/manuelles Schlie\u00dfen und sein winddichtes System sorgen f\u00fcr Benutzerfreundlichkeit und Verl\u00e4sslichkeit. Der Schaft aus Metall und das Gestell aus Glasfaserkunststoff machen diesen Schirm robust und langlebig. Der gerade ABS-Gummigriff liegt angenehm in der [&hellip;]<\/p>\n","protected":false},"featured_media":43492,"template":"","meta":{"_acf_changed":false},"product_cat":[308,325],"product_tag":[],"class_list":["post-16274","product","type-product","status-publish","has-post-thumbnail","hentry","product_cat-freizeit-sport","product_cat-schirme","pa_color-black-de"],"acf":[],"yoast_head":"<!-- This site is optimized with the Yoast SEO plugin v27.0 - https:\/\/yoast.com\/product\/yoast-seo-wordpress\/ -->\n<title>AWARE\u2122 Tornado 23&quot; Sturmschirm, schwarz - Swiss Peak<\/title>\n<meta name=\"robots\" content=\"index, follow, max-snippet:-1, max-image-preview:large, max-video-preview:-1\" \/>\n<link rel=\"canonical\" href=\"https:\/\/swiss-peak.com\/de\/produkt\/swiss-peak-aware-tornado-23-sturmschirm-schwarz\/\" \/>\n<meta property=\"og:locale\" content=\"de_DE\" \/>\n<meta property=\"og:type\" content=\"article\" \/>\n<meta property=\"og:title\" content=\"AWARE\u2122 Tornado 23&quot; Sturmschirm, schwarz - Swiss Peak\" \/>\n<meta property=\"og:description\" content=\"Der Swiss Peak AWARE\u2122 Tornado 23&#8243; Sturmschirm besteht aus 190T Pongee RPET und ist ein hochwertiges Accessoire f\u00fcr raues Wetter. Sein automatisches \u00d6ffnen\/manuelles Schlie\u00dfen und sein winddichtes System sorgen f\u00fcr Benutzerfreundlichkeit und Verl\u00e4sslichkeit. Der Schaft aus Metall und das Gestell aus Glasfaserkunststoff machen diesen Schirm robust und langlebig. Der gerade ABS-Gummigriff liegt angenehm in der [&hellip;]\" \/>\n<meta property=\"og:url\" content=\"https:\/\/swiss-peak.com\/de\/produkt\/swiss-peak-aware-tornado-23-sturmschirm-schwarz\/\" \/>\n<meta property=\"og:site_name\" content=\"Swiss Peak\" \/>\n<meta property=\"article:modified_time\" content=\"2026-03-12T01:38:58+00:00\" \/>\n<meta property=\"og:image\" content=\"https:\/\/swiss-peak.com\/wp-content\/uploads\/sites\/9\/2024\/02\/P850.471__S_0__3a733bb3dbb141abbfb442173535f307.jpg\" \/>\n\t<meta property=\"og:image:width\" content=\"1024\" \/>\n\t<meta property=\"og:image:height\" content=\"1024\" \/>\n\t<meta property=\"og:image:type\" content=\"image\/jpeg\" \/>\n<meta name=\"twitter:card\" content=\"summary_large_image\" \/>\n<script type=\"application\/ld+json\" class=\"yoast-schema-graph\">{\"@context\":\"https:\/\/schema.org\",\"@graph\":[{\"@type\":\"WebPage\",\"@id\":\"https:\/\/swiss-peak.com\/de\/produkt\/swiss-peak-aware-tornado-23-sturmschirm-schwarz\/\",\"url\":\"https:\/\/swiss-peak.com\/de\/produkt\/swiss-peak-aware-tornado-23-sturmschirm-schwarz\/\",\"name\":\"AWARE\u2122 Tornado 23\\\" Sturmschirm, schwarz - Swiss Peak\",\"isPartOf\":{\"@id\":\"https:\/\/swiss-peak.com\/de\/#website\"},\"primaryImageOfPage\":{\"@id\":\"https:\/\/swiss-peak.com\/de\/produkt\/swiss-peak-aware-tornado-23-sturmschirm-schwarz\/#primaryimage\"},\"image\":{\"@id\":\"https:\/\/swiss-peak.com\/de\/produkt\/swiss-peak-aware-tornado-23-sturmschirm-schwarz\/#primaryimage\"},\"thumbnailUrl\":\"https:\/\/swiss-peak.com\/wp-content\/uploads\/sites\/9\/2024\/02\/P850.471__S_0__3a733bb3dbb141abbfb442173535f307.jpg\",\"datePublished\":\"2023-06-10T00:30:19+00:00\",\"dateModified\":\"2026-03-12T01:38:58+00:00\",\"breadcrumb\":{\"@id\":\"https:\/\/swiss-peak.com\/de\/produkt\/swiss-peak-aware-tornado-23-sturmschirm-schwarz\/#breadcrumb\"},\"inLanguage\":\"de\",\"potentialAction\":[{\"@type\":\"ReadAction\",\"target\":[\"https:\/\/swiss-peak.com\/de\/produkt\/swiss-peak-aware-tornado-23-sturmschirm-schwarz\/\"]}]},{\"@type\":\"ImageObject\",\"inLanguage\":\"de\",\"@id\":\"https:\/\/swiss-peak.com\/de\/produkt\/swiss-peak-aware-tornado-23-sturmschirm-schwarz\/#primaryimage\",\"url\":\"https:\/\/swiss-peak.com\/wp-content\/uploads\/sites\/9\/2024\/02\/P850.471__S_0__3a733bb3dbb141abbfb442173535f307.jpg\",\"contentUrl\":\"https:\/\/swiss-peak.com\/wp-content\/uploads\/sites\/9\/2024\/02\/P850.471__S_0__3a733bb3dbb141abbfb442173535f307.jpg\",\"width\":1024,\"height\":1024},{\"@type\":\"BreadcrumbList\",\"@id\":\"https:\/\/swiss-peak.com\/de\/produkt\/swiss-peak-aware-tornado-23-sturmschirm-schwarz\/#breadcrumb\",\"itemListElement\":[{\"@type\":\"ListItem\",\"position\":1,\"name\":\"Home\",\"item\":\"https:\/\/swiss-peak.com\/de\/\"},{\"@type\":\"ListItem\",\"position\":2,\"name\":\"Kollektion\",\"item\":\"https:\/\/swiss-peak.com\/de\/kollektion\/\"},{\"@type\":\"ListItem\",\"position\":3,\"name\":\"AWARE\u2122 Tornado 23&#8243; Sturmschirm, schwarz\"}]},{\"@type\":\"WebSite\",\"@id\":\"https:\/\/swiss-peak.com\/de\/#website\",\"url\":\"https:\/\/swiss-peak.com\/de\/\",\"name\":\"Swiss Peak\",\"description\":\"Where will today take you?\",\"potentialAction\":[{\"@type\":\"SearchAction\",\"target\":{\"@type\":\"EntryPoint\",\"urlTemplate\":\"https:\/\/swiss-peak.com\/de\/?s={search_term_string}\"},\"query-input\":{\"@type\":\"PropertyValueSpecification\",\"valueRequired\":true,\"valueName\":\"search_term_string\"}}],\"inLanguage\":\"de\"}]}<\/script>\n<!-- \/ Yoast SEO plugin. -->","yoast_head_json":{"title":"AWARE\u2122 Tornado 23\" Sturmschirm, schwarz - Swiss Peak","robots":{"index":"index","follow":"follow","max-snippet":"max-snippet:-1","max-image-preview":"max-image-preview:large","max-video-preview":"max-video-preview:-1"},"canonical":"https:\/\/swiss-peak.com\/de\/produkt\/swiss-peak-aware-tornado-23-sturmschirm-schwarz\/","og_locale":"de_DE","og_type":"article","og_title":"AWARE\u2122 Tornado 23\" Sturmschirm, schwarz - Swiss Peak","og_description":"Der Swiss Peak AWARE\u2122 Tornado 23&#8243; Sturmschirm besteht aus 190T Pongee RPET und ist ein hochwertiges Accessoire f\u00fcr raues Wetter. Sein automatisches \u00d6ffnen\/manuelles Schlie\u00dfen und sein winddichtes System sorgen f\u00fcr Benutzerfreundlichkeit und Verl\u00e4sslichkeit. Der Schaft aus Metall und das Gestell aus Glasfaserkunststoff machen diesen Schirm robust und langlebig. Der gerade ABS-Gummigriff liegt angenehm in der [&hellip;]","og_url":"https:\/\/swiss-peak.com\/de\/produkt\/swiss-peak-aware-tornado-23-sturmschirm-schwarz\/","og_site_name":"Swiss Peak","article_modified_time":"2026-03-12T01:38:58+00:00","og_image":[{"width":1024,"height":1024,"url":"https:\/\/swiss-peak.com\/wp-content\/uploads\/sites\/9\/2024\/02\/P850.471__S_0__3a733bb3dbb141abbfb442173535f307.jpg","type":"image\/jpeg"}],"twitter_card":"summary_large_image","schema":{"@context":"https:\/\/schema.org","@graph":[{"@type":"WebPage","@id":"https:\/\/swiss-peak.com\/de\/produkt\/swiss-peak-aware-tornado-23-sturmschirm-schwarz\/","url":"https:\/\/swiss-peak.com\/de\/produkt\/swiss-peak-aware-tornado-23-sturmschirm-schwarz\/","name":"AWARE\u2122 Tornado 23\" Sturmschirm, schwarz - Swiss Peak","isPartOf":{"@id":"https:\/\/swiss-peak.com\/de\/#website"},"primaryImageOfPage":{"@id":"https:\/\/swiss-peak.com\/de\/produkt\/swiss-peak-aware-tornado-23-sturmschirm-schwarz\/#primaryimage"},"image":{"@id":"https:\/\/swiss-peak.com\/de\/produkt\/swiss-peak-aware-tornado-23-sturmschirm-schwarz\/#primaryimage"},"thumbnailUrl":"https:\/\/swiss-peak.com\/wp-content\/uploads\/sites\/9\/2024\/02\/P850.471__S_0__3a733bb3dbb141abbfb442173535f307.jpg","datePublished":"2023-06-10T00:30:19+00:00","dateModified":"2026-03-12T01:38:58+00:00","breadcrumb":{"@id":"https:\/\/swiss-peak.com\/de\/produkt\/swiss-peak-aware-tornado-23-sturmschirm-schwarz\/#breadcrumb"},"inLanguage":"de","potentialAction":[{"@type":"ReadAction","target":["https:\/\/swiss-peak.com\/de\/produkt\/swiss-peak-aware-tornado-23-sturmschirm-schwarz\/"]}]},{"@type":"ImageObject","inLanguage":"de","@id":"https:\/\/swiss-peak.com\/de\/produkt\/swiss-peak-aware-tornado-23-sturmschirm-schwarz\/#primaryimage","url":"https:\/\/swiss-peak.com\/wp-content\/uploads\/sites\/9\/2024\/02\/P850.471__S_0__3a733bb3dbb141abbfb442173535f307.jpg","contentUrl":"https:\/\/swiss-peak.com\/wp-content\/uploads\/sites\/9\/2024\/02\/P850.471__S_0__3a733bb3dbb141abbfb442173535f307.jpg","width":1024,"height":1024},{"@type":"BreadcrumbList","@id":"https:\/\/swiss-peak.com\/de\/produkt\/swiss-peak-aware-tornado-23-sturmschirm-schwarz\/#breadcrumb","itemListElement":[{"@type":"ListItem","position":1,"name":"Home","item":"https:\/\/swiss-peak.com\/de\/"},{"@type":"ListItem","position":2,"name":"Kollektion","item":"https:\/\/swiss-peak.com\/de\/kollektion\/"},{"@type":"ListItem","position":3,"name":"AWARE\u2122 Tornado 23&#8243; Sturmschirm, schwarz"}]},{"@type":"WebSite","@id":"https:\/\/swiss-peak.com\/de\/#website","url":"https:\/\/swiss-peak.com\/de\/","name":"Swiss Peak","description":"Where will today take you?","potentialAction":[{"@type":"SearchAction","target":{"@type":"EntryPoint","urlTemplate":"https:\/\/swiss-peak.com\/de\/?s={search_term_string}"},"query-input":{"@type":"PropertyValueSpecification","valueRequired":true,"valueName":"search_term_string"}}],"inLanguage":"de"}]}},"_links":{"self":[{"href":"https:\/\/swiss-peak.com\/de\/wp-json\/wp\/v2\/product\/16274","targetHints":{"allow":["GET"]}}],"collection":[{"href":"https:\/\/swiss-peak.com\/de\/wp-json\/wp\/v2\/product"}],"about":[{"href":"https:\/\/swiss-peak.com\/de\/wp-json\/wp\/v2\/types\/product"}],"wp:featuredmedia":[{"embeddable":true,"href":"https:\/\/swiss-peak.com\/de\/wp-json\/wp\/v2\/media\/43492"}],"wp:attachment":[{"href":"https:\/\/swiss-peak.com\/de\/wp-json\/wp\/v2\/media?parent=16274"}],"wp:term":[{"taxonomy":"product_cat","embeddable":true,"href":"https:\/\/swiss-peak.com\/de\/wp-json\/wp\/v2\/product_cat?post=16274"},{"taxonomy":"product_tag","embeddable":true,"href":"https:\/\/swiss-peak.com\/de\/wp-json\/wp\/v2\/product_tag?post=16274"}],"curies":[{"name":"wp","href":"https:\/\/api.w.org\/{rel}","templated":true}]}}