{"id":16273,"date":"2023-06-10T02:02:17","date_gmt":"2023-06-10T00:30:19","guid":{"rendered":"https:\/\/swiss-peak.com\/swiss-peak-aware-23-faltbarer-umgekehrter-regenschirm-schwarz\/"},"modified":"2026-03-12T03:38:55","modified_gmt":"2026-03-12T01:38:55","slug":"swiss-peak-aware-23-faltbarer-umgekehrter-regenschirm-schwarz","status":"publish","type":"product","link":"https:\/\/swiss-peak.com\/de\/produkt\/swiss-peak-aware-23-faltbarer-umgekehrter-regenschirm-schwarz\/","title":{"rendered":"AWARE\u2122 23&#8243; faltbarer umgekehrter Regenschirm, schwarz"},"content":{"rendered":"<p>Der 23&#8243; Wende-Regenschirm mit automatischer \u00d6ffnung\/Schlie\u00dfung ist ein praktisches und stilvolles Accessoire zum Schutz vor Regen. Er ist aus 190T-Pongee-RPET-Material mit Glasfaserrippen und einem verchromten Stahlschaft gefertigt und somit stark und langlebig. Der Schirm verf\u00fcgt \u00fcber ein einzigartiges Design mit umgekehrter \u00d6ffnung, das das Eindringen von Wasser verhindert und daf\u00fcr sorgt, dass man beim Betreten oder Verlassen eines Autos oder Geb\u00e4udes nicht nass wird. Mit AWARE\u2122-Tracer, der die tats\u00e4chliche Verwendung von recycelten Materialien best\u00e4tigt. 2% des Erl\u00f6ses jedes verkauften Aware\u2122-Produkts werden an Water.org gespendet.<\/p>\n","protected":false},"excerpt":{"rendered":"<p>Der 23&#8243; Wende-Regenschirm mit automatischer \u00d6ffnung\/Schlie\u00dfung ist ein praktisches und stilvolles Accessoire zum Schutz vor Regen. Er ist aus 190T-Pongee-RPET-Material mit Glasfaserrippen und einem verchromten Stahlschaft gefertigt und somit stark und langlebig. Der Schirm verf\u00fcgt \u00fcber ein einzigartiges Design mit umgekehrter \u00d6ffnung, das das Eindringen von Wasser verhindert und daf\u00fcr sorgt, dass man beim Betreten [&hellip;]<\/p>\n","protected":false},"featured_media":43348,"template":"","meta":{"_acf_changed":false},"product_cat":[308,325],"product_tag":[],"class_list":["post-16273","product","type-product","status-publish","has-post-thumbnail","hentry","product_cat-freizeit-sport","product_cat-schirme","pa_color-black-de"],"acf":[],"yoast_head":"<!-- This site is optimized with the Yoast SEO plugin v27.0 - https:\/\/yoast.com\/product\/yoast-seo-wordpress\/ -->\n<title>AWARE\u2122 23&quot; faltbarer umgekehrter Regenschirm, schwarz - Swiss Peak<\/title>\n<meta name=\"robots\" content=\"index, follow, max-snippet:-1, max-image-preview:large, max-video-preview:-1\" \/>\n<link rel=\"canonical\" href=\"https:\/\/swiss-peak.com\/de\/produkt\/swiss-peak-aware-23-faltbarer-umgekehrter-regenschirm-schwarz\/\" \/>\n<meta property=\"og:locale\" content=\"de_DE\" \/>\n<meta property=\"og:type\" content=\"article\" \/>\n<meta property=\"og:title\" content=\"AWARE\u2122 23&quot; faltbarer umgekehrter Regenschirm, schwarz - Swiss Peak\" \/>\n<meta property=\"og:description\" content=\"Der 23&#8243; Wende-Regenschirm mit automatischer \u00d6ffnung\/Schlie\u00dfung ist ein praktisches und stilvolles Accessoire zum Schutz vor Regen. Er ist aus 190T-Pongee-RPET-Material mit Glasfaserrippen und einem verchromten Stahlschaft gefertigt und somit stark und langlebig. Der Schirm verf\u00fcgt \u00fcber ein einzigartiges Design mit umgekehrter \u00d6ffnung, das das Eindringen von Wasser verhindert und daf\u00fcr sorgt, dass man beim Betreten [&hellip;]\" \/>\n<meta property=\"og:url\" content=\"https:\/\/swiss-peak.com\/de\/produkt\/swiss-peak-aware-23-faltbarer-umgekehrter-regenschirm-schwarz\/\" \/>\n<meta property=\"og:site_name\" content=\"Swiss Peak\" \/>\n<meta property=\"article:modified_time\" content=\"2026-03-12T01:38:55+00:00\" \/>\n<meta property=\"og:image\" content=\"https:\/\/swiss-peak.com\/wp-content\/uploads\/sites\/9\/2024\/02\/P850.461__S_0__210a13a4edbf409b96ae217ec3c07f98.jpg\" \/>\n\t<meta property=\"og:image:width\" content=\"1024\" \/>\n\t<meta property=\"og:image:height\" content=\"1024\" \/>\n\t<meta property=\"og:image:type\" content=\"image\/jpeg\" \/>\n<meta name=\"twitter:card\" content=\"summary_large_image\" \/>\n<script type=\"application\/ld+json\" class=\"yoast-schema-graph\">{\"@context\":\"https:\/\/schema.org\",\"@graph\":[{\"@type\":\"WebPage\",\"@id\":\"https:\/\/swiss-peak.com\/de\/produkt\/swiss-peak-aware-23-faltbarer-umgekehrter-regenschirm-schwarz\/\",\"url\":\"https:\/\/swiss-peak.com\/de\/produkt\/swiss-peak-aware-23-faltbarer-umgekehrter-regenschirm-schwarz\/\",\"name\":\"AWARE\u2122 23\\\" faltbarer umgekehrter Regenschirm, schwarz - Swiss Peak\",\"isPartOf\":{\"@id\":\"https:\/\/swiss-peak.com\/de\/#website\"},\"primaryImageOfPage\":{\"@id\":\"https:\/\/swiss-peak.com\/de\/produkt\/swiss-peak-aware-23-faltbarer-umgekehrter-regenschirm-schwarz\/#primaryimage\"},\"image\":{\"@id\":\"https:\/\/swiss-peak.com\/de\/produkt\/swiss-peak-aware-23-faltbarer-umgekehrter-regenschirm-schwarz\/#primaryimage\"},\"thumbnailUrl\":\"https:\/\/swiss-peak.com\/wp-content\/uploads\/sites\/9\/2024\/02\/P850.461__S_0__210a13a4edbf409b96ae217ec3c07f98.jpg\",\"datePublished\":\"2023-06-10T00:30:19+00:00\",\"dateModified\":\"2026-03-12T01:38:55+00:00\",\"breadcrumb\":{\"@id\":\"https:\/\/swiss-peak.com\/de\/produkt\/swiss-peak-aware-23-faltbarer-umgekehrter-regenschirm-schwarz\/#breadcrumb\"},\"inLanguage\":\"de\",\"potentialAction\":[{\"@type\":\"ReadAction\",\"target\":[\"https:\/\/swiss-peak.com\/de\/produkt\/swiss-peak-aware-23-faltbarer-umgekehrter-regenschirm-schwarz\/\"]}]},{\"@type\":\"ImageObject\",\"inLanguage\":\"de\",\"@id\":\"https:\/\/swiss-peak.com\/de\/produkt\/swiss-peak-aware-23-faltbarer-umgekehrter-regenschirm-schwarz\/#primaryimage\",\"url\":\"https:\/\/swiss-peak.com\/wp-content\/uploads\/sites\/9\/2024\/02\/P850.461__S_0__210a13a4edbf409b96ae217ec3c07f98.jpg\",\"contentUrl\":\"https:\/\/swiss-peak.com\/wp-content\/uploads\/sites\/9\/2024\/02\/P850.461__S_0__210a13a4edbf409b96ae217ec3c07f98.jpg\",\"width\":1024,\"height\":1024},{\"@type\":\"BreadcrumbList\",\"@id\":\"https:\/\/swiss-peak.com\/de\/produkt\/swiss-peak-aware-23-faltbarer-umgekehrter-regenschirm-schwarz\/#breadcrumb\",\"itemListElement\":[{\"@type\":\"ListItem\",\"position\":1,\"name\":\"Home\",\"item\":\"https:\/\/swiss-peak.com\/de\/\"},{\"@type\":\"ListItem\",\"position\":2,\"name\":\"Kollektion\",\"item\":\"https:\/\/swiss-peak.com\/de\/kollektion\/\"},{\"@type\":\"ListItem\",\"position\":3,\"name\":\"AWARE\u2122 23&#8243; faltbarer umgekehrter Regenschirm, schwarz\"}]},{\"@type\":\"WebSite\",\"@id\":\"https:\/\/swiss-peak.com\/de\/#website\",\"url\":\"https:\/\/swiss-peak.com\/de\/\",\"name\":\"Swiss Peak\",\"description\":\"Where will today take you?\",\"potentialAction\":[{\"@type\":\"SearchAction\",\"target\":{\"@type\":\"EntryPoint\",\"urlTemplate\":\"https:\/\/swiss-peak.com\/de\/?s={search_term_string}\"},\"query-input\":{\"@type\":\"PropertyValueSpecification\",\"valueRequired\":true,\"valueName\":\"search_term_string\"}}],\"inLanguage\":\"de\"}]}<\/script>\n<!-- \/ Yoast SEO plugin. -->","yoast_head_json":{"title":"AWARE\u2122 23\" faltbarer umgekehrter Regenschirm, schwarz - Swiss Peak","robots":{"index":"index","follow":"follow","max-snippet":"max-snippet:-1","max-image-preview":"max-image-preview:large","max-video-preview":"max-video-preview:-1"},"canonical":"https:\/\/swiss-peak.com\/de\/produkt\/swiss-peak-aware-23-faltbarer-umgekehrter-regenschirm-schwarz\/","og_locale":"de_DE","og_type":"article","og_title":"AWARE\u2122 23\" faltbarer umgekehrter Regenschirm, schwarz - Swiss Peak","og_description":"Der 23&#8243; Wende-Regenschirm mit automatischer \u00d6ffnung\/Schlie\u00dfung ist ein praktisches und stilvolles Accessoire zum Schutz vor Regen. Er ist aus 190T-Pongee-RPET-Material mit Glasfaserrippen und einem verchromten Stahlschaft gefertigt und somit stark und langlebig. Der Schirm verf\u00fcgt \u00fcber ein einzigartiges Design mit umgekehrter \u00d6ffnung, das das Eindringen von Wasser verhindert und daf\u00fcr sorgt, dass man beim Betreten [&hellip;]","og_url":"https:\/\/swiss-peak.com\/de\/produkt\/swiss-peak-aware-23-faltbarer-umgekehrter-regenschirm-schwarz\/","og_site_name":"Swiss Peak","article_modified_time":"2026-03-12T01:38:55+00:00","og_image":[{"width":1024,"height":1024,"url":"https:\/\/swiss-peak.com\/wp-content\/uploads\/sites\/9\/2024\/02\/P850.461__S_0__210a13a4edbf409b96ae217ec3c07f98.jpg","type":"image\/jpeg"}],"twitter_card":"summary_large_image","schema":{"@context":"https:\/\/schema.org","@graph":[{"@type":"WebPage","@id":"https:\/\/swiss-peak.com\/de\/produkt\/swiss-peak-aware-23-faltbarer-umgekehrter-regenschirm-schwarz\/","url":"https:\/\/swiss-peak.com\/de\/produkt\/swiss-peak-aware-23-faltbarer-umgekehrter-regenschirm-schwarz\/","name":"AWARE\u2122 23\" faltbarer umgekehrter Regenschirm, schwarz - Swiss Peak","isPartOf":{"@id":"https:\/\/swiss-peak.com\/de\/#website"},"primaryImageOfPage":{"@id":"https:\/\/swiss-peak.com\/de\/produkt\/swiss-peak-aware-23-faltbarer-umgekehrter-regenschirm-schwarz\/#primaryimage"},"image":{"@id":"https:\/\/swiss-peak.com\/de\/produkt\/swiss-peak-aware-23-faltbarer-umgekehrter-regenschirm-schwarz\/#primaryimage"},"thumbnailUrl":"https:\/\/swiss-peak.com\/wp-content\/uploads\/sites\/9\/2024\/02\/P850.461__S_0__210a13a4edbf409b96ae217ec3c07f98.jpg","datePublished":"2023-06-10T00:30:19+00:00","dateModified":"2026-03-12T01:38:55+00:00","breadcrumb":{"@id":"https:\/\/swiss-peak.com\/de\/produkt\/swiss-peak-aware-23-faltbarer-umgekehrter-regenschirm-schwarz\/#breadcrumb"},"inLanguage":"de","potentialAction":[{"@type":"ReadAction","target":["https:\/\/swiss-peak.com\/de\/produkt\/swiss-peak-aware-23-faltbarer-umgekehrter-regenschirm-schwarz\/"]}]},{"@type":"ImageObject","inLanguage":"de","@id":"https:\/\/swiss-peak.com\/de\/produkt\/swiss-peak-aware-23-faltbarer-umgekehrter-regenschirm-schwarz\/#primaryimage","url":"https:\/\/swiss-peak.com\/wp-content\/uploads\/sites\/9\/2024\/02\/P850.461__S_0__210a13a4edbf409b96ae217ec3c07f98.jpg","contentUrl":"https:\/\/swiss-peak.com\/wp-content\/uploads\/sites\/9\/2024\/02\/P850.461__S_0__210a13a4edbf409b96ae217ec3c07f98.jpg","width":1024,"height":1024},{"@type":"BreadcrumbList","@id":"https:\/\/swiss-peak.com\/de\/produkt\/swiss-peak-aware-23-faltbarer-umgekehrter-regenschirm-schwarz\/#breadcrumb","itemListElement":[{"@type":"ListItem","position":1,"name":"Home","item":"https:\/\/swiss-peak.com\/de\/"},{"@type":"ListItem","position":2,"name":"Kollektion","item":"https:\/\/swiss-peak.com\/de\/kollektion\/"},{"@type":"ListItem","position":3,"name":"AWARE\u2122 23&#8243; faltbarer umgekehrter Regenschirm, schwarz"}]},{"@type":"WebSite","@id":"https:\/\/swiss-peak.com\/de\/#website","url":"https:\/\/swiss-peak.com\/de\/","name":"Swiss Peak","description":"Where will today take you?","potentialAction":[{"@type":"SearchAction","target":{"@type":"EntryPoint","urlTemplate":"https:\/\/swiss-peak.com\/de\/?s={search_term_string}"},"query-input":{"@type":"PropertyValueSpecification","valueRequired":true,"valueName":"search_term_string"}}],"inLanguage":"de"}]}},"_links":{"self":[{"href":"https:\/\/swiss-peak.com\/de\/wp-json\/wp\/v2\/product\/16273","targetHints":{"allow":["GET"]}}],"collection":[{"href":"https:\/\/swiss-peak.com\/de\/wp-json\/wp\/v2\/product"}],"about":[{"href":"https:\/\/swiss-peak.com\/de\/wp-json\/wp\/v2\/types\/product"}],"wp:featuredmedia":[{"embeddable":true,"href":"https:\/\/swiss-peak.com\/de\/wp-json\/wp\/v2\/media\/43348"}],"wp:attachment":[{"href":"https:\/\/swiss-peak.com\/de\/wp-json\/wp\/v2\/media?parent=16273"}],"wp:term":[{"taxonomy":"product_cat","embeddable":true,"href":"https:\/\/swiss-peak.com\/de\/wp-json\/wp\/v2\/product_cat?post=16273"},{"taxonomy":"product_tag","embeddable":true,"href":"https:\/\/swiss-peak.com\/de\/wp-json\/wp\/v2\/product_tag?post=16273"}],"curies":[{"name":"wp","href":"https:\/\/api.w.org\/{rel}","templated":true}]}}