{"id":16165,"date":"2023-06-03T02:00:18","date_gmt":"2023-06-03T00:32:14","guid":{"rendered":"https:\/\/swiss-peak.com\/swiss-peak-aware-tornado-30-sturmschirm-schwarz\/"},"modified":"2026-03-12T03:38:49","modified_gmt":"2026-03-12T01:38:49","slug":"swiss-peak-aware-tornado-30-sturmschirm-schwarz","status":"publish","type":"product","link":"https:\/\/swiss-peak.com\/de\/produkt\/swiss-peak-aware-tornado-30-sturmschirm-schwarz\/","title":{"rendered":"AWARE\u2122 Tornado 30&#8243; Sturmschirm, schwarz"},"content":{"rendered":"<p>Dieser Swiss Peak AWARE\u2122 Tornado 30&#8243; Sturmschirm mit automatischem \u00d6ffnungsmechanismus ist langlebig und zuverl\u00e4ssig und besteht aus einem Metallrahmen, Fiberglasrippen und einem Gummigriff. Er verf\u00fcgt \u00fcber eine sturmsichere Funktion f\u00fcr raues Wetter und wird mit einer Swiss Peak-Tasche zur einfachen Aufbewahrung geliefert. Au\u00dferdem ist der Schirm mit dem AWARE\u2122-Tracer versehen, der die tats\u00e4chliche Verwendung von recycelten Materialien best\u00e4tigt und ihn damit zur besseren Wahl macht. Au\u00dferdem werden 2% des Erl\u00f6ses aus jedem verkauften Aware\u2122-Produkt an Water.org gespendet. Mit automatischem \u00d6ffnungsmechanismus.<\/p>\n","protected":false},"excerpt":{"rendered":"<p>Dieser Swiss Peak AWARE\u2122 Tornado 30&#8243; Sturmschirm mit automatischem \u00d6ffnungsmechanismus ist langlebig und zuverl\u00e4ssig und besteht aus einem Metallrahmen, Fiberglasrippen und einem Gummigriff. Er verf\u00fcgt \u00fcber eine sturmsichere Funktion f\u00fcr raues Wetter und wird mit einer Swiss Peak-Tasche zur einfachen Aufbewahrung geliefert. Au\u00dferdem ist der Schirm mit dem AWARE\u2122-Tracer versehen, der die tats\u00e4chliche Verwendung von [&hellip;]<\/p>\n","protected":false},"featured_media":43122,"template":"","meta":{"_acf_changed":false},"product_cat":[308,325],"product_tag":[],"class_list":["post-16165","product","type-product","status-publish","has-post-thumbnail","hentry","product_cat-freizeit-sport","product_cat-schirme","pa_color-black-de"],"acf":[],"yoast_head":"<!-- This site is optimized with the Yoast SEO plugin v27.0 - https:\/\/yoast.com\/product\/yoast-seo-wordpress\/ -->\n<title>AWARE\u2122 Tornado 30&quot; Sturmschirm, schwarz - Swiss Peak<\/title>\n<meta name=\"robots\" content=\"index, follow, max-snippet:-1, max-image-preview:large, max-video-preview:-1\" \/>\n<link rel=\"canonical\" href=\"https:\/\/swiss-peak.com\/de\/produkt\/swiss-peak-aware-tornado-30-sturmschirm-schwarz\/\" \/>\n<meta property=\"og:locale\" content=\"de_DE\" \/>\n<meta property=\"og:type\" content=\"article\" \/>\n<meta property=\"og:title\" content=\"AWARE\u2122 Tornado 30&quot; Sturmschirm, schwarz - Swiss Peak\" \/>\n<meta property=\"og:description\" content=\"Dieser Swiss Peak AWARE\u2122 Tornado 30&#8243; Sturmschirm mit automatischem \u00d6ffnungsmechanismus ist langlebig und zuverl\u00e4ssig und besteht aus einem Metallrahmen, Fiberglasrippen und einem Gummigriff. Er verf\u00fcgt \u00fcber eine sturmsichere Funktion f\u00fcr raues Wetter und wird mit einer Swiss Peak-Tasche zur einfachen Aufbewahrung geliefert. Au\u00dferdem ist der Schirm mit dem AWARE\u2122-Tracer versehen, der die tats\u00e4chliche Verwendung von [&hellip;]\" \/>\n<meta property=\"og:url\" content=\"https:\/\/swiss-peak.com\/de\/produkt\/swiss-peak-aware-tornado-30-sturmschirm-schwarz\/\" \/>\n<meta property=\"og:site_name\" content=\"Swiss Peak\" \/>\n<meta property=\"article:modified_time\" content=\"2026-03-12T01:38:49+00:00\" \/>\n<meta property=\"og:image\" content=\"https:\/\/swiss-peak.com\/wp-content\/uploads\/sites\/9\/2024\/02\/P850.441__S_0__dd846b0448fe4ba890e1daa3bf882f72.jpg\" \/>\n\t<meta property=\"og:image:width\" content=\"1024\" \/>\n\t<meta property=\"og:image:height\" content=\"1024\" \/>\n\t<meta property=\"og:image:type\" content=\"image\/jpeg\" \/>\n<meta name=\"twitter:card\" content=\"summary_large_image\" \/>\n<script type=\"application\/ld+json\" class=\"yoast-schema-graph\">{\"@context\":\"https:\/\/schema.org\",\"@graph\":[{\"@type\":\"WebPage\",\"@id\":\"https:\/\/swiss-peak.com\/de\/produkt\/swiss-peak-aware-tornado-30-sturmschirm-schwarz\/\",\"url\":\"https:\/\/swiss-peak.com\/de\/produkt\/swiss-peak-aware-tornado-30-sturmschirm-schwarz\/\",\"name\":\"AWARE\u2122 Tornado 30\\\" Sturmschirm, schwarz - Swiss Peak\",\"isPartOf\":{\"@id\":\"https:\/\/swiss-peak.com\/de\/#website\"},\"primaryImageOfPage\":{\"@id\":\"https:\/\/swiss-peak.com\/de\/produkt\/swiss-peak-aware-tornado-30-sturmschirm-schwarz\/#primaryimage\"},\"image\":{\"@id\":\"https:\/\/swiss-peak.com\/de\/produkt\/swiss-peak-aware-tornado-30-sturmschirm-schwarz\/#primaryimage\"},\"thumbnailUrl\":\"https:\/\/swiss-peak.com\/wp-content\/uploads\/sites\/9\/2024\/02\/P850.441__S_0__dd846b0448fe4ba890e1daa3bf882f72.jpg\",\"datePublished\":\"2023-06-03T00:32:14+00:00\",\"dateModified\":\"2026-03-12T01:38:49+00:00\",\"breadcrumb\":{\"@id\":\"https:\/\/swiss-peak.com\/de\/produkt\/swiss-peak-aware-tornado-30-sturmschirm-schwarz\/#breadcrumb\"},\"inLanguage\":\"de\",\"potentialAction\":[{\"@type\":\"ReadAction\",\"target\":[\"https:\/\/swiss-peak.com\/de\/produkt\/swiss-peak-aware-tornado-30-sturmschirm-schwarz\/\"]}]},{\"@type\":\"ImageObject\",\"inLanguage\":\"de\",\"@id\":\"https:\/\/swiss-peak.com\/de\/produkt\/swiss-peak-aware-tornado-30-sturmschirm-schwarz\/#primaryimage\",\"url\":\"https:\/\/swiss-peak.com\/wp-content\/uploads\/sites\/9\/2024\/02\/P850.441__S_0__dd846b0448fe4ba890e1daa3bf882f72.jpg\",\"contentUrl\":\"https:\/\/swiss-peak.com\/wp-content\/uploads\/sites\/9\/2024\/02\/P850.441__S_0__dd846b0448fe4ba890e1daa3bf882f72.jpg\",\"width\":1024,\"height\":1024},{\"@type\":\"BreadcrumbList\",\"@id\":\"https:\/\/swiss-peak.com\/de\/produkt\/swiss-peak-aware-tornado-30-sturmschirm-schwarz\/#breadcrumb\",\"itemListElement\":[{\"@type\":\"ListItem\",\"position\":1,\"name\":\"Home\",\"item\":\"https:\/\/swiss-peak.com\/de\/\"},{\"@type\":\"ListItem\",\"position\":2,\"name\":\"Kollektion\",\"item\":\"https:\/\/swiss-peak.com\/de\/kollektion\/\"},{\"@type\":\"ListItem\",\"position\":3,\"name\":\"AWARE\u2122 Tornado 30&#8243; Sturmschirm, schwarz\"}]},{\"@type\":\"WebSite\",\"@id\":\"https:\/\/swiss-peak.com\/de\/#website\",\"url\":\"https:\/\/swiss-peak.com\/de\/\",\"name\":\"Swiss Peak\",\"description\":\"Where will today take you?\",\"potentialAction\":[{\"@type\":\"SearchAction\",\"target\":{\"@type\":\"EntryPoint\",\"urlTemplate\":\"https:\/\/swiss-peak.com\/de\/?s={search_term_string}\"},\"query-input\":{\"@type\":\"PropertyValueSpecification\",\"valueRequired\":true,\"valueName\":\"search_term_string\"}}],\"inLanguage\":\"de\"}]}<\/script>\n<!-- \/ Yoast SEO plugin. -->","yoast_head_json":{"title":"AWARE\u2122 Tornado 30\" Sturmschirm, schwarz - Swiss Peak","robots":{"index":"index","follow":"follow","max-snippet":"max-snippet:-1","max-image-preview":"max-image-preview:large","max-video-preview":"max-video-preview:-1"},"canonical":"https:\/\/swiss-peak.com\/de\/produkt\/swiss-peak-aware-tornado-30-sturmschirm-schwarz\/","og_locale":"de_DE","og_type":"article","og_title":"AWARE\u2122 Tornado 30\" Sturmschirm, schwarz - Swiss Peak","og_description":"Dieser Swiss Peak AWARE\u2122 Tornado 30&#8243; Sturmschirm mit automatischem \u00d6ffnungsmechanismus ist langlebig und zuverl\u00e4ssig und besteht aus einem Metallrahmen, Fiberglasrippen und einem Gummigriff. Er verf\u00fcgt \u00fcber eine sturmsichere Funktion f\u00fcr raues Wetter und wird mit einer Swiss Peak-Tasche zur einfachen Aufbewahrung geliefert. Au\u00dferdem ist der Schirm mit dem AWARE\u2122-Tracer versehen, der die tats\u00e4chliche Verwendung von [&hellip;]","og_url":"https:\/\/swiss-peak.com\/de\/produkt\/swiss-peak-aware-tornado-30-sturmschirm-schwarz\/","og_site_name":"Swiss Peak","article_modified_time":"2026-03-12T01:38:49+00:00","og_image":[{"width":1024,"height":1024,"url":"https:\/\/swiss-peak.com\/wp-content\/uploads\/sites\/9\/2024\/02\/P850.441__S_0__dd846b0448fe4ba890e1daa3bf882f72.jpg","type":"image\/jpeg"}],"twitter_card":"summary_large_image","schema":{"@context":"https:\/\/schema.org","@graph":[{"@type":"WebPage","@id":"https:\/\/swiss-peak.com\/de\/produkt\/swiss-peak-aware-tornado-30-sturmschirm-schwarz\/","url":"https:\/\/swiss-peak.com\/de\/produkt\/swiss-peak-aware-tornado-30-sturmschirm-schwarz\/","name":"AWARE\u2122 Tornado 30\" Sturmschirm, schwarz - Swiss Peak","isPartOf":{"@id":"https:\/\/swiss-peak.com\/de\/#website"},"primaryImageOfPage":{"@id":"https:\/\/swiss-peak.com\/de\/produkt\/swiss-peak-aware-tornado-30-sturmschirm-schwarz\/#primaryimage"},"image":{"@id":"https:\/\/swiss-peak.com\/de\/produkt\/swiss-peak-aware-tornado-30-sturmschirm-schwarz\/#primaryimage"},"thumbnailUrl":"https:\/\/swiss-peak.com\/wp-content\/uploads\/sites\/9\/2024\/02\/P850.441__S_0__dd846b0448fe4ba890e1daa3bf882f72.jpg","datePublished":"2023-06-03T00:32:14+00:00","dateModified":"2026-03-12T01:38:49+00:00","breadcrumb":{"@id":"https:\/\/swiss-peak.com\/de\/produkt\/swiss-peak-aware-tornado-30-sturmschirm-schwarz\/#breadcrumb"},"inLanguage":"de","potentialAction":[{"@type":"ReadAction","target":["https:\/\/swiss-peak.com\/de\/produkt\/swiss-peak-aware-tornado-30-sturmschirm-schwarz\/"]}]},{"@type":"ImageObject","inLanguage":"de","@id":"https:\/\/swiss-peak.com\/de\/produkt\/swiss-peak-aware-tornado-30-sturmschirm-schwarz\/#primaryimage","url":"https:\/\/swiss-peak.com\/wp-content\/uploads\/sites\/9\/2024\/02\/P850.441__S_0__dd846b0448fe4ba890e1daa3bf882f72.jpg","contentUrl":"https:\/\/swiss-peak.com\/wp-content\/uploads\/sites\/9\/2024\/02\/P850.441__S_0__dd846b0448fe4ba890e1daa3bf882f72.jpg","width":1024,"height":1024},{"@type":"BreadcrumbList","@id":"https:\/\/swiss-peak.com\/de\/produkt\/swiss-peak-aware-tornado-30-sturmschirm-schwarz\/#breadcrumb","itemListElement":[{"@type":"ListItem","position":1,"name":"Home","item":"https:\/\/swiss-peak.com\/de\/"},{"@type":"ListItem","position":2,"name":"Kollektion","item":"https:\/\/swiss-peak.com\/de\/kollektion\/"},{"@type":"ListItem","position":3,"name":"AWARE\u2122 Tornado 30&#8243; Sturmschirm, schwarz"}]},{"@type":"WebSite","@id":"https:\/\/swiss-peak.com\/de\/#website","url":"https:\/\/swiss-peak.com\/de\/","name":"Swiss Peak","description":"Where will today take you?","potentialAction":[{"@type":"SearchAction","target":{"@type":"EntryPoint","urlTemplate":"https:\/\/swiss-peak.com\/de\/?s={search_term_string}"},"query-input":{"@type":"PropertyValueSpecification","valueRequired":true,"valueName":"search_term_string"}}],"inLanguage":"de"}]}},"_links":{"self":[{"href":"https:\/\/swiss-peak.com\/de\/wp-json\/wp\/v2\/product\/16165","targetHints":{"allow":["GET"]}}],"collection":[{"href":"https:\/\/swiss-peak.com\/de\/wp-json\/wp\/v2\/product"}],"about":[{"href":"https:\/\/swiss-peak.com\/de\/wp-json\/wp\/v2\/types\/product"}],"wp:featuredmedia":[{"embeddable":true,"href":"https:\/\/swiss-peak.com\/de\/wp-json\/wp\/v2\/media\/43122"}],"wp:attachment":[{"href":"https:\/\/swiss-peak.com\/de\/wp-json\/wp\/v2\/media?parent=16165"}],"wp:term":[{"taxonomy":"product_cat","embeddable":true,"href":"https:\/\/swiss-peak.com\/de\/wp-json\/wp\/v2\/product_cat?post=16165"},{"taxonomy":"product_tag","embeddable":true,"href":"https:\/\/swiss-peak.com\/de\/wp-json\/wp\/v2\/product_tag?post=16165"}],"curies":[{"name":"wp","href":"https:\/\/api.w.org\/{rel}","templated":true}]}}