{"id":15935,"date":"2023-05-24T02:00:16","date_gmt":"2023-05-24T00:32:12","guid":{"rendered":"https:\/\/swiss-peak.com\/swiss-peak-brooke-aware-156-laptop-rucksack-aus-rpet-schwarz\/"},"modified":"2026-03-12T03:35:09","modified_gmt":"2026-03-12T01:35:09","slug":"swiss-peak-brooke-aware-156-laptop-rucksack-aus-rpet-schwarz","status":"publish","type":"product","link":"https:\/\/swiss-peak.com\/de\/produkt\/swiss-peak-brooke-aware-156-laptop-rucksack-aus-rpet-schwarz\/","title":{"rendered":"Brooke AWARE\u2122 15,6&#8243; Laptop-Rucksack aus rPET, schwarz"},"content":{"rendered":"<p>Dieser stilvolle Rucksack mit seinen vielen Stauf\u00e4chern ist das perfekte Accessoire f\u00fcr alle, die viel unterwegs sind; sei es auf dem Weg zur Arbeit oder beim Schlendern durch die Stadt. Mit seinem schlanken Design und seinen praktischen Funktionen ist dieser Rucksack eine ausgezeichnete Wahl f\u00fcr alle, die stilvoll unterwegs sein wollen. Mit AWARE\u2122-Tracer, der die tats\u00e4chliche Verwendung von recycelten Materialien best\u00e4tigt. 2% des Erl\u00f6ses jedes verkauften AWARE\u2122-Produkts werden an Water.org gespendet. Zusammensetzung: 100% recyceltes Polyester.<\/p>\n","protected":false},"excerpt":{"rendered":"<p>Dieser stilvolle Rucksack mit seinen vielen Stauf\u00e4chern ist das perfekte Accessoire f\u00fcr alle, die viel unterwegs sind; sei es auf dem Weg zur Arbeit oder beim Schlendern durch die Stadt. Mit seinem schlanken Design und seinen praktischen Funktionen ist dieser Rucksack eine ausgezeichnete Wahl f\u00fcr alle, die stilvoll unterwegs sein wollen. Mit AWARE\u2122-Tracer, der die [&hellip;]<\/p>\n","protected":false},"featured_media":35229,"template":"","meta":{"_acf_changed":false},"product_cat":[288,294,256,252],"product_tag":[],"class_list":["post-15935","product","type-product","status-publish","has-post-thumbnail","hentry","product_cat-geschafte","product_cat-laptoptaschen","product_cat-rucksacke","product_cat-taschen-reise","pa_color-black-de"],"acf":[],"yoast_head":"<!-- This site is optimized with the Yoast SEO plugin v27.0 - https:\/\/yoast.com\/product\/yoast-seo-wordpress\/ -->\n<title>Brooke AWARE\u2122 15,6&quot; Laptop-Rucksack aus rPET, schwarz - Swiss Peak<\/title>\n<meta name=\"robots\" content=\"index, follow, max-snippet:-1, max-image-preview:large, max-video-preview:-1\" \/>\n<link rel=\"canonical\" href=\"https:\/\/swiss-peak.com\/de\/produkt\/swiss-peak-brooke-aware-156-laptop-rucksack-aus-rpet-schwarz\/\" \/>\n<meta property=\"og:locale\" content=\"de_DE\" \/>\n<meta property=\"og:type\" content=\"article\" \/>\n<meta property=\"og:title\" content=\"Brooke AWARE\u2122 15,6&quot; Laptop-Rucksack aus rPET, schwarz - Swiss Peak\" \/>\n<meta property=\"og:description\" content=\"Dieser stilvolle Rucksack mit seinen vielen Stauf\u00e4chern ist das perfekte Accessoire f\u00fcr alle, die viel unterwegs sind; sei es auf dem Weg zur Arbeit oder beim Schlendern durch die Stadt. Mit seinem schlanken Design und seinen praktischen Funktionen ist dieser Rucksack eine ausgezeichnete Wahl f\u00fcr alle, die stilvoll unterwegs sein wollen. Mit AWARE\u2122-Tracer, der die [&hellip;]\" \/>\n<meta property=\"og:url\" content=\"https:\/\/swiss-peak.com\/de\/produkt\/swiss-peak-brooke-aware-156-laptop-rucksack-aus-rpet-schwarz\/\" \/>\n<meta property=\"og:site_name\" content=\"Swiss Peak\" \/>\n<meta property=\"article:modified_time\" content=\"2026-03-12T01:35:09+00:00\" \/>\n<meta property=\"og:image\" content=\"https:\/\/swiss-peak.com\/wp-content\/uploads\/sites\/9\/2024\/02\/P763.031__S_0__fe8f87c2303845a4887413a5c709635c.jpg\" \/>\n\t<meta property=\"og:image:width\" content=\"1024\" \/>\n\t<meta property=\"og:image:height\" content=\"1024\" \/>\n\t<meta property=\"og:image:type\" content=\"image\/jpeg\" \/>\n<meta name=\"twitter:card\" content=\"summary_large_image\" \/>\n<script type=\"application\/ld+json\" class=\"yoast-schema-graph\">{\"@context\":\"https:\/\/schema.org\",\"@graph\":[{\"@type\":\"WebPage\",\"@id\":\"https:\/\/swiss-peak.com\/de\/produkt\/swiss-peak-brooke-aware-156-laptop-rucksack-aus-rpet-schwarz\/\",\"url\":\"https:\/\/swiss-peak.com\/de\/produkt\/swiss-peak-brooke-aware-156-laptop-rucksack-aus-rpet-schwarz\/\",\"name\":\"Brooke AWARE\u2122 15,6\\\" Laptop-Rucksack aus rPET, schwarz - Swiss Peak\",\"isPartOf\":{\"@id\":\"https:\/\/swiss-peak.com\/de\/#website\"},\"primaryImageOfPage\":{\"@id\":\"https:\/\/swiss-peak.com\/de\/produkt\/swiss-peak-brooke-aware-156-laptop-rucksack-aus-rpet-schwarz\/#primaryimage\"},\"image\":{\"@id\":\"https:\/\/swiss-peak.com\/de\/produkt\/swiss-peak-brooke-aware-156-laptop-rucksack-aus-rpet-schwarz\/#primaryimage\"},\"thumbnailUrl\":\"https:\/\/swiss-peak.com\/wp-content\/uploads\/sites\/9\/2024\/02\/P763.031__S_0__fe8f87c2303845a4887413a5c709635c.jpg\",\"datePublished\":\"2023-05-24T00:32:12+00:00\",\"dateModified\":\"2026-03-12T01:35:09+00:00\",\"breadcrumb\":{\"@id\":\"https:\/\/swiss-peak.com\/de\/produkt\/swiss-peak-brooke-aware-156-laptop-rucksack-aus-rpet-schwarz\/#breadcrumb\"},\"inLanguage\":\"de\",\"potentialAction\":[{\"@type\":\"ReadAction\",\"target\":[\"https:\/\/swiss-peak.com\/de\/produkt\/swiss-peak-brooke-aware-156-laptop-rucksack-aus-rpet-schwarz\/\"]}]},{\"@type\":\"ImageObject\",\"inLanguage\":\"de\",\"@id\":\"https:\/\/swiss-peak.com\/de\/produkt\/swiss-peak-brooke-aware-156-laptop-rucksack-aus-rpet-schwarz\/#primaryimage\",\"url\":\"https:\/\/swiss-peak.com\/wp-content\/uploads\/sites\/9\/2024\/02\/P763.031__S_0__fe8f87c2303845a4887413a5c709635c.jpg\",\"contentUrl\":\"https:\/\/swiss-peak.com\/wp-content\/uploads\/sites\/9\/2024\/02\/P763.031__S_0__fe8f87c2303845a4887413a5c709635c.jpg\",\"width\":1024,\"height\":1024},{\"@type\":\"BreadcrumbList\",\"@id\":\"https:\/\/swiss-peak.com\/de\/produkt\/swiss-peak-brooke-aware-156-laptop-rucksack-aus-rpet-schwarz\/#breadcrumb\",\"itemListElement\":[{\"@type\":\"ListItem\",\"position\":1,\"name\":\"Home\",\"item\":\"https:\/\/swiss-peak.com\/de\/\"},{\"@type\":\"ListItem\",\"position\":2,\"name\":\"Kollektion\",\"item\":\"https:\/\/swiss-peak.com\/de\/kollektion\/\"},{\"@type\":\"ListItem\",\"position\":3,\"name\":\"Brooke AWARE\u2122 15,6&#8243; Laptop-Rucksack aus rPET, schwarz\"}]},{\"@type\":\"WebSite\",\"@id\":\"https:\/\/swiss-peak.com\/de\/#website\",\"url\":\"https:\/\/swiss-peak.com\/de\/\",\"name\":\"Swiss Peak\",\"description\":\"Where will today take you?\",\"potentialAction\":[{\"@type\":\"SearchAction\",\"target\":{\"@type\":\"EntryPoint\",\"urlTemplate\":\"https:\/\/swiss-peak.com\/de\/?s={search_term_string}\"},\"query-input\":{\"@type\":\"PropertyValueSpecification\",\"valueRequired\":true,\"valueName\":\"search_term_string\"}}],\"inLanguage\":\"de\"}]}<\/script>\n<!-- \/ Yoast SEO plugin. -->","yoast_head_json":{"title":"Brooke AWARE\u2122 15,6\" Laptop-Rucksack aus rPET, schwarz - Swiss Peak","robots":{"index":"index","follow":"follow","max-snippet":"max-snippet:-1","max-image-preview":"max-image-preview:large","max-video-preview":"max-video-preview:-1"},"canonical":"https:\/\/swiss-peak.com\/de\/produkt\/swiss-peak-brooke-aware-156-laptop-rucksack-aus-rpet-schwarz\/","og_locale":"de_DE","og_type":"article","og_title":"Brooke AWARE\u2122 15,6\" Laptop-Rucksack aus rPET, schwarz - Swiss Peak","og_description":"Dieser stilvolle Rucksack mit seinen vielen Stauf\u00e4chern ist das perfekte Accessoire f\u00fcr alle, die viel unterwegs sind; sei es auf dem Weg zur Arbeit oder beim Schlendern durch die Stadt. Mit seinem schlanken Design und seinen praktischen Funktionen ist dieser Rucksack eine ausgezeichnete Wahl f\u00fcr alle, die stilvoll unterwegs sein wollen. Mit AWARE\u2122-Tracer, der die [&hellip;]","og_url":"https:\/\/swiss-peak.com\/de\/produkt\/swiss-peak-brooke-aware-156-laptop-rucksack-aus-rpet-schwarz\/","og_site_name":"Swiss Peak","article_modified_time":"2026-03-12T01:35:09+00:00","og_image":[{"width":1024,"height":1024,"url":"https:\/\/swiss-peak.com\/wp-content\/uploads\/sites\/9\/2024\/02\/P763.031__S_0__fe8f87c2303845a4887413a5c709635c.jpg","type":"image\/jpeg"}],"twitter_card":"summary_large_image","schema":{"@context":"https:\/\/schema.org","@graph":[{"@type":"WebPage","@id":"https:\/\/swiss-peak.com\/de\/produkt\/swiss-peak-brooke-aware-156-laptop-rucksack-aus-rpet-schwarz\/","url":"https:\/\/swiss-peak.com\/de\/produkt\/swiss-peak-brooke-aware-156-laptop-rucksack-aus-rpet-schwarz\/","name":"Brooke AWARE\u2122 15,6\" Laptop-Rucksack aus rPET, schwarz - Swiss Peak","isPartOf":{"@id":"https:\/\/swiss-peak.com\/de\/#website"},"primaryImageOfPage":{"@id":"https:\/\/swiss-peak.com\/de\/produkt\/swiss-peak-brooke-aware-156-laptop-rucksack-aus-rpet-schwarz\/#primaryimage"},"image":{"@id":"https:\/\/swiss-peak.com\/de\/produkt\/swiss-peak-brooke-aware-156-laptop-rucksack-aus-rpet-schwarz\/#primaryimage"},"thumbnailUrl":"https:\/\/swiss-peak.com\/wp-content\/uploads\/sites\/9\/2024\/02\/P763.031__S_0__fe8f87c2303845a4887413a5c709635c.jpg","datePublished":"2023-05-24T00:32:12+00:00","dateModified":"2026-03-12T01:35:09+00:00","breadcrumb":{"@id":"https:\/\/swiss-peak.com\/de\/produkt\/swiss-peak-brooke-aware-156-laptop-rucksack-aus-rpet-schwarz\/#breadcrumb"},"inLanguage":"de","potentialAction":[{"@type":"ReadAction","target":["https:\/\/swiss-peak.com\/de\/produkt\/swiss-peak-brooke-aware-156-laptop-rucksack-aus-rpet-schwarz\/"]}]},{"@type":"ImageObject","inLanguage":"de","@id":"https:\/\/swiss-peak.com\/de\/produkt\/swiss-peak-brooke-aware-156-laptop-rucksack-aus-rpet-schwarz\/#primaryimage","url":"https:\/\/swiss-peak.com\/wp-content\/uploads\/sites\/9\/2024\/02\/P763.031__S_0__fe8f87c2303845a4887413a5c709635c.jpg","contentUrl":"https:\/\/swiss-peak.com\/wp-content\/uploads\/sites\/9\/2024\/02\/P763.031__S_0__fe8f87c2303845a4887413a5c709635c.jpg","width":1024,"height":1024},{"@type":"BreadcrumbList","@id":"https:\/\/swiss-peak.com\/de\/produkt\/swiss-peak-brooke-aware-156-laptop-rucksack-aus-rpet-schwarz\/#breadcrumb","itemListElement":[{"@type":"ListItem","position":1,"name":"Home","item":"https:\/\/swiss-peak.com\/de\/"},{"@type":"ListItem","position":2,"name":"Kollektion","item":"https:\/\/swiss-peak.com\/de\/kollektion\/"},{"@type":"ListItem","position":3,"name":"Brooke AWARE\u2122 15,6&#8243; Laptop-Rucksack aus rPET, schwarz"}]},{"@type":"WebSite","@id":"https:\/\/swiss-peak.com\/de\/#website","url":"https:\/\/swiss-peak.com\/de\/","name":"Swiss Peak","description":"Where will today take you?","potentialAction":[{"@type":"SearchAction","target":{"@type":"EntryPoint","urlTemplate":"https:\/\/swiss-peak.com\/de\/?s={search_term_string}"},"query-input":{"@type":"PropertyValueSpecification","valueRequired":true,"valueName":"search_term_string"}}],"inLanguage":"de"}]}},"_links":{"self":[{"href":"https:\/\/swiss-peak.com\/de\/wp-json\/wp\/v2\/product\/15935","targetHints":{"allow":["GET"]}}],"collection":[{"href":"https:\/\/swiss-peak.com\/de\/wp-json\/wp\/v2\/product"}],"about":[{"href":"https:\/\/swiss-peak.com\/de\/wp-json\/wp\/v2\/types\/product"}],"wp:featuredmedia":[{"embeddable":true,"href":"https:\/\/swiss-peak.com\/de\/wp-json\/wp\/v2\/media\/35229"}],"wp:attachment":[{"href":"https:\/\/swiss-peak.com\/de\/wp-json\/wp\/v2\/media?parent=15935"}],"wp:term":[{"taxonomy":"product_cat","embeddable":true,"href":"https:\/\/swiss-peak.com\/de\/wp-json\/wp\/v2\/product_cat?post=15935"},{"taxonomy":"product_tag","embeddable":true,"href":"https:\/\/swiss-peak.com\/de\/wp-json\/wp\/v2\/product_tag?post=15935"}],"curies":[{"name":"wp","href":"https:\/\/api.w.org\/{rel}","templated":true}]}}