{"id":15818,"date":"2023-05-20T02:00:11","date_gmt":"2023-05-20T00:30:10","guid":{"rendered":"https:\/\/swiss-peak.com\/swiss-peak-3w-basslautsprecher-aus-rcs-recyceltem-aluminium-grau\/"},"modified":"2026-03-12T03:30:44","modified_gmt":"2026-03-12T01:30:44","slug":"swiss-peak-3w-basslautsprecher-aus-rcs-recyceltem-aluminium-grau","status":"publish","type":"product","link":"https:\/\/swiss-peak.com\/de\/produkt\/swiss-peak-3w-basslautsprecher-aus-rcs-recyceltem-aluminium-grau\/","title":{"rendered":"3W Basslautsprecher aus RCS recyceltem Aluminium, grau"},"content":{"rendered":"<p>Kleiner, aber leistungsstarker kabelloser 3W Lautsprecher aus RCS-zertifiziert (Recycled Claim Standard) recyceltem Aluminium und recyceltem ABS. Recycelter Inhalt insgesamt: 28%, bezogen auf das Gesamtgewicht des Artikels. Die RCS-Zertifizierung gew\u00e4hrleistet eine vollst\u00e4ndig zertifizierte Lieferkette f\u00fcr die recycelten Materialien. Aluminium verliert im Recyclingprozess nicht seine Eigenschaften und kann daher endlos recycelt werden. Inklusive recyceltem Type-C-Ladekabel aus RCS-zertifiziert recyceltem TPE. Verpackt in FSC\u00ae-Mix-Verpackung. Der 500mah-Akku erm\u00f6glicht eine Spielzeit von bis zu 4 Stunden und kann in 2 Stunden wieder vollst\u00e4ndig aufgeladen werden. Mit BT 5.0 f\u00fcr eine stabile Verbindung auf bis zu 10 Meter. Artikel und Zubeh\u00f6r sind PVC-frei.<\/p>\n","protected":false},"excerpt":{"rendered":"<p>Kleiner, aber leistungsstarker kabelloser 3W Lautsprecher aus RCS-zertifiziert (Recycled Claim Standard) recyceltem Aluminium und recyceltem ABS. Recycelter Inhalt insgesamt: 28%, bezogen auf das Gesamtgewicht des Artikels. Die RCS-Zertifizierung gew\u00e4hrleistet eine vollst\u00e4ndig zertifizierte Lieferkette f\u00fcr die recycelten Materialien. Aluminium verliert im Recyclingprozess nicht seine Eigenschaften und kann daher endlos recycelt werden. Inklusive recyceltem Type-C-Ladekabel aus RCS-zertifiziert [&hellip;]<\/p>\n","protected":false},"featured_media":24533,"template":"","meta":{"_acf_changed":false},"product_cat":[311,308],"product_tag":[],"class_list":["post-15818","product","type-product","status-publish","has-post-thumbnail","hentry","product_cat-audio-de","product_cat-freizeit-sport","pa_color-grey-de"],"acf":[],"yoast_head":"<!-- This site is optimized with the Yoast SEO plugin v27.0 - https:\/\/yoast.com\/product\/yoast-seo-wordpress\/ -->\n<title>3W Basslautsprecher aus RCS recyceltem Aluminium, grau - Swiss Peak<\/title>\n<meta name=\"robots\" content=\"index, follow, max-snippet:-1, max-image-preview:large, max-video-preview:-1\" \/>\n<link rel=\"canonical\" href=\"https:\/\/swiss-peak.com\/de\/produkt\/swiss-peak-3w-basslautsprecher-aus-rcs-recyceltem-aluminium-grau\/\" \/>\n<meta property=\"og:locale\" content=\"de_DE\" \/>\n<meta property=\"og:type\" content=\"article\" \/>\n<meta property=\"og:title\" content=\"3W Basslautsprecher aus RCS recyceltem Aluminium, grau - Swiss Peak\" \/>\n<meta property=\"og:description\" content=\"Kleiner, aber leistungsstarker kabelloser 3W Lautsprecher aus RCS-zertifiziert (Recycled Claim Standard) recyceltem Aluminium und recyceltem ABS. Recycelter Inhalt insgesamt: 28%, bezogen auf das Gesamtgewicht des Artikels. Die RCS-Zertifizierung gew\u00e4hrleistet eine vollst\u00e4ndig zertifizierte Lieferkette f\u00fcr die recycelten Materialien. Aluminium verliert im Recyclingprozess nicht seine Eigenschaften und kann daher endlos recycelt werden. Inklusive recyceltem Type-C-Ladekabel aus RCS-zertifiziert [&hellip;]\" \/>\n<meta property=\"og:url\" content=\"https:\/\/swiss-peak.com\/de\/produkt\/swiss-peak-3w-basslautsprecher-aus-rcs-recyceltem-aluminium-grau\/\" \/>\n<meta property=\"og:site_name\" content=\"Swiss Peak\" \/>\n<meta property=\"article:modified_time\" content=\"2026-03-12T01:30:44+00:00\" \/>\n<meta property=\"og:image\" content=\"https:\/\/swiss-peak.com\/wp-content\/uploads\/sites\/9\/2024\/02\/P331.002__S_0__ea0ac5be37f943a192dc0da5b2ca0294.jpg\" \/>\n\t<meta property=\"og:image:width\" content=\"1024\" \/>\n\t<meta property=\"og:image:height\" content=\"1024\" \/>\n\t<meta property=\"og:image:type\" content=\"image\/jpeg\" \/>\n<meta name=\"twitter:card\" content=\"summary_large_image\" \/>\n<script type=\"application\/ld+json\" class=\"yoast-schema-graph\">{\"@context\":\"https:\/\/schema.org\",\"@graph\":[{\"@type\":\"WebPage\",\"@id\":\"https:\/\/swiss-peak.com\/de\/produkt\/swiss-peak-3w-basslautsprecher-aus-rcs-recyceltem-aluminium-grau\/\",\"url\":\"https:\/\/swiss-peak.com\/de\/produkt\/swiss-peak-3w-basslautsprecher-aus-rcs-recyceltem-aluminium-grau\/\",\"name\":\"3W Basslautsprecher aus RCS recyceltem Aluminium, grau - Swiss Peak\",\"isPartOf\":{\"@id\":\"https:\/\/swiss-peak.com\/de\/#website\"},\"primaryImageOfPage\":{\"@id\":\"https:\/\/swiss-peak.com\/de\/produkt\/swiss-peak-3w-basslautsprecher-aus-rcs-recyceltem-aluminium-grau\/#primaryimage\"},\"image\":{\"@id\":\"https:\/\/swiss-peak.com\/de\/produkt\/swiss-peak-3w-basslautsprecher-aus-rcs-recyceltem-aluminium-grau\/#primaryimage\"},\"thumbnailUrl\":\"https:\/\/swiss-peak.com\/wp-content\/uploads\/sites\/9\/2024\/02\/P331.002__S_0__ea0ac5be37f943a192dc0da5b2ca0294.jpg\",\"datePublished\":\"2023-05-20T00:30:10+00:00\",\"dateModified\":\"2026-03-12T01:30:44+00:00\",\"breadcrumb\":{\"@id\":\"https:\/\/swiss-peak.com\/de\/produkt\/swiss-peak-3w-basslautsprecher-aus-rcs-recyceltem-aluminium-grau\/#breadcrumb\"},\"inLanguage\":\"de\",\"potentialAction\":[{\"@type\":\"ReadAction\",\"target\":[\"https:\/\/swiss-peak.com\/de\/produkt\/swiss-peak-3w-basslautsprecher-aus-rcs-recyceltem-aluminium-grau\/\"]}]},{\"@type\":\"ImageObject\",\"inLanguage\":\"de\",\"@id\":\"https:\/\/swiss-peak.com\/de\/produkt\/swiss-peak-3w-basslautsprecher-aus-rcs-recyceltem-aluminium-grau\/#primaryimage\",\"url\":\"https:\/\/swiss-peak.com\/wp-content\/uploads\/sites\/9\/2024\/02\/P331.002__S_0__ea0ac5be37f943a192dc0da5b2ca0294.jpg\",\"contentUrl\":\"https:\/\/swiss-peak.com\/wp-content\/uploads\/sites\/9\/2024\/02\/P331.002__S_0__ea0ac5be37f943a192dc0da5b2ca0294.jpg\",\"width\":1024,\"height\":1024},{\"@type\":\"BreadcrumbList\",\"@id\":\"https:\/\/swiss-peak.com\/de\/produkt\/swiss-peak-3w-basslautsprecher-aus-rcs-recyceltem-aluminium-grau\/#breadcrumb\",\"itemListElement\":[{\"@type\":\"ListItem\",\"position\":1,\"name\":\"Home\",\"item\":\"https:\/\/swiss-peak.com\/de\/\"},{\"@type\":\"ListItem\",\"position\":2,\"name\":\"Kollektion\",\"item\":\"https:\/\/swiss-peak.com\/de\/kollektion\/\"},{\"@type\":\"ListItem\",\"position\":3,\"name\":\"3W Basslautsprecher aus RCS recyceltem Aluminium, grau\"}]},{\"@type\":\"WebSite\",\"@id\":\"https:\/\/swiss-peak.com\/de\/#website\",\"url\":\"https:\/\/swiss-peak.com\/de\/\",\"name\":\"Swiss Peak\",\"description\":\"Where will today take you?\",\"potentialAction\":[{\"@type\":\"SearchAction\",\"target\":{\"@type\":\"EntryPoint\",\"urlTemplate\":\"https:\/\/swiss-peak.com\/de\/?s={search_term_string}\"},\"query-input\":{\"@type\":\"PropertyValueSpecification\",\"valueRequired\":true,\"valueName\":\"search_term_string\"}}],\"inLanguage\":\"de\"}]}<\/script>\n<!-- \/ Yoast SEO plugin. -->","yoast_head_json":{"title":"3W Basslautsprecher aus RCS recyceltem Aluminium, grau - Swiss Peak","robots":{"index":"index","follow":"follow","max-snippet":"max-snippet:-1","max-image-preview":"max-image-preview:large","max-video-preview":"max-video-preview:-1"},"canonical":"https:\/\/swiss-peak.com\/de\/produkt\/swiss-peak-3w-basslautsprecher-aus-rcs-recyceltem-aluminium-grau\/","og_locale":"de_DE","og_type":"article","og_title":"3W Basslautsprecher aus RCS recyceltem Aluminium, grau - Swiss Peak","og_description":"Kleiner, aber leistungsstarker kabelloser 3W Lautsprecher aus RCS-zertifiziert (Recycled Claim Standard) recyceltem Aluminium und recyceltem ABS. Recycelter Inhalt insgesamt: 28%, bezogen auf das Gesamtgewicht des Artikels. Die RCS-Zertifizierung gew\u00e4hrleistet eine vollst\u00e4ndig zertifizierte Lieferkette f\u00fcr die recycelten Materialien. Aluminium verliert im Recyclingprozess nicht seine Eigenschaften und kann daher endlos recycelt werden. Inklusive recyceltem Type-C-Ladekabel aus RCS-zertifiziert [&hellip;]","og_url":"https:\/\/swiss-peak.com\/de\/produkt\/swiss-peak-3w-basslautsprecher-aus-rcs-recyceltem-aluminium-grau\/","og_site_name":"Swiss Peak","article_modified_time":"2026-03-12T01:30:44+00:00","og_image":[{"width":1024,"height":1024,"url":"https:\/\/swiss-peak.com\/wp-content\/uploads\/sites\/9\/2024\/02\/P331.002__S_0__ea0ac5be37f943a192dc0da5b2ca0294.jpg","type":"image\/jpeg"}],"twitter_card":"summary_large_image","schema":{"@context":"https:\/\/schema.org","@graph":[{"@type":"WebPage","@id":"https:\/\/swiss-peak.com\/de\/produkt\/swiss-peak-3w-basslautsprecher-aus-rcs-recyceltem-aluminium-grau\/","url":"https:\/\/swiss-peak.com\/de\/produkt\/swiss-peak-3w-basslautsprecher-aus-rcs-recyceltem-aluminium-grau\/","name":"3W Basslautsprecher aus RCS recyceltem Aluminium, grau - Swiss Peak","isPartOf":{"@id":"https:\/\/swiss-peak.com\/de\/#website"},"primaryImageOfPage":{"@id":"https:\/\/swiss-peak.com\/de\/produkt\/swiss-peak-3w-basslautsprecher-aus-rcs-recyceltem-aluminium-grau\/#primaryimage"},"image":{"@id":"https:\/\/swiss-peak.com\/de\/produkt\/swiss-peak-3w-basslautsprecher-aus-rcs-recyceltem-aluminium-grau\/#primaryimage"},"thumbnailUrl":"https:\/\/swiss-peak.com\/wp-content\/uploads\/sites\/9\/2024\/02\/P331.002__S_0__ea0ac5be37f943a192dc0da5b2ca0294.jpg","datePublished":"2023-05-20T00:30:10+00:00","dateModified":"2026-03-12T01:30:44+00:00","breadcrumb":{"@id":"https:\/\/swiss-peak.com\/de\/produkt\/swiss-peak-3w-basslautsprecher-aus-rcs-recyceltem-aluminium-grau\/#breadcrumb"},"inLanguage":"de","potentialAction":[{"@type":"ReadAction","target":["https:\/\/swiss-peak.com\/de\/produkt\/swiss-peak-3w-basslautsprecher-aus-rcs-recyceltem-aluminium-grau\/"]}]},{"@type":"ImageObject","inLanguage":"de","@id":"https:\/\/swiss-peak.com\/de\/produkt\/swiss-peak-3w-basslautsprecher-aus-rcs-recyceltem-aluminium-grau\/#primaryimage","url":"https:\/\/swiss-peak.com\/wp-content\/uploads\/sites\/9\/2024\/02\/P331.002__S_0__ea0ac5be37f943a192dc0da5b2ca0294.jpg","contentUrl":"https:\/\/swiss-peak.com\/wp-content\/uploads\/sites\/9\/2024\/02\/P331.002__S_0__ea0ac5be37f943a192dc0da5b2ca0294.jpg","width":1024,"height":1024},{"@type":"BreadcrumbList","@id":"https:\/\/swiss-peak.com\/de\/produkt\/swiss-peak-3w-basslautsprecher-aus-rcs-recyceltem-aluminium-grau\/#breadcrumb","itemListElement":[{"@type":"ListItem","position":1,"name":"Home","item":"https:\/\/swiss-peak.com\/de\/"},{"@type":"ListItem","position":2,"name":"Kollektion","item":"https:\/\/swiss-peak.com\/de\/kollektion\/"},{"@type":"ListItem","position":3,"name":"3W Basslautsprecher aus RCS recyceltem Aluminium, grau"}]},{"@type":"WebSite","@id":"https:\/\/swiss-peak.com\/de\/#website","url":"https:\/\/swiss-peak.com\/de\/","name":"Swiss Peak","description":"Where will today take you?","potentialAction":[{"@type":"SearchAction","target":{"@type":"EntryPoint","urlTemplate":"https:\/\/swiss-peak.com\/de\/?s={search_term_string}"},"query-input":{"@type":"PropertyValueSpecification","valueRequired":true,"valueName":"search_term_string"}}],"inLanguage":"de"}]}},"_links":{"self":[{"href":"https:\/\/swiss-peak.com\/de\/wp-json\/wp\/v2\/product\/15818","targetHints":{"allow":["GET"]}}],"collection":[{"href":"https:\/\/swiss-peak.com\/de\/wp-json\/wp\/v2\/product"}],"about":[{"href":"https:\/\/swiss-peak.com\/de\/wp-json\/wp\/v2\/types\/product"}],"wp:featuredmedia":[{"embeddable":true,"href":"https:\/\/swiss-peak.com\/de\/wp-json\/wp\/v2\/media\/24533"}],"wp:attachment":[{"href":"https:\/\/swiss-peak.com\/de\/wp-json\/wp\/v2\/media?parent=15818"}],"wp:term":[{"taxonomy":"product_cat","embeddable":true,"href":"https:\/\/swiss-peak.com\/de\/wp-json\/wp\/v2\/product_cat?post=15818"},{"taxonomy":"product_tag","embeddable":true,"href":"https:\/\/swiss-peak.com\/de\/wp-json\/wp\/v2\/product_tag?post=15818"}],"curies":[{"name":"wp","href":"https:\/\/api.w.org\/{rel}","templated":true}]}}