{"id":15222,"date":"2023-03-14T11:58:30","date_gmt":"2023-03-14T09:58:30","guid":{"rendered":"https:\/\/xdsomename.tempurl.host\/swisspeak-website\/collection\/unkategorisiert\/aware-tornado-27-taschen-stormproof-schirm-schwarz\/"},"modified":"2026-04-16T02:37:23","modified_gmt":"2026-04-16T00:37:23","slug":"aware-tornado-27-taschen-stormproof-schirm-schwarz","status":"publish","type":"product","link":"https:\/\/swiss-peak.com\/de\/produkt\/aware-tornado-27-taschen-stormproof-schirm-schwarz\/","title":{"rendered":"Aware\u2122 Tornado 27\u201d Taschen-StormProof-Schirm, schwarz"},"content":{"rendered":"<p>Dieser Swiss Peak Aware\u2122 RPET Tornado 27\u201d Taschensturmschirm ist der perfekte Regenschirm! Kompakt genug, aber aufgeklappt wird er zu einem Regenschirm, der gro\u00df genug f\u00fcr 2 Personen ist. Hergestellt mit einem Aluminiumrahmen und Fiberglassgerippe  und automatischer \u00d6ffnung und Schlie\u00dfung. Sturmfest. Die Bespannung besteht aus 190T RPET. Mit AWARE\u2122 Tracer, der die tats\u00e4chliche Verwendung von recycelten Materialien validiert. Jede Bespannung jedes Schirms spart bereits bei der Herstellung 7 Liter Wasser und zudem wurden hierbei  11,7 0,5 Liter PET-Flaschen wiederverwendet. Weiterhin werden 2% des Erl\u00f6ses jedes verkauften Impact-Produkts an Water.org gespendet.<\/p>\n","protected":false},"excerpt":{"rendered":"<p>Dieser Swiss Peak Aware\u2122 RPET Tornado 27\u201d Taschensturmschirm ist der perfekte Regenschirm! Kompakt genug, aber aufgeklappt wird er zu einem Regenschirm, der gro\u00df genug f\u00fcr 2 Personen ist. Hergestellt mit einem Aluminiumrahmen und Fiberglassgerippe und automatischer \u00d6ffnung und Schlie\u00dfung. Sturmfest. Die Bespannung besteht aus 190T RPET. Mit AWARE\u2122 Tracer, der die tats\u00e4chliche Verwendung von recycelten [&hellip;]<\/p>\n","protected":false},"featured_media":46571,"template":"","meta":{"_acf_changed":false},"product_cat":[308,325],"product_tag":[],"class_list":["post-15222","product","type-product","status-publish","has-post-thumbnail","hentry","product_cat-freizeit-sport","product_cat-schirme","pa_color-black-de"],"acf":[],"yoast_head":"<!-- This site is optimized with the Yoast SEO plugin v27.0 - https:\/\/yoast.com\/product\/yoast-seo-wordpress\/ -->\n<title>Aware\u2122 Tornado 27\u201d Taschen-StormProof-Schirm, schwarz - Swiss Peak<\/title>\n<meta name=\"robots\" content=\"index, follow, max-snippet:-1, max-image-preview:large, max-video-preview:-1\" \/>\n<link rel=\"canonical\" href=\"https:\/\/swiss-peak.com\/de\/produkt\/aware-tornado-27-taschen-stormproof-schirm-schwarz\/\" \/>\n<meta property=\"og:locale\" content=\"de_DE\" \/>\n<meta property=\"og:type\" content=\"article\" \/>\n<meta property=\"og:title\" content=\"Aware\u2122 Tornado 27\u201d Taschen-StormProof-Schirm, schwarz - Swiss Peak\" \/>\n<meta property=\"og:description\" content=\"Dieser Swiss Peak Aware\u2122 RPET Tornado 27\u201d Taschensturmschirm ist der perfekte Regenschirm! Kompakt genug, aber aufgeklappt wird er zu einem Regenschirm, der gro\u00df genug f\u00fcr 2 Personen ist. Hergestellt mit einem Aluminiumrahmen und Fiberglassgerippe und automatischer \u00d6ffnung und Schlie\u00dfung. Sturmfest. Die Bespannung besteht aus 190T RPET. Mit AWARE\u2122 Tracer, der die tats\u00e4chliche Verwendung von recycelten [&hellip;]\" \/>\n<meta property=\"og:url\" content=\"https:\/\/swiss-peak.com\/de\/produkt\/aware-tornado-27-taschen-stormproof-schirm-schwarz\/\" \/>\n<meta property=\"og:site_name\" content=\"Swiss Peak\" \/>\n<meta property=\"article:modified_time\" content=\"2026-04-16T00:37:23+00:00\" \/>\n<meta property=\"og:image\" content=\"https:\/\/swiss-peak.com\/wp-content\/uploads\/sites\/9\/2026\/04\/P850.331__S_0__a22d777f440c454da25513b5b2803d54.jpg\" \/>\n\t<meta property=\"og:image:width\" content=\"1024\" \/>\n\t<meta property=\"og:image:height\" content=\"1024\" \/>\n\t<meta property=\"og:image:type\" content=\"image\/jpeg\" \/>\n<meta name=\"twitter:card\" content=\"summary_large_image\" \/>\n<script type=\"application\/ld+json\" class=\"yoast-schema-graph\">{\"@context\":\"https:\/\/schema.org\",\"@graph\":[{\"@type\":\"WebPage\",\"@id\":\"https:\/\/swiss-peak.com\/de\/produkt\/aware-tornado-27-taschen-stormproof-schirm-schwarz\/\",\"url\":\"https:\/\/swiss-peak.com\/de\/produkt\/aware-tornado-27-taschen-stormproof-schirm-schwarz\/\",\"name\":\"Aware\u2122 Tornado 27\u201d Taschen-StormProof-Schirm, schwarz - Swiss Peak\",\"isPartOf\":{\"@id\":\"https:\/\/swiss-peak.com\/de\/#website\"},\"primaryImageOfPage\":{\"@id\":\"https:\/\/swiss-peak.com\/de\/produkt\/aware-tornado-27-taschen-stormproof-schirm-schwarz\/#primaryimage\"},\"image\":{\"@id\":\"https:\/\/swiss-peak.com\/de\/produkt\/aware-tornado-27-taschen-stormproof-schirm-schwarz\/#primaryimage\"},\"thumbnailUrl\":\"https:\/\/swiss-peak.com\/wp-content\/uploads\/sites\/9\/2026\/04\/P850.331__S_0__a22d777f440c454da25513b5b2803d54.jpg\",\"datePublished\":\"2023-03-14T09:58:30+00:00\",\"dateModified\":\"2026-04-16T00:37:23+00:00\",\"breadcrumb\":{\"@id\":\"https:\/\/swiss-peak.com\/de\/produkt\/aware-tornado-27-taschen-stormproof-schirm-schwarz\/#breadcrumb\"},\"inLanguage\":\"de\",\"potentialAction\":[{\"@type\":\"ReadAction\",\"target\":[\"https:\/\/swiss-peak.com\/de\/produkt\/aware-tornado-27-taschen-stormproof-schirm-schwarz\/\"]}]},{\"@type\":\"ImageObject\",\"inLanguage\":\"de\",\"@id\":\"https:\/\/swiss-peak.com\/de\/produkt\/aware-tornado-27-taschen-stormproof-schirm-schwarz\/#primaryimage\",\"url\":\"https:\/\/swiss-peak.com\/wp-content\/uploads\/sites\/9\/2026\/04\/P850.331__S_0__a22d777f440c454da25513b5b2803d54.jpg\",\"contentUrl\":\"https:\/\/swiss-peak.com\/wp-content\/uploads\/sites\/9\/2026\/04\/P850.331__S_0__a22d777f440c454da25513b5b2803d54.jpg\",\"width\":1024,\"height\":1024},{\"@type\":\"BreadcrumbList\",\"@id\":\"https:\/\/swiss-peak.com\/de\/produkt\/aware-tornado-27-taschen-stormproof-schirm-schwarz\/#breadcrumb\",\"itemListElement\":[{\"@type\":\"ListItem\",\"position\":1,\"name\":\"Home\",\"item\":\"https:\/\/swiss-peak.com\/de\/\"},{\"@type\":\"ListItem\",\"position\":2,\"name\":\"Kollektion\",\"item\":\"https:\/\/swiss-peak.com\/de\/kollektion\/\"},{\"@type\":\"ListItem\",\"position\":3,\"name\":\"Aware\u2122 Tornado 27\u201d Taschen-StormProof-Schirm, schwarz\"}]},{\"@type\":\"WebSite\",\"@id\":\"https:\/\/swiss-peak.com\/de\/#website\",\"url\":\"https:\/\/swiss-peak.com\/de\/\",\"name\":\"Swiss Peak\",\"description\":\"Where will today take you?\",\"potentialAction\":[{\"@type\":\"SearchAction\",\"target\":{\"@type\":\"EntryPoint\",\"urlTemplate\":\"https:\/\/swiss-peak.com\/de\/?s={search_term_string}\"},\"query-input\":{\"@type\":\"PropertyValueSpecification\",\"valueRequired\":true,\"valueName\":\"search_term_string\"}}],\"inLanguage\":\"de\"}]}<\/script>\n<!-- \/ Yoast SEO plugin. -->","yoast_head_json":{"title":"Aware\u2122 Tornado 27\u201d Taschen-StormProof-Schirm, schwarz - Swiss Peak","robots":{"index":"index","follow":"follow","max-snippet":"max-snippet:-1","max-image-preview":"max-image-preview:large","max-video-preview":"max-video-preview:-1"},"canonical":"https:\/\/swiss-peak.com\/de\/produkt\/aware-tornado-27-taschen-stormproof-schirm-schwarz\/","og_locale":"de_DE","og_type":"article","og_title":"Aware\u2122 Tornado 27\u201d Taschen-StormProof-Schirm, schwarz - Swiss Peak","og_description":"Dieser Swiss Peak Aware\u2122 RPET Tornado 27\u201d Taschensturmschirm ist der perfekte Regenschirm! Kompakt genug, aber aufgeklappt wird er zu einem Regenschirm, der gro\u00df genug f\u00fcr 2 Personen ist. Hergestellt mit einem Aluminiumrahmen und Fiberglassgerippe und automatischer \u00d6ffnung und Schlie\u00dfung. Sturmfest. Die Bespannung besteht aus 190T RPET. Mit AWARE\u2122 Tracer, der die tats\u00e4chliche Verwendung von recycelten [&hellip;]","og_url":"https:\/\/swiss-peak.com\/de\/produkt\/aware-tornado-27-taschen-stormproof-schirm-schwarz\/","og_site_name":"Swiss Peak","article_modified_time":"2026-04-16T00:37:23+00:00","og_image":[{"width":1024,"height":1024,"url":"https:\/\/swiss-peak.com\/wp-content\/uploads\/sites\/9\/2026\/04\/P850.331__S_0__a22d777f440c454da25513b5b2803d54.jpg","type":"image\/jpeg"}],"twitter_card":"summary_large_image","schema":{"@context":"https:\/\/schema.org","@graph":[{"@type":"WebPage","@id":"https:\/\/swiss-peak.com\/de\/produkt\/aware-tornado-27-taschen-stormproof-schirm-schwarz\/","url":"https:\/\/swiss-peak.com\/de\/produkt\/aware-tornado-27-taschen-stormproof-schirm-schwarz\/","name":"Aware\u2122 Tornado 27\u201d Taschen-StormProof-Schirm, schwarz - Swiss Peak","isPartOf":{"@id":"https:\/\/swiss-peak.com\/de\/#website"},"primaryImageOfPage":{"@id":"https:\/\/swiss-peak.com\/de\/produkt\/aware-tornado-27-taschen-stormproof-schirm-schwarz\/#primaryimage"},"image":{"@id":"https:\/\/swiss-peak.com\/de\/produkt\/aware-tornado-27-taschen-stormproof-schirm-schwarz\/#primaryimage"},"thumbnailUrl":"https:\/\/swiss-peak.com\/wp-content\/uploads\/sites\/9\/2026\/04\/P850.331__S_0__a22d777f440c454da25513b5b2803d54.jpg","datePublished":"2023-03-14T09:58:30+00:00","dateModified":"2026-04-16T00:37:23+00:00","breadcrumb":{"@id":"https:\/\/swiss-peak.com\/de\/produkt\/aware-tornado-27-taschen-stormproof-schirm-schwarz\/#breadcrumb"},"inLanguage":"de","potentialAction":[{"@type":"ReadAction","target":["https:\/\/swiss-peak.com\/de\/produkt\/aware-tornado-27-taschen-stormproof-schirm-schwarz\/"]}]},{"@type":"ImageObject","inLanguage":"de","@id":"https:\/\/swiss-peak.com\/de\/produkt\/aware-tornado-27-taschen-stormproof-schirm-schwarz\/#primaryimage","url":"https:\/\/swiss-peak.com\/wp-content\/uploads\/sites\/9\/2026\/04\/P850.331__S_0__a22d777f440c454da25513b5b2803d54.jpg","contentUrl":"https:\/\/swiss-peak.com\/wp-content\/uploads\/sites\/9\/2026\/04\/P850.331__S_0__a22d777f440c454da25513b5b2803d54.jpg","width":1024,"height":1024},{"@type":"BreadcrumbList","@id":"https:\/\/swiss-peak.com\/de\/produkt\/aware-tornado-27-taschen-stormproof-schirm-schwarz\/#breadcrumb","itemListElement":[{"@type":"ListItem","position":1,"name":"Home","item":"https:\/\/swiss-peak.com\/de\/"},{"@type":"ListItem","position":2,"name":"Kollektion","item":"https:\/\/swiss-peak.com\/de\/kollektion\/"},{"@type":"ListItem","position":3,"name":"Aware\u2122 Tornado 27\u201d Taschen-StormProof-Schirm, schwarz"}]},{"@type":"WebSite","@id":"https:\/\/swiss-peak.com\/de\/#website","url":"https:\/\/swiss-peak.com\/de\/","name":"Swiss Peak","description":"Where will today take you?","potentialAction":[{"@type":"SearchAction","target":{"@type":"EntryPoint","urlTemplate":"https:\/\/swiss-peak.com\/de\/?s={search_term_string}"},"query-input":{"@type":"PropertyValueSpecification","valueRequired":true,"valueName":"search_term_string"}}],"inLanguage":"de"}]}},"_links":{"self":[{"href":"https:\/\/swiss-peak.com\/de\/wp-json\/wp\/v2\/product\/15222","targetHints":{"allow":["GET"]}}],"collection":[{"href":"https:\/\/swiss-peak.com\/de\/wp-json\/wp\/v2\/product"}],"about":[{"href":"https:\/\/swiss-peak.com\/de\/wp-json\/wp\/v2\/types\/product"}],"wp:featuredmedia":[{"embeddable":true,"href":"https:\/\/swiss-peak.com\/de\/wp-json\/wp\/v2\/media\/46571"}],"wp:attachment":[{"href":"https:\/\/swiss-peak.com\/de\/wp-json\/wp\/v2\/media?parent=15222"}],"wp:term":[{"taxonomy":"product_cat","embeddable":true,"href":"https:\/\/swiss-peak.com\/de\/wp-json\/wp\/v2\/product_cat?post=15222"},{"taxonomy":"product_tag","embeddable":true,"href":"https:\/\/swiss-peak.com\/de\/wp-json\/wp\/v2\/product_tag?post=15222"}],"curies":[{"name":"wp","href":"https:\/\/api.w.org\/{rel}","templated":true}]}}