{"id":15221,"date":"2023-03-14T11:58:30","date_gmt":"2023-03-14T09:58:30","guid":{"rendered":"https:\/\/xdsomename.tempurl.host\/swisspeak-website\/collection\/unkategorisiert\/aware-rpet-ultra-light-20-5-automatik-schirm-schwarz\/"},"modified":"2026-04-16T02:37:20","modified_gmt":"2026-04-16T00:37:20","slug":"aware-rpet-ultra-light-20-5-automatik-schirm-schwarz","status":"publish","type":"product","link":"https:\/\/swiss-peak.com\/de\/produkt\/aware-rpet-ultra-light-20-5-automatik-schirm-schwarz\/","title":{"rendered":"Aware\u2122 RPET Ultra-Light 20.5\u201d Automatik-Schirm, schwarz"},"content":{"rendered":"<p>Dieser ultraleichte, vollautomatische 20,5&#8243; Swiss Peak Aware\u2122 RPET-Regenschirm bietet dauerhaften Wetterschutz in einer ultraleichten, zusammenklappbaren Form. Dieser tragbare 3-teilige, Mini-Regenschirm mit automatischer \u00d6ffnung &amp; Schlie\u00dfung hat die perfekte Gr\u00f6\u00dfe, um ihn f\u00fcr einen Wetternotfall in Ihrer Handtasche oder Ihrem Auto zu verstauen. Aluminiumrahmen, Fiberglasschgerippe mit ABS-Griff. Mit AWARE\u2122 Tracer, der die tats\u00e4chliche Verwendung von recycelten Materialien validiert. Die Bespannung jedes Schirms spart bereits bei der Herstellung 3,2 Liter Wasser und zudem wurden hierbei  5,4 0,5 Liter PET-Flaschen wiederverwendet. Weiterhin werden 2% des Erl\u00f6ses jedes verkauften Impact-Produkts an Water.org gespendet.<\/p>\n","protected":false},"excerpt":{"rendered":"<p>Dieser ultraleichte, vollautomatische 20,5&#8243; Swiss Peak Aware\u2122 RPET-Regenschirm bietet dauerhaften Wetterschutz in einer ultraleichten, zusammenklappbaren Form. Dieser tragbare 3-teilige, Mini-Regenschirm mit automatischer \u00d6ffnung &amp; Schlie\u00dfung hat die perfekte Gr\u00f6\u00dfe, um ihn f\u00fcr einen Wetternotfall in Ihrer Handtasche oder Ihrem Auto zu verstauen. Aluminiumrahmen, Fiberglasschgerippe mit ABS-Griff. Mit AWARE\u2122 Tracer, der die tats\u00e4chliche Verwendung von recycelten [&hellip;]<\/p>\n","protected":false},"featured_media":46564,"template":"","meta":{"_acf_changed":false},"product_cat":[308,325],"product_tag":[],"class_list":["post-15221","product","type-product","status-publish","has-post-thumbnail","hentry","product_cat-freizeit-sport","product_cat-schirme","pa_color-black-de"],"acf":[],"yoast_head":"<!-- This site is optimized with the Yoast SEO plugin v27.0 - https:\/\/yoast.com\/product\/yoast-seo-wordpress\/ -->\n<title>Aware\u2122 RPET Ultra-Light 20.5\u201d Automatik-Schirm, schwarz - Swiss Peak<\/title>\n<meta name=\"robots\" content=\"index, follow, max-snippet:-1, max-image-preview:large, max-video-preview:-1\" \/>\n<link rel=\"canonical\" href=\"https:\/\/swiss-peak.com\/de\/produkt\/aware-rpet-ultra-light-20-5-automatik-schirm-schwarz\/\" \/>\n<meta property=\"og:locale\" content=\"de_DE\" \/>\n<meta property=\"og:type\" content=\"article\" \/>\n<meta property=\"og:title\" content=\"Aware\u2122 RPET Ultra-Light 20.5\u201d Automatik-Schirm, schwarz - Swiss Peak\" \/>\n<meta property=\"og:description\" content=\"Dieser ultraleichte, vollautomatische 20,5&#8243; Swiss Peak Aware\u2122 RPET-Regenschirm bietet dauerhaften Wetterschutz in einer ultraleichten, zusammenklappbaren Form. Dieser tragbare 3-teilige, Mini-Regenschirm mit automatischer \u00d6ffnung &amp; Schlie\u00dfung hat die perfekte Gr\u00f6\u00dfe, um ihn f\u00fcr einen Wetternotfall in Ihrer Handtasche oder Ihrem Auto zu verstauen. Aluminiumrahmen, Fiberglasschgerippe mit ABS-Griff. Mit AWARE\u2122 Tracer, der die tats\u00e4chliche Verwendung von recycelten [&hellip;]\" \/>\n<meta property=\"og:url\" content=\"https:\/\/swiss-peak.com\/de\/produkt\/aware-rpet-ultra-light-20-5-automatik-schirm-schwarz\/\" \/>\n<meta property=\"og:site_name\" content=\"Swiss Peak\" \/>\n<meta property=\"article:modified_time\" content=\"2026-04-16T00:37:20+00:00\" \/>\n<meta property=\"og:image\" content=\"https:\/\/swiss-peak.com\/wp-content\/uploads\/sites\/9\/2026\/04\/P850.321__S_0__adb977500c1c470dac46cb671219bd74.jpg\" \/>\n\t<meta property=\"og:image:width\" content=\"1024\" \/>\n\t<meta property=\"og:image:height\" content=\"1024\" \/>\n\t<meta property=\"og:image:type\" content=\"image\/jpeg\" \/>\n<meta name=\"twitter:card\" content=\"summary_large_image\" \/>\n<script type=\"application\/ld+json\" class=\"yoast-schema-graph\">{\"@context\":\"https:\/\/schema.org\",\"@graph\":[{\"@type\":\"WebPage\",\"@id\":\"https:\/\/swiss-peak.com\/de\/produkt\/aware-rpet-ultra-light-20-5-automatik-schirm-schwarz\/\",\"url\":\"https:\/\/swiss-peak.com\/de\/produkt\/aware-rpet-ultra-light-20-5-automatik-schirm-schwarz\/\",\"name\":\"Aware\u2122 RPET Ultra-Light 20.5\u201d Automatik-Schirm, schwarz - Swiss Peak\",\"isPartOf\":{\"@id\":\"https:\/\/swiss-peak.com\/de\/#website\"},\"primaryImageOfPage\":{\"@id\":\"https:\/\/swiss-peak.com\/de\/produkt\/aware-rpet-ultra-light-20-5-automatik-schirm-schwarz\/#primaryimage\"},\"image\":{\"@id\":\"https:\/\/swiss-peak.com\/de\/produkt\/aware-rpet-ultra-light-20-5-automatik-schirm-schwarz\/#primaryimage\"},\"thumbnailUrl\":\"https:\/\/swiss-peak.com\/wp-content\/uploads\/sites\/9\/2026\/04\/P850.321__S_0__adb977500c1c470dac46cb671219bd74.jpg\",\"datePublished\":\"2023-03-14T09:58:30+00:00\",\"dateModified\":\"2026-04-16T00:37:20+00:00\",\"breadcrumb\":{\"@id\":\"https:\/\/swiss-peak.com\/de\/produkt\/aware-rpet-ultra-light-20-5-automatik-schirm-schwarz\/#breadcrumb\"},\"inLanguage\":\"de\",\"potentialAction\":[{\"@type\":\"ReadAction\",\"target\":[\"https:\/\/swiss-peak.com\/de\/produkt\/aware-rpet-ultra-light-20-5-automatik-schirm-schwarz\/\"]}]},{\"@type\":\"ImageObject\",\"inLanguage\":\"de\",\"@id\":\"https:\/\/swiss-peak.com\/de\/produkt\/aware-rpet-ultra-light-20-5-automatik-schirm-schwarz\/#primaryimage\",\"url\":\"https:\/\/swiss-peak.com\/wp-content\/uploads\/sites\/9\/2026\/04\/P850.321__S_0__adb977500c1c470dac46cb671219bd74.jpg\",\"contentUrl\":\"https:\/\/swiss-peak.com\/wp-content\/uploads\/sites\/9\/2026\/04\/P850.321__S_0__adb977500c1c470dac46cb671219bd74.jpg\",\"width\":1024,\"height\":1024},{\"@type\":\"BreadcrumbList\",\"@id\":\"https:\/\/swiss-peak.com\/de\/produkt\/aware-rpet-ultra-light-20-5-automatik-schirm-schwarz\/#breadcrumb\",\"itemListElement\":[{\"@type\":\"ListItem\",\"position\":1,\"name\":\"Home\",\"item\":\"https:\/\/swiss-peak.com\/de\/\"},{\"@type\":\"ListItem\",\"position\":2,\"name\":\"Kollektion\",\"item\":\"https:\/\/swiss-peak.com\/de\/kollektion\/\"},{\"@type\":\"ListItem\",\"position\":3,\"name\":\"Aware\u2122 RPET Ultra-Light 20.5\u201d Automatik-Schirm, schwarz\"}]},{\"@type\":\"WebSite\",\"@id\":\"https:\/\/swiss-peak.com\/de\/#website\",\"url\":\"https:\/\/swiss-peak.com\/de\/\",\"name\":\"Swiss Peak\",\"description\":\"Where will today take you?\",\"potentialAction\":[{\"@type\":\"SearchAction\",\"target\":{\"@type\":\"EntryPoint\",\"urlTemplate\":\"https:\/\/swiss-peak.com\/de\/?s={search_term_string}\"},\"query-input\":{\"@type\":\"PropertyValueSpecification\",\"valueRequired\":true,\"valueName\":\"search_term_string\"}}],\"inLanguage\":\"de\"}]}<\/script>\n<!-- \/ Yoast SEO plugin. -->","yoast_head_json":{"title":"Aware\u2122 RPET Ultra-Light 20.5\u201d Automatik-Schirm, schwarz - Swiss Peak","robots":{"index":"index","follow":"follow","max-snippet":"max-snippet:-1","max-image-preview":"max-image-preview:large","max-video-preview":"max-video-preview:-1"},"canonical":"https:\/\/swiss-peak.com\/de\/produkt\/aware-rpet-ultra-light-20-5-automatik-schirm-schwarz\/","og_locale":"de_DE","og_type":"article","og_title":"Aware\u2122 RPET Ultra-Light 20.5\u201d Automatik-Schirm, schwarz - Swiss Peak","og_description":"Dieser ultraleichte, vollautomatische 20,5&#8243; Swiss Peak Aware\u2122 RPET-Regenschirm bietet dauerhaften Wetterschutz in einer ultraleichten, zusammenklappbaren Form. Dieser tragbare 3-teilige, Mini-Regenschirm mit automatischer \u00d6ffnung &amp; Schlie\u00dfung hat die perfekte Gr\u00f6\u00dfe, um ihn f\u00fcr einen Wetternotfall in Ihrer Handtasche oder Ihrem Auto zu verstauen. Aluminiumrahmen, Fiberglasschgerippe mit ABS-Griff. Mit AWARE\u2122 Tracer, der die tats\u00e4chliche Verwendung von recycelten [&hellip;]","og_url":"https:\/\/swiss-peak.com\/de\/produkt\/aware-rpet-ultra-light-20-5-automatik-schirm-schwarz\/","og_site_name":"Swiss Peak","article_modified_time":"2026-04-16T00:37:20+00:00","og_image":[{"width":1024,"height":1024,"url":"https:\/\/swiss-peak.com\/wp-content\/uploads\/sites\/9\/2026\/04\/P850.321__S_0__adb977500c1c470dac46cb671219bd74.jpg","type":"image\/jpeg"}],"twitter_card":"summary_large_image","schema":{"@context":"https:\/\/schema.org","@graph":[{"@type":"WebPage","@id":"https:\/\/swiss-peak.com\/de\/produkt\/aware-rpet-ultra-light-20-5-automatik-schirm-schwarz\/","url":"https:\/\/swiss-peak.com\/de\/produkt\/aware-rpet-ultra-light-20-5-automatik-schirm-schwarz\/","name":"Aware\u2122 RPET Ultra-Light 20.5\u201d Automatik-Schirm, schwarz - Swiss Peak","isPartOf":{"@id":"https:\/\/swiss-peak.com\/de\/#website"},"primaryImageOfPage":{"@id":"https:\/\/swiss-peak.com\/de\/produkt\/aware-rpet-ultra-light-20-5-automatik-schirm-schwarz\/#primaryimage"},"image":{"@id":"https:\/\/swiss-peak.com\/de\/produkt\/aware-rpet-ultra-light-20-5-automatik-schirm-schwarz\/#primaryimage"},"thumbnailUrl":"https:\/\/swiss-peak.com\/wp-content\/uploads\/sites\/9\/2026\/04\/P850.321__S_0__adb977500c1c470dac46cb671219bd74.jpg","datePublished":"2023-03-14T09:58:30+00:00","dateModified":"2026-04-16T00:37:20+00:00","breadcrumb":{"@id":"https:\/\/swiss-peak.com\/de\/produkt\/aware-rpet-ultra-light-20-5-automatik-schirm-schwarz\/#breadcrumb"},"inLanguage":"de","potentialAction":[{"@type":"ReadAction","target":["https:\/\/swiss-peak.com\/de\/produkt\/aware-rpet-ultra-light-20-5-automatik-schirm-schwarz\/"]}]},{"@type":"ImageObject","inLanguage":"de","@id":"https:\/\/swiss-peak.com\/de\/produkt\/aware-rpet-ultra-light-20-5-automatik-schirm-schwarz\/#primaryimage","url":"https:\/\/swiss-peak.com\/wp-content\/uploads\/sites\/9\/2026\/04\/P850.321__S_0__adb977500c1c470dac46cb671219bd74.jpg","contentUrl":"https:\/\/swiss-peak.com\/wp-content\/uploads\/sites\/9\/2026\/04\/P850.321__S_0__adb977500c1c470dac46cb671219bd74.jpg","width":1024,"height":1024},{"@type":"BreadcrumbList","@id":"https:\/\/swiss-peak.com\/de\/produkt\/aware-rpet-ultra-light-20-5-automatik-schirm-schwarz\/#breadcrumb","itemListElement":[{"@type":"ListItem","position":1,"name":"Home","item":"https:\/\/swiss-peak.com\/de\/"},{"@type":"ListItem","position":2,"name":"Kollektion","item":"https:\/\/swiss-peak.com\/de\/kollektion\/"},{"@type":"ListItem","position":3,"name":"Aware\u2122 RPET Ultra-Light 20.5\u201d Automatik-Schirm, schwarz"}]},{"@type":"WebSite","@id":"https:\/\/swiss-peak.com\/de\/#website","url":"https:\/\/swiss-peak.com\/de\/","name":"Swiss Peak","description":"Where will today take you?","potentialAction":[{"@type":"SearchAction","target":{"@type":"EntryPoint","urlTemplate":"https:\/\/swiss-peak.com\/de\/?s={search_term_string}"},"query-input":{"@type":"PropertyValueSpecification","valueRequired":true,"valueName":"search_term_string"}}],"inLanguage":"de"}]}},"_links":{"self":[{"href":"https:\/\/swiss-peak.com\/de\/wp-json\/wp\/v2\/product\/15221","targetHints":{"allow":["GET"]}}],"collection":[{"href":"https:\/\/swiss-peak.com\/de\/wp-json\/wp\/v2\/product"}],"about":[{"href":"https:\/\/swiss-peak.com\/de\/wp-json\/wp\/v2\/types\/product"}],"wp:featuredmedia":[{"embeddable":true,"href":"https:\/\/swiss-peak.com\/de\/wp-json\/wp\/v2\/media\/46564"}],"wp:attachment":[{"href":"https:\/\/swiss-peak.com\/de\/wp-json\/wp\/v2\/media?parent=15221"}],"wp:term":[{"taxonomy":"product_cat","embeddable":true,"href":"https:\/\/swiss-peak.com\/de\/wp-json\/wp\/v2\/product_cat?post=15221"},{"taxonomy":"product_tag","embeddable":true,"href":"https:\/\/swiss-peak.com\/de\/wp-json\/wp\/v2\/product_tag?post=15221"}],"curies":[{"name":"wp","href":"https:\/\/api.w.org\/{rel}","templated":true}]}}