{"id":15214,"date":"2023-03-14T11:58:04","date_gmt":"2023-03-14T09:58:04","guid":{"rendered":"https:\/\/xdsomename.tempurl.host\/swisspeak-website\/collection\/unkategorisiert\/swiss-peak-reise-geschenkset-aus-grs-recyceltem-pu-schwarz\/"},"modified":"2026-03-12T03:38:29","modified_gmt":"2026-03-12T01:38:29","slug":"swiss-peak-reise-geschenkset-aus-grs-recyceltem-pu-schwarz","status":"publish","type":"product","link":"https:\/\/swiss-peak.com\/de\/produkt\/swiss-peak-reise-geschenkset-aus-grs-recyceltem-pu-schwarz\/","title":{"rendered":"Reise-Geschenkset aus GRS recyceltem PU, schwarz"},"content":{"rendered":"<p>Bewahren Sie Ihren Pass sicher und dennoch leicht zug\u00e4nglich in diesem stilvollen Passhalter aus recyceltem PU von Swiss Peak auf. Um Ihre Reise zu erleichtern, helfen Ihnen zus\u00e4tzliche F\u00e4cher, Ihre Fahrkarten und Kreditkarten an einem Ort aufzubewahren. Das Design des Passhalters passt zum Gep\u00e4ckanh\u00e4nger, verpackt kommen sie in einer sch\u00f6nen Geschenkbox. Hergestellt aus GRS (Recycled Claim Standard)-zertifiziert recycelten Materialien. Die GRS-Zertifizierung gew\u00e4hrleistet eine vollst\u00e4ndig zertifizierte Lieferkette der recycelten Materialien. Gesamter Recyclinganteil: 70% basierend auf dem Gesamtgewicht des Artikels. Verpackt in FSC\u00ae-zertifizierter Geschenkbox.<\/p>\n","protected":false},"excerpt":{"rendered":"<p>Bewahren Sie Ihren Pass sicher und dennoch leicht zug\u00e4nglich in diesem stilvollen Passhalter aus recyceltem PU von Swiss Peak auf. Um Ihre Reise zu erleichtern, helfen Ihnen zus\u00e4tzliche F\u00e4cher, Ihre Fahrkarten und Kreditkarten an einem Ort aufzubewahren. Das Design des Passhalters passt zum Gep\u00e4ckanh\u00e4nger, verpackt kommen sie in einer sch\u00f6nen Geschenkbox. Hergestellt aus GRS (Recycled [&hellip;]<\/p>\n","protected":false},"featured_media":42227,"template":"","meta":{"_acf_changed":false},"product_cat":[272,252],"product_tag":[],"class_list":["post-15214","product","type-product","status-publish","has-post-thumbnail","hentry","product_cat-reise-zubehor","product_cat-taschen-reise","pa_color-black-de"],"acf":[],"yoast_head":"<!-- This site is optimized with the Yoast SEO plugin v27.0 - https:\/\/yoast.com\/product\/yoast-seo-wordpress\/ -->\n<title>Reise-Geschenkset aus GRS recyceltem PU, schwarz - Swiss Peak<\/title>\n<meta name=\"robots\" content=\"index, follow, max-snippet:-1, max-image-preview:large, max-video-preview:-1\" \/>\n<link rel=\"canonical\" href=\"https:\/\/swiss-peak.com\/de\/produkt\/swiss-peak-reise-geschenkset-aus-grs-recyceltem-pu-schwarz\/\" \/>\n<meta property=\"og:locale\" content=\"de_DE\" \/>\n<meta property=\"og:type\" content=\"article\" \/>\n<meta property=\"og:title\" content=\"Reise-Geschenkset aus GRS recyceltem PU, schwarz - Swiss Peak\" \/>\n<meta property=\"og:description\" content=\"Bewahren Sie Ihren Pass sicher und dennoch leicht zug\u00e4nglich in diesem stilvollen Passhalter aus recyceltem PU von Swiss Peak auf. Um Ihre Reise zu erleichtern, helfen Ihnen zus\u00e4tzliche F\u00e4cher, Ihre Fahrkarten und Kreditkarten an einem Ort aufzubewahren. Das Design des Passhalters passt zum Gep\u00e4ckanh\u00e4nger, verpackt kommen sie in einer sch\u00f6nen Geschenkbox. Hergestellt aus GRS (Recycled [&hellip;]\" \/>\n<meta property=\"og:url\" content=\"https:\/\/swiss-peak.com\/de\/produkt\/swiss-peak-reise-geschenkset-aus-grs-recyceltem-pu-schwarz\/\" \/>\n<meta property=\"og:site_name\" content=\"Swiss Peak\" \/>\n<meta property=\"article:modified_time\" content=\"2026-03-12T01:38:29+00:00\" \/>\n<meta property=\"og:image\" content=\"https:\/\/swiss-peak.com\/wp-content\/uploads\/sites\/9\/2024\/02\/P820.731__S_0__7796abb5709d4472b9b0b95d07d95686.jpg\" \/>\n\t<meta property=\"og:image:width\" content=\"1024\" \/>\n\t<meta property=\"og:image:height\" content=\"1024\" \/>\n\t<meta property=\"og:image:type\" content=\"image\/jpeg\" \/>\n<meta name=\"twitter:card\" content=\"summary_large_image\" \/>\n<script type=\"application\/ld+json\" class=\"yoast-schema-graph\">{\"@context\":\"https:\/\/schema.org\",\"@graph\":[{\"@type\":\"WebPage\",\"@id\":\"https:\/\/swiss-peak.com\/de\/produkt\/swiss-peak-reise-geschenkset-aus-grs-recyceltem-pu-schwarz\/\",\"url\":\"https:\/\/swiss-peak.com\/de\/produkt\/swiss-peak-reise-geschenkset-aus-grs-recyceltem-pu-schwarz\/\",\"name\":\"Reise-Geschenkset aus GRS recyceltem PU, schwarz - Swiss Peak\",\"isPartOf\":{\"@id\":\"https:\/\/swiss-peak.com\/de\/#website\"},\"primaryImageOfPage\":{\"@id\":\"https:\/\/swiss-peak.com\/de\/produkt\/swiss-peak-reise-geschenkset-aus-grs-recyceltem-pu-schwarz\/#primaryimage\"},\"image\":{\"@id\":\"https:\/\/swiss-peak.com\/de\/produkt\/swiss-peak-reise-geschenkset-aus-grs-recyceltem-pu-schwarz\/#primaryimage\"},\"thumbnailUrl\":\"https:\/\/swiss-peak.com\/wp-content\/uploads\/sites\/9\/2024\/02\/P820.731__S_0__7796abb5709d4472b9b0b95d07d95686.jpg\",\"datePublished\":\"2023-03-14T09:58:04+00:00\",\"dateModified\":\"2026-03-12T01:38:29+00:00\",\"breadcrumb\":{\"@id\":\"https:\/\/swiss-peak.com\/de\/produkt\/swiss-peak-reise-geschenkset-aus-grs-recyceltem-pu-schwarz\/#breadcrumb\"},\"inLanguage\":\"de\",\"potentialAction\":[{\"@type\":\"ReadAction\",\"target\":[\"https:\/\/swiss-peak.com\/de\/produkt\/swiss-peak-reise-geschenkset-aus-grs-recyceltem-pu-schwarz\/\"]}]},{\"@type\":\"ImageObject\",\"inLanguage\":\"de\",\"@id\":\"https:\/\/swiss-peak.com\/de\/produkt\/swiss-peak-reise-geschenkset-aus-grs-recyceltem-pu-schwarz\/#primaryimage\",\"url\":\"https:\/\/swiss-peak.com\/wp-content\/uploads\/sites\/9\/2024\/02\/P820.731__S_0__7796abb5709d4472b9b0b95d07d95686.jpg\",\"contentUrl\":\"https:\/\/swiss-peak.com\/wp-content\/uploads\/sites\/9\/2024\/02\/P820.731__S_0__7796abb5709d4472b9b0b95d07d95686.jpg\",\"width\":1024,\"height\":1024},{\"@type\":\"BreadcrumbList\",\"@id\":\"https:\/\/swiss-peak.com\/de\/produkt\/swiss-peak-reise-geschenkset-aus-grs-recyceltem-pu-schwarz\/#breadcrumb\",\"itemListElement\":[{\"@type\":\"ListItem\",\"position\":1,\"name\":\"Home\",\"item\":\"https:\/\/swiss-peak.com\/de\/\"},{\"@type\":\"ListItem\",\"position\":2,\"name\":\"Kollektion\",\"item\":\"https:\/\/swiss-peak.com\/de\/kollektion\/\"},{\"@type\":\"ListItem\",\"position\":3,\"name\":\"Reise-Geschenkset aus GRS recyceltem PU, schwarz\"}]},{\"@type\":\"WebSite\",\"@id\":\"https:\/\/swiss-peak.com\/de\/#website\",\"url\":\"https:\/\/swiss-peak.com\/de\/\",\"name\":\"Swiss Peak\",\"description\":\"Where will today take you?\",\"potentialAction\":[{\"@type\":\"SearchAction\",\"target\":{\"@type\":\"EntryPoint\",\"urlTemplate\":\"https:\/\/swiss-peak.com\/de\/?s={search_term_string}\"},\"query-input\":{\"@type\":\"PropertyValueSpecification\",\"valueRequired\":true,\"valueName\":\"search_term_string\"}}],\"inLanguage\":\"de\"}]}<\/script>\n<!-- \/ Yoast SEO plugin. -->","yoast_head_json":{"title":"Reise-Geschenkset aus GRS recyceltem PU, schwarz - Swiss Peak","robots":{"index":"index","follow":"follow","max-snippet":"max-snippet:-1","max-image-preview":"max-image-preview:large","max-video-preview":"max-video-preview:-1"},"canonical":"https:\/\/swiss-peak.com\/de\/produkt\/swiss-peak-reise-geschenkset-aus-grs-recyceltem-pu-schwarz\/","og_locale":"de_DE","og_type":"article","og_title":"Reise-Geschenkset aus GRS recyceltem PU, schwarz - Swiss Peak","og_description":"Bewahren Sie Ihren Pass sicher und dennoch leicht zug\u00e4nglich in diesem stilvollen Passhalter aus recyceltem PU von Swiss Peak auf. Um Ihre Reise zu erleichtern, helfen Ihnen zus\u00e4tzliche F\u00e4cher, Ihre Fahrkarten und Kreditkarten an einem Ort aufzubewahren. Das Design des Passhalters passt zum Gep\u00e4ckanh\u00e4nger, verpackt kommen sie in einer sch\u00f6nen Geschenkbox. Hergestellt aus GRS (Recycled [&hellip;]","og_url":"https:\/\/swiss-peak.com\/de\/produkt\/swiss-peak-reise-geschenkset-aus-grs-recyceltem-pu-schwarz\/","og_site_name":"Swiss Peak","article_modified_time":"2026-03-12T01:38:29+00:00","og_image":[{"width":1024,"height":1024,"url":"https:\/\/swiss-peak.com\/wp-content\/uploads\/sites\/9\/2024\/02\/P820.731__S_0__7796abb5709d4472b9b0b95d07d95686.jpg","type":"image\/jpeg"}],"twitter_card":"summary_large_image","schema":{"@context":"https:\/\/schema.org","@graph":[{"@type":"WebPage","@id":"https:\/\/swiss-peak.com\/de\/produkt\/swiss-peak-reise-geschenkset-aus-grs-recyceltem-pu-schwarz\/","url":"https:\/\/swiss-peak.com\/de\/produkt\/swiss-peak-reise-geschenkset-aus-grs-recyceltem-pu-schwarz\/","name":"Reise-Geschenkset aus GRS recyceltem PU, schwarz - Swiss Peak","isPartOf":{"@id":"https:\/\/swiss-peak.com\/de\/#website"},"primaryImageOfPage":{"@id":"https:\/\/swiss-peak.com\/de\/produkt\/swiss-peak-reise-geschenkset-aus-grs-recyceltem-pu-schwarz\/#primaryimage"},"image":{"@id":"https:\/\/swiss-peak.com\/de\/produkt\/swiss-peak-reise-geschenkset-aus-grs-recyceltem-pu-schwarz\/#primaryimage"},"thumbnailUrl":"https:\/\/swiss-peak.com\/wp-content\/uploads\/sites\/9\/2024\/02\/P820.731__S_0__7796abb5709d4472b9b0b95d07d95686.jpg","datePublished":"2023-03-14T09:58:04+00:00","dateModified":"2026-03-12T01:38:29+00:00","breadcrumb":{"@id":"https:\/\/swiss-peak.com\/de\/produkt\/swiss-peak-reise-geschenkset-aus-grs-recyceltem-pu-schwarz\/#breadcrumb"},"inLanguage":"de","potentialAction":[{"@type":"ReadAction","target":["https:\/\/swiss-peak.com\/de\/produkt\/swiss-peak-reise-geschenkset-aus-grs-recyceltem-pu-schwarz\/"]}]},{"@type":"ImageObject","inLanguage":"de","@id":"https:\/\/swiss-peak.com\/de\/produkt\/swiss-peak-reise-geschenkset-aus-grs-recyceltem-pu-schwarz\/#primaryimage","url":"https:\/\/swiss-peak.com\/wp-content\/uploads\/sites\/9\/2024\/02\/P820.731__S_0__7796abb5709d4472b9b0b95d07d95686.jpg","contentUrl":"https:\/\/swiss-peak.com\/wp-content\/uploads\/sites\/9\/2024\/02\/P820.731__S_0__7796abb5709d4472b9b0b95d07d95686.jpg","width":1024,"height":1024},{"@type":"BreadcrumbList","@id":"https:\/\/swiss-peak.com\/de\/produkt\/swiss-peak-reise-geschenkset-aus-grs-recyceltem-pu-schwarz\/#breadcrumb","itemListElement":[{"@type":"ListItem","position":1,"name":"Home","item":"https:\/\/swiss-peak.com\/de\/"},{"@type":"ListItem","position":2,"name":"Kollektion","item":"https:\/\/swiss-peak.com\/de\/kollektion\/"},{"@type":"ListItem","position":3,"name":"Reise-Geschenkset aus GRS recyceltem PU, schwarz"}]},{"@type":"WebSite","@id":"https:\/\/swiss-peak.com\/de\/#website","url":"https:\/\/swiss-peak.com\/de\/","name":"Swiss Peak","description":"Where will today take you?","potentialAction":[{"@type":"SearchAction","target":{"@type":"EntryPoint","urlTemplate":"https:\/\/swiss-peak.com\/de\/?s={search_term_string}"},"query-input":{"@type":"PropertyValueSpecification","valueRequired":true,"valueName":"search_term_string"}}],"inLanguage":"de"}]}},"_links":{"self":[{"href":"https:\/\/swiss-peak.com\/de\/wp-json\/wp\/v2\/product\/15214","targetHints":{"allow":["GET"]}}],"collection":[{"href":"https:\/\/swiss-peak.com\/de\/wp-json\/wp\/v2\/product"}],"about":[{"href":"https:\/\/swiss-peak.com\/de\/wp-json\/wp\/v2\/types\/product"}],"wp:featuredmedia":[{"embeddable":true,"href":"https:\/\/swiss-peak.com\/de\/wp-json\/wp\/v2\/media\/42227"}],"wp:attachment":[{"href":"https:\/\/swiss-peak.com\/de\/wp-json\/wp\/v2\/media?parent=15214"}],"wp:term":[{"taxonomy":"product_cat","embeddable":true,"href":"https:\/\/swiss-peak.com\/de\/wp-json\/wp\/v2\/product_cat?post=15214"},{"taxonomy":"product_tag","embeddable":true,"href":"https:\/\/swiss-peak.com\/de\/wp-json\/wp\/v2\/product_tag?post=15214"}],"curies":[{"name":"wp","href":"https:\/\/api.w.org\/{rel}","templated":true}]}}