{"id":15203,"date":"2023-03-14T11:58:04","date_gmt":"2023-03-14T09:58:04","guid":{"rendered":"https:\/\/xdsomename.tempurl.host\/swisspeak-website\/collection\/unkategorisiert\/swiss-peak-aware-tech-pouch-pvc-free-schwarz\/"},"modified":"2026-03-12T03:38:17","modified_gmt":"2026-03-12T01:38:17","slug":"swiss-peak-aware-tech-pouch-pvc-free-schwarz","status":"publish","type":"product","link":"https:\/\/swiss-peak.com\/de\/produkt\/swiss-peak-aware-tech-pouch-pvc-free-schwarz\/","title":{"rendered":"AWARE\u2122 Tech-Pouch PVC free, schwarz"},"content":{"rendered":"<p>Ob zur Aufbewahrung von Kabeln, Adaptern oder Ihrer Reiseutensilien, diese Tech-Tasche bietet perfekte Organisation und einfachen Zugriff. Taschen im Origami-Stil schaffen eine enorme Raumeffizienz, sodass Sie mehr auf kleinerem Raum verstauen k\u00f6nnen, w\u00e4hrend Ihre Artikel ordentlich organisiert und leicht zu finden sind. Elastische Zubeh\u00f6rschlaufen halten Gegenst\u00e4nde wie Stifte immer griffbereit. Eine \u00d6ffnung im Clamshell-Stil machen diese Tasche leicht zug\u00e4nglich. Die externe Rei\u00dfverschlusstasche hat eine Kabeldurchf\u00fchrung zum einfachen Aufladen Ihres Telefons. PVC-frei. Zudem werden 2% des Erl\u00f6ses jedes verkauften Aware\u2122-Produkts an Water.org gespendet.<\/p>\n","protected":false},"excerpt":{"rendered":"<p>Ob zur Aufbewahrung von Kabeln, Adaptern oder Ihrer Reiseutensilien, diese Tech-Tasche bietet perfekte Organisation und einfachen Zugriff. Taschen im Origami-Stil schaffen eine enorme Raumeffizienz, sodass Sie mehr auf kleinerem Raum verstauen k\u00f6nnen, w\u00e4hrend Ihre Artikel ordentlich organisiert und leicht zu finden sind. Elastische Zubeh\u00f6rschlaufen halten Gegenst\u00e4nde wie Stifte immer griffbereit. Eine \u00d6ffnung im Clamshell-Stil machen [&hellip;]<\/p>\n","protected":false},"featured_media":41120,"template":"","meta":{"_acf_changed":false},"product_cat":[288,272,252,305],"product_tag":[],"class_list":["post-15203","product","type-product","status-publish","has-post-thumbnail","hentry","product_cat-geschafte","product_cat-reise-zubehor","product_cat-taschen-reise","product_cat-tech-de","pa_color-black-de"],"acf":[],"yoast_head":"<!-- This site is optimized with the Yoast SEO plugin v27.0 - https:\/\/yoast.com\/product\/yoast-seo-wordpress\/ -->\n<title>AWARE\u2122 Tech-Pouch PVC free, schwarz - Swiss Peak<\/title>\n<meta name=\"robots\" content=\"index, follow, max-snippet:-1, max-image-preview:large, max-video-preview:-1\" \/>\n<link rel=\"canonical\" href=\"https:\/\/swiss-peak.com\/de\/produkt\/swiss-peak-aware-tech-pouch-pvc-free-schwarz\/\" \/>\n<meta property=\"og:locale\" content=\"de_DE\" \/>\n<meta property=\"og:type\" content=\"article\" \/>\n<meta property=\"og:title\" content=\"AWARE\u2122 Tech-Pouch PVC free, schwarz - Swiss Peak\" \/>\n<meta property=\"og:description\" content=\"Ob zur Aufbewahrung von Kabeln, Adaptern oder Ihrer Reiseutensilien, diese Tech-Tasche bietet perfekte Organisation und einfachen Zugriff. Taschen im Origami-Stil schaffen eine enorme Raumeffizienz, sodass Sie mehr auf kleinerem Raum verstauen k\u00f6nnen, w\u00e4hrend Ihre Artikel ordentlich organisiert und leicht zu finden sind. Elastische Zubeh\u00f6rschlaufen halten Gegenst\u00e4nde wie Stifte immer griffbereit. Eine \u00d6ffnung im Clamshell-Stil machen [&hellip;]\" \/>\n<meta property=\"og:url\" content=\"https:\/\/swiss-peak.com\/de\/produkt\/swiss-peak-aware-tech-pouch-pvc-free-schwarz\/\" \/>\n<meta property=\"og:site_name\" content=\"Swiss Peak\" \/>\n<meta property=\"article:modified_time\" content=\"2026-03-12T01:38:17+00:00\" \/>\n<meta property=\"og:image\" content=\"https:\/\/swiss-peak.com\/wp-content\/uploads\/sites\/9\/2024\/02\/P820.391__S_0__f279205340314f54b42058a75ad464f5.jpg\" \/>\n\t<meta property=\"og:image:width\" content=\"1024\" \/>\n\t<meta property=\"og:image:height\" content=\"1024\" \/>\n\t<meta property=\"og:image:type\" content=\"image\/jpeg\" \/>\n<meta name=\"twitter:card\" content=\"summary_large_image\" \/>\n<script type=\"application\/ld+json\" class=\"yoast-schema-graph\">{\"@context\":\"https:\/\/schema.org\",\"@graph\":[{\"@type\":\"WebPage\",\"@id\":\"https:\/\/swiss-peak.com\/de\/produkt\/swiss-peak-aware-tech-pouch-pvc-free-schwarz\/\",\"url\":\"https:\/\/swiss-peak.com\/de\/produkt\/swiss-peak-aware-tech-pouch-pvc-free-schwarz\/\",\"name\":\"AWARE\u2122 Tech-Pouch PVC free, schwarz - Swiss Peak\",\"isPartOf\":{\"@id\":\"https:\/\/swiss-peak.com\/de\/#website\"},\"primaryImageOfPage\":{\"@id\":\"https:\/\/swiss-peak.com\/de\/produkt\/swiss-peak-aware-tech-pouch-pvc-free-schwarz\/#primaryimage\"},\"image\":{\"@id\":\"https:\/\/swiss-peak.com\/de\/produkt\/swiss-peak-aware-tech-pouch-pvc-free-schwarz\/#primaryimage\"},\"thumbnailUrl\":\"https:\/\/swiss-peak.com\/wp-content\/uploads\/sites\/9\/2024\/02\/P820.391__S_0__f279205340314f54b42058a75ad464f5.jpg\",\"datePublished\":\"2023-03-14T09:58:04+00:00\",\"dateModified\":\"2026-03-12T01:38:17+00:00\",\"breadcrumb\":{\"@id\":\"https:\/\/swiss-peak.com\/de\/produkt\/swiss-peak-aware-tech-pouch-pvc-free-schwarz\/#breadcrumb\"},\"inLanguage\":\"de\",\"potentialAction\":[{\"@type\":\"ReadAction\",\"target\":[\"https:\/\/swiss-peak.com\/de\/produkt\/swiss-peak-aware-tech-pouch-pvc-free-schwarz\/\"]}]},{\"@type\":\"ImageObject\",\"inLanguage\":\"de\",\"@id\":\"https:\/\/swiss-peak.com\/de\/produkt\/swiss-peak-aware-tech-pouch-pvc-free-schwarz\/#primaryimage\",\"url\":\"https:\/\/swiss-peak.com\/wp-content\/uploads\/sites\/9\/2024\/02\/P820.391__S_0__f279205340314f54b42058a75ad464f5.jpg\",\"contentUrl\":\"https:\/\/swiss-peak.com\/wp-content\/uploads\/sites\/9\/2024\/02\/P820.391__S_0__f279205340314f54b42058a75ad464f5.jpg\",\"width\":1024,\"height\":1024},{\"@type\":\"BreadcrumbList\",\"@id\":\"https:\/\/swiss-peak.com\/de\/produkt\/swiss-peak-aware-tech-pouch-pvc-free-schwarz\/#breadcrumb\",\"itemListElement\":[{\"@type\":\"ListItem\",\"position\":1,\"name\":\"Home\",\"item\":\"https:\/\/swiss-peak.com\/de\/\"},{\"@type\":\"ListItem\",\"position\":2,\"name\":\"Kollektion\",\"item\":\"https:\/\/swiss-peak.com\/de\/kollektion\/\"},{\"@type\":\"ListItem\",\"position\":3,\"name\":\"AWARE\u2122 Tech-Pouch PVC free, schwarz\"}]},{\"@type\":\"WebSite\",\"@id\":\"https:\/\/swiss-peak.com\/de\/#website\",\"url\":\"https:\/\/swiss-peak.com\/de\/\",\"name\":\"Swiss Peak\",\"description\":\"Where will today take you?\",\"potentialAction\":[{\"@type\":\"SearchAction\",\"target\":{\"@type\":\"EntryPoint\",\"urlTemplate\":\"https:\/\/swiss-peak.com\/de\/?s={search_term_string}\"},\"query-input\":{\"@type\":\"PropertyValueSpecification\",\"valueRequired\":true,\"valueName\":\"search_term_string\"}}],\"inLanguage\":\"de\"}]}<\/script>\n<!-- \/ Yoast SEO plugin. -->","yoast_head_json":{"title":"AWARE\u2122 Tech-Pouch PVC free, schwarz - Swiss Peak","robots":{"index":"index","follow":"follow","max-snippet":"max-snippet:-1","max-image-preview":"max-image-preview:large","max-video-preview":"max-video-preview:-1"},"canonical":"https:\/\/swiss-peak.com\/de\/produkt\/swiss-peak-aware-tech-pouch-pvc-free-schwarz\/","og_locale":"de_DE","og_type":"article","og_title":"AWARE\u2122 Tech-Pouch PVC free, schwarz - Swiss Peak","og_description":"Ob zur Aufbewahrung von Kabeln, Adaptern oder Ihrer Reiseutensilien, diese Tech-Tasche bietet perfekte Organisation und einfachen Zugriff. Taschen im Origami-Stil schaffen eine enorme Raumeffizienz, sodass Sie mehr auf kleinerem Raum verstauen k\u00f6nnen, w\u00e4hrend Ihre Artikel ordentlich organisiert und leicht zu finden sind. Elastische Zubeh\u00f6rschlaufen halten Gegenst\u00e4nde wie Stifte immer griffbereit. Eine \u00d6ffnung im Clamshell-Stil machen [&hellip;]","og_url":"https:\/\/swiss-peak.com\/de\/produkt\/swiss-peak-aware-tech-pouch-pvc-free-schwarz\/","og_site_name":"Swiss Peak","article_modified_time":"2026-03-12T01:38:17+00:00","og_image":[{"width":1024,"height":1024,"url":"https:\/\/swiss-peak.com\/wp-content\/uploads\/sites\/9\/2024\/02\/P820.391__S_0__f279205340314f54b42058a75ad464f5.jpg","type":"image\/jpeg"}],"twitter_card":"summary_large_image","schema":{"@context":"https:\/\/schema.org","@graph":[{"@type":"WebPage","@id":"https:\/\/swiss-peak.com\/de\/produkt\/swiss-peak-aware-tech-pouch-pvc-free-schwarz\/","url":"https:\/\/swiss-peak.com\/de\/produkt\/swiss-peak-aware-tech-pouch-pvc-free-schwarz\/","name":"AWARE\u2122 Tech-Pouch PVC free, schwarz - Swiss Peak","isPartOf":{"@id":"https:\/\/swiss-peak.com\/de\/#website"},"primaryImageOfPage":{"@id":"https:\/\/swiss-peak.com\/de\/produkt\/swiss-peak-aware-tech-pouch-pvc-free-schwarz\/#primaryimage"},"image":{"@id":"https:\/\/swiss-peak.com\/de\/produkt\/swiss-peak-aware-tech-pouch-pvc-free-schwarz\/#primaryimage"},"thumbnailUrl":"https:\/\/swiss-peak.com\/wp-content\/uploads\/sites\/9\/2024\/02\/P820.391__S_0__f279205340314f54b42058a75ad464f5.jpg","datePublished":"2023-03-14T09:58:04+00:00","dateModified":"2026-03-12T01:38:17+00:00","breadcrumb":{"@id":"https:\/\/swiss-peak.com\/de\/produkt\/swiss-peak-aware-tech-pouch-pvc-free-schwarz\/#breadcrumb"},"inLanguage":"de","potentialAction":[{"@type":"ReadAction","target":["https:\/\/swiss-peak.com\/de\/produkt\/swiss-peak-aware-tech-pouch-pvc-free-schwarz\/"]}]},{"@type":"ImageObject","inLanguage":"de","@id":"https:\/\/swiss-peak.com\/de\/produkt\/swiss-peak-aware-tech-pouch-pvc-free-schwarz\/#primaryimage","url":"https:\/\/swiss-peak.com\/wp-content\/uploads\/sites\/9\/2024\/02\/P820.391__S_0__f279205340314f54b42058a75ad464f5.jpg","contentUrl":"https:\/\/swiss-peak.com\/wp-content\/uploads\/sites\/9\/2024\/02\/P820.391__S_0__f279205340314f54b42058a75ad464f5.jpg","width":1024,"height":1024},{"@type":"BreadcrumbList","@id":"https:\/\/swiss-peak.com\/de\/produkt\/swiss-peak-aware-tech-pouch-pvc-free-schwarz\/#breadcrumb","itemListElement":[{"@type":"ListItem","position":1,"name":"Home","item":"https:\/\/swiss-peak.com\/de\/"},{"@type":"ListItem","position":2,"name":"Kollektion","item":"https:\/\/swiss-peak.com\/de\/kollektion\/"},{"@type":"ListItem","position":3,"name":"AWARE\u2122 Tech-Pouch PVC free, schwarz"}]},{"@type":"WebSite","@id":"https:\/\/swiss-peak.com\/de\/#website","url":"https:\/\/swiss-peak.com\/de\/","name":"Swiss Peak","description":"Where will today take you?","potentialAction":[{"@type":"SearchAction","target":{"@type":"EntryPoint","urlTemplate":"https:\/\/swiss-peak.com\/de\/?s={search_term_string}"},"query-input":{"@type":"PropertyValueSpecification","valueRequired":true,"valueName":"search_term_string"}}],"inLanguage":"de"}]}},"_links":{"self":[{"href":"https:\/\/swiss-peak.com\/de\/wp-json\/wp\/v2\/product\/15203","targetHints":{"allow":["GET"]}}],"collection":[{"href":"https:\/\/swiss-peak.com\/de\/wp-json\/wp\/v2\/product"}],"about":[{"href":"https:\/\/swiss-peak.com\/de\/wp-json\/wp\/v2\/types\/product"}],"wp:featuredmedia":[{"embeddable":true,"href":"https:\/\/swiss-peak.com\/de\/wp-json\/wp\/v2\/media\/41120"}],"wp:attachment":[{"href":"https:\/\/swiss-peak.com\/de\/wp-json\/wp\/v2\/media?parent=15203"}],"wp:term":[{"taxonomy":"product_cat","embeddable":true,"href":"https:\/\/swiss-peak.com\/de\/wp-json\/wp\/v2\/product_cat?post=15203"},{"taxonomy":"product_tag","embeddable":true,"href":"https:\/\/swiss-peak.com\/de\/wp-json\/wp\/v2\/product_tag?post=15203"}],"curies":[{"name":"wp","href":"https:\/\/api.w.org\/{rel}","templated":true}]}}