{"id":15185,"date":"2023-03-14T11:57:21","date_gmt":"2023-03-14T09:57:21","guid":{"rendered":"https:\/\/xdsomename.tempurl.host\/swisspeak-website\/collection\/unkategorisiert\/swiss-peak-aware-xxl-wochenend-reiserucksack-schwarz\/"},"modified":"2026-03-20T03:32:15","modified_gmt":"2026-03-20T01:32:15","slug":"swiss-peak-aware-xxl-wochenend-reiserucksack-schwarz","status":"publish","type":"product","link":"https:\/\/swiss-peak.com\/de\/produkt\/swiss-peak-aware-xxl-wochenend-reiserucksack-schwarz\/","title":{"rendered":"AWARE\u2122 XXL Wochenend-Reiserucksack, schwarz"},"content":{"rendered":"<p>Dieser Handgep\u00e4ck-Reiserucksack ist f\u00fcr alle \u00dcbernachtungs- oder Wochenendausfl\u00fcge gedacht und hat obendrein noch ein gepolstertes 17-Zoll-Laptopfach, um Ihr Ger\u00e4t zu sch\u00fctzen. Dieser Rucksack hat die Kapazit\u00e4t eines Trolleys ohne das Gewicht der R\u00e4der und des Griffs; die Verwendung eines Rucksacks macht Sie mobiler, freih\u00e4ndig und vereinfacht Ihr Reiseerlebnis. Inklusive Trolley-Gurt, Seitentasche f\u00fcr Ihre Wasserflasche, einen USB A-Ausgang, einer Schnellzugriffstasche oben und RFID-gesch\u00fctzte Taschen. Mit AWARE\u2122 Tracer, der die tats\u00e4chliche Verwendung von recycelten Materialien best\u00e4tigt. Weiters werden 2% des Erl\u00f6ses jedes verkauften Impact-Produkts an Water.org gespendet. PVC-frei.<\/p>\n","protected":false},"excerpt":{"rendered":"<p>Dieser Handgep\u00e4ck-Reiserucksack ist f\u00fcr alle \u00dcbernachtungs- oder Wochenendausfl\u00fcge gedacht und hat obendrein noch ein gepolstertes 17-Zoll-Laptopfach, um Ihr Ger\u00e4t zu sch\u00fctzen. Dieser Rucksack hat die Kapazit\u00e4t eines Trolleys ohne das Gewicht der R\u00e4der und des Griffs; die Verwendung eines Rucksacks macht Sie mobiler, freih\u00e4ndig und vereinfacht Ihr Reiseerlebnis. Inklusive Trolley-Gurt, Seitentasche f\u00fcr Ihre Wasserflasche, einen [&hellip;]<\/p>\n","protected":false},"featured_media":37344,"template":"","meta":{"_acf_changed":false},"product_cat":[256,252,282],"product_tag":[],"class_list":["post-15185","product","type-product","status-publish","has-post-thumbnail","hentry","product_cat-rucksacke","product_cat-taschen-reise","product_cat-wochenendtaschen","pa_color-black-de"],"acf":[],"yoast_head":"<!-- This site is optimized with the Yoast SEO plugin v27.0 - https:\/\/yoast.com\/product\/yoast-seo-wordpress\/ -->\n<title>AWARE\u2122 XXL Wochenend-Reiserucksack, schwarz - Swiss Peak<\/title>\n<meta name=\"robots\" content=\"index, follow, max-snippet:-1, max-image-preview:large, max-video-preview:-1\" \/>\n<link rel=\"canonical\" href=\"https:\/\/swiss-peak.com\/de\/produkt\/swiss-peak-aware-xxl-wochenend-reiserucksack-schwarz\/\" \/>\n<meta property=\"og:locale\" content=\"de_DE\" \/>\n<meta property=\"og:type\" content=\"article\" \/>\n<meta property=\"og:title\" content=\"AWARE\u2122 XXL Wochenend-Reiserucksack, schwarz - Swiss Peak\" \/>\n<meta property=\"og:description\" content=\"Dieser Handgep\u00e4ck-Reiserucksack ist f\u00fcr alle \u00dcbernachtungs- oder Wochenendausfl\u00fcge gedacht und hat obendrein noch ein gepolstertes 17-Zoll-Laptopfach, um Ihr Ger\u00e4t zu sch\u00fctzen. Dieser Rucksack hat die Kapazit\u00e4t eines Trolleys ohne das Gewicht der R\u00e4der und des Griffs; die Verwendung eines Rucksacks macht Sie mobiler, freih\u00e4ndig und vereinfacht Ihr Reiseerlebnis. Inklusive Trolley-Gurt, Seitentasche f\u00fcr Ihre Wasserflasche, einen [&hellip;]\" \/>\n<meta property=\"og:url\" content=\"https:\/\/swiss-peak.com\/de\/produkt\/swiss-peak-aware-xxl-wochenend-reiserucksack-schwarz\/\" \/>\n<meta property=\"og:site_name\" content=\"Swiss Peak\" \/>\n<meta property=\"article:modified_time\" content=\"2026-03-20T01:32:15+00:00\" \/>\n<meta property=\"og:image\" content=\"https:\/\/swiss-peak.com\/wp-content\/uploads\/sites\/9\/2024\/02\/P763.141__S_0__51b20055e12d44c985254150f321161a.jpg\" \/>\n\t<meta property=\"og:image:width\" content=\"1024\" \/>\n\t<meta property=\"og:image:height\" content=\"1024\" \/>\n\t<meta property=\"og:image:type\" content=\"image\/jpeg\" \/>\n<meta name=\"twitter:card\" content=\"summary_large_image\" \/>\n<script type=\"application\/ld+json\" class=\"yoast-schema-graph\">{\"@context\":\"https:\/\/schema.org\",\"@graph\":[{\"@type\":\"WebPage\",\"@id\":\"https:\/\/swiss-peak.com\/de\/produkt\/swiss-peak-aware-xxl-wochenend-reiserucksack-schwarz\/\",\"url\":\"https:\/\/swiss-peak.com\/de\/produkt\/swiss-peak-aware-xxl-wochenend-reiserucksack-schwarz\/\",\"name\":\"AWARE\u2122 XXL Wochenend-Reiserucksack, schwarz - Swiss Peak\",\"isPartOf\":{\"@id\":\"https:\/\/swiss-peak.com\/de\/#website\"},\"primaryImageOfPage\":{\"@id\":\"https:\/\/swiss-peak.com\/de\/produkt\/swiss-peak-aware-xxl-wochenend-reiserucksack-schwarz\/#primaryimage\"},\"image\":{\"@id\":\"https:\/\/swiss-peak.com\/de\/produkt\/swiss-peak-aware-xxl-wochenend-reiserucksack-schwarz\/#primaryimage\"},\"thumbnailUrl\":\"https:\/\/swiss-peak.com\/wp-content\/uploads\/sites\/9\/2024\/02\/P763.141__S_0__51b20055e12d44c985254150f321161a.jpg\",\"datePublished\":\"2023-03-14T09:57:21+00:00\",\"dateModified\":\"2026-03-20T01:32:15+00:00\",\"breadcrumb\":{\"@id\":\"https:\/\/swiss-peak.com\/de\/produkt\/swiss-peak-aware-xxl-wochenend-reiserucksack-schwarz\/#breadcrumb\"},\"inLanguage\":\"de\",\"potentialAction\":[{\"@type\":\"ReadAction\",\"target\":[\"https:\/\/swiss-peak.com\/de\/produkt\/swiss-peak-aware-xxl-wochenend-reiserucksack-schwarz\/\"]}]},{\"@type\":\"ImageObject\",\"inLanguage\":\"de\",\"@id\":\"https:\/\/swiss-peak.com\/de\/produkt\/swiss-peak-aware-xxl-wochenend-reiserucksack-schwarz\/#primaryimage\",\"url\":\"https:\/\/swiss-peak.com\/wp-content\/uploads\/sites\/9\/2024\/02\/P763.141__S_0__51b20055e12d44c985254150f321161a.jpg\",\"contentUrl\":\"https:\/\/swiss-peak.com\/wp-content\/uploads\/sites\/9\/2024\/02\/P763.141__S_0__51b20055e12d44c985254150f321161a.jpg\",\"width\":1024,\"height\":1024},{\"@type\":\"BreadcrumbList\",\"@id\":\"https:\/\/swiss-peak.com\/de\/produkt\/swiss-peak-aware-xxl-wochenend-reiserucksack-schwarz\/#breadcrumb\",\"itemListElement\":[{\"@type\":\"ListItem\",\"position\":1,\"name\":\"Home\",\"item\":\"https:\/\/swiss-peak.com\/de\/\"},{\"@type\":\"ListItem\",\"position\":2,\"name\":\"Kollektion\",\"item\":\"https:\/\/swiss-peak.com\/de\/kollektion\/\"},{\"@type\":\"ListItem\",\"position\":3,\"name\":\"AWARE\u2122 XXL Wochenend-Reiserucksack, schwarz\"}]},{\"@type\":\"WebSite\",\"@id\":\"https:\/\/swiss-peak.com\/de\/#website\",\"url\":\"https:\/\/swiss-peak.com\/de\/\",\"name\":\"Swiss Peak\",\"description\":\"Where will today take you?\",\"potentialAction\":[{\"@type\":\"SearchAction\",\"target\":{\"@type\":\"EntryPoint\",\"urlTemplate\":\"https:\/\/swiss-peak.com\/de\/?s={search_term_string}\"},\"query-input\":{\"@type\":\"PropertyValueSpecification\",\"valueRequired\":true,\"valueName\":\"search_term_string\"}}],\"inLanguage\":\"de\"}]}<\/script>\n<!-- \/ Yoast SEO plugin. -->","yoast_head_json":{"title":"AWARE\u2122 XXL Wochenend-Reiserucksack, schwarz - Swiss Peak","robots":{"index":"index","follow":"follow","max-snippet":"max-snippet:-1","max-image-preview":"max-image-preview:large","max-video-preview":"max-video-preview:-1"},"canonical":"https:\/\/swiss-peak.com\/de\/produkt\/swiss-peak-aware-xxl-wochenend-reiserucksack-schwarz\/","og_locale":"de_DE","og_type":"article","og_title":"AWARE\u2122 XXL Wochenend-Reiserucksack, schwarz - Swiss Peak","og_description":"Dieser Handgep\u00e4ck-Reiserucksack ist f\u00fcr alle \u00dcbernachtungs- oder Wochenendausfl\u00fcge gedacht und hat obendrein noch ein gepolstertes 17-Zoll-Laptopfach, um Ihr Ger\u00e4t zu sch\u00fctzen. Dieser Rucksack hat die Kapazit\u00e4t eines Trolleys ohne das Gewicht der R\u00e4der und des Griffs; die Verwendung eines Rucksacks macht Sie mobiler, freih\u00e4ndig und vereinfacht Ihr Reiseerlebnis. Inklusive Trolley-Gurt, Seitentasche f\u00fcr Ihre Wasserflasche, einen [&hellip;]","og_url":"https:\/\/swiss-peak.com\/de\/produkt\/swiss-peak-aware-xxl-wochenend-reiserucksack-schwarz\/","og_site_name":"Swiss Peak","article_modified_time":"2026-03-20T01:32:15+00:00","og_image":[{"width":1024,"height":1024,"url":"https:\/\/swiss-peak.com\/wp-content\/uploads\/sites\/9\/2024\/02\/P763.141__S_0__51b20055e12d44c985254150f321161a.jpg","type":"image\/jpeg"}],"twitter_card":"summary_large_image","schema":{"@context":"https:\/\/schema.org","@graph":[{"@type":"WebPage","@id":"https:\/\/swiss-peak.com\/de\/produkt\/swiss-peak-aware-xxl-wochenend-reiserucksack-schwarz\/","url":"https:\/\/swiss-peak.com\/de\/produkt\/swiss-peak-aware-xxl-wochenend-reiserucksack-schwarz\/","name":"AWARE\u2122 XXL Wochenend-Reiserucksack, schwarz - Swiss Peak","isPartOf":{"@id":"https:\/\/swiss-peak.com\/de\/#website"},"primaryImageOfPage":{"@id":"https:\/\/swiss-peak.com\/de\/produkt\/swiss-peak-aware-xxl-wochenend-reiserucksack-schwarz\/#primaryimage"},"image":{"@id":"https:\/\/swiss-peak.com\/de\/produkt\/swiss-peak-aware-xxl-wochenend-reiserucksack-schwarz\/#primaryimage"},"thumbnailUrl":"https:\/\/swiss-peak.com\/wp-content\/uploads\/sites\/9\/2024\/02\/P763.141__S_0__51b20055e12d44c985254150f321161a.jpg","datePublished":"2023-03-14T09:57:21+00:00","dateModified":"2026-03-20T01:32:15+00:00","breadcrumb":{"@id":"https:\/\/swiss-peak.com\/de\/produkt\/swiss-peak-aware-xxl-wochenend-reiserucksack-schwarz\/#breadcrumb"},"inLanguage":"de","potentialAction":[{"@type":"ReadAction","target":["https:\/\/swiss-peak.com\/de\/produkt\/swiss-peak-aware-xxl-wochenend-reiserucksack-schwarz\/"]}]},{"@type":"ImageObject","inLanguage":"de","@id":"https:\/\/swiss-peak.com\/de\/produkt\/swiss-peak-aware-xxl-wochenend-reiserucksack-schwarz\/#primaryimage","url":"https:\/\/swiss-peak.com\/wp-content\/uploads\/sites\/9\/2024\/02\/P763.141__S_0__51b20055e12d44c985254150f321161a.jpg","contentUrl":"https:\/\/swiss-peak.com\/wp-content\/uploads\/sites\/9\/2024\/02\/P763.141__S_0__51b20055e12d44c985254150f321161a.jpg","width":1024,"height":1024},{"@type":"BreadcrumbList","@id":"https:\/\/swiss-peak.com\/de\/produkt\/swiss-peak-aware-xxl-wochenend-reiserucksack-schwarz\/#breadcrumb","itemListElement":[{"@type":"ListItem","position":1,"name":"Home","item":"https:\/\/swiss-peak.com\/de\/"},{"@type":"ListItem","position":2,"name":"Kollektion","item":"https:\/\/swiss-peak.com\/de\/kollektion\/"},{"@type":"ListItem","position":3,"name":"AWARE\u2122 XXL Wochenend-Reiserucksack, schwarz"}]},{"@type":"WebSite","@id":"https:\/\/swiss-peak.com\/de\/#website","url":"https:\/\/swiss-peak.com\/de\/","name":"Swiss Peak","description":"Where will today take you?","potentialAction":[{"@type":"SearchAction","target":{"@type":"EntryPoint","urlTemplate":"https:\/\/swiss-peak.com\/de\/?s={search_term_string}"},"query-input":{"@type":"PropertyValueSpecification","valueRequired":true,"valueName":"search_term_string"}}],"inLanguage":"de"}]}},"_links":{"self":[{"href":"https:\/\/swiss-peak.com\/de\/wp-json\/wp\/v2\/product\/15185","targetHints":{"allow":["GET"]}}],"collection":[{"href":"https:\/\/swiss-peak.com\/de\/wp-json\/wp\/v2\/product"}],"about":[{"href":"https:\/\/swiss-peak.com\/de\/wp-json\/wp\/v2\/types\/product"}],"wp:featuredmedia":[{"embeddable":true,"href":"https:\/\/swiss-peak.com\/de\/wp-json\/wp\/v2\/media\/37344"}],"wp:attachment":[{"href":"https:\/\/swiss-peak.com\/de\/wp-json\/wp\/v2\/media?parent=15185"}],"wp:term":[{"taxonomy":"product_cat","embeddable":true,"href":"https:\/\/swiss-peak.com\/de\/wp-json\/wp\/v2\/product_cat?post=15185"},{"taxonomy":"product_tag","embeddable":true,"href":"https:\/\/swiss-peak.com\/de\/wp-json\/wp\/v2\/product_tag?post=15185"}],"curies":[{"name":"wp","href":"https:\/\/api.w.org\/{rel}","templated":true}]}}