{"id":15184,"date":"2023-03-14T11:57:21","date_gmt":"2023-03-14T09:57:21","guid":{"rendered":"https:\/\/xdsomename.tempurl.host\/swisspeak-website\/collection\/unkategorisiert\/swiss-peak-aware-anti-theft-rfid-15-laptop-rucksack-grau\/"},"modified":"2026-03-12T03:36:29","modified_gmt":"2026-03-12T01:36:29","slug":"swiss-peak-aware-anti-theft-rfid-15-laptop-rucksack-grau","status":"publish","type":"product","link":"https:\/\/swiss-peak.com\/de\/produkt\/swiss-peak-aware-anti-theft-rfid-15-laptop-rucksack-grau\/","title":{"rendered":"Swiss Peak AWARE\u2122 Anti-Theft-RFID 15.6&#8243;-Laptop-Rucksack, grau"},"content":{"rendered":"<p>Dieser Swiss Peak AWARE\u2122 15,6&#8243; Laptop-Rucksack mit diebstahlsicherer R\u00fccken\u00f6ffnung macht es einfach, Ihre technischen Ger\u00e4te und pers\u00f6nlichen Gegenst\u00e4nde unterwegs zu transportieren. Das Innere verf\u00fcgt \u00fcber ein Laptop- und Tablet-Fach sowie RFID gesch\u00fctzte F\u00e4cher f\u00fcr Ihre Brieftasche und Ihren Reisepass ( NFC 13,56 MHz blockierend). Verbinden Sie Ihre Powerbank einfach an den integrierten USB-Ladeanschluss und laden Ihr Telefon oder Tablet unterwegs auf. Mit versteckter, leicht zug\u00e4nglicher R\u00fcckentasche. Der AWARE\u2122 Tracer validiert die tats\u00e4chliche  Verwendung von recycelten Materialien. Zudem werden 2% des Erl\u00f6ses jedes verkauften Aware\u2122-Produkts an Water.org gespendet.<\/p>\n","protected":false},"excerpt":{"rendered":"<p>Dieser Swiss Peak AWARE\u2122 15,6&#8243; Laptop-Rucksack mit diebstahlsicherer R\u00fccken\u00f6ffnung macht es einfach, Ihre technischen Ger\u00e4te und pers\u00f6nlichen Gegenst\u00e4nde unterwegs zu transportieren. Das Innere verf\u00fcgt \u00fcber ein Laptop- und Tablet-Fach sowie RFID gesch\u00fctzte F\u00e4cher f\u00fcr Ihre Brieftasche und Ihren Reisepass ( NFC 13,56 MHz blockierend). Verbinden Sie Ihre Powerbank einfach an den integrierten USB-Ladeanschluss und laden [&hellip;]<\/p>\n","protected":false},"featured_media":37133,"template":"","meta":{"_acf_changed":false},"product_cat":[256,252],"product_tag":[],"class_list":["post-15184","product","type-product","status-publish","has-post-thumbnail","hentry","product_cat-rucksacke","product_cat-taschen-reise","pa_color-grey-de"],"acf":[],"yoast_head":"<!-- This site is optimized with the Yoast SEO plugin v27.0 - https:\/\/yoast.com\/product\/yoast-seo-wordpress\/ -->\n<title>Swiss Peak AWARE\u2122 Anti-Theft-RFID 15.6&quot;-Laptop-Rucksack, grau - Swiss Peak<\/title>\n<meta name=\"robots\" content=\"index, follow, max-snippet:-1, max-image-preview:large, max-video-preview:-1\" \/>\n<link rel=\"canonical\" href=\"https:\/\/swiss-peak.com\/de\/produkt\/swiss-peak-aware-anti-theft-rfid-15-laptop-rucksack-grau\/\" \/>\n<meta property=\"og:locale\" content=\"de_DE\" \/>\n<meta property=\"og:type\" content=\"article\" \/>\n<meta property=\"og:title\" content=\"Swiss Peak AWARE\u2122 Anti-Theft-RFID 15.6&quot;-Laptop-Rucksack, grau - Swiss Peak\" \/>\n<meta property=\"og:description\" content=\"Dieser Swiss Peak AWARE\u2122 15,6&#8243; Laptop-Rucksack mit diebstahlsicherer R\u00fccken\u00f6ffnung macht es einfach, Ihre technischen Ger\u00e4te und pers\u00f6nlichen Gegenst\u00e4nde unterwegs zu transportieren. Das Innere verf\u00fcgt \u00fcber ein Laptop- und Tablet-Fach sowie RFID gesch\u00fctzte F\u00e4cher f\u00fcr Ihre Brieftasche und Ihren Reisepass ( NFC 13,56 MHz blockierend). Verbinden Sie Ihre Powerbank einfach an den integrierten USB-Ladeanschluss und laden [&hellip;]\" \/>\n<meta property=\"og:url\" content=\"https:\/\/swiss-peak.com\/de\/produkt\/swiss-peak-aware-anti-theft-rfid-15-laptop-rucksack-grau\/\" \/>\n<meta property=\"og:site_name\" content=\"Swiss Peak\" \/>\n<meta property=\"article:modified_time\" content=\"2026-03-12T01:36:29+00:00\" \/>\n<meta property=\"og:image\" content=\"https:\/\/swiss-peak.com\/wp-content\/uploads\/sites\/9\/2024\/02\/P763.132__S_0__88c98d8c01c64152815d6cbd9d25579d.jpg\" \/>\n\t<meta property=\"og:image:width\" content=\"1024\" \/>\n\t<meta property=\"og:image:height\" content=\"1024\" \/>\n\t<meta property=\"og:image:type\" content=\"image\/jpeg\" \/>\n<meta name=\"twitter:card\" content=\"summary_large_image\" \/>\n<script type=\"application\/ld+json\" class=\"yoast-schema-graph\">{\"@context\":\"https:\/\/schema.org\",\"@graph\":[{\"@type\":\"WebPage\",\"@id\":\"https:\/\/swiss-peak.com\/de\/produkt\/swiss-peak-aware-anti-theft-rfid-15-laptop-rucksack-grau\/\",\"url\":\"https:\/\/swiss-peak.com\/de\/produkt\/swiss-peak-aware-anti-theft-rfid-15-laptop-rucksack-grau\/\",\"name\":\"Swiss Peak AWARE\u2122 Anti-Theft-RFID 15.6\\\"-Laptop-Rucksack, grau - Swiss Peak\",\"isPartOf\":{\"@id\":\"https:\/\/swiss-peak.com\/de\/#website\"},\"primaryImageOfPage\":{\"@id\":\"https:\/\/swiss-peak.com\/de\/produkt\/swiss-peak-aware-anti-theft-rfid-15-laptop-rucksack-grau\/#primaryimage\"},\"image\":{\"@id\":\"https:\/\/swiss-peak.com\/de\/produkt\/swiss-peak-aware-anti-theft-rfid-15-laptop-rucksack-grau\/#primaryimage\"},\"thumbnailUrl\":\"https:\/\/swiss-peak.com\/wp-content\/uploads\/sites\/9\/2024\/02\/P763.132__S_0__88c98d8c01c64152815d6cbd9d25579d.jpg\",\"datePublished\":\"2023-03-14T09:57:21+00:00\",\"dateModified\":\"2026-03-12T01:36:29+00:00\",\"breadcrumb\":{\"@id\":\"https:\/\/swiss-peak.com\/de\/produkt\/swiss-peak-aware-anti-theft-rfid-15-laptop-rucksack-grau\/#breadcrumb\"},\"inLanguage\":\"de\",\"potentialAction\":[{\"@type\":\"ReadAction\",\"target\":[\"https:\/\/swiss-peak.com\/de\/produkt\/swiss-peak-aware-anti-theft-rfid-15-laptop-rucksack-grau\/\"]}]},{\"@type\":\"ImageObject\",\"inLanguage\":\"de\",\"@id\":\"https:\/\/swiss-peak.com\/de\/produkt\/swiss-peak-aware-anti-theft-rfid-15-laptop-rucksack-grau\/#primaryimage\",\"url\":\"https:\/\/swiss-peak.com\/wp-content\/uploads\/sites\/9\/2024\/02\/P763.132__S_0__88c98d8c01c64152815d6cbd9d25579d.jpg\",\"contentUrl\":\"https:\/\/swiss-peak.com\/wp-content\/uploads\/sites\/9\/2024\/02\/P763.132__S_0__88c98d8c01c64152815d6cbd9d25579d.jpg\",\"width\":1024,\"height\":1024},{\"@type\":\"BreadcrumbList\",\"@id\":\"https:\/\/swiss-peak.com\/de\/produkt\/swiss-peak-aware-anti-theft-rfid-15-laptop-rucksack-grau\/#breadcrumb\",\"itemListElement\":[{\"@type\":\"ListItem\",\"position\":1,\"name\":\"Home\",\"item\":\"https:\/\/swiss-peak.com\/de\/\"},{\"@type\":\"ListItem\",\"position\":2,\"name\":\"Kollektion\",\"item\":\"https:\/\/swiss-peak.com\/de\/kollektion\/\"},{\"@type\":\"ListItem\",\"position\":3,\"name\":\"Swiss Peak AWARE\u2122 Anti-Theft-RFID 15.6&#8243;-Laptop-Rucksack, grau\"}]},{\"@type\":\"WebSite\",\"@id\":\"https:\/\/swiss-peak.com\/de\/#website\",\"url\":\"https:\/\/swiss-peak.com\/de\/\",\"name\":\"Swiss Peak\",\"description\":\"Where will today take you?\",\"potentialAction\":[{\"@type\":\"SearchAction\",\"target\":{\"@type\":\"EntryPoint\",\"urlTemplate\":\"https:\/\/swiss-peak.com\/de\/?s={search_term_string}\"},\"query-input\":{\"@type\":\"PropertyValueSpecification\",\"valueRequired\":true,\"valueName\":\"search_term_string\"}}],\"inLanguage\":\"de\"}]}<\/script>\n<!-- \/ Yoast SEO plugin. -->","yoast_head_json":{"title":"Swiss Peak AWARE\u2122 Anti-Theft-RFID 15.6\"-Laptop-Rucksack, grau - Swiss Peak","robots":{"index":"index","follow":"follow","max-snippet":"max-snippet:-1","max-image-preview":"max-image-preview:large","max-video-preview":"max-video-preview:-1"},"canonical":"https:\/\/swiss-peak.com\/de\/produkt\/swiss-peak-aware-anti-theft-rfid-15-laptop-rucksack-grau\/","og_locale":"de_DE","og_type":"article","og_title":"Swiss Peak AWARE\u2122 Anti-Theft-RFID 15.6\"-Laptop-Rucksack, grau - Swiss Peak","og_description":"Dieser Swiss Peak AWARE\u2122 15,6&#8243; Laptop-Rucksack mit diebstahlsicherer R\u00fccken\u00f6ffnung macht es einfach, Ihre technischen Ger\u00e4te und pers\u00f6nlichen Gegenst\u00e4nde unterwegs zu transportieren. Das Innere verf\u00fcgt \u00fcber ein Laptop- und Tablet-Fach sowie RFID gesch\u00fctzte F\u00e4cher f\u00fcr Ihre Brieftasche und Ihren Reisepass ( NFC 13,56 MHz blockierend). Verbinden Sie Ihre Powerbank einfach an den integrierten USB-Ladeanschluss und laden [&hellip;]","og_url":"https:\/\/swiss-peak.com\/de\/produkt\/swiss-peak-aware-anti-theft-rfid-15-laptop-rucksack-grau\/","og_site_name":"Swiss Peak","article_modified_time":"2026-03-12T01:36:29+00:00","og_image":[{"width":1024,"height":1024,"url":"https:\/\/swiss-peak.com\/wp-content\/uploads\/sites\/9\/2024\/02\/P763.132__S_0__88c98d8c01c64152815d6cbd9d25579d.jpg","type":"image\/jpeg"}],"twitter_card":"summary_large_image","schema":{"@context":"https:\/\/schema.org","@graph":[{"@type":"WebPage","@id":"https:\/\/swiss-peak.com\/de\/produkt\/swiss-peak-aware-anti-theft-rfid-15-laptop-rucksack-grau\/","url":"https:\/\/swiss-peak.com\/de\/produkt\/swiss-peak-aware-anti-theft-rfid-15-laptop-rucksack-grau\/","name":"Swiss Peak AWARE\u2122 Anti-Theft-RFID 15.6\"-Laptop-Rucksack, grau - Swiss Peak","isPartOf":{"@id":"https:\/\/swiss-peak.com\/de\/#website"},"primaryImageOfPage":{"@id":"https:\/\/swiss-peak.com\/de\/produkt\/swiss-peak-aware-anti-theft-rfid-15-laptop-rucksack-grau\/#primaryimage"},"image":{"@id":"https:\/\/swiss-peak.com\/de\/produkt\/swiss-peak-aware-anti-theft-rfid-15-laptop-rucksack-grau\/#primaryimage"},"thumbnailUrl":"https:\/\/swiss-peak.com\/wp-content\/uploads\/sites\/9\/2024\/02\/P763.132__S_0__88c98d8c01c64152815d6cbd9d25579d.jpg","datePublished":"2023-03-14T09:57:21+00:00","dateModified":"2026-03-12T01:36:29+00:00","breadcrumb":{"@id":"https:\/\/swiss-peak.com\/de\/produkt\/swiss-peak-aware-anti-theft-rfid-15-laptop-rucksack-grau\/#breadcrumb"},"inLanguage":"de","potentialAction":[{"@type":"ReadAction","target":["https:\/\/swiss-peak.com\/de\/produkt\/swiss-peak-aware-anti-theft-rfid-15-laptop-rucksack-grau\/"]}]},{"@type":"ImageObject","inLanguage":"de","@id":"https:\/\/swiss-peak.com\/de\/produkt\/swiss-peak-aware-anti-theft-rfid-15-laptop-rucksack-grau\/#primaryimage","url":"https:\/\/swiss-peak.com\/wp-content\/uploads\/sites\/9\/2024\/02\/P763.132__S_0__88c98d8c01c64152815d6cbd9d25579d.jpg","contentUrl":"https:\/\/swiss-peak.com\/wp-content\/uploads\/sites\/9\/2024\/02\/P763.132__S_0__88c98d8c01c64152815d6cbd9d25579d.jpg","width":1024,"height":1024},{"@type":"BreadcrumbList","@id":"https:\/\/swiss-peak.com\/de\/produkt\/swiss-peak-aware-anti-theft-rfid-15-laptop-rucksack-grau\/#breadcrumb","itemListElement":[{"@type":"ListItem","position":1,"name":"Home","item":"https:\/\/swiss-peak.com\/de\/"},{"@type":"ListItem","position":2,"name":"Kollektion","item":"https:\/\/swiss-peak.com\/de\/kollektion\/"},{"@type":"ListItem","position":3,"name":"Swiss Peak AWARE\u2122 Anti-Theft-RFID 15.6&#8243;-Laptop-Rucksack, grau"}]},{"@type":"WebSite","@id":"https:\/\/swiss-peak.com\/de\/#website","url":"https:\/\/swiss-peak.com\/de\/","name":"Swiss Peak","description":"Where will today take you?","potentialAction":[{"@type":"SearchAction","target":{"@type":"EntryPoint","urlTemplate":"https:\/\/swiss-peak.com\/de\/?s={search_term_string}"},"query-input":{"@type":"PropertyValueSpecification","valueRequired":true,"valueName":"search_term_string"}}],"inLanguage":"de"}]}},"_links":{"self":[{"href":"https:\/\/swiss-peak.com\/de\/wp-json\/wp\/v2\/product\/15184","targetHints":{"allow":["GET"]}}],"collection":[{"href":"https:\/\/swiss-peak.com\/de\/wp-json\/wp\/v2\/product"}],"about":[{"href":"https:\/\/swiss-peak.com\/de\/wp-json\/wp\/v2\/types\/product"}],"wp:featuredmedia":[{"embeddable":true,"href":"https:\/\/swiss-peak.com\/de\/wp-json\/wp\/v2\/media\/37133"}],"wp:attachment":[{"href":"https:\/\/swiss-peak.com\/de\/wp-json\/wp\/v2\/media?parent=15184"}],"wp:term":[{"taxonomy":"product_cat","embeddable":true,"href":"https:\/\/swiss-peak.com\/de\/wp-json\/wp\/v2\/product_cat?post=15184"},{"taxonomy":"product_tag","embeddable":true,"href":"https:\/\/swiss-peak.com\/de\/wp-json\/wp\/v2\/product_tag?post=15184"}],"curies":[{"name":"wp","href":"https:\/\/api.w.org\/{rel}","templated":true}]}}