{"id":15179,"date":"2023-03-14T11:56:56","date_gmt":"2023-03-14T09:56:56","guid":{"rendered":"https:\/\/xdsomename.tempurl.host\/swisspeak-website\/collection\/unkategorisiert\/aware-easy-access-15-laptop-rucksack-schwarz\/"},"modified":"2026-03-24T03:32:13","modified_gmt":"2026-03-24T01:32:13","slug":"aware-easy-access-15-laptop-rucksack-schwarz","status":"publish","type":"product","link":"https:\/\/swiss-peak.com\/de\/produkt\/aware-easy-access-15-laptop-rucksack-schwarz\/","title":{"rendered":"AWARE\u2122 Easy Access 15.6&#8243; Laptop-Rucksack, schwarz"},"content":{"rendered":"<p>Dieser moderne &amp; minimalistische Laptop-Rucksack aus recyceltem Polyester begleitet Sie auf jedem Weg durch die Berufswelt. Mit tiefen vertikalen Vordertaschen und einem gro\u00dfen, leicht zu \u00f6ffnenden Rei\u00dfverschluss, der ein ger\u00e4umiges Inneres mit F\u00e4chern f\u00fcr einen Laptop und ein iPad enth\u00fcllt. Enth\u00e4lt RFID-gesch\u00fctzte Innentaschen. Mit AWARE\u2122 Tracer, der die tats\u00e4chliche Verwendung von recycelten Materialien validiert. Zudem werden 2% des Erl\u00f6ses jedes verkauften Aware\u2122-Produkts an Water.org gespendet. PVC-frei.<\/p>\n","protected":false},"excerpt":{"rendered":"<p>Dieser moderne &amp; minimalistische Laptop-Rucksack aus recyceltem Polyester begleitet Sie auf jedem Weg durch die Berufswelt. Mit tiefen vertikalen Vordertaschen und einem gro\u00dfen, leicht zu \u00f6ffnenden Rei\u00dfverschluss, der ein ger\u00e4umiges Inneres mit F\u00e4chern f\u00fcr einen Laptop und ein iPad enth\u00fcllt. Enth\u00e4lt RFID-gesch\u00fctzte Innentaschen. Mit AWARE\u2122 Tracer, der die tats\u00e4chliche Verwendung von recycelten Materialien validiert. Zudem [&hellip;]<\/p>\n","protected":false},"featured_media":36464,"template":"","meta":{"_acf_changed":false},"product_cat":[256,252],"product_tag":[],"class_list":["post-15179","product","type-product","status-publish","has-post-thumbnail","hentry","product_cat-rucksacke","product_cat-taschen-reise","pa_color-black-de"],"acf":[],"yoast_head":"<!-- This site is optimized with the Yoast SEO plugin v27.0 - https:\/\/yoast.com\/product\/yoast-seo-wordpress\/ -->\n<title>AWARE\u2122 Easy Access 15.6&quot; Laptop-Rucksack, schwarz - Swiss Peak<\/title>\n<meta name=\"robots\" content=\"index, follow, max-snippet:-1, max-image-preview:large, max-video-preview:-1\" \/>\n<link rel=\"canonical\" href=\"https:\/\/swiss-peak.com\/de\/produkt\/aware-easy-access-15-laptop-rucksack-schwarz\/\" \/>\n<meta property=\"og:locale\" content=\"de_DE\" \/>\n<meta property=\"og:type\" content=\"article\" \/>\n<meta property=\"og:title\" content=\"AWARE\u2122 Easy Access 15.6&quot; Laptop-Rucksack, schwarz - Swiss Peak\" \/>\n<meta property=\"og:description\" content=\"Dieser moderne &amp; minimalistische Laptop-Rucksack aus recyceltem Polyester begleitet Sie auf jedem Weg durch die Berufswelt. Mit tiefen vertikalen Vordertaschen und einem gro\u00dfen, leicht zu \u00f6ffnenden Rei\u00dfverschluss, der ein ger\u00e4umiges Inneres mit F\u00e4chern f\u00fcr einen Laptop und ein iPad enth\u00fcllt. Enth\u00e4lt RFID-gesch\u00fctzte Innentaschen. Mit AWARE\u2122 Tracer, der die tats\u00e4chliche Verwendung von recycelten Materialien validiert. Zudem [&hellip;]\" \/>\n<meta property=\"og:url\" content=\"https:\/\/swiss-peak.com\/de\/produkt\/aware-easy-access-15-laptop-rucksack-schwarz\/\" \/>\n<meta property=\"og:site_name\" content=\"Swiss Peak\" \/>\n<meta property=\"article:modified_time\" content=\"2026-03-24T01:32:13+00:00\" \/>\n<meta property=\"og:image\" content=\"https:\/\/swiss-peak.com\/wp-content\/uploads\/sites\/9\/2024\/02\/P763.111__S_0__336485fba7f64ff29deb11b619b14e23.jpg\" \/>\n\t<meta property=\"og:image:width\" content=\"1024\" \/>\n\t<meta property=\"og:image:height\" content=\"1024\" \/>\n\t<meta property=\"og:image:type\" content=\"image\/jpeg\" \/>\n<meta name=\"twitter:card\" content=\"summary_large_image\" \/>\n<script type=\"application\/ld+json\" class=\"yoast-schema-graph\">{\"@context\":\"https:\/\/schema.org\",\"@graph\":[{\"@type\":\"WebPage\",\"@id\":\"https:\/\/swiss-peak.com\/de\/produkt\/aware-easy-access-15-laptop-rucksack-schwarz\/\",\"url\":\"https:\/\/swiss-peak.com\/de\/produkt\/aware-easy-access-15-laptop-rucksack-schwarz\/\",\"name\":\"AWARE\u2122 Easy Access 15.6\\\" Laptop-Rucksack, schwarz - Swiss Peak\",\"isPartOf\":{\"@id\":\"https:\/\/swiss-peak.com\/de\/#website\"},\"primaryImageOfPage\":{\"@id\":\"https:\/\/swiss-peak.com\/de\/produkt\/aware-easy-access-15-laptop-rucksack-schwarz\/#primaryimage\"},\"image\":{\"@id\":\"https:\/\/swiss-peak.com\/de\/produkt\/aware-easy-access-15-laptop-rucksack-schwarz\/#primaryimage\"},\"thumbnailUrl\":\"https:\/\/swiss-peak.com\/wp-content\/uploads\/sites\/9\/2024\/02\/P763.111__S_0__336485fba7f64ff29deb11b619b14e23.jpg\",\"datePublished\":\"2023-03-14T09:56:56+00:00\",\"dateModified\":\"2026-03-24T01:32:13+00:00\",\"breadcrumb\":{\"@id\":\"https:\/\/swiss-peak.com\/de\/produkt\/aware-easy-access-15-laptop-rucksack-schwarz\/#breadcrumb\"},\"inLanguage\":\"de\",\"potentialAction\":[{\"@type\":\"ReadAction\",\"target\":[\"https:\/\/swiss-peak.com\/de\/produkt\/aware-easy-access-15-laptop-rucksack-schwarz\/\"]}]},{\"@type\":\"ImageObject\",\"inLanguage\":\"de\",\"@id\":\"https:\/\/swiss-peak.com\/de\/produkt\/aware-easy-access-15-laptop-rucksack-schwarz\/#primaryimage\",\"url\":\"https:\/\/swiss-peak.com\/wp-content\/uploads\/sites\/9\/2024\/02\/P763.111__S_0__336485fba7f64ff29deb11b619b14e23.jpg\",\"contentUrl\":\"https:\/\/swiss-peak.com\/wp-content\/uploads\/sites\/9\/2024\/02\/P763.111__S_0__336485fba7f64ff29deb11b619b14e23.jpg\",\"width\":1024,\"height\":1024},{\"@type\":\"BreadcrumbList\",\"@id\":\"https:\/\/swiss-peak.com\/de\/produkt\/aware-easy-access-15-laptop-rucksack-schwarz\/#breadcrumb\",\"itemListElement\":[{\"@type\":\"ListItem\",\"position\":1,\"name\":\"Home\",\"item\":\"https:\/\/swiss-peak.com\/de\/\"},{\"@type\":\"ListItem\",\"position\":2,\"name\":\"Kollektion\",\"item\":\"https:\/\/swiss-peak.com\/de\/kollektion\/\"},{\"@type\":\"ListItem\",\"position\":3,\"name\":\"AWARE\u2122 Easy Access 15.6&#8243; Laptop-Rucksack, schwarz\"}]},{\"@type\":\"WebSite\",\"@id\":\"https:\/\/swiss-peak.com\/de\/#website\",\"url\":\"https:\/\/swiss-peak.com\/de\/\",\"name\":\"Swiss Peak\",\"description\":\"Where will today take you?\",\"potentialAction\":[{\"@type\":\"SearchAction\",\"target\":{\"@type\":\"EntryPoint\",\"urlTemplate\":\"https:\/\/swiss-peak.com\/de\/?s={search_term_string}\"},\"query-input\":{\"@type\":\"PropertyValueSpecification\",\"valueRequired\":true,\"valueName\":\"search_term_string\"}}],\"inLanguage\":\"de\"}]}<\/script>\n<!-- \/ Yoast SEO plugin. -->","yoast_head_json":{"title":"AWARE\u2122 Easy Access 15.6\" Laptop-Rucksack, schwarz - Swiss Peak","robots":{"index":"index","follow":"follow","max-snippet":"max-snippet:-1","max-image-preview":"max-image-preview:large","max-video-preview":"max-video-preview:-1"},"canonical":"https:\/\/swiss-peak.com\/de\/produkt\/aware-easy-access-15-laptop-rucksack-schwarz\/","og_locale":"de_DE","og_type":"article","og_title":"AWARE\u2122 Easy Access 15.6\" Laptop-Rucksack, schwarz - Swiss Peak","og_description":"Dieser moderne &amp; minimalistische Laptop-Rucksack aus recyceltem Polyester begleitet Sie auf jedem Weg durch die Berufswelt. Mit tiefen vertikalen Vordertaschen und einem gro\u00dfen, leicht zu \u00f6ffnenden Rei\u00dfverschluss, der ein ger\u00e4umiges Inneres mit F\u00e4chern f\u00fcr einen Laptop und ein iPad enth\u00fcllt. Enth\u00e4lt RFID-gesch\u00fctzte Innentaschen. Mit AWARE\u2122 Tracer, der die tats\u00e4chliche Verwendung von recycelten Materialien validiert. Zudem [&hellip;]","og_url":"https:\/\/swiss-peak.com\/de\/produkt\/aware-easy-access-15-laptop-rucksack-schwarz\/","og_site_name":"Swiss Peak","article_modified_time":"2026-03-24T01:32:13+00:00","og_image":[{"width":1024,"height":1024,"url":"https:\/\/swiss-peak.com\/wp-content\/uploads\/sites\/9\/2024\/02\/P763.111__S_0__336485fba7f64ff29deb11b619b14e23.jpg","type":"image\/jpeg"}],"twitter_card":"summary_large_image","schema":{"@context":"https:\/\/schema.org","@graph":[{"@type":"WebPage","@id":"https:\/\/swiss-peak.com\/de\/produkt\/aware-easy-access-15-laptop-rucksack-schwarz\/","url":"https:\/\/swiss-peak.com\/de\/produkt\/aware-easy-access-15-laptop-rucksack-schwarz\/","name":"AWARE\u2122 Easy Access 15.6\" Laptop-Rucksack, schwarz - Swiss Peak","isPartOf":{"@id":"https:\/\/swiss-peak.com\/de\/#website"},"primaryImageOfPage":{"@id":"https:\/\/swiss-peak.com\/de\/produkt\/aware-easy-access-15-laptop-rucksack-schwarz\/#primaryimage"},"image":{"@id":"https:\/\/swiss-peak.com\/de\/produkt\/aware-easy-access-15-laptop-rucksack-schwarz\/#primaryimage"},"thumbnailUrl":"https:\/\/swiss-peak.com\/wp-content\/uploads\/sites\/9\/2024\/02\/P763.111__S_0__336485fba7f64ff29deb11b619b14e23.jpg","datePublished":"2023-03-14T09:56:56+00:00","dateModified":"2026-03-24T01:32:13+00:00","breadcrumb":{"@id":"https:\/\/swiss-peak.com\/de\/produkt\/aware-easy-access-15-laptop-rucksack-schwarz\/#breadcrumb"},"inLanguage":"de","potentialAction":[{"@type":"ReadAction","target":["https:\/\/swiss-peak.com\/de\/produkt\/aware-easy-access-15-laptop-rucksack-schwarz\/"]}]},{"@type":"ImageObject","inLanguage":"de","@id":"https:\/\/swiss-peak.com\/de\/produkt\/aware-easy-access-15-laptop-rucksack-schwarz\/#primaryimage","url":"https:\/\/swiss-peak.com\/wp-content\/uploads\/sites\/9\/2024\/02\/P763.111__S_0__336485fba7f64ff29deb11b619b14e23.jpg","contentUrl":"https:\/\/swiss-peak.com\/wp-content\/uploads\/sites\/9\/2024\/02\/P763.111__S_0__336485fba7f64ff29deb11b619b14e23.jpg","width":1024,"height":1024},{"@type":"BreadcrumbList","@id":"https:\/\/swiss-peak.com\/de\/produkt\/aware-easy-access-15-laptop-rucksack-schwarz\/#breadcrumb","itemListElement":[{"@type":"ListItem","position":1,"name":"Home","item":"https:\/\/swiss-peak.com\/de\/"},{"@type":"ListItem","position":2,"name":"Kollektion","item":"https:\/\/swiss-peak.com\/de\/kollektion\/"},{"@type":"ListItem","position":3,"name":"AWARE\u2122 Easy Access 15.6&#8243; Laptop-Rucksack, schwarz"}]},{"@type":"WebSite","@id":"https:\/\/swiss-peak.com\/de\/#website","url":"https:\/\/swiss-peak.com\/de\/","name":"Swiss Peak","description":"Where will today take you?","potentialAction":[{"@type":"SearchAction","target":{"@type":"EntryPoint","urlTemplate":"https:\/\/swiss-peak.com\/de\/?s={search_term_string}"},"query-input":{"@type":"PropertyValueSpecification","valueRequired":true,"valueName":"search_term_string"}}],"inLanguage":"de"}]}},"_links":{"self":[{"href":"https:\/\/swiss-peak.com\/de\/wp-json\/wp\/v2\/product\/15179","targetHints":{"allow":["GET"]}}],"collection":[{"href":"https:\/\/swiss-peak.com\/de\/wp-json\/wp\/v2\/product"}],"about":[{"href":"https:\/\/swiss-peak.com\/de\/wp-json\/wp\/v2\/types\/product"}],"wp:featuredmedia":[{"embeddable":true,"href":"https:\/\/swiss-peak.com\/de\/wp-json\/wp\/v2\/media\/36464"}],"wp:attachment":[{"href":"https:\/\/swiss-peak.com\/de\/wp-json\/wp\/v2\/media?parent=15179"}],"wp:term":[{"taxonomy":"product_cat","embeddable":true,"href":"https:\/\/swiss-peak.com\/de\/wp-json\/wp\/v2\/product_cat?post=15179"},{"taxonomy":"product_tag","embeddable":true,"href":"https:\/\/swiss-peak.com\/de\/wp-json\/wp\/v2\/product_tag?post=15179"}],"curies":[{"name":"wp","href":"https:\/\/api.w.org\/{rel}","templated":true}]}}