{"id":15177,"date":"2023-03-14T11:56:56","date_gmt":"2023-03-14T09:56:56","guid":{"rendered":"https:\/\/xdsomename.tempurl.host\/swisspeak-website\/collection\/unkategorisiert\/swiss-peak-156-anti-diebstahl-laptop-rucksack-schwarz\/"},"modified":"2026-03-12T03:36:12","modified_gmt":"2026-03-12T01:36:12","slug":"swiss-peak-156-anti-diebstahl-laptop-rucksack-schwarz","status":"publish","type":"product","link":"https:\/\/swiss-peak.com\/de\/produkt\/swiss-peak-156-anti-diebstahl-laptop-rucksack-schwarz\/","title":{"rendered":"15,6&#8243; Anti-Diebstahl Laptop-Rucksack, schwarz"},"content":{"rendered":"<p>Dieser diebstahlsichere 15,6-Zoll-Laptop-Rucksack von Swiss Peak ist der stilvolle Begleiter f\u00fcr Ihre t\u00e4gliche Fahrt zur Arbeit. Die versteckten Rei\u00dfverschl\u00fcsse und Geheimtaschen, die all Ihre Sachen sicher aufbewahren. Schlie\u00dfen Sie Ihre Powerbank einfach an den integrierten USB-Ladeanschluss an und laden Sie Ihr Telefon oder Tablet unterwegs auf und bleiben Sie dank der reflektierenden Sicherheitsstreifen auch im Dunklen sichtbar. Mit AWARE\u2122 Tracer, der die tats\u00e4chliche Verwendung von recycelten Materialien validiert. Zudem werden 2% des Erl\u00f6ses jedes verkauften AWARE\u2122-Produkts an Water.org gespendet. PVC-frei. Registered design\u00ae<\/p>\n","protected":false},"excerpt":{"rendered":"<p>Dieser diebstahlsichere 15,6-Zoll-Laptop-Rucksack von Swiss Peak ist der stilvolle Begleiter f\u00fcr Ihre t\u00e4gliche Fahrt zur Arbeit. Die versteckten Rei\u00dfverschl\u00fcsse und Geheimtaschen, die all Ihre Sachen sicher aufbewahren. Schlie\u00dfen Sie Ihre Powerbank einfach an den integrierten USB-Ladeanschluss an und laden Sie Ihr Telefon oder Tablet unterwegs auf und bleiben Sie dank der reflektierenden Sicherheitsstreifen auch im [&hellip;]<\/p>\n","protected":false},"featured_media":35844,"template":"","meta":{"_acf_changed":false},"product_cat":[256,252],"product_tag":[],"class_list":["post-15177","product","type-product","status-publish","has-post-thumbnail","hentry","product_cat-rucksacke","product_cat-taschen-reise","pa_color-black-de"],"acf":[],"yoast_head":"<!-- This site is optimized with the Yoast SEO plugin v27.0 - https:\/\/yoast.com\/product\/yoast-seo-wordpress\/ -->\n<title>15,6&quot; Anti-Diebstahl Laptop-Rucksack, schwarz - Swiss Peak<\/title>\n<meta name=\"robots\" content=\"index, follow, max-snippet:-1, max-image-preview:large, max-video-preview:-1\" \/>\n<link rel=\"canonical\" href=\"https:\/\/swiss-peak.com\/de\/produkt\/swiss-peak-156-anti-diebstahl-laptop-rucksack-schwarz\/\" \/>\n<meta property=\"og:locale\" content=\"de_DE\" \/>\n<meta property=\"og:type\" content=\"article\" \/>\n<meta property=\"og:title\" content=\"15,6&quot; Anti-Diebstahl Laptop-Rucksack, schwarz - Swiss Peak\" \/>\n<meta property=\"og:description\" content=\"Dieser diebstahlsichere 15,6-Zoll-Laptop-Rucksack von Swiss Peak ist der stilvolle Begleiter f\u00fcr Ihre t\u00e4gliche Fahrt zur Arbeit. Die versteckten Rei\u00dfverschl\u00fcsse und Geheimtaschen, die all Ihre Sachen sicher aufbewahren. Schlie\u00dfen Sie Ihre Powerbank einfach an den integrierten USB-Ladeanschluss an und laden Sie Ihr Telefon oder Tablet unterwegs auf und bleiben Sie dank der reflektierenden Sicherheitsstreifen auch im [&hellip;]\" \/>\n<meta property=\"og:url\" content=\"https:\/\/swiss-peak.com\/de\/produkt\/swiss-peak-156-anti-diebstahl-laptop-rucksack-schwarz\/\" \/>\n<meta property=\"og:site_name\" content=\"Swiss Peak\" \/>\n<meta property=\"article:modified_time\" content=\"2026-03-12T01:36:12+00:00\" \/>\n<meta property=\"og:image\" content=\"https:\/\/swiss-peak.com\/wp-content\/uploads\/sites\/9\/2024\/02\/P763.091__S_0__eb2c775611d44b8aab039c5d5dacd255.jpg\" \/>\n\t<meta property=\"og:image:width\" content=\"1024\" \/>\n\t<meta property=\"og:image:height\" content=\"1024\" \/>\n\t<meta property=\"og:image:type\" content=\"image\/jpeg\" \/>\n<meta name=\"twitter:card\" content=\"summary_large_image\" \/>\n<script type=\"application\/ld+json\" class=\"yoast-schema-graph\">{\"@context\":\"https:\/\/schema.org\",\"@graph\":[{\"@type\":\"WebPage\",\"@id\":\"https:\/\/swiss-peak.com\/de\/produkt\/swiss-peak-156-anti-diebstahl-laptop-rucksack-schwarz\/\",\"url\":\"https:\/\/swiss-peak.com\/de\/produkt\/swiss-peak-156-anti-diebstahl-laptop-rucksack-schwarz\/\",\"name\":\"15,6\\\" Anti-Diebstahl Laptop-Rucksack, schwarz - Swiss Peak\",\"isPartOf\":{\"@id\":\"https:\/\/swiss-peak.com\/de\/#website\"},\"primaryImageOfPage\":{\"@id\":\"https:\/\/swiss-peak.com\/de\/produkt\/swiss-peak-156-anti-diebstahl-laptop-rucksack-schwarz\/#primaryimage\"},\"image\":{\"@id\":\"https:\/\/swiss-peak.com\/de\/produkt\/swiss-peak-156-anti-diebstahl-laptop-rucksack-schwarz\/#primaryimage\"},\"thumbnailUrl\":\"https:\/\/swiss-peak.com\/wp-content\/uploads\/sites\/9\/2024\/02\/P763.091__S_0__eb2c775611d44b8aab039c5d5dacd255.jpg\",\"datePublished\":\"2023-03-14T09:56:56+00:00\",\"dateModified\":\"2026-03-12T01:36:12+00:00\",\"breadcrumb\":{\"@id\":\"https:\/\/swiss-peak.com\/de\/produkt\/swiss-peak-156-anti-diebstahl-laptop-rucksack-schwarz\/#breadcrumb\"},\"inLanguage\":\"de\",\"potentialAction\":[{\"@type\":\"ReadAction\",\"target\":[\"https:\/\/swiss-peak.com\/de\/produkt\/swiss-peak-156-anti-diebstahl-laptop-rucksack-schwarz\/\"]}]},{\"@type\":\"ImageObject\",\"inLanguage\":\"de\",\"@id\":\"https:\/\/swiss-peak.com\/de\/produkt\/swiss-peak-156-anti-diebstahl-laptop-rucksack-schwarz\/#primaryimage\",\"url\":\"https:\/\/swiss-peak.com\/wp-content\/uploads\/sites\/9\/2024\/02\/P763.091__S_0__eb2c775611d44b8aab039c5d5dacd255.jpg\",\"contentUrl\":\"https:\/\/swiss-peak.com\/wp-content\/uploads\/sites\/9\/2024\/02\/P763.091__S_0__eb2c775611d44b8aab039c5d5dacd255.jpg\",\"width\":1024,\"height\":1024},{\"@type\":\"BreadcrumbList\",\"@id\":\"https:\/\/swiss-peak.com\/de\/produkt\/swiss-peak-156-anti-diebstahl-laptop-rucksack-schwarz\/#breadcrumb\",\"itemListElement\":[{\"@type\":\"ListItem\",\"position\":1,\"name\":\"Home\",\"item\":\"https:\/\/swiss-peak.com\/de\/\"},{\"@type\":\"ListItem\",\"position\":2,\"name\":\"Kollektion\",\"item\":\"https:\/\/swiss-peak.com\/de\/kollektion\/\"},{\"@type\":\"ListItem\",\"position\":3,\"name\":\"15,6&#8243; Anti-Diebstahl Laptop-Rucksack, schwarz\"}]},{\"@type\":\"WebSite\",\"@id\":\"https:\/\/swiss-peak.com\/de\/#website\",\"url\":\"https:\/\/swiss-peak.com\/de\/\",\"name\":\"Swiss Peak\",\"description\":\"Where will today take you?\",\"potentialAction\":[{\"@type\":\"SearchAction\",\"target\":{\"@type\":\"EntryPoint\",\"urlTemplate\":\"https:\/\/swiss-peak.com\/de\/?s={search_term_string}\"},\"query-input\":{\"@type\":\"PropertyValueSpecification\",\"valueRequired\":true,\"valueName\":\"search_term_string\"}}],\"inLanguage\":\"de\"}]}<\/script>\n<!-- \/ Yoast SEO plugin. -->","yoast_head_json":{"title":"15,6\" Anti-Diebstahl Laptop-Rucksack, schwarz - Swiss Peak","robots":{"index":"index","follow":"follow","max-snippet":"max-snippet:-1","max-image-preview":"max-image-preview:large","max-video-preview":"max-video-preview:-1"},"canonical":"https:\/\/swiss-peak.com\/de\/produkt\/swiss-peak-156-anti-diebstahl-laptop-rucksack-schwarz\/","og_locale":"de_DE","og_type":"article","og_title":"15,6\" Anti-Diebstahl Laptop-Rucksack, schwarz - Swiss Peak","og_description":"Dieser diebstahlsichere 15,6-Zoll-Laptop-Rucksack von Swiss Peak ist der stilvolle Begleiter f\u00fcr Ihre t\u00e4gliche Fahrt zur Arbeit. Die versteckten Rei\u00dfverschl\u00fcsse und Geheimtaschen, die all Ihre Sachen sicher aufbewahren. Schlie\u00dfen Sie Ihre Powerbank einfach an den integrierten USB-Ladeanschluss an und laden Sie Ihr Telefon oder Tablet unterwegs auf und bleiben Sie dank der reflektierenden Sicherheitsstreifen auch im [&hellip;]","og_url":"https:\/\/swiss-peak.com\/de\/produkt\/swiss-peak-156-anti-diebstahl-laptop-rucksack-schwarz\/","og_site_name":"Swiss Peak","article_modified_time":"2026-03-12T01:36:12+00:00","og_image":[{"width":1024,"height":1024,"url":"https:\/\/swiss-peak.com\/wp-content\/uploads\/sites\/9\/2024\/02\/P763.091__S_0__eb2c775611d44b8aab039c5d5dacd255.jpg","type":"image\/jpeg"}],"twitter_card":"summary_large_image","schema":{"@context":"https:\/\/schema.org","@graph":[{"@type":"WebPage","@id":"https:\/\/swiss-peak.com\/de\/produkt\/swiss-peak-156-anti-diebstahl-laptop-rucksack-schwarz\/","url":"https:\/\/swiss-peak.com\/de\/produkt\/swiss-peak-156-anti-diebstahl-laptop-rucksack-schwarz\/","name":"15,6\" Anti-Diebstahl Laptop-Rucksack, schwarz - Swiss Peak","isPartOf":{"@id":"https:\/\/swiss-peak.com\/de\/#website"},"primaryImageOfPage":{"@id":"https:\/\/swiss-peak.com\/de\/produkt\/swiss-peak-156-anti-diebstahl-laptop-rucksack-schwarz\/#primaryimage"},"image":{"@id":"https:\/\/swiss-peak.com\/de\/produkt\/swiss-peak-156-anti-diebstahl-laptop-rucksack-schwarz\/#primaryimage"},"thumbnailUrl":"https:\/\/swiss-peak.com\/wp-content\/uploads\/sites\/9\/2024\/02\/P763.091__S_0__eb2c775611d44b8aab039c5d5dacd255.jpg","datePublished":"2023-03-14T09:56:56+00:00","dateModified":"2026-03-12T01:36:12+00:00","breadcrumb":{"@id":"https:\/\/swiss-peak.com\/de\/produkt\/swiss-peak-156-anti-diebstahl-laptop-rucksack-schwarz\/#breadcrumb"},"inLanguage":"de","potentialAction":[{"@type":"ReadAction","target":["https:\/\/swiss-peak.com\/de\/produkt\/swiss-peak-156-anti-diebstahl-laptop-rucksack-schwarz\/"]}]},{"@type":"ImageObject","inLanguage":"de","@id":"https:\/\/swiss-peak.com\/de\/produkt\/swiss-peak-156-anti-diebstahl-laptop-rucksack-schwarz\/#primaryimage","url":"https:\/\/swiss-peak.com\/wp-content\/uploads\/sites\/9\/2024\/02\/P763.091__S_0__eb2c775611d44b8aab039c5d5dacd255.jpg","contentUrl":"https:\/\/swiss-peak.com\/wp-content\/uploads\/sites\/9\/2024\/02\/P763.091__S_0__eb2c775611d44b8aab039c5d5dacd255.jpg","width":1024,"height":1024},{"@type":"BreadcrumbList","@id":"https:\/\/swiss-peak.com\/de\/produkt\/swiss-peak-156-anti-diebstahl-laptop-rucksack-schwarz\/#breadcrumb","itemListElement":[{"@type":"ListItem","position":1,"name":"Home","item":"https:\/\/swiss-peak.com\/de\/"},{"@type":"ListItem","position":2,"name":"Kollektion","item":"https:\/\/swiss-peak.com\/de\/kollektion\/"},{"@type":"ListItem","position":3,"name":"15,6&#8243; Anti-Diebstahl Laptop-Rucksack, schwarz"}]},{"@type":"WebSite","@id":"https:\/\/swiss-peak.com\/de\/#website","url":"https:\/\/swiss-peak.com\/de\/","name":"Swiss Peak","description":"Where will today take you?","potentialAction":[{"@type":"SearchAction","target":{"@type":"EntryPoint","urlTemplate":"https:\/\/swiss-peak.com\/de\/?s={search_term_string}"},"query-input":{"@type":"PropertyValueSpecification","valueRequired":true,"valueName":"search_term_string"}}],"inLanguage":"de"}]}},"_links":{"self":[{"href":"https:\/\/swiss-peak.com\/de\/wp-json\/wp\/v2\/product\/15177","targetHints":{"allow":["GET"]}}],"collection":[{"href":"https:\/\/swiss-peak.com\/de\/wp-json\/wp\/v2\/product"}],"about":[{"href":"https:\/\/swiss-peak.com\/de\/wp-json\/wp\/v2\/types\/product"}],"wp:featuredmedia":[{"embeddable":true,"href":"https:\/\/swiss-peak.com\/de\/wp-json\/wp\/v2\/media\/35844"}],"wp:attachment":[{"href":"https:\/\/swiss-peak.com\/de\/wp-json\/wp\/v2\/media?parent=15177"}],"wp:term":[{"taxonomy":"product_cat","embeddable":true,"href":"https:\/\/swiss-peak.com\/de\/wp-json\/wp\/v2\/product_cat?post=15177"},{"taxonomy":"product_tag","embeddable":true,"href":"https:\/\/swiss-peak.com\/de\/wp-json\/wp\/v2\/product_tag?post=15177"}],"curies":[{"name":"wp","href":"https:\/\/api.w.org\/{rel}","templated":true}]}}