{"id":15176,"date":"2023-03-14T11:56:56","date_gmt":"2023-03-14T09:56:56","guid":{"rendered":"https:\/\/xdsomename.tempurl.host\/swisspeak-website\/collection\/unkategorisiert\/aware-rpet-15-6-business-rucksack-schwarz\/"},"modified":"2026-04-16T02:35:21","modified_gmt":"2026-04-16T00:35:21","slug":"aware-rpet-15-6-business-rucksack-schwarz","status":"publish","type":"product","link":"https:\/\/swiss-peak.com\/de\/produkt\/aware-rpet-15-6-business-rucksack-schwarz\/","title":{"rendered":"AWARE\u2122 RPET 15.6&#8243; Business Rucksack, schwarz"},"content":{"rendered":"<p>Der Swiss Peak AWARE\u2122 RPET 15,6&#8243; Business-Rucksack ist ein wetterfester Rucksack f\u00fcr die Arbeit und allt\u00e4gliche Abenteuer. Der Rucksack verf\u00fcgt \u00fcber ein ger\u00e4umiges Hauptfach und bietet unterwegs durch den seitlichen Rei\u00dfvershluss schnellen Zugriff auf Ihren Laptop. Angenehm zu tragen durch konturierte, atmungsaktive Schultergurte, eine gepolsterte R\u00fcckenpartie und voll verstellbare Brustgurte. Eine obere Rei\u00dfverschlusstasche bietet Platz f\u00fcr alle wichtigen Dinge des t\u00e4glichen Bedarfs. Das \u00c4u\u00dfere besteht aus PU und 1200D recyceltem Polyester. Das Futter besteht aus 100% recyceltem 150D-Polyester. Mit AWARE\u2122 Tracer, der die Verwendung tats\u00e4chlich recycelter Materialien best\u00e4tigt. Zudem werden 2% des Erl\u00f6ses jedes verkauften Impact-Produkts mit AWARE\u2122 Tracer an Water.org gespendet.<\/p>\n","protected":false},"excerpt":{"rendered":"<p>Der Swiss Peak AWARE\u2122 RPET 15,6&#8243; Business-Rucksack ist ein wetterfester Rucksack f\u00fcr die Arbeit und allt\u00e4gliche Abenteuer. Der Rucksack verf\u00fcgt \u00fcber ein ger\u00e4umiges Hauptfach und bietet unterwegs durch den seitlichen Rei\u00dfvershluss schnellen Zugriff auf Ihren Laptop. Angenehm zu tragen durch konturierte, atmungsaktive Schultergurte, eine gepolsterte R\u00fcckenpartie und voll verstellbare Brustgurte. Eine obere Rei\u00dfverschlusstasche bietet Platz [&hellip;]<\/p>\n","protected":false},"featured_media":46396,"template":"","meta":{"_acf_changed":false},"product_cat":[256,252],"product_tag":[],"class_list":["post-15176","product","type-product","status-publish","has-post-thumbnail","hentry","product_cat-rucksacke","product_cat-taschen-reise","pa_color-black-de"],"acf":[],"yoast_head":"<!-- This site is optimized with the Yoast SEO plugin v27.0 - https:\/\/yoast.com\/product\/yoast-seo-wordpress\/ -->\n<title>AWARE\u2122 RPET 15.6&quot; Business Rucksack, schwarz - Swiss Peak<\/title>\n<meta name=\"robots\" content=\"index, follow, max-snippet:-1, max-image-preview:large, max-video-preview:-1\" \/>\n<link rel=\"canonical\" href=\"https:\/\/swiss-peak.com\/de\/produkt\/aware-rpet-15-6-business-rucksack-schwarz\/\" \/>\n<meta property=\"og:locale\" content=\"de_DE\" \/>\n<meta property=\"og:type\" content=\"article\" \/>\n<meta property=\"og:title\" content=\"AWARE\u2122 RPET 15.6&quot; Business Rucksack, schwarz - Swiss Peak\" \/>\n<meta property=\"og:description\" content=\"Der Swiss Peak AWARE\u2122 RPET 15,6&#8243; Business-Rucksack ist ein wetterfester Rucksack f\u00fcr die Arbeit und allt\u00e4gliche Abenteuer. Der Rucksack verf\u00fcgt \u00fcber ein ger\u00e4umiges Hauptfach und bietet unterwegs durch den seitlichen Rei\u00dfvershluss schnellen Zugriff auf Ihren Laptop. Angenehm zu tragen durch konturierte, atmungsaktive Schultergurte, eine gepolsterte R\u00fcckenpartie und voll verstellbare Brustgurte. Eine obere Rei\u00dfverschlusstasche bietet Platz [&hellip;]\" \/>\n<meta property=\"og:url\" content=\"https:\/\/swiss-peak.com\/de\/produkt\/aware-rpet-15-6-business-rucksack-schwarz\/\" \/>\n<meta property=\"og:site_name\" content=\"Swiss Peak\" \/>\n<meta property=\"article:modified_time\" content=\"2026-04-16T00:35:21+00:00\" \/>\n<meta property=\"og:image\" content=\"https:\/\/swiss-peak.com\/wp-content\/uploads\/sites\/9\/2026\/04\/P762.891__S_0__814f9a9973ae4c40ab9515c3e4179e33.jpg\" \/>\n\t<meta property=\"og:image:width\" content=\"1024\" \/>\n\t<meta property=\"og:image:height\" content=\"1024\" \/>\n\t<meta property=\"og:image:type\" content=\"image\/jpeg\" \/>\n<meta name=\"twitter:card\" content=\"summary_large_image\" \/>\n<meta name=\"twitter:label1\" content=\"Gesch\u00e4tzte Lesezeit\" \/>\n\t<meta name=\"twitter:data1\" content=\"1\u00a0Minute\" \/>\n<script type=\"application\/ld+json\" class=\"yoast-schema-graph\">{\"@context\":\"https:\/\/schema.org\",\"@graph\":[{\"@type\":\"WebPage\",\"@id\":\"https:\/\/swiss-peak.com\/de\/produkt\/aware-rpet-15-6-business-rucksack-schwarz\/\",\"url\":\"https:\/\/swiss-peak.com\/de\/produkt\/aware-rpet-15-6-business-rucksack-schwarz\/\",\"name\":\"AWARE\u2122 RPET 15.6\\\" Business Rucksack, schwarz - Swiss Peak\",\"isPartOf\":{\"@id\":\"https:\/\/swiss-peak.com\/de\/#website\"},\"primaryImageOfPage\":{\"@id\":\"https:\/\/swiss-peak.com\/de\/produkt\/aware-rpet-15-6-business-rucksack-schwarz\/#primaryimage\"},\"image\":{\"@id\":\"https:\/\/swiss-peak.com\/de\/produkt\/aware-rpet-15-6-business-rucksack-schwarz\/#primaryimage\"},\"thumbnailUrl\":\"https:\/\/swiss-peak.com\/wp-content\/uploads\/sites\/9\/2026\/04\/P762.891__S_0__814f9a9973ae4c40ab9515c3e4179e33.jpg\",\"datePublished\":\"2023-03-14T09:56:56+00:00\",\"dateModified\":\"2026-04-16T00:35:21+00:00\",\"breadcrumb\":{\"@id\":\"https:\/\/swiss-peak.com\/de\/produkt\/aware-rpet-15-6-business-rucksack-schwarz\/#breadcrumb\"},\"inLanguage\":\"de\",\"potentialAction\":[{\"@type\":\"ReadAction\",\"target\":[\"https:\/\/swiss-peak.com\/de\/produkt\/aware-rpet-15-6-business-rucksack-schwarz\/\"]}]},{\"@type\":\"ImageObject\",\"inLanguage\":\"de\",\"@id\":\"https:\/\/swiss-peak.com\/de\/produkt\/aware-rpet-15-6-business-rucksack-schwarz\/#primaryimage\",\"url\":\"https:\/\/swiss-peak.com\/wp-content\/uploads\/sites\/9\/2026\/04\/P762.891__S_0__814f9a9973ae4c40ab9515c3e4179e33.jpg\",\"contentUrl\":\"https:\/\/swiss-peak.com\/wp-content\/uploads\/sites\/9\/2026\/04\/P762.891__S_0__814f9a9973ae4c40ab9515c3e4179e33.jpg\",\"width\":1024,\"height\":1024},{\"@type\":\"BreadcrumbList\",\"@id\":\"https:\/\/swiss-peak.com\/de\/produkt\/aware-rpet-15-6-business-rucksack-schwarz\/#breadcrumb\",\"itemListElement\":[{\"@type\":\"ListItem\",\"position\":1,\"name\":\"Home\",\"item\":\"https:\/\/swiss-peak.com\/de\/\"},{\"@type\":\"ListItem\",\"position\":2,\"name\":\"Kollektion\",\"item\":\"https:\/\/swiss-peak.com\/de\/kollektion\/\"},{\"@type\":\"ListItem\",\"position\":3,\"name\":\"AWARE\u2122 RPET 15.6&#8243; Business Rucksack, schwarz\"}]},{\"@type\":\"WebSite\",\"@id\":\"https:\/\/swiss-peak.com\/de\/#website\",\"url\":\"https:\/\/swiss-peak.com\/de\/\",\"name\":\"Swiss Peak\",\"description\":\"Where will today take you?\",\"potentialAction\":[{\"@type\":\"SearchAction\",\"target\":{\"@type\":\"EntryPoint\",\"urlTemplate\":\"https:\/\/swiss-peak.com\/de\/?s={search_term_string}\"},\"query-input\":{\"@type\":\"PropertyValueSpecification\",\"valueRequired\":true,\"valueName\":\"search_term_string\"}}],\"inLanguage\":\"de\"}]}<\/script>\n<!-- \/ Yoast SEO plugin. -->","yoast_head_json":{"title":"AWARE\u2122 RPET 15.6\" Business Rucksack, schwarz - Swiss Peak","robots":{"index":"index","follow":"follow","max-snippet":"max-snippet:-1","max-image-preview":"max-image-preview:large","max-video-preview":"max-video-preview:-1"},"canonical":"https:\/\/swiss-peak.com\/de\/produkt\/aware-rpet-15-6-business-rucksack-schwarz\/","og_locale":"de_DE","og_type":"article","og_title":"AWARE\u2122 RPET 15.6\" Business Rucksack, schwarz - Swiss Peak","og_description":"Der Swiss Peak AWARE\u2122 RPET 15,6&#8243; Business-Rucksack ist ein wetterfester Rucksack f\u00fcr die Arbeit und allt\u00e4gliche Abenteuer. Der Rucksack verf\u00fcgt \u00fcber ein ger\u00e4umiges Hauptfach und bietet unterwegs durch den seitlichen Rei\u00dfvershluss schnellen Zugriff auf Ihren Laptop. Angenehm zu tragen durch konturierte, atmungsaktive Schultergurte, eine gepolsterte R\u00fcckenpartie und voll verstellbare Brustgurte. Eine obere Rei\u00dfverschlusstasche bietet Platz [&hellip;]","og_url":"https:\/\/swiss-peak.com\/de\/produkt\/aware-rpet-15-6-business-rucksack-schwarz\/","og_site_name":"Swiss Peak","article_modified_time":"2026-04-16T00:35:21+00:00","og_image":[{"width":1024,"height":1024,"url":"https:\/\/swiss-peak.com\/wp-content\/uploads\/sites\/9\/2026\/04\/P762.891__S_0__814f9a9973ae4c40ab9515c3e4179e33.jpg","type":"image\/jpeg"}],"twitter_card":"summary_large_image","twitter_misc":{"Gesch\u00e4tzte Lesezeit":"1\u00a0Minute"},"schema":{"@context":"https:\/\/schema.org","@graph":[{"@type":"WebPage","@id":"https:\/\/swiss-peak.com\/de\/produkt\/aware-rpet-15-6-business-rucksack-schwarz\/","url":"https:\/\/swiss-peak.com\/de\/produkt\/aware-rpet-15-6-business-rucksack-schwarz\/","name":"AWARE\u2122 RPET 15.6\" Business Rucksack, schwarz - Swiss Peak","isPartOf":{"@id":"https:\/\/swiss-peak.com\/de\/#website"},"primaryImageOfPage":{"@id":"https:\/\/swiss-peak.com\/de\/produkt\/aware-rpet-15-6-business-rucksack-schwarz\/#primaryimage"},"image":{"@id":"https:\/\/swiss-peak.com\/de\/produkt\/aware-rpet-15-6-business-rucksack-schwarz\/#primaryimage"},"thumbnailUrl":"https:\/\/swiss-peak.com\/wp-content\/uploads\/sites\/9\/2026\/04\/P762.891__S_0__814f9a9973ae4c40ab9515c3e4179e33.jpg","datePublished":"2023-03-14T09:56:56+00:00","dateModified":"2026-04-16T00:35:21+00:00","breadcrumb":{"@id":"https:\/\/swiss-peak.com\/de\/produkt\/aware-rpet-15-6-business-rucksack-schwarz\/#breadcrumb"},"inLanguage":"de","potentialAction":[{"@type":"ReadAction","target":["https:\/\/swiss-peak.com\/de\/produkt\/aware-rpet-15-6-business-rucksack-schwarz\/"]}]},{"@type":"ImageObject","inLanguage":"de","@id":"https:\/\/swiss-peak.com\/de\/produkt\/aware-rpet-15-6-business-rucksack-schwarz\/#primaryimage","url":"https:\/\/swiss-peak.com\/wp-content\/uploads\/sites\/9\/2026\/04\/P762.891__S_0__814f9a9973ae4c40ab9515c3e4179e33.jpg","contentUrl":"https:\/\/swiss-peak.com\/wp-content\/uploads\/sites\/9\/2026\/04\/P762.891__S_0__814f9a9973ae4c40ab9515c3e4179e33.jpg","width":1024,"height":1024},{"@type":"BreadcrumbList","@id":"https:\/\/swiss-peak.com\/de\/produkt\/aware-rpet-15-6-business-rucksack-schwarz\/#breadcrumb","itemListElement":[{"@type":"ListItem","position":1,"name":"Home","item":"https:\/\/swiss-peak.com\/de\/"},{"@type":"ListItem","position":2,"name":"Kollektion","item":"https:\/\/swiss-peak.com\/de\/kollektion\/"},{"@type":"ListItem","position":3,"name":"AWARE\u2122 RPET 15.6&#8243; Business Rucksack, schwarz"}]},{"@type":"WebSite","@id":"https:\/\/swiss-peak.com\/de\/#website","url":"https:\/\/swiss-peak.com\/de\/","name":"Swiss Peak","description":"Where will today take you?","potentialAction":[{"@type":"SearchAction","target":{"@type":"EntryPoint","urlTemplate":"https:\/\/swiss-peak.com\/de\/?s={search_term_string}"},"query-input":{"@type":"PropertyValueSpecification","valueRequired":true,"valueName":"search_term_string"}}],"inLanguage":"de"}]}},"_links":{"self":[{"href":"https:\/\/swiss-peak.com\/de\/wp-json\/wp\/v2\/product\/15176","targetHints":{"allow":["GET"]}}],"collection":[{"href":"https:\/\/swiss-peak.com\/de\/wp-json\/wp\/v2\/product"}],"about":[{"href":"https:\/\/swiss-peak.com\/de\/wp-json\/wp\/v2\/types\/product"}],"wp:featuredmedia":[{"embeddable":true,"href":"https:\/\/swiss-peak.com\/de\/wp-json\/wp\/v2\/media\/46396"}],"wp:attachment":[{"href":"https:\/\/swiss-peak.com\/de\/wp-json\/wp\/v2\/media?parent=15176"}],"wp:term":[{"taxonomy":"product_cat","embeddable":true,"href":"https:\/\/swiss-peak.com\/de\/wp-json\/wp\/v2\/product_cat?post=15176"},{"taxonomy":"product_tag","embeddable":true,"href":"https:\/\/swiss-peak.com\/de\/wp-json\/wp\/v2\/product_tag?post=15176"}],"curies":[{"name":"wp","href":"https:\/\/api.w.org\/{rel}","templated":true}]}}