{"id":15153,"date":"2023-03-14T11:56:32","date_gmt":"2023-03-14T09:56:32","guid":{"rendered":"https:\/\/xdsomename.tempurl.host\/swisspeak-website\/collection\/unkategorisiert\/wandelbarer-rucksack-pvc-frei-schwarz\/"},"modified":"2026-04-16T02:34:56","modified_gmt":"2026-04-16T00:34:56","slug":"wandelbarer-rucksack-pvc-frei-schwarz","status":"publish","type":"product","link":"https:\/\/swiss-peak.com\/de\/produkt\/wandelbarer-rucksack-pvc-frei-schwarz\/","title":{"rendered":"wandelbarer Rucksack, PVC-frei, schwarz"},"content":{"rendered":"<p>Dieser 4-in-1 Rucksack ist so wandelbar wie Ihr Alltag. Sie entscheiden wie Sie ihn nutzen: 1. Rucksack: Befestigen Sie die gepolsterten Rucksackgurte und stellen Sie deren L\u00e4nge auf Ihre Bed\u00fcrfnisse ein. 2. Schultertasche: Nehmen Sie die beiden Rucksackgurte ab, verstauen Sie sie im Inneren und nutzen an deren Stelle den langen, einstellbaren Schultergurt. 3. Quertasche: bei schwerer Beladung verl\u00e4ngern Sie den Schultergurt und tragen sie quer &#8211; dies ist komfortabler, sicherer und Sie haben die H\u00e4nde frei. 4. Tragetasche: Nehmen Sie Rucksackegurte und Schulterriemen ab und tragen Sie die Tasche mit dem Trageriemen oben auf oder an der Seite. Mit 15.6&#8243; Laptopfach an der R\u00fcckseite, einem gro\u00dfen Hauptfach, Fronttasche mit Rei\u00dfverschlu\u00df, RFID gesch\u00fctztem Fach und Trolleyriemen. PVC-frei.<\/p>\n","protected":false},"excerpt":{"rendered":"<p>Dieser 4-in-1 Rucksack ist so wandelbar wie Ihr Alltag. Sie entscheiden wie Sie ihn nutzen: 1. Rucksack: Befestigen Sie die gepolsterten Rucksackgurte und stellen Sie deren L\u00e4nge auf Ihre Bed\u00fcrfnisse ein. 2. Schultertasche: Nehmen Sie die beiden Rucksackgurte ab, verstauen Sie sie im Inneren und nutzen an deren Stelle den langen, einstellbaren Schultergurt. 3. Quertasche: [&hellip;]<\/p>\n","protected":false},"featured_media":46354,"template":"","meta":{"_acf_changed":false},"product_cat":[256,252],"product_tag":[],"class_list":["post-15153","product","type-product","status-publish","has-post-thumbnail","hentry","product_cat-rucksacke","product_cat-taschen-reise","pa_color-black-de"],"acf":[],"yoast_head":"<!-- This site is optimized with the Yoast SEO plugin v27.0 - https:\/\/yoast.com\/product\/yoast-seo-wordpress\/ -->\n<title>wandelbarer Rucksack, PVC-frei, schwarz - Swiss Peak<\/title>\n<meta name=\"robots\" content=\"index, follow, max-snippet:-1, max-image-preview:large, max-video-preview:-1\" \/>\n<link rel=\"canonical\" href=\"https:\/\/swiss-peak.com\/de\/produkt\/wandelbarer-rucksack-pvc-frei-schwarz\/\" \/>\n<meta property=\"og:locale\" content=\"de_DE\" \/>\n<meta property=\"og:type\" content=\"article\" \/>\n<meta property=\"og:title\" content=\"wandelbarer Rucksack, PVC-frei, schwarz - Swiss Peak\" \/>\n<meta property=\"og:description\" content=\"Dieser 4-in-1 Rucksack ist so wandelbar wie Ihr Alltag. Sie entscheiden wie Sie ihn nutzen: 1. Rucksack: Befestigen Sie die gepolsterten Rucksackgurte und stellen Sie deren L\u00e4nge auf Ihre Bed\u00fcrfnisse ein. 2. Schultertasche: Nehmen Sie die beiden Rucksackgurte ab, verstauen Sie sie im Inneren und nutzen an deren Stelle den langen, einstellbaren Schultergurt. 3. Quertasche: [&hellip;]\" \/>\n<meta property=\"og:url\" content=\"https:\/\/swiss-peak.com\/de\/produkt\/wandelbarer-rucksack-pvc-frei-schwarz\/\" \/>\n<meta property=\"og:site_name\" content=\"Swiss Peak\" \/>\n<meta property=\"article:modified_time\" content=\"2026-04-16T00:34:56+00:00\" \/>\n<meta property=\"og:image\" content=\"https:\/\/swiss-peak.com\/wp-content\/uploads\/sites\/9\/2026\/04\/P762.581__S_0__496a2cd12abb49e788732e201b321acf.jpg\" \/>\n\t<meta property=\"og:image:width\" content=\"1024\" \/>\n\t<meta property=\"og:image:height\" content=\"1024\" \/>\n\t<meta property=\"og:image:type\" content=\"image\/jpeg\" \/>\n<meta name=\"twitter:card\" content=\"summary_large_image\" \/>\n<meta name=\"twitter:label1\" content=\"Gesch\u00e4tzte Lesezeit\" \/>\n\t<meta name=\"twitter:data1\" content=\"1\u00a0Minute\" \/>\n<script type=\"application\/ld+json\" class=\"yoast-schema-graph\">{\"@context\":\"https:\/\/schema.org\",\"@graph\":[{\"@type\":\"WebPage\",\"@id\":\"https:\/\/swiss-peak.com\/de\/produkt\/wandelbarer-rucksack-pvc-frei-schwarz\/\",\"url\":\"https:\/\/swiss-peak.com\/de\/produkt\/wandelbarer-rucksack-pvc-frei-schwarz\/\",\"name\":\"wandelbarer Rucksack, PVC-frei, schwarz - Swiss Peak\",\"isPartOf\":{\"@id\":\"https:\/\/swiss-peak.com\/de\/#website\"},\"primaryImageOfPage\":{\"@id\":\"https:\/\/swiss-peak.com\/de\/produkt\/wandelbarer-rucksack-pvc-frei-schwarz\/#primaryimage\"},\"image\":{\"@id\":\"https:\/\/swiss-peak.com\/de\/produkt\/wandelbarer-rucksack-pvc-frei-schwarz\/#primaryimage\"},\"thumbnailUrl\":\"https:\/\/swiss-peak.com\/wp-content\/uploads\/sites\/9\/2026\/04\/P762.581__S_0__496a2cd12abb49e788732e201b321acf.jpg\",\"datePublished\":\"2023-03-14T09:56:32+00:00\",\"dateModified\":\"2026-04-16T00:34:56+00:00\",\"breadcrumb\":{\"@id\":\"https:\/\/swiss-peak.com\/de\/produkt\/wandelbarer-rucksack-pvc-frei-schwarz\/#breadcrumb\"},\"inLanguage\":\"de\",\"potentialAction\":[{\"@type\":\"ReadAction\",\"target\":[\"https:\/\/swiss-peak.com\/de\/produkt\/wandelbarer-rucksack-pvc-frei-schwarz\/\"]}]},{\"@type\":\"ImageObject\",\"inLanguage\":\"de\",\"@id\":\"https:\/\/swiss-peak.com\/de\/produkt\/wandelbarer-rucksack-pvc-frei-schwarz\/#primaryimage\",\"url\":\"https:\/\/swiss-peak.com\/wp-content\/uploads\/sites\/9\/2026\/04\/P762.581__S_0__496a2cd12abb49e788732e201b321acf.jpg\",\"contentUrl\":\"https:\/\/swiss-peak.com\/wp-content\/uploads\/sites\/9\/2026\/04\/P762.581__S_0__496a2cd12abb49e788732e201b321acf.jpg\",\"width\":1024,\"height\":1024},{\"@type\":\"BreadcrumbList\",\"@id\":\"https:\/\/swiss-peak.com\/de\/produkt\/wandelbarer-rucksack-pvc-frei-schwarz\/#breadcrumb\",\"itemListElement\":[{\"@type\":\"ListItem\",\"position\":1,\"name\":\"Home\",\"item\":\"https:\/\/swiss-peak.com\/de\/\"},{\"@type\":\"ListItem\",\"position\":2,\"name\":\"Kollektion\",\"item\":\"https:\/\/swiss-peak.com\/de\/kollektion\/\"},{\"@type\":\"ListItem\",\"position\":3,\"name\":\"wandelbarer Rucksack, PVC-frei, schwarz\"}]},{\"@type\":\"WebSite\",\"@id\":\"https:\/\/swiss-peak.com\/de\/#website\",\"url\":\"https:\/\/swiss-peak.com\/de\/\",\"name\":\"Swiss Peak\",\"description\":\"Where will today take you?\",\"potentialAction\":[{\"@type\":\"SearchAction\",\"target\":{\"@type\":\"EntryPoint\",\"urlTemplate\":\"https:\/\/swiss-peak.com\/de\/?s={search_term_string}\"},\"query-input\":{\"@type\":\"PropertyValueSpecification\",\"valueRequired\":true,\"valueName\":\"search_term_string\"}}],\"inLanguage\":\"de\"}]}<\/script>\n<!-- \/ Yoast SEO plugin. -->","yoast_head_json":{"title":"wandelbarer Rucksack, PVC-frei, schwarz - Swiss Peak","robots":{"index":"index","follow":"follow","max-snippet":"max-snippet:-1","max-image-preview":"max-image-preview:large","max-video-preview":"max-video-preview:-1"},"canonical":"https:\/\/swiss-peak.com\/de\/produkt\/wandelbarer-rucksack-pvc-frei-schwarz\/","og_locale":"de_DE","og_type":"article","og_title":"wandelbarer Rucksack, PVC-frei, schwarz - Swiss Peak","og_description":"Dieser 4-in-1 Rucksack ist so wandelbar wie Ihr Alltag. Sie entscheiden wie Sie ihn nutzen: 1. Rucksack: Befestigen Sie die gepolsterten Rucksackgurte und stellen Sie deren L\u00e4nge auf Ihre Bed\u00fcrfnisse ein. 2. Schultertasche: Nehmen Sie die beiden Rucksackgurte ab, verstauen Sie sie im Inneren und nutzen an deren Stelle den langen, einstellbaren Schultergurt. 3. Quertasche: [&hellip;]","og_url":"https:\/\/swiss-peak.com\/de\/produkt\/wandelbarer-rucksack-pvc-frei-schwarz\/","og_site_name":"Swiss Peak","article_modified_time":"2026-04-16T00:34:56+00:00","og_image":[{"width":1024,"height":1024,"url":"https:\/\/swiss-peak.com\/wp-content\/uploads\/sites\/9\/2026\/04\/P762.581__S_0__496a2cd12abb49e788732e201b321acf.jpg","type":"image\/jpeg"}],"twitter_card":"summary_large_image","twitter_misc":{"Gesch\u00e4tzte Lesezeit":"1\u00a0Minute"},"schema":{"@context":"https:\/\/schema.org","@graph":[{"@type":"WebPage","@id":"https:\/\/swiss-peak.com\/de\/produkt\/wandelbarer-rucksack-pvc-frei-schwarz\/","url":"https:\/\/swiss-peak.com\/de\/produkt\/wandelbarer-rucksack-pvc-frei-schwarz\/","name":"wandelbarer Rucksack, PVC-frei, schwarz - Swiss Peak","isPartOf":{"@id":"https:\/\/swiss-peak.com\/de\/#website"},"primaryImageOfPage":{"@id":"https:\/\/swiss-peak.com\/de\/produkt\/wandelbarer-rucksack-pvc-frei-schwarz\/#primaryimage"},"image":{"@id":"https:\/\/swiss-peak.com\/de\/produkt\/wandelbarer-rucksack-pvc-frei-schwarz\/#primaryimage"},"thumbnailUrl":"https:\/\/swiss-peak.com\/wp-content\/uploads\/sites\/9\/2026\/04\/P762.581__S_0__496a2cd12abb49e788732e201b321acf.jpg","datePublished":"2023-03-14T09:56:32+00:00","dateModified":"2026-04-16T00:34:56+00:00","breadcrumb":{"@id":"https:\/\/swiss-peak.com\/de\/produkt\/wandelbarer-rucksack-pvc-frei-schwarz\/#breadcrumb"},"inLanguage":"de","potentialAction":[{"@type":"ReadAction","target":["https:\/\/swiss-peak.com\/de\/produkt\/wandelbarer-rucksack-pvc-frei-schwarz\/"]}]},{"@type":"ImageObject","inLanguage":"de","@id":"https:\/\/swiss-peak.com\/de\/produkt\/wandelbarer-rucksack-pvc-frei-schwarz\/#primaryimage","url":"https:\/\/swiss-peak.com\/wp-content\/uploads\/sites\/9\/2026\/04\/P762.581__S_0__496a2cd12abb49e788732e201b321acf.jpg","contentUrl":"https:\/\/swiss-peak.com\/wp-content\/uploads\/sites\/9\/2026\/04\/P762.581__S_0__496a2cd12abb49e788732e201b321acf.jpg","width":1024,"height":1024},{"@type":"BreadcrumbList","@id":"https:\/\/swiss-peak.com\/de\/produkt\/wandelbarer-rucksack-pvc-frei-schwarz\/#breadcrumb","itemListElement":[{"@type":"ListItem","position":1,"name":"Home","item":"https:\/\/swiss-peak.com\/de\/"},{"@type":"ListItem","position":2,"name":"Kollektion","item":"https:\/\/swiss-peak.com\/de\/kollektion\/"},{"@type":"ListItem","position":3,"name":"wandelbarer Rucksack, PVC-frei, schwarz"}]},{"@type":"WebSite","@id":"https:\/\/swiss-peak.com\/de\/#website","url":"https:\/\/swiss-peak.com\/de\/","name":"Swiss Peak","description":"Where will today take you?","potentialAction":[{"@type":"SearchAction","target":{"@type":"EntryPoint","urlTemplate":"https:\/\/swiss-peak.com\/de\/?s={search_term_string}"},"query-input":{"@type":"PropertyValueSpecification","valueRequired":true,"valueName":"search_term_string"}}],"inLanguage":"de"}]}},"_links":{"self":[{"href":"https:\/\/swiss-peak.com\/de\/wp-json\/wp\/v2\/product\/15153","targetHints":{"allow":["GET"]}}],"collection":[{"href":"https:\/\/swiss-peak.com\/de\/wp-json\/wp\/v2\/product"}],"about":[{"href":"https:\/\/swiss-peak.com\/de\/wp-json\/wp\/v2\/types\/product"}],"wp:featuredmedia":[{"embeddable":true,"href":"https:\/\/swiss-peak.com\/de\/wp-json\/wp\/v2\/media\/46354"}],"wp:attachment":[{"href":"https:\/\/swiss-peak.com\/de\/wp-json\/wp\/v2\/media?parent=15153"}],"wp:term":[{"taxonomy":"product_cat","embeddable":true,"href":"https:\/\/swiss-peak.com\/de\/wp-json\/wp\/v2\/product_cat?post=15153"},{"taxonomy":"product_tag","embeddable":true,"href":"https:\/\/swiss-peak.com\/de\/wp-json\/wp\/v2\/product_tag?post=15153"}],"curies":[{"name":"wp","href":"https:\/\/api.w.org\/{rel}","templated":true}]}}