{"id":15151,"date":"2023-03-14T11:56:32","date_gmt":"2023-03-14T09:56:32","guid":{"rendered":"https:\/\/xdsomename.tempurl.host\/swisspeak-website\/collection\/unkategorisiert\/rucksack-mit-uv-sterilisations-tasche-schwarz\/"},"modified":"2026-03-12T03:34:33","modified_gmt":"2026-03-12T01:34:33","slug":"rucksack-mit-uv-sterilisations-tasche-schwarz","status":"publish","type":"product","link":"https:\/\/swiss-peak.com\/de\/produkt\/rucksack-mit-uv-sterilisations-tasche-schwarz\/","title":{"rendered":"Rucksack mit UV-Sterilisations-Tasche, schwarz"},"content":{"rendered":"<p>Dieser einzigartige Swiss Peak Laptop-Rucksack hat vorne eine integrierte UV-C-Sterilisationstasche, in der bis zu 99,9% der Bakterien auf den Gegenst\u00e4nden darin abt\u00f6tet werden. Perfekt, um Ihre Schl\u00fcssel und Ihr Telefon auch mal unterwegs in nur 3min zu reinigen. Die drei UV-C-LED-Leuchten im Inneren sind ungiftig und quecksilberfrei. Das Design stellt au\u00dferdem sicher, dass das UV-C-LED-Licht automatisch ausgeschaltet wird, wenn die Sterilisationstasche \u00fcber den Rei\u00dfverschluss und den Magnetverschluss entriegelt wird, sodass der Benutzer nicht dem UV-C-Licht ausgesetzt werden kann. Der Rucksack hat ein Laptopfach in der Haupttasche, in das ein 15,6-Zoll-Laptop passt, 2 offene Taschen und 2 Stiftschlaufen. Komfortabel gepolsterter Mesh-R\u00fccken und Tr\u00e4ger. Einschlie\u00dflich eines Micro-USB-Kabels, mit dem Sie Ihre Powerbank ( nicht enthalten) zum Betreiben der UV-C-Tasche anschlie\u00dfen k\u00f6nnen. Au\u00dfen 600D &amp; 900D PU beschichtetes Polyester. Innen 210D Polyester. Konform nach EN62471. PVC-frei<\/p>\n","protected":false},"excerpt":{"rendered":"<p>Dieser einzigartige Swiss Peak Laptop-Rucksack hat vorne eine integrierte UV-C-Sterilisationstasche, in der bis zu 99,9% der Bakterien auf den Gegenst\u00e4nden darin abt\u00f6tet werden. Perfekt, um Ihre Schl\u00fcssel und Ihr Telefon auch mal unterwegs in nur 3min zu reinigen. Die drei UV-C-LED-Leuchten im Inneren sind ungiftig und quecksilberfrei. Das Design stellt au\u00dferdem sicher, dass das UV-C-LED-Licht [&hellip;]<\/p>\n","protected":false},"featured_media":32751,"template":"","meta":{"_acf_changed":false},"product_cat":[256,252],"product_tag":[],"class_list":["post-15151","product","type-product","status-publish","has-post-thumbnail","hentry","product_cat-rucksacke","product_cat-taschen-reise","pa_color-black-de"],"acf":[],"yoast_head":"<!-- This site is optimized with the Yoast SEO plugin v27.0 - https:\/\/yoast.com\/product\/yoast-seo-wordpress\/ -->\n<title>Rucksack mit UV-Sterilisations-Tasche, schwarz - Swiss Peak<\/title>\n<meta name=\"robots\" content=\"index, follow, max-snippet:-1, max-image-preview:large, max-video-preview:-1\" \/>\n<link rel=\"canonical\" href=\"https:\/\/swiss-peak.com\/de\/produkt\/rucksack-mit-uv-sterilisations-tasche-schwarz\/\" \/>\n<meta property=\"og:locale\" content=\"de_DE\" \/>\n<meta property=\"og:type\" content=\"article\" \/>\n<meta property=\"og:title\" content=\"Rucksack mit UV-Sterilisations-Tasche, schwarz - Swiss Peak\" \/>\n<meta property=\"og:description\" content=\"Dieser einzigartige Swiss Peak Laptop-Rucksack hat vorne eine integrierte UV-C-Sterilisationstasche, in der bis zu 99,9% der Bakterien auf den Gegenst\u00e4nden darin abt\u00f6tet werden. Perfekt, um Ihre Schl\u00fcssel und Ihr Telefon auch mal unterwegs in nur 3min zu reinigen. Die drei UV-C-LED-Leuchten im Inneren sind ungiftig und quecksilberfrei. Das Design stellt au\u00dferdem sicher, dass das UV-C-LED-Licht [&hellip;]\" \/>\n<meta property=\"og:url\" content=\"https:\/\/swiss-peak.com\/de\/produkt\/rucksack-mit-uv-sterilisations-tasche-schwarz\/\" \/>\n<meta property=\"og:site_name\" content=\"Swiss Peak\" \/>\n<meta property=\"article:modified_time\" content=\"2026-03-12T01:34:33+00:00\" \/>\n<meta property=\"og:image\" content=\"https:\/\/swiss-peak.com\/wp-content\/uploads\/sites\/9\/2024\/02\/P762.551__S_0__5a47f0abea51456480287446eae0f644.jpg\" \/>\n\t<meta property=\"og:image:width\" content=\"1024\" \/>\n\t<meta property=\"og:image:height\" content=\"1024\" \/>\n\t<meta property=\"og:image:type\" content=\"image\/jpeg\" \/>\n<meta name=\"twitter:card\" content=\"summary_large_image\" \/>\n<meta name=\"twitter:label1\" content=\"Gesch\u00e4tzte Lesezeit\" \/>\n\t<meta name=\"twitter:data1\" content=\"1\u00a0Minute\" \/>\n<script type=\"application\/ld+json\" class=\"yoast-schema-graph\">{\"@context\":\"https:\/\/schema.org\",\"@graph\":[{\"@type\":\"WebPage\",\"@id\":\"https:\/\/swiss-peak.com\/de\/produkt\/rucksack-mit-uv-sterilisations-tasche-schwarz\/\",\"url\":\"https:\/\/swiss-peak.com\/de\/produkt\/rucksack-mit-uv-sterilisations-tasche-schwarz\/\",\"name\":\"Rucksack mit UV-Sterilisations-Tasche, schwarz - Swiss Peak\",\"isPartOf\":{\"@id\":\"https:\/\/swiss-peak.com\/de\/#website\"},\"primaryImageOfPage\":{\"@id\":\"https:\/\/swiss-peak.com\/de\/produkt\/rucksack-mit-uv-sterilisations-tasche-schwarz\/#primaryimage\"},\"image\":{\"@id\":\"https:\/\/swiss-peak.com\/de\/produkt\/rucksack-mit-uv-sterilisations-tasche-schwarz\/#primaryimage\"},\"thumbnailUrl\":\"https:\/\/swiss-peak.com\/wp-content\/uploads\/sites\/9\/2024\/02\/P762.551__S_0__5a47f0abea51456480287446eae0f644.jpg\",\"datePublished\":\"2023-03-14T09:56:32+00:00\",\"dateModified\":\"2026-03-12T01:34:33+00:00\",\"breadcrumb\":{\"@id\":\"https:\/\/swiss-peak.com\/de\/produkt\/rucksack-mit-uv-sterilisations-tasche-schwarz\/#breadcrumb\"},\"inLanguage\":\"de\",\"potentialAction\":[{\"@type\":\"ReadAction\",\"target\":[\"https:\/\/swiss-peak.com\/de\/produkt\/rucksack-mit-uv-sterilisations-tasche-schwarz\/\"]}]},{\"@type\":\"ImageObject\",\"inLanguage\":\"de\",\"@id\":\"https:\/\/swiss-peak.com\/de\/produkt\/rucksack-mit-uv-sterilisations-tasche-schwarz\/#primaryimage\",\"url\":\"https:\/\/swiss-peak.com\/wp-content\/uploads\/sites\/9\/2024\/02\/P762.551__S_0__5a47f0abea51456480287446eae0f644.jpg\",\"contentUrl\":\"https:\/\/swiss-peak.com\/wp-content\/uploads\/sites\/9\/2024\/02\/P762.551__S_0__5a47f0abea51456480287446eae0f644.jpg\",\"width\":1024,\"height\":1024},{\"@type\":\"BreadcrumbList\",\"@id\":\"https:\/\/swiss-peak.com\/de\/produkt\/rucksack-mit-uv-sterilisations-tasche-schwarz\/#breadcrumb\",\"itemListElement\":[{\"@type\":\"ListItem\",\"position\":1,\"name\":\"Home\",\"item\":\"https:\/\/swiss-peak.com\/de\/\"},{\"@type\":\"ListItem\",\"position\":2,\"name\":\"Kollektion\",\"item\":\"https:\/\/swiss-peak.com\/de\/kollektion\/\"},{\"@type\":\"ListItem\",\"position\":3,\"name\":\"Rucksack mit UV-Sterilisations-Tasche, schwarz\"}]},{\"@type\":\"WebSite\",\"@id\":\"https:\/\/swiss-peak.com\/de\/#website\",\"url\":\"https:\/\/swiss-peak.com\/de\/\",\"name\":\"Swiss Peak\",\"description\":\"Where will today take you?\",\"potentialAction\":[{\"@type\":\"SearchAction\",\"target\":{\"@type\":\"EntryPoint\",\"urlTemplate\":\"https:\/\/swiss-peak.com\/de\/?s={search_term_string}\"},\"query-input\":{\"@type\":\"PropertyValueSpecification\",\"valueRequired\":true,\"valueName\":\"search_term_string\"}}],\"inLanguage\":\"de\"}]}<\/script>\n<!-- \/ Yoast SEO plugin. -->","yoast_head_json":{"title":"Rucksack mit UV-Sterilisations-Tasche, schwarz - Swiss Peak","robots":{"index":"index","follow":"follow","max-snippet":"max-snippet:-1","max-image-preview":"max-image-preview:large","max-video-preview":"max-video-preview:-1"},"canonical":"https:\/\/swiss-peak.com\/de\/produkt\/rucksack-mit-uv-sterilisations-tasche-schwarz\/","og_locale":"de_DE","og_type":"article","og_title":"Rucksack mit UV-Sterilisations-Tasche, schwarz - Swiss Peak","og_description":"Dieser einzigartige Swiss Peak Laptop-Rucksack hat vorne eine integrierte UV-C-Sterilisationstasche, in der bis zu 99,9% der Bakterien auf den Gegenst\u00e4nden darin abt\u00f6tet werden. Perfekt, um Ihre Schl\u00fcssel und Ihr Telefon auch mal unterwegs in nur 3min zu reinigen. Die drei UV-C-LED-Leuchten im Inneren sind ungiftig und quecksilberfrei. Das Design stellt au\u00dferdem sicher, dass das UV-C-LED-Licht [&hellip;]","og_url":"https:\/\/swiss-peak.com\/de\/produkt\/rucksack-mit-uv-sterilisations-tasche-schwarz\/","og_site_name":"Swiss Peak","article_modified_time":"2026-03-12T01:34:33+00:00","og_image":[{"width":1024,"height":1024,"url":"https:\/\/swiss-peak.com\/wp-content\/uploads\/sites\/9\/2024\/02\/P762.551__S_0__5a47f0abea51456480287446eae0f644.jpg","type":"image\/jpeg"}],"twitter_card":"summary_large_image","twitter_misc":{"Gesch\u00e4tzte Lesezeit":"1\u00a0Minute"},"schema":{"@context":"https:\/\/schema.org","@graph":[{"@type":"WebPage","@id":"https:\/\/swiss-peak.com\/de\/produkt\/rucksack-mit-uv-sterilisations-tasche-schwarz\/","url":"https:\/\/swiss-peak.com\/de\/produkt\/rucksack-mit-uv-sterilisations-tasche-schwarz\/","name":"Rucksack mit UV-Sterilisations-Tasche, schwarz - Swiss Peak","isPartOf":{"@id":"https:\/\/swiss-peak.com\/de\/#website"},"primaryImageOfPage":{"@id":"https:\/\/swiss-peak.com\/de\/produkt\/rucksack-mit-uv-sterilisations-tasche-schwarz\/#primaryimage"},"image":{"@id":"https:\/\/swiss-peak.com\/de\/produkt\/rucksack-mit-uv-sterilisations-tasche-schwarz\/#primaryimage"},"thumbnailUrl":"https:\/\/swiss-peak.com\/wp-content\/uploads\/sites\/9\/2024\/02\/P762.551__S_0__5a47f0abea51456480287446eae0f644.jpg","datePublished":"2023-03-14T09:56:32+00:00","dateModified":"2026-03-12T01:34:33+00:00","breadcrumb":{"@id":"https:\/\/swiss-peak.com\/de\/produkt\/rucksack-mit-uv-sterilisations-tasche-schwarz\/#breadcrumb"},"inLanguage":"de","potentialAction":[{"@type":"ReadAction","target":["https:\/\/swiss-peak.com\/de\/produkt\/rucksack-mit-uv-sterilisations-tasche-schwarz\/"]}]},{"@type":"ImageObject","inLanguage":"de","@id":"https:\/\/swiss-peak.com\/de\/produkt\/rucksack-mit-uv-sterilisations-tasche-schwarz\/#primaryimage","url":"https:\/\/swiss-peak.com\/wp-content\/uploads\/sites\/9\/2024\/02\/P762.551__S_0__5a47f0abea51456480287446eae0f644.jpg","contentUrl":"https:\/\/swiss-peak.com\/wp-content\/uploads\/sites\/9\/2024\/02\/P762.551__S_0__5a47f0abea51456480287446eae0f644.jpg","width":1024,"height":1024},{"@type":"BreadcrumbList","@id":"https:\/\/swiss-peak.com\/de\/produkt\/rucksack-mit-uv-sterilisations-tasche-schwarz\/#breadcrumb","itemListElement":[{"@type":"ListItem","position":1,"name":"Home","item":"https:\/\/swiss-peak.com\/de\/"},{"@type":"ListItem","position":2,"name":"Kollektion","item":"https:\/\/swiss-peak.com\/de\/kollektion\/"},{"@type":"ListItem","position":3,"name":"Rucksack mit UV-Sterilisations-Tasche, schwarz"}]},{"@type":"WebSite","@id":"https:\/\/swiss-peak.com\/de\/#website","url":"https:\/\/swiss-peak.com\/de\/","name":"Swiss Peak","description":"Where will today take you?","potentialAction":[{"@type":"SearchAction","target":{"@type":"EntryPoint","urlTemplate":"https:\/\/swiss-peak.com\/de\/?s={search_term_string}"},"query-input":{"@type":"PropertyValueSpecification","valueRequired":true,"valueName":"search_term_string"}}],"inLanguage":"de"}]}},"_links":{"self":[{"href":"https:\/\/swiss-peak.com\/de\/wp-json\/wp\/v2\/product\/15151","targetHints":{"allow":["GET"]}}],"collection":[{"href":"https:\/\/swiss-peak.com\/de\/wp-json\/wp\/v2\/product"}],"about":[{"href":"https:\/\/swiss-peak.com\/de\/wp-json\/wp\/v2\/types\/product"}],"wp:featuredmedia":[{"embeddable":true,"href":"https:\/\/swiss-peak.com\/de\/wp-json\/wp\/v2\/media\/32751"}],"wp:attachment":[{"href":"https:\/\/swiss-peak.com\/de\/wp-json\/wp\/v2\/media?parent=15151"}],"wp:term":[{"taxonomy":"product_cat","embeddable":true,"href":"https:\/\/swiss-peak.com\/de\/wp-json\/wp\/v2\/product_cat?post=15151"},{"taxonomy":"product_tag","embeddable":true,"href":"https:\/\/swiss-peak.com\/de\/wp-json\/wp\/v2\/product_tag?post=15151"}],"curies":[{"name":"wp","href":"https:\/\/api.w.org\/{rel}","templated":true}]}}