{"id":15145,"date":"2023-03-14T11:56:32","date_gmt":"2023-03-14T09:56:32","guid":{"rendered":"https:\/\/xdsomename.tempurl.host\/swisspeak-website\/collection\/unkategorisiert\/rfid-wochenend-rucksacktasche-schwarz\/"},"modified":"2026-04-16T02:34:42","modified_gmt":"2026-04-16T00:34:42","slug":"rfid-wochenend-rucksacktasche-schwarz","status":"publish","type":"product","link":"https:\/\/swiss-peak.com\/de\/produkt\/rfid-wochenend-rucksacktasche-schwarz\/","title":{"rendered":"RFID Wochenend- &amp; Rucksacktasche, schwarz"},"content":{"rendered":"<p>Leichte Multifunktionstasche aus 1680D und 600D Polyester. Kann sowohl als Rucksack sowie als Wochenendtasche gebraucht werden. Die Tasche verf\u00fcgt \u00fcber einen gro\u00dfen Innenraum im Hauptabteil mit einem U-f\u00f6rmigen Rei\u00dfverschluss, einem Schuhfach und einer Seitentasche mit Rei\u00dfverschluss. Auf der R\u00fcckseite befindet sich ein separates Fach f\u00fcr Ihre Flasche. Die Fronttasche mit Rei\u00dfverschluss verf\u00fcgt \u00fcber einen extra RFID Schutz. Die Schultergurte sind verstellbar und gew\u00e4hren somit besten Tragekomfort. PVC-frei.<\/p>\n","protected":false},"excerpt":{"rendered":"<p>Leichte Multifunktionstasche aus 1680D und 600D Polyester. Kann sowohl als Rucksack sowie als Wochenendtasche gebraucht werden. Die Tasche verf\u00fcgt \u00fcber einen gro\u00dfen Innenraum im Hauptabteil mit einem U-f\u00f6rmigen Rei\u00dfverschluss, einem Schuhfach und einer Seitentasche mit Rei\u00dfverschluss. Auf der R\u00fcckseite befindet sich ein separates Fach f\u00fcr Ihre Flasche. Die Fronttasche mit Rei\u00dfverschluss verf\u00fcgt \u00fcber einen extra [&hellip;]<\/p>\n","protected":false},"featured_media":46326,"template":"","meta":{"_acf_changed":false},"product_cat":[256,270,252],"product_tag":[],"class_list":["post-15145","product","type-product","status-publish","has-post-thumbnail","hentry","product_cat-rucksacke","product_cat-sporttaschen","product_cat-taschen-reise","pa_color-black-de"],"acf":[],"yoast_head":"<!-- This site is optimized with the Yoast SEO plugin v27.0 - https:\/\/yoast.com\/product\/yoast-seo-wordpress\/ -->\n<title>RFID Wochenend- &amp; Rucksacktasche, schwarz - Swiss Peak<\/title>\n<meta name=\"robots\" content=\"index, follow, max-snippet:-1, max-image-preview:large, max-video-preview:-1\" \/>\n<link rel=\"canonical\" href=\"https:\/\/swiss-peak.com\/de\/produkt\/rfid-wochenend-rucksacktasche-schwarz\/\" \/>\n<meta property=\"og:locale\" content=\"de_DE\" \/>\n<meta property=\"og:type\" content=\"article\" \/>\n<meta property=\"og:title\" content=\"RFID Wochenend- &amp; Rucksacktasche, schwarz - Swiss Peak\" \/>\n<meta property=\"og:description\" content=\"Leichte Multifunktionstasche aus 1680D und 600D Polyester. Kann sowohl als Rucksack sowie als Wochenendtasche gebraucht werden. Die Tasche verf\u00fcgt \u00fcber einen gro\u00dfen Innenraum im Hauptabteil mit einem U-f\u00f6rmigen Rei\u00dfverschluss, einem Schuhfach und einer Seitentasche mit Rei\u00dfverschluss. Auf der R\u00fcckseite befindet sich ein separates Fach f\u00fcr Ihre Flasche. Die Fronttasche mit Rei\u00dfverschluss verf\u00fcgt \u00fcber einen extra [&hellip;]\" \/>\n<meta property=\"og:url\" content=\"https:\/\/swiss-peak.com\/de\/produkt\/rfid-wochenend-rucksacktasche-schwarz\/\" \/>\n<meta property=\"og:site_name\" content=\"Swiss Peak\" \/>\n<meta property=\"article:modified_time\" content=\"2026-04-16T00:34:42+00:00\" \/>\n<meta property=\"og:image\" content=\"https:\/\/swiss-peak.com\/wp-content\/uploads\/sites\/9\/2026\/04\/P762.261__S_0__d02d9fe6590b4c05aead3ff2e4fc228b.jpg\" \/>\n\t<meta property=\"og:image:width\" content=\"1024\" \/>\n\t<meta property=\"og:image:height\" content=\"1024\" \/>\n\t<meta property=\"og:image:type\" content=\"image\/jpeg\" \/>\n<meta name=\"twitter:card\" content=\"summary_large_image\" \/>\n<script type=\"application\/ld+json\" class=\"yoast-schema-graph\">{\"@context\":\"https:\/\/schema.org\",\"@graph\":[{\"@type\":\"WebPage\",\"@id\":\"https:\/\/swiss-peak.com\/de\/produkt\/rfid-wochenend-rucksacktasche-schwarz\/\",\"url\":\"https:\/\/swiss-peak.com\/de\/produkt\/rfid-wochenend-rucksacktasche-schwarz\/\",\"name\":\"RFID Wochenend- &amp; Rucksacktasche, schwarz - Swiss Peak\",\"isPartOf\":{\"@id\":\"https:\/\/swiss-peak.com\/de\/#website\"},\"primaryImageOfPage\":{\"@id\":\"https:\/\/swiss-peak.com\/de\/produkt\/rfid-wochenend-rucksacktasche-schwarz\/#primaryimage\"},\"image\":{\"@id\":\"https:\/\/swiss-peak.com\/de\/produkt\/rfid-wochenend-rucksacktasche-schwarz\/#primaryimage\"},\"thumbnailUrl\":\"https:\/\/swiss-peak.com\/wp-content\/uploads\/sites\/9\/2026\/04\/P762.261__S_0__d02d9fe6590b4c05aead3ff2e4fc228b.jpg\",\"datePublished\":\"2023-03-14T09:56:32+00:00\",\"dateModified\":\"2026-04-16T00:34:42+00:00\",\"breadcrumb\":{\"@id\":\"https:\/\/swiss-peak.com\/de\/produkt\/rfid-wochenend-rucksacktasche-schwarz\/#breadcrumb\"},\"inLanguage\":\"de\",\"potentialAction\":[{\"@type\":\"ReadAction\",\"target\":[\"https:\/\/swiss-peak.com\/de\/produkt\/rfid-wochenend-rucksacktasche-schwarz\/\"]}]},{\"@type\":\"ImageObject\",\"inLanguage\":\"de\",\"@id\":\"https:\/\/swiss-peak.com\/de\/produkt\/rfid-wochenend-rucksacktasche-schwarz\/#primaryimage\",\"url\":\"https:\/\/swiss-peak.com\/wp-content\/uploads\/sites\/9\/2026\/04\/P762.261__S_0__d02d9fe6590b4c05aead3ff2e4fc228b.jpg\",\"contentUrl\":\"https:\/\/swiss-peak.com\/wp-content\/uploads\/sites\/9\/2026\/04\/P762.261__S_0__d02d9fe6590b4c05aead3ff2e4fc228b.jpg\",\"width\":1024,\"height\":1024},{\"@type\":\"BreadcrumbList\",\"@id\":\"https:\/\/swiss-peak.com\/de\/produkt\/rfid-wochenend-rucksacktasche-schwarz\/#breadcrumb\",\"itemListElement\":[{\"@type\":\"ListItem\",\"position\":1,\"name\":\"Home\",\"item\":\"https:\/\/swiss-peak.com\/de\/\"},{\"@type\":\"ListItem\",\"position\":2,\"name\":\"Kollektion\",\"item\":\"https:\/\/swiss-peak.com\/de\/kollektion\/\"},{\"@type\":\"ListItem\",\"position\":3,\"name\":\"RFID Wochenend- &amp; Rucksacktasche, schwarz\"}]},{\"@type\":\"WebSite\",\"@id\":\"https:\/\/swiss-peak.com\/de\/#website\",\"url\":\"https:\/\/swiss-peak.com\/de\/\",\"name\":\"Swiss Peak\",\"description\":\"Where will today take you?\",\"potentialAction\":[{\"@type\":\"SearchAction\",\"target\":{\"@type\":\"EntryPoint\",\"urlTemplate\":\"https:\/\/swiss-peak.com\/de\/?s={search_term_string}\"},\"query-input\":{\"@type\":\"PropertyValueSpecification\",\"valueRequired\":true,\"valueName\":\"search_term_string\"}}],\"inLanguage\":\"de\"}]}<\/script>\n<!-- \/ Yoast SEO plugin. -->","yoast_head_json":{"title":"RFID Wochenend- &amp; Rucksacktasche, schwarz - Swiss Peak","robots":{"index":"index","follow":"follow","max-snippet":"max-snippet:-1","max-image-preview":"max-image-preview:large","max-video-preview":"max-video-preview:-1"},"canonical":"https:\/\/swiss-peak.com\/de\/produkt\/rfid-wochenend-rucksacktasche-schwarz\/","og_locale":"de_DE","og_type":"article","og_title":"RFID Wochenend- &amp; Rucksacktasche, schwarz - Swiss Peak","og_description":"Leichte Multifunktionstasche aus 1680D und 600D Polyester. Kann sowohl als Rucksack sowie als Wochenendtasche gebraucht werden. Die Tasche verf\u00fcgt \u00fcber einen gro\u00dfen Innenraum im Hauptabteil mit einem U-f\u00f6rmigen Rei\u00dfverschluss, einem Schuhfach und einer Seitentasche mit Rei\u00dfverschluss. Auf der R\u00fcckseite befindet sich ein separates Fach f\u00fcr Ihre Flasche. Die Fronttasche mit Rei\u00dfverschluss verf\u00fcgt \u00fcber einen extra [&hellip;]","og_url":"https:\/\/swiss-peak.com\/de\/produkt\/rfid-wochenend-rucksacktasche-schwarz\/","og_site_name":"Swiss Peak","article_modified_time":"2026-04-16T00:34:42+00:00","og_image":[{"width":1024,"height":1024,"url":"https:\/\/swiss-peak.com\/wp-content\/uploads\/sites\/9\/2026\/04\/P762.261__S_0__d02d9fe6590b4c05aead3ff2e4fc228b.jpg","type":"image\/jpeg"}],"twitter_card":"summary_large_image","schema":{"@context":"https:\/\/schema.org","@graph":[{"@type":"WebPage","@id":"https:\/\/swiss-peak.com\/de\/produkt\/rfid-wochenend-rucksacktasche-schwarz\/","url":"https:\/\/swiss-peak.com\/de\/produkt\/rfid-wochenend-rucksacktasche-schwarz\/","name":"RFID Wochenend- &amp; Rucksacktasche, schwarz - Swiss Peak","isPartOf":{"@id":"https:\/\/swiss-peak.com\/de\/#website"},"primaryImageOfPage":{"@id":"https:\/\/swiss-peak.com\/de\/produkt\/rfid-wochenend-rucksacktasche-schwarz\/#primaryimage"},"image":{"@id":"https:\/\/swiss-peak.com\/de\/produkt\/rfid-wochenend-rucksacktasche-schwarz\/#primaryimage"},"thumbnailUrl":"https:\/\/swiss-peak.com\/wp-content\/uploads\/sites\/9\/2026\/04\/P762.261__S_0__d02d9fe6590b4c05aead3ff2e4fc228b.jpg","datePublished":"2023-03-14T09:56:32+00:00","dateModified":"2026-04-16T00:34:42+00:00","breadcrumb":{"@id":"https:\/\/swiss-peak.com\/de\/produkt\/rfid-wochenend-rucksacktasche-schwarz\/#breadcrumb"},"inLanguage":"de","potentialAction":[{"@type":"ReadAction","target":["https:\/\/swiss-peak.com\/de\/produkt\/rfid-wochenend-rucksacktasche-schwarz\/"]}]},{"@type":"ImageObject","inLanguage":"de","@id":"https:\/\/swiss-peak.com\/de\/produkt\/rfid-wochenend-rucksacktasche-schwarz\/#primaryimage","url":"https:\/\/swiss-peak.com\/wp-content\/uploads\/sites\/9\/2026\/04\/P762.261__S_0__d02d9fe6590b4c05aead3ff2e4fc228b.jpg","contentUrl":"https:\/\/swiss-peak.com\/wp-content\/uploads\/sites\/9\/2026\/04\/P762.261__S_0__d02d9fe6590b4c05aead3ff2e4fc228b.jpg","width":1024,"height":1024},{"@type":"BreadcrumbList","@id":"https:\/\/swiss-peak.com\/de\/produkt\/rfid-wochenend-rucksacktasche-schwarz\/#breadcrumb","itemListElement":[{"@type":"ListItem","position":1,"name":"Home","item":"https:\/\/swiss-peak.com\/de\/"},{"@type":"ListItem","position":2,"name":"Kollektion","item":"https:\/\/swiss-peak.com\/de\/kollektion\/"},{"@type":"ListItem","position":3,"name":"RFID Wochenend- &amp; Rucksacktasche, schwarz"}]},{"@type":"WebSite","@id":"https:\/\/swiss-peak.com\/de\/#website","url":"https:\/\/swiss-peak.com\/de\/","name":"Swiss Peak","description":"Where will today take you?","potentialAction":[{"@type":"SearchAction","target":{"@type":"EntryPoint","urlTemplate":"https:\/\/swiss-peak.com\/de\/?s={search_term_string}"},"query-input":{"@type":"PropertyValueSpecification","valueRequired":true,"valueName":"search_term_string"}}],"inLanguage":"de"}]}},"_links":{"self":[{"href":"https:\/\/swiss-peak.com\/de\/wp-json\/wp\/v2\/product\/15145","targetHints":{"allow":["GET"]}}],"collection":[{"href":"https:\/\/swiss-peak.com\/de\/wp-json\/wp\/v2\/product"}],"about":[{"href":"https:\/\/swiss-peak.com\/de\/wp-json\/wp\/v2\/types\/product"}],"wp:featuredmedia":[{"embeddable":true,"href":"https:\/\/swiss-peak.com\/de\/wp-json\/wp\/v2\/media\/46326"}],"wp:attachment":[{"href":"https:\/\/swiss-peak.com\/de\/wp-json\/wp\/v2\/media?parent=15145"}],"wp:term":[{"taxonomy":"product_cat","embeddable":true,"href":"https:\/\/swiss-peak.com\/de\/wp-json\/wp\/v2\/product_cat?post=15145"},{"taxonomy":"product_tag","embeddable":true,"href":"https:\/\/swiss-peak.com\/de\/wp-json\/wp\/v2\/product_tag?post=15145"}],"curies":[{"name":"wp","href":"https:\/\/api.w.org\/{rel}","templated":true}]}}