{"id":15144,"date":"2023-03-14T11:56:08","date_gmt":"2023-03-14T09:56:08","guid":{"rendered":"https:\/\/xdsomename.tempurl.host\/swisspeak-website\/collection\/unkategorisiert\/17-business-laptop-rucksack-schwarz\/"},"modified":"2026-04-16T02:34:39","modified_gmt":"2026-04-16T00:34:39","slug":"17-business-laptop-rucksack-schwarz","status":"publish","type":"product","link":"https:\/\/swiss-peak.com\/de\/produkt\/17-business-laptop-rucksack-schwarz\/","title":{"rendered":"17\u201d Business Laptop-Rucksack, schwarz"},"content":{"rendered":"<p>Gradliniges Styling und clevere Features zeichnen diesen Rucksack aus 600D und 1680D Polyester aus. Ein gro\u00dfes Hauptfach f\u00fcr Laptops bis 17\u201d, sowie ein weiteres Fach mit vielen kleinen Organisationshelfern f\u00fcr alles N\u00f6tige. Inkl. seitlichem Netzfach f\u00fcr Ihre Wasserflasche. PVC-frei.<\/p>\n","protected":false},"excerpt":{"rendered":"<p>Gradliniges Styling und clevere Features zeichnen diesen Rucksack aus 600D und 1680D Polyester aus. Ein gro\u00dfes Hauptfach f\u00fcr Laptops bis 17\u201d, sowie ein weiteres Fach mit vielen kleinen Organisationshelfern f\u00fcr alles N\u00f6tige. Inkl. seitlichem Netzfach f\u00fcr Ihre Wasserflasche. PVC-frei.<\/p>\n","protected":false},"featured_media":46319,"template":"","meta":{"_acf_changed":false},"product_cat":[288,294,256,252],"product_tag":[],"class_list":["post-15144","product","type-product","status-publish","has-post-thumbnail","hentry","product_cat-geschafte","product_cat-laptoptaschen","product_cat-rucksacke","product_cat-taschen-reise","pa_color-black-de"],"acf":[],"yoast_head":"<!-- This site is optimized with the Yoast SEO plugin v27.0 - https:\/\/yoast.com\/product\/yoast-seo-wordpress\/ -->\n<title>17\u201d Business Laptop-Rucksack, schwarz - Swiss Peak<\/title>\n<meta name=\"robots\" content=\"index, follow, max-snippet:-1, max-image-preview:large, max-video-preview:-1\" \/>\n<link rel=\"canonical\" href=\"https:\/\/swiss-peak.com\/de\/produkt\/17-business-laptop-rucksack-schwarz\/\" \/>\n<meta property=\"og:locale\" content=\"de_DE\" \/>\n<meta property=\"og:type\" content=\"article\" \/>\n<meta property=\"og:title\" content=\"17\u201d Business Laptop-Rucksack, schwarz - Swiss Peak\" \/>\n<meta property=\"og:description\" content=\"Gradliniges Styling und clevere Features zeichnen diesen Rucksack aus 600D und 1680D Polyester aus. Ein gro\u00dfes Hauptfach f\u00fcr Laptops bis 17\u201d, sowie ein weiteres Fach mit vielen kleinen Organisationshelfern f\u00fcr alles N\u00f6tige. Inkl. seitlichem Netzfach f\u00fcr Ihre Wasserflasche. PVC-frei.\" \/>\n<meta property=\"og:url\" content=\"https:\/\/swiss-peak.com\/de\/produkt\/17-business-laptop-rucksack-schwarz\/\" \/>\n<meta property=\"og:site_name\" content=\"Swiss Peak\" \/>\n<meta property=\"article:modified_time\" content=\"2026-04-16T00:34:39+00:00\" \/>\n<meta property=\"og:image\" content=\"https:\/\/swiss-peak.com\/wp-content\/uploads\/sites\/9\/2026\/04\/P762.220__S_0__2c2083cbc34f4969bdfb90e2f7102f4b.jpg\" \/>\n\t<meta property=\"og:image:width\" content=\"1024\" \/>\n\t<meta property=\"og:image:height\" content=\"1024\" \/>\n\t<meta property=\"og:image:type\" content=\"image\/jpeg\" \/>\n<meta name=\"twitter:card\" content=\"summary_large_image\" \/>\n<script type=\"application\/ld+json\" class=\"yoast-schema-graph\">{\"@context\":\"https:\/\/schema.org\",\"@graph\":[{\"@type\":\"WebPage\",\"@id\":\"https:\/\/swiss-peak.com\/de\/produkt\/17-business-laptop-rucksack-schwarz\/\",\"url\":\"https:\/\/swiss-peak.com\/de\/produkt\/17-business-laptop-rucksack-schwarz\/\",\"name\":\"17\u201d Business Laptop-Rucksack, schwarz - Swiss Peak\",\"isPartOf\":{\"@id\":\"https:\/\/swiss-peak.com\/de\/#website\"},\"primaryImageOfPage\":{\"@id\":\"https:\/\/swiss-peak.com\/de\/produkt\/17-business-laptop-rucksack-schwarz\/#primaryimage\"},\"image\":{\"@id\":\"https:\/\/swiss-peak.com\/de\/produkt\/17-business-laptop-rucksack-schwarz\/#primaryimage\"},\"thumbnailUrl\":\"https:\/\/swiss-peak.com\/wp-content\/uploads\/sites\/9\/2026\/04\/P762.220__S_0__2c2083cbc34f4969bdfb90e2f7102f4b.jpg\",\"datePublished\":\"2023-03-14T09:56:08+00:00\",\"dateModified\":\"2026-04-16T00:34:39+00:00\",\"breadcrumb\":{\"@id\":\"https:\/\/swiss-peak.com\/de\/produkt\/17-business-laptop-rucksack-schwarz\/#breadcrumb\"},\"inLanguage\":\"de\",\"potentialAction\":[{\"@type\":\"ReadAction\",\"target\":[\"https:\/\/swiss-peak.com\/de\/produkt\/17-business-laptop-rucksack-schwarz\/\"]}]},{\"@type\":\"ImageObject\",\"inLanguage\":\"de\",\"@id\":\"https:\/\/swiss-peak.com\/de\/produkt\/17-business-laptop-rucksack-schwarz\/#primaryimage\",\"url\":\"https:\/\/swiss-peak.com\/wp-content\/uploads\/sites\/9\/2026\/04\/P762.220__S_0__2c2083cbc34f4969bdfb90e2f7102f4b.jpg\",\"contentUrl\":\"https:\/\/swiss-peak.com\/wp-content\/uploads\/sites\/9\/2026\/04\/P762.220__S_0__2c2083cbc34f4969bdfb90e2f7102f4b.jpg\",\"width\":1024,\"height\":1024},{\"@type\":\"BreadcrumbList\",\"@id\":\"https:\/\/swiss-peak.com\/de\/produkt\/17-business-laptop-rucksack-schwarz\/#breadcrumb\",\"itemListElement\":[{\"@type\":\"ListItem\",\"position\":1,\"name\":\"Home\",\"item\":\"https:\/\/swiss-peak.com\/de\/\"},{\"@type\":\"ListItem\",\"position\":2,\"name\":\"Kollektion\",\"item\":\"https:\/\/swiss-peak.com\/de\/kollektion\/\"},{\"@type\":\"ListItem\",\"position\":3,\"name\":\"17\u201d Business Laptop-Rucksack, schwarz\"}]},{\"@type\":\"WebSite\",\"@id\":\"https:\/\/swiss-peak.com\/de\/#website\",\"url\":\"https:\/\/swiss-peak.com\/de\/\",\"name\":\"Swiss Peak\",\"description\":\"Where will today take you?\",\"potentialAction\":[{\"@type\":\"SearchAction\",\"target\":{\"@type\":\"EntryPoint\",\"urlTemplate\":\"https:\/\/swiss-peak.com\/de\/?s={search_term_string}\"},\"query-input\":{\"@type\":\"PropertyValueSpecification\",\"valueRequired\":true,\"valueName\":\"search_term_string\"}}],\"inLanguage\":\"de\"}]}<\/script>\n<!-- \/ Yoast SEO plugin. -->","yoast_head_json":{"title":"17\u201d Business Laptop-Rucksack, schwarz - Swiss Peak","robots":{"index":"index","follow":"follow","max-snippet":"max-snippet:-1","max-image-preview":"max-image-preview:large","max-video-preview":"max-video-preview:-1"},"canonical":"https:\/\/swiss-peak.com\/de\/produkt\/17-business-laptop-rucksack-schwarz\/","og_locale":"de_DE","og_type":"article","og_title":"17\u201d Business Laptop-Rucksack, schwarz - Swiss Peak","og_description":"Gradliniges Styling und clevere Features zeichnen diesen Rucksack aus 600D und 1680D Polyester aus. Ein gro\u00dfes Hauptfach f\u00fcr Laptops bis 17\u201d, sowie ein weiteres Fach mit vielen kleinen Organisationshelfern f\u00fcr alles N\u00f6tige. Inkl. seitlichem Netzfach f\u00fcr Ihre Wasserflasche. PVC-frei.","og_url":"https:\/\/swiss-peak.com\/de\/produkt\/17-business-laptop-rucksack-schwarz\/","og_site_name":"Swiss Peak","article_modified_time":"2026-04-16T00:34:39+00:00","og_image":[{"width":1024,"height":1024,"url":"https:\/\/swiss-peak.com\/wp-content\/uploads\/sites\/9\/2026\/04\/P762.220__S_0__2c2083cbc34f4969bdfb90e2f7102f4b.jpg","type":"image\/jpeg"}],"twitter_card":"summary_large_image","schema":{"@context":"https:\/\/schema.org","@graph":[{"@type":"WebPage","@id":"https:\/\/swiss-peak.com\/de\/produkt\/17-business-laptop-rucksack-schwarz\/","url":"https:\/\/swiss-peak.com\/de\/produkt\/17-business-laptop-rucksack-schwarz\/","name":"17\u201d Business Laptop-Rucksack, schwarz - Swiss Peak","isPartOf":{"@id":"https:\/\/swiss-peak.com\/de\/#website"},"primaryImageOfPage":{"@id":"https:\/\/swiss-peak.com\/de\/produkt\/17-business-laptop-rucksack-schwarz\/#primaryimage"},"image":{"@id":"https:\/\/swiss-peak.com\/de\/produkt\/17-business-laptop-rucksack-schwarz\/#primaryimage"},"thumbnailUrl":"https:\/\/swiss-peak.com\/wp-content\/uploads\/sites\/9\/2026\/04\/P762.220__S_0__2c2083cbc34f4969bdfb90e2f7102f4b.jpg","datePublished":"2023-03-14T09:56:08+00:00","dateModified":"2026-04-16T00:34:39+00:00","breadcrumb":{"@id":"https:\/\/swiss-peak.com\/de\/produkt\/17-business-laptop-rucksack-schwarz\/#breadcrumb"},"inLanguage":"de","potentialAction":[{"@type":"ReadAction","target":["https:\/\/swiss-peak.com\/de\/produkt\/17-business-laptop-rucksack-schwarz\/"]}]},{"@type":"ImageObject","inLanguage":"de","@id":"https:\/\/swiss-peak.com\/de\/produkt\/17-business-laptop-rucksack-schwarz\/#primaryimage","url":"https:\/\/swiss-peak.com\/wp-content\/uploads\/sites\/9\/2026\/04\/P762.220__S_0__2c2083cbc34f4969bdfb90e2f7102f4b.jpg","contentUrl":"https:\/\/swiss-peak.com\/wp-content\/uploads\/sites\/9\/2026\/04\/P762.220__S_0__2c2083cbc34f4969bdfb90e2f7102f4b.jpg","width":1024,"height":1024},{"@type":"BreadcrumbList","@id":"https:\/\/swiss-peak.com\/de\/produkt\/17-business-laptop-rucksack-schwarz\/#breadcrumb","itemListElement":[{"@type":"ListItem","position":1,"name":"Home","item":"https:\/\/swiss-peak.com\/de\/"},{"@type":"ListItem","position":2,"name":"Kollektion","item":"https:\/\/swiss-peak.com\/de\/kollektion\/"},{"@type":"ListItem","position":3,"name":"17\u201d Business Laptop-Rucksack, schwarz"}]},{"@type":"WebSite","@id":"https:\/\/swiss-peak.com\/de\/#website","url":"https:\/\/swiss-peak.com\/de\/","name":"Swiss Peak","description":"Where will today take you?","potentialAction":[{"@type":"SearchAction","target":{"@type":"EntryPoint","urlTemplate":"https:\/\/swiss-peak.com\/de\/?s={search_term_string}"},"query-input":{"@type":"PropertyValueSpecification","valueRequired":true,"valueName":"search_term_string"}}],"inLanguage":"de"}]}},"_links":{"self":[{"href":"https:\/\/swiss-peak.com\/de\/wp-json\/wp\/v2\/product\/15144","targetHints":{"allow":["GET"]}}],"collection":[{"href":"https:\/\/swiss-peak.com\/de\/wp-json\/wp\/v2\/product"}],"about":[{"href":"https:\/\/swiss-peak.com\/de\/wp-json\/wp\/v2\/types\/product"}],"wp:featuredmedia":[{"embeddable":true,"href":"https:\/\/swiss-peak.com\/de\/wp-json\/wp\/v2\/media\/46319"}],"wp:attachment":[{"href":"https:\/\/swiss-peak.com\/de\/wp-json\/wp\/v2\/media?parent=15144"}],"wp:term":[{"taxonomy":"product_cat","embeddable":true,"href":"https:\/\/swiss-peak.com\/de\/wp-json\/wp\/v2\/product_cat?post=15144"},{"taxonomy":"product_tag","embeddable":true,"href":"https:\/\/swiss-peak.com\/de\/wp-json\/wp\/v2\/product_tag?post=15144"}],"curies":[{"name":"wp","href":"https:\/\/api.w.org\/{rel}","templated":true}]}}