{"id":15138,"date":"2023-03-14T11:56:08","date_gmt":"2023-03-14T09:56:08","guid":{"rendered":"https:\/\/xdsomename.tempurl.host\/swisspeak-website\/collection\/unkategorisiert\/deluxe-15-laptop-tasche-schwarz\/"},"modified":"2026-04-16T02:34:33","modified_gmt":"2026-04-16T00:34:33","slug":"deluxe-15-laptop-tasche-schwarz","status":"publish","type":"product","link":"https:\/\/swiss-peak.com\/de\/produkt\/deluxe-15-laptop-tasche-schwarz\/","title":{"rendered":"Deluxe 15\u201d Laptop-Tasche, schwarz"},"content":{"rendered":"<p>Luxuri\u00f6se 15,6\u201d Laptop-Tasche aus 1680D Polyester mit sch\u00fctzendem Laptopfach und viel weiterem Platz f\u00fcr all Ihr Zubeh\u00f6r wie Ladekabel usw. Ihr Smartphone oder eine Powerbank lassen sich perfekt in der Vortasche mit Rei\u00dfverschluss verstauen. PVC-frei.<\/p>\n","protected":false},"excerpt":{"rendered":"<p>Luxuri\u00f6se 15,6\u201d Laptop-Tasche aus 1680D Polyester mit sch\u00fctzendem Laptopfach und viel weiterem Platz f\u00fcr all Ihr Zubeh\u00f6r wie Ladekabel usw. Ihr Smartphone oder eine Powerbank lassen sich perfekt in der Vortasche mit Rei\u00dfverschluss verstauen. PVC-frei.<\/p>\n","protected":false},"featured_media":46305,"template":"","meta":{"_acf_changed":false},"product_cat":[288,294],"product_tag":[],"class_list":["post-15138","product","type-product","status-publish","has-post-thumbnail","hentry","product_cat-geschafte","product_cat-laptoptaschen","pa_color-black-de"],"acf":[],"yoast_head":"<!-- This site is optimized with the Yoast SEO plugin v27.0 - https:\/\/yoast.com\/product\/yoast-seo-wordpress\/ -->\n<title>Deluxe 15\u201d Laptop-Tasche, schwarz - Swiss Peak<\/title>\n<meta name=\"robots\" content=\"index, follow, max-snippet:-1, max-image-preview:large, max-video-preview:-1\" \/>\n<link rel=\"canonical\" href=\"https:\/\/swiss-peak.com\/de\/produkt\/deluxe-15-laptop-tasche-schwarz\/\" \/>\n<meta property=\"og:locale\" content=\"de_DE\" \/>\n<meta property=\"og:type\" content=\"article\" \/>\n<meta property=\"og:title\" content=\"Deluxe 15\u201d Laptop-Tasche, schwarz - Swiss Peak\" \/>\n<meta property=\"og:description\" content=\"Luxuri\u00f6se 15,6\u201d Laptop-Tasche aus 1680D Polyester mit sch\u00fctzendem Laptopfach und viel weiterem Platz f\u00fcr all Ihr Zubeh\u00f6r wie Ladekabel usw. Ihr Smartphone oder eine Powerbank lassen sich perfekt in der Vortasche mit Rei\u00dfverschluss verstauen. PVC-frei.\" \/>\n<meta property=\"og:url\" content=\"https:\/\/swiss-peak.com\/de\/produkt\/deluxe-15-laptop-tasche-schwarz\/\" \/>\n<meta property=\"og:site_name\" content=\"Swiss Peak\" \/>\n<meta property=\"article:modified_time\" content=\"2026-04-16T00:34:33+00:00\" \/>\n<meta property=\"og:image\" content=\"https:\/\/swiss-peak.com\/wp-content\/uploads\/sites\/9\/2026\/04\/P762.090__S_0__bf8f7e5c7d7e4c65be2c5631a00c8ab2.jpg\" \/>\n\t<meta property=\"og:image:width\" content=\"1024\" \/>\n\t<meta property=\"og:image:height\" content=\"1024\" \/>\n\t<meta property=\"og:image:type\" content=\"image\/jpeg\" \/>\n<meta name=\"twitter:card\" content=\"summary_large_image\" \/>\n<script type=\"application\/ld+json\" class=\"yoast-schema-graph\">{\"@context\":\"https:\/\/schema.org\",\"@graph\":[{\"@type\":\"WebPage\",\"@id\":\"https:\/\/swiss-peak.com\/de\/produkt\/deluxe-15-laptop-tasche-schwarz\/\",\"url\":\"https:\/\/swiss-peak.com\/de\/produkt\/deluxe-15-laptop-tasche-schwarz\/\",\"name\":\"Deluxe 15\u201d Laptop-Tasche, schwarz - Swiss Peak\",\"isPartOf\":{\"@id\":\"https:\/\/swiss-peak.com\/de\/#website\"},\"primaryImageOfPage\":{\"@id\":\"https:\/\/swiss-peak.com\/de\/produkt\/deluxe-15-laptop-tasche-schwarz\/#primaryimage\"},\"image\":{\"@id\":\"https:\/\/swiss-peak.com\/de\/produkt\/deluxe-15-laptop-tasche-schwarz\/#primaryimage\"},\"thumbnailUrl\":\"https:\/\/swiss-peak.com\/wp-content\/uploads\/sites\/9\/2026\/04\/P762.090__S_0__bf8f7e5c7d7e4c65be2c5631a00c8ab2.jpg\",\"datePublished\":\"2023-03-14T09:56:08+00:00\",\"dateModified\":\"2026-04-16T00:34:33+00:00\",\"breadcrumb\":{\"@id\":\"https:\/\/swiss-peak.com\/de\/produkt\/deluxe-15-laptop-tasche-schwarz\/#breadcrumb\"},\"inLanguage\":\"de\",\"potentialAction\":[{\"@type\":\"ReadAction\",\"target\":[\"https:\/\/swiss-peak.com\/de\/produkt\/deluxe-15-laptop-tasche-schwarz\/\"]}]},{\"@type\":\"ImageObject\",\"inLanguage\":\"de\",\"@id\":\"https:\/\/swiss-peak.com\/de\/produkt\/deluxe-15-laptop-tasche-schwarz\/#primaryimage\",\"url\":\"https:\/\/swiss-peak.com\/wp-content\/uploads\/sites\/9\/2026\/04\/P762.090__S_0__bf8f7e5c7d7e4c65be2c5631a00c8ab2.jpg\",\"contentUrl\":\"https:\/\/swiss-peak.com\/wp-content\/uploads\/sites\/9\/2026\/04\/P762.090__S_0__bf8f7e5c7d7e4c65be2c5631a00c8ab2.jpg\",\"width\":1024,\"height\":1024},{\"@type\":\"BreadcrumbList\",\"@id\":\"https:\/\/swiss-peak.com\/de\/produkt\/deluxe-15-laptop-tasche-schwarz\/#breadcrumb\",\"itemListElement\":[{\"@type\":\"ListItem\",\"position\":1,\"name\":\"Home\",\"item\":\"https:\/\/swiss-peak.com\/de\/\"},{\"@type\":\"ListItem\",\"position\":2,\"name\":\"Kollektion\",\"item\":\"https:\/\/swiss-peak.com\/de\/kollektion\/\"},{\"@type\":\"ListItem\",\"position\":3,\"name\":\"Deluxe 15\u201d Laptop-Tasche, schwarz\"}]},{\"@type\":\"WebSite\",\"@id\":\"https:\/\/swiss-peak.com\/de\/#website\",\"url\":\"https:\/\/swiss-peak.com\/de\/\",\"name\":\"Swiss Peak\",\"description\":\"Where will today take you?\",\"potentialAction\":[{\"@type\":\"SearchAction\",\"target\":{\"@type\":\"EntryPoint\",\"urlTemplate\":\"https:\/\/swiss-peak.com\/de\/?s={search_term_string}\"},\"query-input\":{\"@type\":\"PropertyValueSpecification\",\"valueRequired\":true,\"valueName\":\"search_term_string\"}}],\"inLanguage\":\"de\"}]}<\/script>\n<!-- \/ Yoast SEO plugin. -->","yoast_head_json":{"title":"Deluxe 15\u201d Laptop-Tasche, schwarz - Swiss Peak","robots":{"index":"index","follow":"follow","max-snippet":"max-snippet:-1","max-image-preview":"max-image-preview:large","max-video-preview":"max-video-preview:-1"},"canonical":"https:\/\/swiss-peak.com\/de\/produkt\/deluxe-15-laptop-tasche-schwarz\/","og_locale":"de_DE","og_type":"article","og_title":"Deluxe 15\u201d Laptop-Tasche, schwarz - Swiss Peak","og_description":"Luxuri\u00f6se 15,6\u201d Laptop-Tasche aus 1680D Polyester mit sch\u00fctzendem Laptopfach und viel weiterem Platz f\u00fcr all Ihr Zubeh\u00f6r wie Ladekabel usw. Ihr Smartphone oder eine Powerbank lassen sich perfekt in der Vortasche mit Rei\u00dfverschluss verstauen. PVC-frei.","og_url":"https:\/\/swiss-peak.com\/de\/produkt\/deluxe-15-laptop-tasche-schwarz\/","og_site_name":"Swiss Peak","article_modified_time":"2026-04-16T00:34:33+00:00","og_image":[{"width":1024,"height":1024,"url":"https:\/\/swiss-peak.com\/wp-content\/uploads\/sites\/9\/2026\/04\/P762.090__S_0__bf8f7e5c7d7e4c65be2c5631a00c8ab2.jpg","type":"image\/jpeg"}],"twitter_card":"summary_large_image","schema":{"@context":"https:\/\/schema.org","@graph":[{"@type":"WebPage","@id":"https:\/\/swiss-peak.com\/de\/produkt\/deluxe-15-laptop-tasche-schwarz\/","url":"https:\/\/swiss-peak.com\/de\/produkt\/deluxe-15-laptop-tasche-schwarz\/","name":"Deluxe 15\u201d Laptop-Tasche, schwarz - Swiss Peak","isPartOf":{"@id":"https:\/\/swiss-peak.com\/de\/#website"},"primaryImageOfPage":{"@id":"https:\/\/swiss-peak.com\/de\/produkt\/deluxe-15-laptop-tasche-schwarz\/#primaryimage"},"image":{"@id":"https:\/\/swiss-peak.com\/de\/produkt\/deluxe-15-laptop-tasche-schwarz\/#primaryimage"},"thumbnailUrl":"https:\/\/swiss-peak.com\/wp-content\/uploads\/sites\/9\/2026\/04\/P762.090__S_0__bf8f7e5c7d7e4c65be2c5631a00c8ab2.jpg","datePublished":"2023-03-14T09:56:08+00:00","dateModified":"2026-04-16T00:34:33+00:00","breadcrumb":{"@id":"https:\/\/swiss-peak.com\/de\/produkt\/deluxe-15-laptop-tasche-schwarz\/#breadcrumb"},"inLanguage":"de","potentialAction":[{"@type":"ReadAction","target":["https:\/\/swiss-peak.com\/de\/produkt\/deluxe-15-laptop-tasche-schwarz\/"]}]},{"@type":"ImageObject","inLanguage":"de","@id":"https:\/\/swiss-peak.com\/de\/produkt\/deluxe-15-laptop-tasche-schwarz\/#primaryimage","url":"https:\/\/swiss-peak.com\/wp-content\/uploads\/sites\/9\/2026\/04\/P762.090__S_0__bf8f7e5c7d7e4c65be2c5631a00c8ab2.jpg","contentUrl":"https:\/\/swiss-peak.com\/wp-content\/uploads\/sites\/9\/2026\/04\/P762.090__S_0__bf8f7e5c7d7e4c65be2c5631a00c8ab2.jpg","width":1024,"height":1024},{"@type":"BreadcrumbList","@id":"https:\/\/swiss-peak.com\/de\/produkt\/deluxe-15-laptop-tasche-schwarz\/#breadcrumb","itemListElement":[{"@type":"ListItem","position":1,"name":"Home","item":"https:\/\/swiss-peak.com\/de\/"},{"@type":"ListItem","position":2,"name":"Kollektion","item":"https:\/\/swiss-peak.com\/de\/kollektion\/"},{"@type":"ListItem","position":3,"name":"Deluxe 15\u201d Laptop-Tasche, schwarz"}]},{"@type":"WebSite","@id":"https:\/\/swiss-peak.com\/de\/#website","url":"https:\/\/swiss-peak.com\/de\/","name":"Swiss Peak","description":"Where will today take you?","potentialAction":[{"@type":"SearchAction","target":{"@type":"EntryPoint","urlTemplate":"https:\/\/swiss-peak.com\/de\/?s={search_term_string}"},"query-input":{"@type":"PropertyValueSpecification","valueRequired":true,"valueName":"search_term_string"}}],"inLanguage":"de"}]}},"_links":{"self":[{"href":"https:\/\/swiss-peak.com\/de\/wp-json\/wp\/v2\/product\/15138","targetHints":{"allow":["GET"]}}],"collection":[{"href":"https:\/\/swiss-peak.com\/de\/wp-json\/wp\/v2\/product"}],"about":[{"href":"https:\/\/swiss-peak.com\/de\/wp-json\/wp\/v2\/types\/product"}],"wp:featuredmedia":[{"embeddable":true,"href":"https:\/\/swiss-peak.com\/de\/wp-json\/wp\/v2\/media\/46305"}],"wp:attachment":[{"href":"https:\/\/swiss-peak.com\/de\/wp-json\/wp\/v2\/media?parent=15138"}],"wp:term":[{"taxonomy":"product_cat","embeddable":true,"href":"https:\/\/swiss-peak.com\/de\/wp-json\/wp\/v2\/product_cat?post=15138"},{"taxonomy":"product_tag","embeddable":true,"href":"https:\/\/swiss-peak.com\/de\/wp-json\/wp\/v2\/product_tag?post=15138"}],"curies":[{"name":"wp","href":"https:\/\/api.w.org\/{rel}","templated":true}]}}