{"id":15134,"date":"2023-03-14T11:55:43","date_gmt":"2023-03-14T09:55:43","guid":{"rendered":"https:\/\/xdsomename.tempurl.host\/swisspeak-website\/collection\/unkategorisiert\/154-laptoptasche-schwarz\/"},"modified":"2026-04-16T02:34:31","modified_gmt":"2026-04-16T00:34:31","slug":"154-laptoptasche-schwarz","status":"publish","type":"product","link":"https:\/\/swiss-peak.com\/de\/produkt\/154-laptoptasche-schwarz\/","title":{"rendered":"15,4\u201d Laptoptasche, schwarz"},"content":{"rendered":"<p>Transportieren Sie Ihren 15,4\u201d Laptop zur Arbeit und wieder nach Hause in dieser 600D mit 1680D Polyster Laptoptasche von Swiss Peak. Inkl. gepolstertem Laptopfach, extra Fach f\u00fcr Ihr iPad oder Tablet und umfassendem Organizer Frontfach mit Rei\u00dfverschluss, Stiftehalter und F\u00e4cher f\u00fcr kleinere Gegenst\u00e4nde. Mit Lasche an der R\u00fcckseite zum Befestigen am Griff eines Trolleys. Vielseitige Tragem\u00f6glichkeiten durch den verstell- und abnehmbaren Schulterriemen. PVC-frei.<\/p>\n","protected":false},"excerpt":{"rendered":"<p>Transportieren Sie Ihren 15,4\u201d Laptop zur Arbeit und wieder nach Hause in dieser 600D mit 1680D Polyster Laptoptasche von Swiss Peak. Inkl. gepolstertem Laptopfach, extra Fach f\u00fcr Ihr iPad oder Tablet und umfassendem Organizer Frontfach mit Rei\u00dfverschluss, Stiftehalter und F\u00e4cher f\u00fcr kleinere Gegenst\u00e4nde. Mit Lasche an der R\u00fcckseite zum Befestigen am Griff eines Trolleys. Vielseitige [&hellip;]<\/p>\n","protected":false},"featured_media":46298,"template":"","meta":{"_acf_changed":false},"product_cat":[288,294],"product_tag":[],"class_list":["post-15134","product","type-product","status-publish","has-post-thumbnail","hentry","product_cat-geschafte","product_cat-laptoptaschen","pa_color-black-de"],"acf":[],"yoast_head":"<!-- This site is optimized with the Yoast SEO plugin v27.0 - https:\/\/yoast.com\/product\/yoast-seo-wordpress\/ -->\n<title>15,4\u201d Laptoptasche, schwarz - Swiss Peak<\/title>\n<meta name=\"robots\" content=\"index, follow, max-snippet:-1, max-image-preview:large, max-video-preview:-1\" \/>\n<link rel=\"canonical\" href=\"https:\/\/swiss-peak.com\/de\/produkt\/154-laptoptasche-schwarz\/\" \/>\n<meta property=\"og:locale\" content=\"de_DE\" \/>\n<meta property=\"og:type\" content=\"article\" \/>\n<meta property=\"og:title\" content=\"15,4\u201d Laptoptasche, schwarz - Swiss Peak\" \/>\n<meta property=\"og:description\" content=\"Transportieren Sie Ihren 15,4\u201d Laptop zur Arbeit und wieder nach Hause in dieser 600D mit 1680D Polyster Laptoptasche von Swiss Peak. Inkl. gepolstertem Laptopfach, extra Fach f\u00fcr Ihr iPad oder Tablet und umfassendem Organizer Frontfach mit Rei\u00dfverschluss, Stiftehalter und F\u00e4cher f\u00fcr kleinere Gegenst\u00e4nde. Mit Lasche an der R\u00fcckseite zum Befestigen am Griff eines Trolleys. Vielseitige [&hellip;]\" \/>\n<meta property=\"og:url\" content=\"https:\/\/swiss-peak.com\/de\/produkt\/154-laptoptasche-schwarz\/\" \/>\n<meta property=\"og:site_name\" content=\"Swiss Peak\" \/>\n<meta property=\"article:modified_time\" content=\"2026-04-16T00:34:31+00:00\" \/>\n<meta property=\"og:image\" content=\"https:\/\/swiss-peak.com\/wp-content\/uploads\/sites\/9\/2026\/04\/P732.210__S_0__68a5a4536f9d4ccabaf9867aa3cadcc5.jpg\" \/>\n\t<meta property=\"og:image:width\" content=\"1024\" \/>\n\t<meta property=\"og:image:height\" content=\"1024\" \/>\n\t<meta property=\"og:image:type\" content=\"image\/jpeg\" \/>\n<meta name=\"twitter:card\" content=\"summary_large_image\" \/>\n<script type=\"application\/ld+json\" class=\"yoast-schema-graph\">{\"@context\":\"https:\/\/schema.org\",\"@graph\":[{\"@type\":\"WebPage\",\"@id\":\"https:\/\/swiss-peak.com\/de\/produkt\/154-laptoptasche-schwarz\/\",\"url\":\"https:\/\/swiss-peak.com\/de\/produkt\/154-laptoptasche-schwarz\/\",\"name\":\"15,4\u201d Laptoptasche, schwarz - Swiss Peak\",\"isPartOf\":{\"@id\":\"https:\/\/swiss-peak.com\/de\/#website\"},\"primaryImageOfPage\":{\"@id\":\"https:\/\/swiss-peak.com\/de\/produkt\/154-laptoptasche-schwarz\/#primaryimage\"},\"image\":{\"@id\":\"https:\/\/swiss-peak.com\/de\/produkt\/154-laptoptasche-schwarz\/#primaryimage\"},\"thumbnailUrl\":\"https:\/\/swiss-peak.com\/wp-content\/uploads\/sites\/9\/2026\/04\/P732.210__S_0__68a5a4536f9d4ccabaf9867aa3cadcc5.jpg\",\"datePublished\":\"2023-03-14T09:55:43+00:00\",\"dateModified\":\"2026-04-16T00:34:31+00:00\",\"breadcrumb\":{\"@id\":\"https:\/\/swiss-peak.com\/de\/produkt\/154-laptoptasche-schwarz\/#breadcrumb\"},\"inLanguage\":\"de\",\"potentialAction\":[{\"@type\":\"ReadAction\",\"target\":[\"https:\/\/swiss-peak.com\/de\/produkt\/154-laptoptasche-schwarz\/\"]}]},{\"@type\":\"ImageObject\",\"inLanguage\":\"de\",\"@id\":\"https:\/\/swiss-peak.com\/de\/produkt\/154-laptoptasche-schwarz\/#primaryimage\",\"url\":\"https:\/\/swiss-peak.com\/wp-content\/uploads\/sites\/9\/2026\/04\/P732.210__S_0__68a5a4536f9d4ccabaf9867aa3cadcc5.jpg\",\"contentUrl\":\"https:\/\/swiss-peak.com\/wp-content\/uploads\/sites\/9\/2026\/04\/P732.210__S_0__68a5a4536f9d4ccabaf9867aa3cadcc5.jpg\",\"width\":1024,\"height\":1024},{\"@type\":\"BreadcrumbList\",\"@id\":\"https:\/\/swiss-peak.com\/de\/produkt\/154-laptoptasche-schwarz\/#breadcrumb\",\"itemListElement\":[{\"@type\":\"ListItem\",\"position\":1,\"name\":\"Home\",\"item\":\"https:\/\/swiss-peak.com\/de\/\"},{\"@type\":\"ListItem\",\"position\":2,\"name\":\"Kollektion\",\"item\":\"https:\/\/swiss-peak.com\/de\/kollektion\/\"},{\"@type\":\"ListItem\",\"position\":3,\"name\":\"15,4\u201d Laptoptasche, schwarz\"}]},{\"@type\":\"WebSite\",\"@id\":\"https:\/\/swiss-peak.com\/de\/#website\",\"url\":\"https:\/\/swiss-peak.com\/de\/\",\"name\":\"Swiss Peak\",\"description\":\"Where will today take you?\",\"potentialAction\":[{\"@type\":\"SearchAction\",\"target\":{\"@type\":\"EntryPoint\",\"urlTemplate\":\"https:\/\/swiss-peak.com\/de\/?s={search_term_string}\"},\"query-input\":{\"@type\":\"PropertyValueSpecification\",\"valueRequired\":true,\"valueName\":\"search_term_string\"}}],\"inLanguage\":\"de\"}]}<\/script>\n<!-- \/ Yoast SEO plugin. -->","yoast_head_json":{"title":"15,4\u201d Laptoptasche, schwarz - Swiss Peak","robots":{"index":"index","follow":"follow","max-snippet":"max-snippet:-1","max-image-preview":"max-image-preview:large","max-video-preview":"max-video-preview:-1"},"canonical":"https:\/\/swiss-peak.com\/de\/produkt\/154-laptoptasche-schwarz\/","og_locale":"de_DE","og_type":"article","og_title":"15,4\u201d Laptoptasche, schwarz - Swiss Peak","og_description":"Transportieren Sie Ihren 15,4\u201d Laptop zur Arbeit und wieder nach Hause in dieser 600D mit 1680D Polyster Laptoptasche von Swiss Peak. Inkl. gepolstertem Laptopfach, extra Fach f\u00fcr Ihr iPad oder Tablet und umfassendem Organizer Frontfach mit Rei\u00dfverschluss, Stiftehalter und F\u00e4cher f\u00fcr kleinere Gegenst\u00e4nde. Mit Lasche an der R\u00fcckseite zum Befestigen am Griff eines Trolleys. Vielseitige [&hellip;]","og_url":"https:\/\/swiss-peak.com\/de\/produkt\/154-laptoptasche-schwarz\/","og_site_name":"Swiss Peak","article_modified_time":"2026-04-16T00:34:31+00:00","og_image":[{"width":1024,"height":1024,"url":"https:\/\/swiss-peak.com\/wp-content\/uploads\/sites\/9\/2026\/04\/P732.210__S_0__68a5a4536f9d4ccabaf9867aa3cadcc5.jpg","type":"image\/jpeg"}],"twitter_card":"summary_large_image","schema":{"@context":"https:\/\/schema.org","@graph":[{"@type":"WebPage","@id":"https:\/\/swiss-peak.com\/de\/produkt\/154-laptoptasche-schwarz\/","url":"https:\/\/swiss-peak.com\/de\/produkt\/154-laptoptasche-schwarz\/","name":"15,4\u201d Laptoptasche, schwarz - Swiss Peak","isPartOf":{"@id":"https:\/\/swiss-peak.com\/de\/#website"},"primaryImageOfPage":{"@id":"https:\/\/swiss-peak.com\/de\/produkt\/154-laptoptasche-schwarz\/#primaryimage"},"image":{"@id":"https:\/\/swiss-peak.com\/de\/produkt\/154-laptoptasche-schwarz\/#primaryimage"},"thumbnailUrl":"https:\/\/swiss-peak.com\/wp-content\/uploads\/sites\/9\/2026\/04\/P732.210__S_0__68a5a4536f9d4ccabaf9867aa3cadcc5.jpg","datePublished":"2023-03-14T09:55:43+00:00","dateModified":"2026-04-16T00:34:31+00:00","breadcrumb":{"@id":"https:\/\/swiss-peak.com\/de\/produkt\/154-laptoptasche-schwarz\/#breadcrumb"},"inLanguage":"de","potentialAction":[{"@type":"ReadAction","target":["https:\/\/swiss-peak.com\/de\/produkt\/154-laptoptasche-schwarz\/"]}]},{"@type":"ImageObject","inLanguage":"de","@id":"https:\/\/swiss-peak.com\/de\/produkt\/154-laptoptasche-schwarz\/#primaryimage","url":"https:\/\/swiss-peak.com\/wp-content\/uploads\/sites\/9\/2026\/04\/P732.210__S_0__68a5a4536f9d4ccabaf9867aa3cadcc5.jpg","contentUrl":"https:\/\/swiss-peak.com\/wp-content\/uploads\/sites\/9\/2026\/04\/P732.210__S_0__68a5a4536f9d4ccabaf9867aa3cadcc5.jpg","width":1024,"height":1024},{"@type":"BreadcrumbList","@id":"https:\/\/swiss-peak.com\/de\/produkt\/154-laptoptasche-schwarz\/#breadcrumb","itemListElement":[{"@type":"ListItem","position":1,"name":"Home","item":"https:\/\/swiss-peak.com\/de\/"},{"@type":"ListItem","position":2,"name":"Kollektion","item":"https:\/\/swiss-peak.com\/de\/kollektion\/"},{"@type":"ListItem","position":3,"name":"15,4\u201d Laptoptasche, schwarz"}]},{"@type":"WebSite","@id":"https:\/\/swiss-peak.com\/de\/#website","url":"https:\/\/swiss-peak.com\/de\/","name":"Swiss Peak","description":"Where will today take you?","potentialAction":[{"@type":"SearchAction","target":{"@type":"EntryPoint","urlTemplate":"https:\/\/swiss-peak.com\/de\/?s={search_term_string}"},"query-input":{"@type":"PropertyValueSpecification","valueRequired":true,"valueName":"search_term_string"}}],"inLanguage":"de"}]}},"_links":{"self":[{"href":"https:\/\/swiss-peak.com\/de\/wp-json\/wp\/v2\/product\/15134","targetHints":{"allow":["GET"]}}],"collection":[{"href":"https:\/\/swiss-peak.com\/de\/wp-json\/wp\/v2\/product"}],"about":[{"href":"https:\/\/swiss-peak.com\/de\/wp-json\/wp\/v2\/types\/product"}],"wp:featuredmedia":[{"embeddable":true,"href":"https:\/\/swiss-peak.com\/de\/wp-json\/wp\/v2\/media\/46298"}],"wp:attachment":[{"href":"https:\/\/swiss-peak.com\/de\/wp-json\/wp\/v2\/media?parent=15134"}],"wp:term":[{"taxonomy":"product_cat","embeddable":true,"href":"https:\/\/swiss-peak.com\/de\/wp-json\/wp\/v2\/product_cat?post=15134"},{"taxonomy":"product_tag","embeddable":true,"href":"https:\/\/swiss-peak.com\/de\/wp-json\/wp\/v2\/product_tag?post=15134"}],"curies":[{"name":"wp","href":"https:\/\/api.w.org\/{rel}","templated":true}]}}