{"id":15129,"date":"2023-03-14T11:55:43","date_gmt":"2023-03-14T09:55:43","guid":{"rendered":"https:\/\/xdsomename.tempurl.host\/swisspeak-website\/collection\/unkategorisiert\/wochenend-sporttasche-schwarz\/"},"modified":"2026-04-16T02:34:24","modified_gmt":"2026-04-16T00:34:24","slug":"wochenend-sporttasche-schwarz","status":"publish","type":"product","link":"https:\/\/swiss-peak.com\/de\/produkt\/wochenend-sporttasche-schwarz\/","title":{"rendered":"Wochenend-\/Sporttasche, schwarz"},"content":{"rendered":"<p>Diese 600D mit 1680D Polyester Tasche im sportlichen Design ist ideal f\u00fcr Ihren Besuch im Fitnessstudio oder f\u00fcr legeres Reisen. Inkl. ger\u00e4umigem Hauptfach mit U-f\u00f6rmigem Rei\u00dfverschluss an der Oberseite, seitlichem Schuhfach mit Bel\u00fcftung und seitlichem Flaschenhalterfach. Praktisches Frontfach mit Rei\u00dfverschluss f\u00fcr Smartphones und andere Reiseaccessoires. Verstellbarer Schulterriemen und doppelter Tragegriff an der Oberseite f\u00fcr besseren Tragekomfort und Trageflexibilit\u00e4t. PVC-frei.<\/p>\n","protected":false},"excerpt":{"rendered":"<p>Diese 600D mit 1680D Polyester Tasche im sportlichen Design ist ideal f\u00fcr Ihren Besuch im Fitnessstudio oder f\u00fcr legeres Reisen. Inkl. ger\u00e4umigem Hauptfach mit U-f\u00f6rmigem Rei\u00dfverschluss an der Oberseite, seitlichem Schuhfach mit Bel\u00fcftung und seitlichem Flaschenhalterfach. Praktisches Frontfach mit Rei\u00dfverschluss f\u00fcr Smartphones und andere Reiseaccessoires. Verstellbarer Schulterriemen und doppelter Tragegriff an der Oberseite f\u00fcr besseren [&hellip;]<\/p>\n","protected":false},"featured_media":46284,"template":"","meta":{"_acf_changed":false},"product_cat":[270,252,282],"product_tag":[],"class_list":["post-15129","product","type-product","status-publish","has-post-thumbnail","hentry","product_cat-sporttaschen","product_cat-taschen-reise","product_cat-wochenendtaschen","pa_color-black-de"],"acf":[],"yoast_head":"<!-- This site is optimized with the Yoast SEO plugin v27.0 - https:\/\/yoast.com\/product\/yoast-seo-wordpress\/ -->\n<title>Wochenend-\/Sporttasche, schwarz - Swiss Peak<\/title>\n<meta name=\"robots\" content=\"index, follow, max-snippet:-1, max-image-preview:large, max-video-preview:-1\" \/>\n<link rel=\"canonical\" href=\"https:\/\/swiss-peak.com\/de\/produkt\/wochenend-sporttasche-schwarz\/\" \/>\n<meta property=\"og:locale\" content=\"de_DE\" \/>\n<meta property=\"og:type\" content=\"article\" \/>\n<meta property=\"og:title\" content=\"Wochenend-\/Sporttasche, schwarz - Swiss Peak\" \/>\n<meta property=\"og:description\" content=\"Diese 600D mit 1680D Polyester Tasche im sportlichen Design ist ideal f\u00fcr Ihren Besuch im Fitnessstudio oder f\u00fcr legeres Reisen. Inkl. ger\u00e4umigem Hauptfach mit U-f\u00f6rmigem Rei\u00dfverschluss an der Oberseite, seitlichem Schuhfach mit Bel\u00fcftung und seitlichem Flaschenhalterfach. Praktisches Frontfach mit Rei\u00dfverschluss f\u00fcr Smartphones und andere Reiseaccessoires. Verstellbarer Schulterriemen und doppelter Tragegriff an der Oberseite f\u00fcr besseren [&hellip;]\" \/>\n<meta property=\"og:url\" content=\"https:\/\/swiss-peak.com\/de\/produkt\/wochenend-sporttasche-schwarz\/\" \/>\n<meta property=\"og:site_name\" content=\"Swiss Peak\" \/>\n<meta property=\"article:modified_time\" content=\"2026-04-16T00:34:24+00:00\" \/>\n<meta property=\"og:image\" content=\"https:\/\/swiss-peak.com\/wp-content\/uploads\/sites\/9\/2026\/04\/P707.230__S_0__0e083b06c6334d11bcbf3b894fce5d59.jpg\" \/>\n\t<meta property=\"og:image:width\" content=\"1024\" \/>\n\t<meta property=\"og:image:height\" content=\"1024\" \/>\n\t<meta property=\"og:image:type\" content=\"image\/jpeg\" \/>\n<meta name=\"twitter:card\" content=\"summary_large_image\" \/>\n<script type=\"application\/ld+json\" class=\"yoast-schema-graph\">{\"@context\":\"https:\/\/schema.org\",\"@graph\":[{\"@type\":\"WebPage\",\"@id\":\"https:\/\/swiss-peak.com\/de\/produkt\/wochenend-sporttasche-schwarz\/\",\"url\":\"https:\/\/swiss-peak.com\/de\/produkt\/wochenend-sporttasche-schwarz\/\",\"name\":\"Wochenend-\/Sporttasche, schwarz - Swiss Peak\",\"isPartOf\":{\"@id\":\"https:\/\/swiss-peak.com\/de\/#website\"},\"primaryImageOfPage\":{\"@id\":\"https:\/\/swiss-peak.com\/de\/produkt\/wochenend-sporttasche-schwarz\/#primaryimage\"},\"image\":{\"@id\":\"https:\/\/swiss-peak.com\/de\/produkt\/wochenend-sporttasche-schwarz\/#primaryimage\"},\"thumbnailUrl\":\"https:\/\/swiss-peak.com\/wp-content\/uploads\/sites\/9\/2026\/04\/P707.230__S_0__0e083b06c6334d11bcbf3b894fce5d59.jpg\",\"datePublished\":\"2023-03-14T09:55:43+00:00\",\"dateModified\":\"2026-04-16T00:34:24+00:00\",\"breadcrumb\":{\"@id\":\"https:\/\/swiss-peak.com\/de\/produkt\/wochenend-sporttasche-schwarz\/#breadcrumb\"},\"inLanguage\":\"de\",\"potentialAction\":[{\"@type\":\"ReadAction\",\"target\":[\"https:\/\/swiss-peak.com\/de\/produkt\/wochenend-sporttasche-schwarz\/\"]}]},{\"@type\":\"ImageObject\",\"inLanguage\":\"de\",\"@id\":\"https:\/\/swiss-peak.com\/de\/produkt\/wochenend-sporttasche-schwarz\/#primaryimage\",\"url\":\"https:\/\/swiss-peak.com\/wp-content\/uploads\/sites\/9\/2026\/04\/P707.230__S_0__0e083b06c6334d11bcbf3b894fce5d59.jpg\",\"contentUrl\":\"https:\/\/swiss-peak.com\/wp-content\/uploads\/sites\/9\/2026\/04\/P707.230__S_0__0e083b06c6334d11bcbf3b894fce5d59.jpg\",\"width\":1024,\"height\":1024},{\"@type\":\"BreadcrumbList\",\"@id\":\"https:\/\/swiss-peak.com\/de\/produkt\/wochenend-sporttasche-schwarz\/#breadcrumb\",\"itemListElement\":[{\"@type\":\"ListItem\",\"position\":1,\"name\":\"Home\",\"item\":\"https:\/\/swiss-peak.com\/de\/\"},{\"@type\":\"ListItem\",\"position\":2,\"name\":\"Kollektion\",\"item\":\"https:\/\/swiss-peak.com\/de\/kollektion\/\"},{\"@type\":\"ListItem\",\"position\":3,\"name\":\"Wochenend-\/Sporttasche, schwarz\"}]},{\"@type\":\"WebSite\",\"@id\":\"https:\/\/swiss-peak.com\/de\/#website\",\"url\":\"https:\/\/swiss-peak.com\/de\/\",\"name\":\"Swiss Peak\",\"description\":\"Where will today take you?\",\"potentialAction\":[{\"@type\":\"SearchAction\",\"target\":{\"@type\":\"EntryPoint\",\"urlTemplate\":\"https:\/\/swiss-peak.com\/de\/?s={search_term_string}\"},\"query-input\":{\"@type\":\"PropertyValueSpecification\",\"valueRequired\":true,\"valueName\":\"search_term_string\"}}],\"inLanguage\":\"de\"}]}<\/script>\n<!-- \/ Yoast SEO plugin. -->","yoast_head_json":{"title":"Wochenend-\/Sporttasche, schwarz - Swiss Peak","robots":{"index":"index","follow":"follow","max-snippet":"max-snippet:-1","max-image-preview":"max-image-preview:large","max-video-preview":"max-video-preview:-1"},"canonical":"https:\/\/swiss-peak.com\/de\/produkt\/wochenend-sporttasche-schwarz\/","og_locale":"de_DE","og_type":"article","og_title":"Wochenend-\/Sporttasche, schwarz - Swiss Peak","og_description":"Diese 600D mit 1680D Polyester Tasche im sportlichen Design ist ideal f\u00fcr Ihren Besuch im Fitnessstudio oder f\u00fcr legeres Reisen. Inkl. ger\u00e4umigem Hauptfach mit U-f\u00f6rmigem Rei\u00dfverschluss an der Oberseite, seitlichem Schuhfach mit Bel\u00fcftung und seitlichem Flaschenhalterfach. Praktisches Frontfach mit Rei\u00dfverschluss f\u00fcr Smartphones und andere Reiseaccessoires. Verstellbarer Schulterriemen und doppelter Tragegriff an der Oberseite f\u00fcr besseren [&hellip;]","og_url":"https:\/\/swiss-peak.com\/de\/produkt\/wochenend-sporttasche-schwarz\/","og_site_name":"Swiss Peak","article_modified_time":"2026-04-16T00:34:24+00:00","og_image":[{"width":1024,"height":1024,"url":"https:\/\/swiss-peak.com\/wp-content\/uploads\/sites\/9\/2026\/04\/P707.230__S_0__0e083b06c6334d11bcbf3b894fce5d59.jpg","type":"image\/jpeg"}],"twitter_card":"summary_large_image","schema":{"@context":"https:\/\/schema.org","@graph":[{"@type":"WebPage","@id":"https:\/\/swiss-peak.com\/de\/produkt\/wochenend-sporttasche-schwarz\/","url":"https:\/\/swiss-peak.com\/de\/produkt\/wochenend-sporttasche-schwarz\/","name":"Wochenend-\/Sporttasche, schwarz - Swiss Peak","isPartOf":{"@id":"https:\/\/swiss-peak.com\/de\/#website"},"primaryImageOfPage":{"@id":"https:\/\/swiss-peak.com\/de\/produkt\/wochenend-sporttasche-schwarz\/#primaryimage"},"image":{"@id":"https:\/\/swiss-peak.com\/de\/produkt\/wochenend-sporttasche-schwarz\/#primaryimage"},"thumbnailUrl":"https:\/\/swiss-peak.com\/wp-content\/uploads\/sites\/9\/2026\/04\/P707.230__S_0__0e083b06c6334d11bcbf3b894fce5d59.jpg","datePublished":"2023-03-14T09:55:43+00:00","dateModified":"2026-04-16T00:34:24+00:00","breadcrumb":{"@id":"https:\/\/swiss-peak.com\/de\/produkt\/wochenend-sporttasche-schwarz\/#breadcrumb"},"inLanguage":"de","potentialAction":[{"@type":"ReadAction","target":["https:\/\/swiss-peak.com\/de\/produkt\/wochenend-sporttasche-schwarz\/"]}]},{"@type":"ImageObject","inLanguage":"de","@id":"https:\/\/swiss-peak.com\/de\/produkt\/wochenend-sporttasche-schwarz\/#primaryimage","url":"https:\/\/swiss-peak.com\/wp-content\/uploads\/sites\/9\/2026\/04\/P707.230__S_0__0e083b06c6334d11bcbf3b894fce5d59.jpg","contentUrl":"https:\/\/swiss-peak.com\/wp-content\/uploads\/sites\/9\/2026\/04\/P707.230__S_0__0e083b06c6334d11bcbf3b894fce5d59.jpg","width":1024,"height":1024},{"@type":"BreadcrumbList","@id":"https:\/\/swiss-peak.com\/de\/produkt\/wochenend-sporttasche-schwarz\/#breadcrumb","itemListElement":[{"@type":"ListItem","position":1,"name":"Home","item":"https:\/\/swiss-peak.com\/de\/"},{"@type":"ListItem","position":2,"name":"Kollektion","item":"https:\/\/swiss-peak.com\/de\/kollektion\/"},{"@type":"ListItem","position":3,"name":"Wochenend-\/Sporttasche, schwarz"}]},{"@type":"WebSite","@id":"https:\/\/swiss-peak.com\/de\/#website","url":"https:\/\/swiss-peak.com\/de\/","name":"Swiss Peak","description":"Where will today take you?","potentialAction":[{"@type":"SearchAction","target":{"@type":"EntryPoint","urlTemplate":"https:\/\/swiss-peak.com\/de\/?s={search_term_string}"},"query-input":{"@type":"PropertyValueSpecification","valueRequired":true,"valueName":"search_term_string"}}],"inLanguage":"de"}]}},"_links":{"self":[{"href":"https:\/\/swiss-peak.com\/de\/wp-json\/wp\/v2\/product\/15129","targetHints":{"allow":["GET"]}}],"collection":[{"href":"https:\/\/swiss-peak.com\/de\/wp-json\/wp\/v2\/product"}],"about":[{"href":"https:\/\/swiss-peak.com\/de\/wp-json\/wp\/v2\/types\/product"}],"wp:featuredmedia":[{"embeddable":true,"href":"https:\/\/swiss-peak.com\/de\/wp-json\/wp\/v2\/media\/46284"}],"wp:attachment":[{"href":"https:\/\/swiss-peak.com\/de\/wp-json\/wp\/v2\/media?parent=15129"}],"wp:term":[{"taxonomy":"product_cat","embeddable":true,"href":"https:\/\/swiss-peak.com\/de\/wp-json\/wp\/v2\/product_cat?post=15129"},{"taxonomy":"product_tag","embeddable":true,"href":"https:\/\/swiss-peak.com\/de\/wp-json\/wp\/v2\/product_tag?post=15129"}],"curies":[{"name":"wp","href":"https:\/\/api.w.org\/{rel}","templated":true}]}}