{"id":15128,"date":"2023-03-14T11:55:43","date_gmt":"2023-03-14T09:55:43","guid":{"rendered":"https:\/\/xdsomename.tempurl.host\/swisspeak-website\/collection\/unkategorisiert\/aware-rpet-sporttasche-schwarz\/"},"modified":"2026-04-16T02:34:21","modified_gmt":"2026-04-16T00:34:21","slug":"aware-rpet-sporttasche-schwarz","status":"publish","type":"product","link":"https:\/\/swiss-peak.com\/de\/produkt\/aware-rpet-sporttasche-schwarz\/","title":{"rendered":"AWARE\u2122 RPET Sporttasche, schwarz"},"content":{"rendered":"<p>Die moderne Swiss Peak AWARE\u2122 RPET Sporttasche ist der perfekte Begleiter f\u00fcr einen Besuch im Fitnessstudio oder einen Kurzurlaub. Mit einer gro\u00dfen, leicht zug\u00e4nglichen \u00d6ffnung finden Sie Ihre wichtigsten Utensilien auf einen Blick. Fronttasche mit Rei\u00dfverschluss und 2 Netztaschen au\u00dfen. Die Gurte der Reisetasche lassen Sie sie so tragen, wie es sich f\u00fcr Sie am Besten anf\u00fchlt. Die Taschen-Au\u00dfenseite sowie das Futter bestehen aus 100% recyceltem Polyester. Mit AWARE\u2122 Tracer, der die Verwendung tats\u00e4chlich recycelter Materialien best\u00e4tigt. Zudem werden 2% des Erl\u00f6ses jedes verkauften Impact-Produkts mit AWARE\u2122 Tracer an Water.org gespendet.<\/p>\n","protected":false},"excerpt":{"rendered":"<p>Die moderne Swiss Peak AWARE\u2122 RPET Sporttasche ist der perfekte Begleiter f\u00fcr einen Besuch im Fitnessstudio oder einen Kurzurlaub. Mit einer gro\u00dfen, leicht zug\u00e4nglichen \u00d6ffnung finden Sie Ihre wichtigsten Utensilien auf einen Blick. Fronttasche mit Rei\u00dfverschluss und 2 Netztaschen au\u00dfen. Die Gurte der Reisetasche lassen Sie sie so tragen, wie es sich f\u00fcr Sie am [&hellip;]<\/p>\n","protected":false},"featured_media":46277,"template":"","meta":{"_acf_changed":false},"product_cat":[270,252],"product_tag":[],"class_list":["post-15128","product","type-product","status-publish","has-post-thumbnail","hentry","product_cat-sporttaschen","product_cat-taschen-reise","pa_color-black-de"],"acf":[],"yoast_head":"<!-- This site is optimized with the Yoast SEO plugin v27.0 - https:\/\/yoast.com\/product\/yoast-seo-wordpress\/ -->\n<title>AWARE\u2122 RPET Sporttasche, schwarz - Swiss Peak<\/title>\n<meta name=\"robots\" content=\"index, follow, max-snippet:-1, max-image-preview:large, max-video-preview:-1\" \/>\n<link rel=\"canonical\" href=\"https:\/\/swiss-peak.com\/de\/produkt\/aware-rpet-sporttasche-schwarz\/\" \/>\n<meta property=\"og:locale\" content=\"de_DE\" \/>\n<meta property=\"og:type\" content=\"article\" \/>\n<meta property=\"og:title\" content=\"AWARE\u2122 RPET Sporttasche, schwarz - Swiss Peak\" \/>\n<meta property=\"og:description\" content=\"Die moderne Swiss Peak AWARE\u2122 RPET Sporttasche ist der perfekte Begleiter f\u00fcr einen Besuch im Fitnessstudio oder einen Kurzurlaub. Mit einer gro\u00dfen, leicht zug\u00e4nglichen \u00d6ffnung finden Sie Ihre wichtigsten Utensilien auf einen Blick. Fronttasche mit Rei\u00dfverschluss und 2 Netztaschen au\u00dfen. Die Gurte der Reisetasche lassen Sie sie so tragen, wie es sich f\u00fcr Sie am [&hellip;]\" \/>\n<meta property=\"og:url\" content=\"https:\/\/swiss-peak.com\/de\/produkt\/aware-rpet-sporttasche-schwarz\/\" \/>\n<meta property=\"og:site_name\" content=\"Swiss Peak\" \/>\n<meta property=\"article:modified_time\" content=\"2026-04-16T00:34:21+00:00\" \/>\n<meta property=\"og:image\" content=\"https:\/\/swiss-peak.com\/wp-content\/uploads\/sites\/9\/2026\/04\/P707.151__S_0__18f92c738c454a76b707479c9afb9704.jpg\" \/>\n\t<meta property=\"og:image:width\" content=\"1024\" \/>\n\t<meta property=\"og:image:height\" content=\"1024\" \/>\n\t<meta property=\"og:image:type\" content=\"image\/jpeg\" \/>\n<meta name=\"twitter:card\" content=\"summary_large_image\" \/>\n<meta name=\"twitter:label1\" content=\"Gesch\u00e4tzte Lesezeit\" \/>\n\t<meta name=\"twitter:data1\" content=\"1\u00a0Minute\" \/>\n<script type=\"application\/ld+json\" class=\"yoast-schema-graph\">{\"@context\":\"https:\/\/schema.org\",\"@graph\":[{\"@type\":\"WebPage\",\"@id\":\"https:\/\/swiss-peak.com\/de\/produkt\/aware-rpet-sporttasche-schwarz\/\",\"url\":\"https:\/\/swiss-peak.com\/de\/produkt\/aware-rpet-sporttasche-schwarz\/\",\"name\":\"AWARE\u2122 RPET Sporttasche, schwarz - Swiss Peak\",\"isPartOf\":{\"@id\":\"https:\/\/swiss-peak.com\/de\/#website\"},\"primaryImageOfPage\":{\"@id\":\"https:\/\/swiss-peak.com\/de\/produkt\/aware-rpet-sporttasche-schwarz\/#primaryimage\"},\"image\":{\"@id\":\"https:\/\/swiss-peak.com\/de\/produkt\/aware-rpet-sporttasche-schwarz\/#primaryimage\"},\"thumbnailUrl\":\"https:\/\/swiss-peak.com\/wp-content\/uploads\/sites\/9\/2026\/04\/P707.151__S_0__18f92c738c454a76b707479c9afb9704.jpg\",\"datePublished\":\"2023-03-14T09:55:43+00:00\",\"dateModified\":\"2026-04-16T00:34:21+00:00\",\"breadcrumb\":{\"@id\":\"https:\/\/swiss-peak.com\/de\/produkt\/aware-rpet-sporttasche-schwarz\/#breadcrumb\"},\"inLanguage\":\"de\",\"potentialAction\":[{\"@type\":\"ReadAction\",\"target\":[\"https:\/\/swiss-peak.com\/de\/produkt\/aware-rpet-sporttasche-schwarz\/\"]}]},{\"@type\":\"ImageObject\",\"inLanguage\":\"de\",\"@id\":\"https:\/\/swiss-peak.com\/de\/produkt\/aware-rpet-sporttasche-schwarz\/#primaryimage\",\"url\":\"https:\/\/swiss-peak.com\/wp-content\/uploads\/sites\/9\/2026\/04\/P707.151__S_0__18f92c738c454a76b707479c9afb9704.jpg\",\"contentUrl\":\"https:\/\/swiss-peak.com\/wp-content\/uploads\/sites\/9\/2026\/04\/P707.151__S_0__18f92c738c454a76b707479c9afb9704.jpg\",\"width\":1024,\"height\":1024},{\"@type\":\"BreadcrumbList\",\"@id\":\"https:\/\/swiss-peak.com\/de\/produkt\/aware-rpet-sporttasche-schwarz\/#breadcrumb\",\"itemListElement\":[{\"@type\":\"ListItem\",\"position\":1,\"name\":\"Home\",\"item\":\"https:\/\/swiss-peak.com\/de\/\"},{\"@type\":\"ListItem\",\"position\":2,\"name\":\"Kollektion\",\"item\":\"https:\/\/swiss-peak.com\/de\/kollektion\/\"},{\"@type\":\"ListItem\",\"position\":3,\"name\":\"AWARE\u2122 RPET Sporttasche, schwarz\"}]},{\"@type\":\"WebSite\",\"@id\":\"https:\/\/swiss-peak.com\/de\/#website\",\"url\":\"https:\/\/swiss-peak.com\/de\/\",\"name\":\"Swiss Peak\",\"description\":\"Where will today take you?\",\"potentialAction\":[{\"@type\":\"SearchAction\",\"target\":{\"@type\":\"EntryPoint\",\"urlTemplate\":\"https:\/\/swiss-peak.com\/de\/?s={search_term_string}\"},\"query-input\":{\"@type\":\"PropertyValueSpecification\",\"valueRequired\":true,\"valueName\":\"search_term_string\"}}],\"inLanguage\":\"de\"}]}<\/script>\n<!-- \/ Yoast SEO plugin. -->","yoast_head_json":{"title":"AWARE\u2122 RPET Sporttasche, schwarz - Swiss Peak","robots":{"index":"index","follow":"follow","max-snippet":"max-snippet:-1","max-image-preview":"max-image-preview:large","max-video-preview":"max-video-preview:-1"},"canonical":"https:\/\/swiss-peak.com\/de\/produkt\/aware-rpet-sporttasche-schwarz\/","og_locale":"de_DE","og_type":"article","og_title":"AWARE\u2122 RPET Sporttasche, schwarz - Swiss Peak","og_description":"Die moderne Swiss Peak AWARE\u2122 RPET Sporttasche ist der perfekte Begleiter f\u00fcr einen Besuch im Fitnessstudio oder einen Kurzurlaub. Mit einer gro\u00dfen, leicht zug\u00e4nglichen \u00d6ffnung finden Sie Ihre wichtigsten Utensilien auf einen Blick. Fronttasche mit Rei\u00dfverschluss und 2 Netztaschen au\u00dfen. Die Gurte der Reisetasche lassen Sie sie so tragen, wie es sich f\u00fcr Sie am [&hellip;]","og_url":"https:\/\/swiss-peak.com\/de\/produkt\/aware-rpet-sporttasche-schwarz\/","og_site_name":"Swiss Peak","article_modified_time":"2026-04-16T00:34:21+00:00","og_image":[{"width":1024,"height":1024,"url":"https:\/\/swiss-peak.com\/wp-content\/uploads\/sites\/9\/2026\/04\/P707.151__S_0__18f92c738c454a76b707479c9afb9704.jpg","type":"image\/jpeg"}],"twitter_card":"summary_large_image","twitter_misc":{"Gesch\u00e4tzte Lesezeit":"1\u00a0Minute"},"schema":{"@context":"https:\/\/schema.org","@graph":[{"@type":"WebPage","@id":"https:\/\/swiss-peak.com\/de\/produkt\/aware-rpet-sporttasche-schwarz\/","url":"https:\/\/swiss-peak.com\/de\/produkt\/aware-rpet-sporttasche-schwarz\/","name":"AWARE\u2122 RPET Sporttasche, schwarz - Swiss Peak","isPartOf":{"@id":"https:\/\/swiss-peak.com\/de\/#website"},"primaryImageOfPage":{"@id":"https:\/\/swiss-peak.com\/de\/produkt\/aware-rpet-sporttasche-schwarz\/#primaryimage"},"image":{"@id":"https:\/\/swiss-peak.com\/de\/produkt\/aware-rpet-sporttasche-schwarz\/#primaryimage"},"thumbnailUrl":"https:\/\/swiss-peak.com\/wp-content\/uploads\/sites\/9\/2026\/04\/P707.151__S_0__18f92c738c454a76b707479c9afb9704.jpg","datePublished":"2023-03-14T09:55:43+00:00","dateModified":"2026-04-16T00:34:21+00:00","breadcrumb":{"@id":"https:\/\/swiss-peak.com\/de\/produkt\/aware-rpet-sporttasche-schwarz\/#breadcrumb"},"inLanguage":"de","potentialAction":[{"@type":"ReadAction","target":["https:\/\/swiss-peak.com\/de\/produkt\/aware-rpet-sporttasche-schwarz\/"]}]},{"@type":"ImageObject","inLanguage":"de","@id":"https:\/\/swiss-peak.com\/de\/produkt\/aware-rpet-sporttasche-schwarz\/#primaryimage","url":"https:\/\/swiss-peak.com\/wp-content\/uploads\/sites\/9\/2026\/04\/P707.151__S_0__18f92c738c454a76b707479c9afb9704.jpg","contentUrl":"https:\/\/swiss-peak.com\/wp-content\/uploads\/sites\/9\/2026\/04\/P707.151__S_0__18f92c738c454a76b707479c9afb9704.jpg","width":1024,"height":1024},{"@type":"BreadcrumbList","@id":"https:\/\/swiss-peak.com\/de\/produkt\/aware-rpet-sporttasche-schwarz\/#breadcrumb","itemListElement":[{"@type":"ListItem","position":1,"name":"Home","item":"https:\/\/swiss-peak.com\/de\/"},{"@type":"ListItem","position":2,"name":"Kollektion","item":"https:\/\/swiss-peak.com\/de\/kollektion\/"},{"@type":"ListItem","position":3,"name":"AWARE\u2122 RPET Sporttasche, schwarz"}]},{"@type":"WebSite","@id":"https:\/\/swiss-peak.com\/de\/#website","url":"https:\/\/swiss-peak.com\/de\/","name":"Swiss Peak","description":"Where will today take you?","potentialAction":[{"@type":"SearchAction","target":{"@type":"EntryPoint","urlTemplate":"https:\/\/swiss-peak.com\/de\/?s={search_term_string}"},"query-input":{"@type":"PropertyValueSpecification","valueRequired":true,"valueName":"search_term_string"}}],"inLanguage":"de"}]}},"_links":{"self":[{"href":"https:\/\/swiss-peak.com\/de\/wp-json\/wp\/v2\/product\/15128","targetHints":{"allow":["GET"]}}],"collection":[{"href":"https:\/\/swiss-peak.com\/de\/wp-json\/wp\/v2\/product"}],"about":[{"href":"https:\/\/swiss-peak.com\/de\/wp-json\/wp\/v2\/types\/product"}],"wp:featuredmedia":[{"embeddable":true,"href":"https:\/\/swiss-peak.com\/de\/wp-json\/wp\/v2\/media\/46277"}],"wp:attachment":[{"href":"https:\/\/swiss-peak.com\/de\/wp-json\/wp\/v2\/media?parent=15128"}],"wp:term":[{"taxonomy":"product_cat","embeddable":true,"href":"https:\/\/swiss-peak.com\/de\/wp-json\/wp\/v2\/product_cat?post=15128"},{"taxonomy":"product_tag","embeddable":true,"href":"https:\/\/swiss-peak.com\/de\/wp-json\/wp\/v2\/product_tag?post=15128"}],"curies":[{"name":"wp","href":"https:\/\/api.w.org\/{rel}","templated":true}]}}