{"id":15125,"date":"2023-03-14T11:55:43","date_gmt":"2023-03-14T09:55:43","guid":{"rendered":"https:\/\/xdsomename.tempurl.host\/swisspeak-website\/collection\/unkategorisiert\/deluxe-stifteset-schwarz\/"},"modified":"2026-04-16T02:34:09","modified_gmt":"2026-04-16T00:34:09","slug":"deluxe-stifteset-schwarz","status":"publish","type":"product","link":"https:\/\/swiss-peak.com\/de\/produkt\/deluxe-stifteset-schwarz\/","title":{"rendered":"Deluxe Stifteset, schwarz"},"content":{"rendered":"<p>Ein wahrhaft edles Stifteset bestehend aus einem Kugelschreiber und einem Tintenroller in einer wundersch\u00f6nen Geschenkverpackung mit gepr\u00e4gtem Logo. Beide Stifte haben eine blauschreibende Dokumentalmine f\u00fcr bis zu 1.200m. Der Kugelschreiber einen TC-Ball f\u00fcr besonders sanftes Schreiben.<\/p>\n","protected":false},"excerpt":{"rendered":"<p>Ein wahrhaft edles Stifteset bestehend aus einem Kugelschreiber und einem Tintenroller in einer wundersch\u00f6nen Geschenkverpackung mit gepr\u00e4gtem Logo. Beide Stifte haben eine blauschreibende Dokumentalmine f\u00fcr bis zu 1.200m. Der Kugelschreiber einen TC-Ball f\u00fcr besonders sanftes Schreiben.<\/p>\n","protected":false},"featured_media":46249,"template":"","meta":{"_acf_changed":false},"product_cat":[296,288],"product_tag":[],"class_list":["post-15125","product","type-product","status-publish","has-post-thumbnail","hentry","product_cat-buro-schreibgerate","product_cat-geschafte","pa_color-black-de"],"acf":[],"yoast_head":"<!-- This site is optimized with the Yoast SEO plugin v27.0 - https:\/\/yoast.com\/product\/yoast-seo-wordpress\/ -->\n<title>Deluxe Stifteset, schwarz - Swiss Peak<\/title>\n<meta name=\"robots\" content=\"index, follow, max-snippet:-1, max-image-preview:large, max-video-preview:-1\" \/>\n<link rel=\"canonical\" href=\"https:\/\/swiss-peak.com\/de\/produkt\/deluxe-stifteset-schwarz\/\" \/>\n<meta property=\"og:locale\" content=\"de_DE\" \/>\n<meta property=\"og:type\" content=\"article\" \/>\n<meta property=\"og:title\" content=\"Deluxe Stifteset, schwarz - Swiss Peak\" \/>\n<meta property=\"og:description\" content=\"Ein wahrhaft edles Stifteset bestehend aus einem Kugelschreiber und einem Tintenroller in einer wundersch\u00f6nen Geschenkverpackung mit gepr\u00e4gtem Logo. Beide Stifte haben eine blauschreibende Dokumentalmine f\u00fcr bis zu 1.200m. Der Kugelschreiber einen TC-Ball f\u00fcr besonders sanftes Schreiben.\" \/>\n<meta property=\"og:url\" content=\"https:\/\/swiss-peak.com\/de\/produkt\/deluxe-stifteset-schwarz\/\" \/>\n<meta property=\"og:site_name\" content=\"Swiss Peak\" \/>\n<meta property=\"article:modified_time\" content=\"2026-04-16T00:34:09+00:00\" \/>\n<meta property=\"og:image\" content=\"https:\/\/swiss-peak.com\/wp-content\/uploads\/sites\/9\/2026\/04\/P610.781__S_0__6c08f08781594328977016d554bbaeac.jpg\" \/>\n\t<meta property=\"og:image:width\" content=\"1024\" \/>\n\t<meta property=\"og:image:height\" content=\"1024\" \/>\n\t<meta property=\"og:image:type\" content=\"image\/jpeg\" \/>\n<meta name=\"twitter:card\" content=\"summary_large_image\" \/>\n<script type=\"application\/ld+json\" class=\"yoast-schema-graph\">{\"@context\":\"https:\/\/schema.org\",\"@graph\":[{\"@type\":\"WebPage\",\"@id\":\"https:\/\/swiss-peak.com\/de\/produkt\/deluxe-stifteset-schwarz\/\",\"url\":\"https:\/\/swiss-peak.com\/de\/produkt\/deluxe-stifteset-schwarz\/\",\"name\":\"Deluxe Stifteset, schwarz - Swiss Peak\",\"isPartOf\":{\"@id\":\"https:\/\/swiss-peak.com\/de\/#website\"},\"primaryImageOfPage\":{\"@id\":\"https:\/\/swiss-peak.com\/de\/produkt\/deluxe-stifteset-schwarz\/#primaryimage\"},\"image\":{\"@id\":\"https:\/\/swiss-peak.com\/de\/produkt\/deluxe-stifteset-schwarz\/#primaryimage\"},\"thumbnailUrl\":\"https:\/\/swiss-peak.com\/wp-content\/uploads\/sites\/9\/2026\/04\/P610.781__S_0__6c08f08781594328977016d554bbaeac.jpg\",\"datePublished\":\"2023-03-14T09:55:43+00:00\",\"dateModified\":\"2026-04-16T00:34:09+00:00\",\"breadcrumb\":{\"@id\":\"https:\/\/swiss-peak.com\/de\/produkt\/deluxe-stifteset-schwarz\/#breadcrumb\"},\"inLanguage\":\"de\",\"potentialAction\":[{\"@type\":\"ReadAction\",\"target\":[\"https:\/\/swiss-peak.com\/de\/produkt\/deluxe-stifteset-schwarz\/\"]}]},{\"@type\":\"ImageObject\",\"inLanguage\":\"de\",\"@id\":\"https:\/\/swiss-peak.com\/de\/produkt\/deluxe-stifteset-schwarz\/#primaryimage\",\"url\":\"https:\/\/swiss-peak.com\/wp-content\/uploads\/sites\/9\/2026\/04\/P610.781__S_0__6c08f08781594328977016d554bbaeac.jpg\",\"contentUrl\":\"https:\/\/swiss-peak.com\/wp-content\/uploads\/sites\/9\/2026\/04\/P610.781__S_0__6c08f08781594328977016d554bbaeac.jpg\",\"width\":1024,\"height\":1024},{\"@type\":\"BreadcrumbList\",\"@id\":\"https:\/\/swiss-peak.com\/de\/produkt\/deluxe-stifteset-schwarz\/#breadcrumb\",\"itemListElement\":[{\"@type\":\"ListItem\",\"position\":1,\"name\":\"Home\",\"item\":\"https:\/\/swiss-peak.com\/de\/\"},{\"@type\":\"ListItem\",\"position\":2,\"name\":\"Kollektion\",\"item\":\"https:\/\/swiss-peak.com\/de\/kollektion\/\"},{\"@type\":\"ListItem\",\"position\":3,\"name\":\"Deluxe Stifteset, schwarz\"}]},{\"@type\":\"WebSite\",\"@id\":\"https:\/\/swiss-peak.com\/de\/#website\",\"url\":\"https:\/\/swiss-peak.com\/de\/\",\"name\":\"Swiss Peak\",\"description\":\"Where will today take you?\",\"potentialAction\":[{\"@type\":\"SearchAction\",\"target\":{\"@type\":\"EntryPoint\",\"urlTemplate\":\"https:\/\/swiss-peak.com\/de\/?s={search_term_string}\"},\"query-input\":{\"@type\":\"PropertyValueSpecification\",\"valueRequired\":true,\"valueName\":\"search_term_string\"}}],\"inLanguage\":\"de\"}]}<\/script>\n<!-- \/ Yoast SEO plugin. -->","yoast_head_json":{"title":"Deluxe Stifteset, schwarz - Swiss Peak","robots":{"index":"index","follow":"follow","max-snippet":"max-snippet:-1","max-image-preview":"max-image-preview:large","max-video-preview":"max-video-preview:-1"},"canonical":"https:\/\/swiss-peak.com\/de\/produkt\/deluxe-stifteset-schwarz\/","og_locale":"de_DE","og_type":"article","og_title":"Deluxe Stifteset, schwarz - Swiss Peak","og_description":"Ein wahrhaft edles Stifteset bestehend aus einem Kugelschreiber und einem Tintenroller in einer wundersch\u00f6nen Geschenkverpackung mit gepr\u00e4gtem Logo. Beide Stifte haben eine blauschreibende Dokumentalmine f\u00fcr bis zu 1.200m. Der Kugelschreiber einen TC-Ball f\u00fcr besonders sanftes Schreiben.","og_url":"https:\/\/swiss-peak.com\/de\/produkt\/deluxe-stifteset-schwarz\/","og_site_name":"Swiss Peak","article_modified_time":"2026-04-16T00:34:09+00:00","og_image":[{"width":1024,"height":1024,"url":"https:\/\/swiss-peak.com\/wp-content\/uploads\/sites\/9\/2026\/04\/P610.781__S_0__6c08f08781594328977016d554bbaeac.jpg","type":"image\/jpeg"}],"twitter_card":"summary_large_image","schema":{"@context":"https:\/\/schema.org","@graph":[{"@type":"WebPage","@id":"https:\/\/swiss-peak.com\/de\/produkt\/deluxe-stifteset-schwarz\/","url":"https:\/\/swiss-peak.com\/de\/produkt\/deluxe-stifteset-schwarz\/","name":"Deluxe Stifteset, schwarz - Swiss Peak","isPartOf":{"@id":"https:\/\/swiss-peak.com\/de\/#website"},"primaryImageOfPage":{"@id":"https:\/\/swiss-peak.com\/de\/produkt\/deluxe-stifteset-schwarz\/#primaryimage"},"image":{"@id":"https:\/\/swiss-peak.com\/de\/produkt\/deluxe-stifteset-schwarz\/#primaryimage"},"thumbnailUrl":"https:\/\/swiss-peak.com\/wp-content\/uploads\/sites\/9\/2026\/04\/P610.781__S_0__6c08f08781594328977016d554bbaeac.jpg","datePublished":"2023-03-14T09:55:43+00:00","dateModified":"2026-04-16T00:34:09+00:00","breadcrumb":{"@id":"https:\/\/swiss-peak.com\/de\/produkt\/deluxe-stifteset-schwarz\/#breadcrumb"},"inLanguage":"de","potentialAction":[{"@type":"ReadAction","target":["https:\/\/swiss-peak.com\/de\/produkt\/deluxe-stifteset-schwarz\/"]}]},{"@type":"ImageObject","inLanguage":"de","@id":"https:\/\/swiss-peak.com\/de\/produkt\/deluxe-stifteset-schwarz\/#primaryimage","url":"https:\/\/swiss-peak.com\/wp-content\/uploads\/sites\/9\/2026\/04\/P610.781__S_0__6c08f08781594328977016d554bbaeac.jpg","contentUrl":"https:\/\/swiss-peak.com\/wp-content\/uploads\/sites\/9\/2026\/04\/P610.781__S_0__6c08f08781594328977016d554bbaeac.jpg","width":1024,"height":1024},{"@type":"BreadcrumbList","@id":"https:\/\/swiss-peak.com\/de\/produkt\/deluxe-stifteset-schwarz\/#breadcrumb","itemListElement":[{"@type":"ListItem","position":1,"name":"Home","item":"https:\/\/swiss-peak.com\/de\/"},{"@type":"ListItem","position":2,"name":"Kollektion","item":"https:\/\/swiss-peak.com\/de\/kollektion\/"},{"@type":"ListItem","position":3,"name":"Deluxe Stifteset, schwarz"}]},{"@type":"WebSite","@id":"https:\/\/swiss-peak.com\/de\/#website","url":"https:\/\/swiss-peak.com\/de\/","name":"Swiss Peak","description":"Where will today take you?","potentialAction":[{"@type":"SearchAction","target":{"@type":"EntryPoint","urlTemplate":"https:\/\/swiss-peak.com\/de\/?s={search_term_string}"},"query-input":{"@type":"PropertyValueSpecification","valueRequired":true,"valueName":"search_term_string"}}],"inLanguage":"de"}]}},"_links":{"self":[{"href":"https:\/\/swiss-peak.com\/de\/wp-json\/wp\/v2\/product\/15125","targetHints":{"allow":["GET"]}}],"collection":[{"href":"https:\/\/swiss-peak.com\/de\/wp-json\/wp\/v2\/product"}],"about":[{"href":"https:\/\/swiss-peak.com\/de\/wp-json\/wp\/v2\/types\/product"}],"wp:featuredmedia":[{"embeddable":true,"href":"https:\/\/swiss-peak.com\/de\/wp-json\/wp\/v2\/media\/46249"}],"wp:attachment":[{"href":"https:\/\/swiss-peak.com\/de\/wp-json\/wp\/v2\/media?parent=15125"}],"wp:term":[{"taxonomy":"product_cat","embeddable":true,"href":"https:\/\/swiss-peak.com\/de\/wp-json\/wp\/v2\/product_cat?post=15125"},{"taxonomy":"product_tag","embeddable":true,"href":"https:\/\/swiss-peak.com\/de\/wp-json\/wp\/v2\/product_tag?post=15125"}],"curies":[{"name":"wp","href":"https:\/\/api.w.org\/{rel}","templated":true}]}}