{"id":15089,"date":"2023-03-14T11:54:50","date_gmt":"2023-03-14T09:54:50","guid":{"rendered":"https:\/\/xdsomename.tempurl.host\/swisspeak-website\/collection\/unkategorisiert\/aware-1200d-deluxe-kuehlrucksack-schwarz\/"},"modified":"2026-03-12T03:30:59","modified_gmt":"2026-03-12T01:30:59","slug":"aware-1200d-deluxe-kuehlrucksack-schwarz","status":"publish","type":"product","link":"https:\/\/swiss-peak.com\/de\/produkt\/aware-1200d-deluxe-kuehlrucksack-schwarz\/","title":{"rendered":"AWARE\u2122 1200D Deluxe K\u00fchlrucksack, schwarz"},"content":{"rendered":"<p>Dieser luxuri\u00f6se Swiss Peak AWARE\u2122 K\u00fchlrucksack kann \u00fcberall hin mitgenommen werden, wo ein k\u00fchles Getr\u00e4nk oder eine Mahlzeit ben\u00f6tigt wird. Mit breiter \u00d6ffnung f\u00fcr einfachen Zugriff auf Ihre Speisen und Getr\u00e4nke. Die obere Tasche mit Rei\u00dfverschluss sorgt daf\u00fcr, dass Sie alle Ihre Accessoires verstauen k\u00f6nnen. Passend f\u00fcr bis zu 6 Flaschen oder 25 Dosen. Mit AWARE\u2122 Tracer, der die tats\u00e4chliche Verwendung von recycelten Materialien validiert. Zus\u00e4tzlich werden 2% des Erl\u00f6ses jedes verkauften AWARE\u2122-Produkts an Water.org gespendet. Zusammensetzung: au\u00dfen 100% recyceltes Polyester, das Futter aus PEVA.<\/p>\n","protected":false},"excerpt":{"rendered":"<p>Dieser luxuri\u00f6se Swiss Peak AWARE\u2122 K\u00fchlrucksack kann \u00fcberall hin mitgenommen werden, wo ein k\u00fchles Getr\u00e4nk oder eine Mahlzeit ben\u00f6tigt wird. Mit breiter \u00d6ffnung f\u00fcr einfachen Zugriff auf Ihre Speisen und Getr\u00e4nke. Die obere Tasche mit Rei\u00dfverschluss sorgt daf\u00fcr, dass Sie alle Ihre Accessoires verstauen k\u00f6nnen. Passend f\u00fcr bis zu 6 Flaschen oder 25 Dosen. Mit [&hellip;]<\/p>\n","protected":false},"featured_media":25083,"template":"","meta":{"_acf_changed":false},"product_cat":[264,256,252],"product_tag":[],"class_list":["post-15089","product","type-product","status-publish","has-post-thumbnail","hentry","product_cat-kuhltaschen","product_cat-rucksacke","product_cat-taschen-reise","pa_color-black-de"],"acf":[],"yoast_head":"<!-- This site is optimized with the Yoast SEO plugin v27.0 - https:\/\/yoast.com\/product\/yoast-seo-wordpress\/ -->\n<title>AWARE\u2122 1200D Deluxe K\u00fchlrucksack, schwarz - Swiss Peak<\/title>\n<meta name=\"robots\" content=\"index, follow, max-snippet:-1, max-image-preview:large, max-video-preview:-1\" \/>\n<link rel=\"canonical\" href=\"https:\/\/swiss-peak.com\/de\/produkt\/aware-1200d-deluxe-kuehlrucksack-schwarz\/\" \/>\n<meta property=\"og:locale\" content=\"de_DE\" \/>\n<meta property=\"og:type\" content=\"article\" \/>\n<meta property=\"og:title\" content=\"AWARE\u2122 1200D Deluxe K\u00fchlrucksack, schwarz - Swiss Peak\" \/>\n<meta property=\"og:description\" content=\"Dieser luxuri\u00f6se Swiss Peak AWARE\u2122 K\u00fchlrucksack kann \u00fcberall hin mitgenommen werden, wo ein k\u00fchles Getr\u00e4nk oder eine Mahlzeit ben\u00f6tigt wird. Mit breiter \u00d6ffnung f\u00fcr einfachen Zugriff auf Ihre Speisen und Getr\u00e4nke. Die obere Tasche mit Rei\u00dfverschluss sorgt daf\u00fcr, dass Sie alle Ihre Accessoires verstauen k\u00f6nnen. Passend f\u00fcr bis zu 6 Flaschen oder 25 Dosen. Mit [&hellip;]\" \/>\n<meta property=\"og:url\" content=\"https:\/\/swiss-peak.com\/de\/produkt\/aware-1200d-deluxe-kuehlrucksack-schwarz\/\" \/>\n<meta property=\"og:site_name\" content=\"Swiss Peak\" \/>\n<meta property=\"article:modified_time\" content=\"2026-03-12T01:30:59+00:00\" \/>\n<meta property=\"og:image\" content=\"https:\/\/swiss-peak.com\/wp-content\/uploads\/sites\/9\/2024\/02\/P422.431__S_0__09df194b4b764465b99588d4c48da844.jpg\" \/>\n\t<meta property=\"og:image:width\" content=\"1024\" \/>\n\t<meta property=\"og:image:height\" content=\"1024\" \/>\n\t<meta property=\"og:image:type\" content=\"image\/jpeg\" \/>\n<meta name=\"twitter:card\" content=\"summary_large_image\" \/>\n<script type=\"application\/ld+json\" class=\"yoast-schema-graph\">{\"@context\":\"https:\/\/schema.org\",\"@graph\":[{\"@type\":\"WebPage\",\"@id\":\"https:\/\/swiss-peak.com\/de\/produkt\/aware-1200d-deluxe-kuehlrucksack-schwarz\/\",\"url\":\"https:\/\/swiss-peak.com\/de\/produkt\/aware-1200d-deluxe-kuehlrucksack-schwarz\/\",\"name\":\"AWARE\u2122 1200D Deluxe K\u00fchlrucksack, schwarz - Swiss Peak\",\"isPartOf\":{\"@id\":\"https:\/\/swiss-peak.com\/de\/#website\"},\"primaryImageOfPage\":{\"@id\":\"https:\/\/swiss-peak.com\/de\/produkt\/aware-1200d-deluxe-kuehlrucksack-schwarz\/#primaryimage\"},\"image\":{\"@id\":\"https:\/\/swiss-peak.com\/de\/produkt\/aware-1200d-deluxe-kuehlrucksack-schwarz\/#primaryimage\"},\"thumbnailUrl\":\"https:\/\/swiss-peak.com\/wp-content\/uploads\/sites\/9\/2024\/02\/P422.431__S_0__09df194b4b764465b99588d4c48da844.jpg\",\"datePublished\":\"2023-03-14T09:54:50+00:00\",\"dateModified\":\"2026-03-12T01:30:59+00:00\",\"breadcrumb\":{\"@id\":\"https:\/\/swiss-peak.com\/de\/produkt\/aware-1200d-deluxe-kuehlrucksack-schwarz\/#breadcrumb\"},\"inLanguage\":\"de\",\"potentialAction\":[{\"@type\":\"ReadAction\",\"target\":[\"https:\/\/swiss-peak.com\/de\/produkt\/aware-1200d-deluxe-kuehlrucksack-schwarz\/\"]}]},{\"@type\":\"ImageObject\",\"inLanguage\":\"de\",\"@id\":\"https:\/\/swiss-peak.com\/de\/produkt\/aware-1200d-deluxe-kuehlrucksack-schwarz\/#primaryimage\",\"url\":\"https:\/\/swiss-peak.com\/wp-content\/uploads\/sites\/9\/2024\/02\/P422.431__S_0__09df194b4b764465b99588d4c48da844.jpg\",\"contentUrl\":\"https:\/\/swiss-peak.com\/wp-content\/uploads\/sites\/9\/2024\/02\/P422.431__S_0__09df194b4b764465b99588d4c48da844.jpg\",\"width\":1024,\"height\":1024},{\"@type\":\"BreadcrumbList\",\"@id\":\"https:\/\/swiss-peak.com\/de\/produkt\/aware-1200d-deluxe-kuehlrucksack-schwarz\/#breadcrumb\",\"itemListElement\":[{\"@type\":\"ListItem\",\"position\":1,\"name\":\"Home\",\"item\":\"https:\/\/swiss-peak.com\/de\/\"},{\"@type\":\"ListItem\",\"position\":2,\"name\":\"Kollektion\",\"item\":\"https:\/\/swiss-peak.com\/de\/kollektion\/\"},{\"@type\":\"ListItem\",\"position\":3,\"name\":\"AWARE\u2122 1200D Deluxe K\u00fchlrucksack, schwarz\"}]},{\"@type\":\"WebSite\",\"@id\":\"https:\/\/swiss-peak.com\/de\/#website\",\"url\":\"https:\/\/swiss-peak.com\/de\/\",\"name\":\"Swiss Peak\",\"description\":\"Where will today take you?\",\"potentialAction\":[{\"@type\":\"SearchAction\",\"target\":{\"@type\":\"EntryPoint\",\"urlTemplate\":\"https:\/\/swiss-peak.com\/de\/?s={search_term_string}\"},\"query-input\":{\"@type\":\"PropertyValueSpecification\",\"valueRequired\":true,\"valueName\":\"search_term_string\"}}],\"inLanguage\":\"de\"}]}<\/script>\n<!-- \/ Yoast SEO plugin. -->","yoast_head_json":{"title":"AWARE\u2122 1200D Deluxe K\u00fchlrucksack, schwarz - Swiss Peak","robots":{"index":"index","follow":"follow","max-snippet":"max-snippet:-1","max-image-preview":"max-image-preview:large","max-video-preview":"max-video-preview:-1"},"canonical":"https:\/\/swiss-peak.com\/de\/produkt\/aware-1200d-deluxe-kuehlrucksack-schwarz\/","og_locale":"de_DE","og_type":"article","og_title":"AWARE\u2122 1200D Deluxe K\u00fchlrucksack, schwarz - Swiss Peak","og_description":"Dieser luxuri\u00f6se Swiss Peak AWARE\u2122 K\u00fchlrucksack kann \u00fcberall hin mitgenommen werden, wo ein k\u00fchles Getr\u00e4nk oder eine Mahlzeit ben\u00f6tigt wird. Mit breiter \u00d6ffnung f\u00fcr einfachen Zugriff auf Ihre Speisen und Getr\u00e4nke. Die obere Tasche mit Rei\u00dfverschluss sorgt daf\u00fcr, dass Sie alle Ihre Accessoires verstauen k\u00f6nnen. Passend f\u00fcr bis zu 6 Flaschen oder 25 Dosen. Mit [&hellip;]","og_url":"https:\/\/swiss-peak.com\/de\/produkt\/aware-1200d-deluxe-kuehlrucksack-schwarz\/","og_site_name":"Swiss Peak","article_modified_time":"2026-03-12T01:30:59+00:00","og_image":[{"width":1024,"height":1024,"url":"https:\/\/swiss-peak.com\/wp-content\/uploads\/sites\/9\/2024\/02\/P422.431__S_0__09df194b4b764465b99588d4c48da844.jpg","type":"image\/jpeg"}],"twitter_card":"summary_large_image","schema":{"@context":"https:\/\/schema.org","@graph":[{"@type":"WebPage","@id":"https:\/\/swiss-peak.com\/de\/produkt\/aware-1200d-deluxe-kuehlrucksack-schwarz\/","url":"https:\/\/swiss-peak.com\/de\/produkt\/aware-1200d-deluxe-kuehlrucksack-schwarz\/","name":"AWARE\u2122 1200D Deluxe K\u00fchlrucksack, schwarz - Swiss Peak","isPartOf":{"@id":"https:\/\/swiss-peak.com\/de\/#website"},"primaryImageOfPage":{"@id":"https:\/\/swiss-peak.com\/de\/produkt\/aware-1200d-deluxe-kuehlrucksack-schwarz\/#primaryimage"},"image":{"@id":"https:\/\/swiss-peak.com\/de\/produkt\/aware-1200d-deluxe-kuehlrucksack-schwarz\/#primaryimage"},"thumbnailUrl":"https:\/\/swiss-peak.com\/wp-content\/uploads\/sites\/9\/2024\/02\/P422.431__S_0__09df194b4b764465b99588d4c48da844.jpg","datePublished":"2023-03-14T09:54:50+00:00","dateModified":"2026-03-12T01:30:59+00:00","breadcrumb":{"@id":"https:\/\/swiss-peak.com\/de\/produkt\/aware-1200d-deluxe-kuehlrucksack-schwarz\/#breadcrumb"},"inLanguage":"de","potentialAction":[{"@type":"ReadAction","target":["https:\/\/swiss-peak.com\/de\/produkt\/aware-1200d-deluxe-kuehlrucksack-schwarz\/"]}]},{"@type":"ImageObject","inLanguage":"de","@id":"https:\/\/swiss-peak.com\/de\/produkt\/aware-1200d-deluxe-kuehlrucksack-schwarz\/#primaryimage","url":"https:\/\/swiss-peak.com\/wp-content\/uploads\/sites\/9\/2024\/02\/P422.431__S_0__09df194b4b764465b99588d4c48da844.jpg","contentUrl":"https:\/\/swiss-peak.com\/wp-content\/uploads\/sites\/9\/2024\/02\/P422.431__S_0__09df194b4b764465b99588d4c48da844.jpg","width":1024,"height":1024},{"@type":"BreadcrumbList","@id":"https:\/\/swiss-peak.com\/de\/produkt\/aware-1200d-deluxe-kuehlrucksack-schwarz\/#breadcrumb","itemListElement":[{"@type":"ListItem","position":1,"name":"Home","item":"https:\/\/swiss-peak.com\/de\/"},{"@type":"ListItem","position":2,"name":"Kollektion","item":"https:\/\/swiss-peak.com\/de\/kollektion\/"},{"@type":"ListItem","position":3,"name":"AWARE\u2122 1200D Deluxe K\u00fchlrucksack, schwarz"}]},{"@type":"WebSite","@id":"https:\/\/swiss-peak.com\/de\/#website","url":"https:\/\/swiss-peak.com\/de\/","name":"Swiss Peak","description":"Where will today take you?","potentialAction":[{"@type":"SearchAction","target":{"@type":"EntryPoint","urlTemplate":"https:\/\/swiss-peak.com\/de\/?s={search_term_string}"},"query-input":{"@type":"PropertyValueSpecification","valueRequired":true,"valueName":"search_term_string"}}],"inLanguage":"de"}]}},"_links":{"self":[{"href":"https:\/\/swiss-peak.com\/de\/wp-json\/wp\/v2\/product\/15089","targetHints":{"allow":["GET"]}}],"collection":[{"href":"https:\/\/swiss-peak.com\/de\/wp-json\/wp\/v2\/product"}],"about":[{"href":"https:\/\/swiss-peak.com\/de\/wp-json\/wp\/v2\/types\/product"}],"wp:featuredmedia":[{"embeddable":true,"href":"https:\/\/swiss-peak.com\/de\/wp-json\/wp\/v2\/media\/25083"}],"wp:attachment":[{"href":"https:\/\/swiss-peak.com\/de\/wp-json\/wp\/v2\/media?parent=15089"}],"wp:term":[{"taxonomy":"product_cat","embeddable":true,"href":"https:\/\/swiss-peak.com\/de\/wp-json\/wp\/v2\/product_cat?post=15089"},{"taxonomy":"product_tag","embeddable":true,"href":"https:\/\/swiss-peak.com\/de\/wp-json\/wp\/v2\/product_tag?post=15089"}],"curies":[{"name":"wp","href":"https:\/\/api.w.org\/{rel}","templated":true}]}}