{"id":15083,"date":"2023-03-14T11:54:26","date_gmt":"2023-03-14T09:54:26","guid":{"rendered":"https:\/\/xdsomename.tempurl.host\/swisspeak-website\/collection\/unkategorisiert\/swiss-peak-tws-ohrhoerer-2-0-aus-rcs-recyceltem-kunststoff-schwarz\/"},"modified":"2026-04-16T02:32:25","modified_gmt":"2026-04-16T00:32:25","slug":"swiss-peak-tws-ohrhoerer-2-0-aus-rcs-recyceltem-kunststoff-schwarz","status":"publish","type":"product","link":"https:\/\/swiss-peak.com\/de\/produkt\/swiss-peak-tws-ohrhoerer-2-0-aus-rcs-recyceltem-kunststoff-schwarz\/","title":{"rendered":"Swiss Peak TWS Ohrh\u00f6rer 2.0 aus RCS recyceltem Kunststoff, schwarz"},"content":{"rendered":"<p>True-Wireless-Ohrh\u00f6rer der neuen Generation. Die Ohrh\u00f6rer und das Ladeetui sind aus RCS (Recycled Claim Standard)-zertifiziert recyceltem ABS hergestellt. Gesamter Recyclinganteil: 59% basierend auf dem Gesamtgewicht des Artikels. Die RCS-Zertifizierung gew\u00e4hrleistet eine vollst\u00e4ndig zertifizierte Lieferkette der recycelten Materialien. Die Ohrh\u00f6rer werden in einem kompakten 400mAh-Ladeetui geliefert, mit dem Sie Ihre Ohrh\u00f6rer aufladen und \u00fcberall hin mitnehmen k\u00f6nnen. Die Ohrh\u00f6rer verwenden BT 5.3 f\u00fcr die automatische Kopplung ohne Probleme und mit einer stabilen Verbindung auf bis zu 10m. Die Earbuds verf\u00fcgen \u00fcber einen 40mAh Akku, der eine Spielzeit von bis zu 4h erm\u00f6glicht und im Ladecase in 1,5h wieder aufgeladen werden k\u00f6nnen. Inklusive Type-C Ladekabel  aus GRS-zertifiziertem Recycling-TPE. Verpackt in FSC\u00ae-Mix-Geschenkbox. Artikel und Zubeh\u00f6r 100% PVC-frei.<\/p>\n","protected":false},"excerpt":{"rendered":"<p>True-Wireless-Ohrh\u00f6rer der neuen Generation. Die Ohrh\u00f6rer und das Ladeetui sind aus RCS (Recycled Claim Standard)-zertifiziert recyceltem ABS hergestellt. Gesamter Recyclinganteil: 59% basierend auf dem Gesamtgewicht des Artikels. Die RCS-Zertifizierung gew\u00e4hrleistet eine vollst\u00e4ndig zertifizierte Lieferkette der recycelten Materialien. Die Ohrh\u00f6rer werden in einem kompakten 400mAh-Ladeetui geliefert, mit dem Sie Ihre Ohrh\u00f6rer aufladen und \u00fcberall hin mitnehmen [&hellip;]<\/p>\n","protected":false},"featured_media":46123,"template":"","meta":{"_acf_changed":false},"product_cat":[311,308],"product_tag":[],"class_list":["post-15083","product","type-product","status-publish","has-post-thumbnail","hentry","product_cat-audio-de","product_cat-freizeit-sport","pa_color-black-de"],"acf":[],"yoast_head":"<!-- This site is optimized with the Yoast SEO plugin v27.0 - https:\/\/yoast.com\/product\/yoast-seo-wordpress\/ -->\n<title>Swiss Peak TWS Ohrh\u00f6rer 2.0 aus RCS recyceltem Kunststoff, schwarz - Swiss Peak<\/title>\n<meta name=\"robots\" content=\"index, follow, max-snippet:-1, max-image-preview:large, max-video-preview:-1\" \/>\n<link rel=\"canonical\" href=\"https:\/\/swiss-peak.com\/de\/produkt\/swiss-peak-tws-ohrhoerer-2-0-aus-rcs-recyceltem-kunststoff-schwarz\/\" \/>\n<meta property=\"og:locale\" content=\"de_DE\" \/>\n<meta property=\"og:type\" content=\"article\" \/>\n<meta property=\"og:title\" content=\"Swiss Peak TWS Ohrh\u00f6rer 2.0 aus RCS recyceltem Kunststoff, schwarz - Swiss Peak\" \/>\n<meta property=\"og:description\" content=\"True-Wireless-Ohrh\u00f6rer der neuen Generation. Die Ohrh\u00f6rer und das Ladeetui sind aus RCS (Recycled Claim Standard)-zertifiziert recyceltem ABS hergestellt. Gesamter Recyclinganteil: 59% basierend auf dem Gesamtgewicht des Artikels. Die RCS-Zertifizierung gew\u00e4hrleistet eine vollst\u00e4ndig zertifizierte Lieferkette der recycelten Materialien. Die Ohrh\u00f6rer werden in einem kompakten 400mAh-Ladeetui geliefert, mit dem Sie Ihre Ohrh\u00f6rer aufladen und \u00fcberall hin mitnehmen [&hellip;]\" \/>\n<meta property=\"og:url\" content=\"https:\/\/swiss-peak.com\/de\/produkt\/swiss-peak-tws-ohrhoerer-2-0-aus-rcs-recyceltem-kunststoff-schwarz\/\" \/>\n<meta property=\"og:site_name\" content=\"Swiss Peak\" \/>\n<meta property=\"article:modified_time\" content=\"2026-04-16T00:32:25+00:00\" \/>\n<meta property=\"og:image\" content=\"https:\/\/swiss-peak.com\/wp-content\/uploads\/sites\/9\/2026\/04\/P329.841__S_0__2e49acd5b0944f719f5539cd5e9a1c41.jpg\" \/>\n\t<meta property=\"og:image:width\" content=\"1024\" \/>\n\t<meta property=\"og:image:height\" content=\"1024\" \/>\n\t<meta property=\"og:image:type\" content=\"image\/jpeg\" \/>\n<meta name=\"twitter:card\" content=\"summary_large_image\" \/>\n<meta name=\"twitter:label1\" content=\"Gesch\u00e4tzte Lesezeit\" \/>\n\t<meta name=\"twitter:data1\" content=\"1\u00a0Minute\" \/>\n<script type=\"application\/ld+json\" class=\"yoast-schema-graph\">{\"@context\":\"https:\/\/schema.org\",\"@graph\":[{\"@type\":\"WebPage\",\"@id\":\"https:\/\/swiss-peak.com\/de\/produkt\/swiss-peak-tws-ohrhoerer-2-0-aus-rcs-recyceltem-kunststoff-schwarz\/\",\"url\":\"https:\/\/swiss-peak.com\/de\/produkt\/swiss-peak-tws-ohrhoerer-2-0-aus-rcs-recyceltem-kunststoff-schwarz\/\",\"name\":\"Swiss Peak TWS Ohrh\u00f6rer 2.0 aus RCS recyceltem Kunststoff, schwarz - Swiss Peak\",\"isPartOf\":{\"@id\":\"https:\/\/swiss-peak.com\/de\/#website\"},\"primaryImageOfPage\":{\"@id\":\"https:\/\/swiss-peak.com\/de\/produkt\/swiss-peak-tws-ohrhoerer-2-0-aus-rcs-recyceltem-kunststoff-schwarz\/#primaryimage\"},\"image\":{\"@id\":\"https:\/\/swiss-peak.com\/de\/produkt\/swiss-peak-tws-ohrhoerer-2-0-aus-rcs-recyceltem-kunststoff-schwarz\/#primaryimage\"},\"thumbnailUrl\":\"https:\/\/swiss-peak.com\/wp-content\/uploads\/sites\/9\/2026\/04\/P329.841__S_0__2e49acd5b0944f719f5539cd5e9a1c41.jpg\",\"datePublished\":\"2023-03-14T09:54:26+00:00\",\"dateModified\":\"2026-04-16T00:32:25+00:00\",\"breadcrumb\":{\"@id\":\"https:\/\/swiss-peak.com\/de\/produkt\/swiss-peak-tws-ohrhoerer-2-0-aus-rcs-recyceltem-kunststoff-schwarz\/#breadcrumb\"},\"inLanguage\":\"de\",\"potentialAction\":[{\"@type\":\"ReadAction\",\"target\":[\"https:\/\/swiss-peak.com\/de\/produkt\/swiss-peak-tws-ohrhoerer-2-0-aus-rcs-recyceltem-kunststoff-schwarz\/\"]}]},{\"@type\":\"ImageObject\",\"inLanguage\":\"de\",\"@id\":\"https:\/\/swiss-peak.com\/de\/produkt\/swiss-peak-tws-ohrhoerer-2-0-aus-rcs-recyceltem-kunststoff-schwarz\/#primaryimage\",\"url\":\"https:\/\/swiss-peak.com\/wp-content\/uploads\/sites\/9\/2026\/04\/P329.841__S_0__2e49acd5b0944f719f5539cd5e9a1c41.jpg\",\"contentUrl\":\"https:\/\/swiss-peak.com\/wp-content\/uploads\/sites\/9\/2026\/04\/P329.841__S_0__2e49acd5b0944f719f5539cd5e9a1c41.jpg\",\"width\":1024,\"height\":1024},{\"@type\":\"BreadcrumbList\",\"@id\":\"https:\/\/swiss-peak.com\/de\/produkt\/swiss-peak-tws-ohrhoerer-2-0-aus-rcs-recyceltem-kunststoff-schwarz\/#breadcrumb\",\"itemListElement\":[{\"@type\":\"ListItem\",\"position\":1,\"name\":\"Home\",\"item\":\"https:\/\/swiss-peak.com\/de\/\"},{\"@type\":\"ListItem\",\"position\":2,\"name\":\"Kollektion\",\"item\":\"https:\/\/swiss-peak.com\/de\/kollektion\/\"},{\"@type\":\"ListItem\",\"position\":3,\"name\":\"Swiss Peak TWS Ohrh\u00f6rer 2.0 aus RCS recyceltem Kunststoff, schwarz\"}]},{\"@type\":\"WebSite\",\"@id\":\"https:\/\/swiss-peak.com\/de\/#website\",\"url\":\"https:\/\/swiss-peak.com\/de\/\",\"name\":\"Swiss Peak\",\"description\":\"Where will today take you?\",\"potentialAction\":[{\"@type\":\"SearchAction\",\"target\":{\"@type\":\"EntryPoint\",\"urlTemplate\":\"https:\/\/swiss-peak.com\/de\/?s={search_term_string}\"},\"query-input\":{\"@type\":\"PropertyValueSpecification\",\"valueRequired\":true,\"valueName\":\"search_term_string\"}}],\"inLanguage\":\"de\"}]}<\/script>\n<!-- \/ Yoast SEO plugin. -->","yoast_head_json":{"title":"Swiss Peak TWS Ohrh\u00f6rer 2.0 aus RCS recyceltem Kunststoff, schwarz - Swiss Peak","robots":{"index":"index","follow":"follow","max-snippet":"max-snippet:-1","max-image-preview":"max-image-preview:large","max-video-preview":"max-video-preview:-1"},"canonical":"https:\/\/swiss-peak.com\/de\/produkt\/swiss-peak-tws-ohrhoerer-2-0-aus-rcs-recyceltem-kunststoff-schwarz\/","og_locale":"de_DE","og_type":"article","og_title":"Swiss Peak TWS Ohrh\u00f6rer 2.0 aus RCS recyceltem Kunststoff, schwarz - Swiss Peak","og_description":"True-Wireless-Ohrh\u00f6rer der neuen Generation. Die Ohrh\u00f6rer und das Ladeetui sind aus RCS (Recycled Claim Standard)-zertifiziert recyceltem ABS hergestellt. Gesamter Recyclinganteil: 59% basierend auf dem Gesamtgewicht des Artikels. Die RCS-Zertifizierung gew\u00e4hrleistet eine vollst\u00e4ndig zertifizierte Lieferkette der recycelten Materialien. Die Ohrh\u00f6rer werden in einem kompakten 400mAh-Ladeetui geliefert, mit dem Sie Ihre Ohrh\u00f6rer aufladen und \u00fcberall hin mitnehmen [&hellip;]","og_url":"https:\/\/swiss-peak.com\/de\/produkt\/swiss-peak-tws-ohrhoerer-2-0-aus-rcs-recyceltem-kunststoff-schwarz\/","og_site_name":"Swiss Peak","article_modified_time":"2026-04-16T00:32:25+00:00","og_image":[{"width":1024,"height":1024,"url":"https:\/\/swiss-peak.com\/wp-content\/uploads\/sites\/9\/2026\/04\/P329.841__S_0__2e49acd5b0944f719f5539cd5e9a1c41.jpg","type":"image\/jpeg"}],"twitter_card":"summary_large_image","twitter_misc":{"Gesch\u00e4tzte Lesezeit":"1\u00a0Minute"},"schema":{"@context":"https:\/\/schema.org","@graph":[{"@type":"WebPage","@id":"https:\/\/swiss-peak.com\/de\/produkt\/swiss-peak-tws-ohrhoerer-2-0-aus-rcs-recyceltem-kunststoff-schwarz\/","url":"https:\/\/swiss-peak.com\/de\/produkt\/swiss-peak-tws-ohrhoerer-2-0-aus-rcs-recyceltem-kunststoff-schwarz\/","name":"Swiss Peak TWS Ohrh\u00f6rer 2.0 aus RCS recyceltem Kunststoff, schwarz - Swiss Peak","isPartOf":{"@id":"https:\/\/swiss-peak.com\/de\/#website"},"primaryImageOfPage":{"@id":"https:\/\/swiss-peak.com\/de\/produkt\/swiss-peak-tws-ohrhoerer-2-0-aus-rcs-recyceltem-kunststoff-schwarz\/#primaryimage"},"image":{"@id":"https:\/\/swiss-peak.com\/de\/produkt\/swiss-peak-tws-ohrhoerer-2-0-aus-rcs-recyceltem-kunststoff-schwarz\/#primaryimage"},"thumbnailUrl":"https:\/\/swiss-peak.com\/wp-content\/uploads\/sites\/9\/2026\/04\/P329.841__S_0__2e49acd5b0944f719f5539cd5e9a1c41.jpg","datePublished":"2023-03-14T09:54:26+00:00","dateModified":"2026-04-16T00:32:25+00:00","breadcrumb":{"@id":"https:\/\/swiss-peak.com\/de\/produkt\/swiss-peak-tws-ohrhoerer-2-0-aus-rcs-recyceltem-kunststoff-schwarz\/#breadcrumb"},"inLanguage":"de","potentialAction":[{"@type":"ReadAction","target":["https:\/\/swiss-peak.com\/de\/produkt\/swiss-peak-tws-ohrhoerer-2-0-aus-rcs-recyceltem-kunststoff-schwarz\/"]}]},{"@type":"ImageObject","inLanguage":"de","@id":"https:\/\/swiss-peak.com\/de\/produkt\/swiss-peak-tws-ohrhoerer-2-0-aus-rcs-recyceltem-kunststoff-schwarz\/#primaryimage","url":"https:\/\/swiss-peak.com\/wp-content\/uploads\/sites\/9\/2026\/04\/P329.841__S_0__2e49acd5b0944f719f5539cd5e9a1c41.jpg","contentUrl":"https:\/\/swiss-peak.com\/wp-content\/uploads\/sites\/9\/2026\/04\/P329.841__S_0__2e49acd5b0944f719f5539cd5e9a1c41.jpg","width":1024,"height":1024},{"@type":"BreadcrumbList","@id":"https:\/\/swiss-peak.com\/de\/produkt\/swiss-peak-tws-ohrhoerer-2-0-aus-rcs-recyceltem-kunststoff-schwarz\/#breadcrumb","itemListElement":[{"@type":"ListItem","position":1,"name":"Home","item":"https:\/\/swiss-peak.com\/de\/"},{"@type":"ListItem","position":2,"name":"Kollektion","item":"https:\/\/swiss-peak.com\/de\/kollektion\/"},{"@type":"ListItem","position":3,"name":"Swiss Peak TWS Ohrh\u00f6rer 2.0 aus RCS recyceltem Kunststoff, schwarz"}]},{"@type":"WebSite","@id":"https:\/\/swiss-peak.com\/de\/#website","url":"https:\/\/swiss-peak.com\/de\/","name":"Swiss Peak","description":"Where will today take you?","potentialAction":[{"@type":"SearchAction","target":{"@type":"EntryPoint","urlTemplate":"https:\/\/swiss-peak.com\/de\/?s={search_term_string}"},"query-input":{"@type":"PropertyValueSpecification","valueRequired":true,"valueName":"search_term_string"}}],"inLanguage":"de"}]}},"_links":{"self":[{"href":"https:\/\/swiss-peak.com\/de\/wp-json\/wp\/v2\/product\/15083","targetHints":{"allow":["GET"]}}],"collection":[{"href":"https:\/\/swiss-peak.com\/de\/wp-json\/wp\/v2\/product"}],"about":[{"href":"https:\/\/swiss-peak.com\/de\/wp-json\/wp\/v2\/types\/product"}],"wp:featuredmedia":[{"embeddable":true,"href":"https:\/\/swiss-peak.com\/de\/wp-json\/wp\/v2\/media\/46123"}],"wp:attachment":[{"href":"https:\/\/swiss-peak.com\/de\/wp-json\/wp\/v2\/media?parent=15083"}],"wp:term":[{"taxonomy":"product_cat","embeddable":true,"href":"https:\/\/swiss-peak.com\/de\/wp-json\/wp\/v2\/product_cat?post=15083"},{"taxonomy":"product_tag","embeddable":true,"href":"https:\/\/swiss-peak.com\/de\/wp-json\/wp\/v2\/product_tag?post=15083"}],"curies":[{"name":"wp","href":"https:\/\/api.w.org\/{rel}","templated":true}]}}