{"id":15081,"date":"2023-03-14T11:54:26","date_gmt":"2023-03-14T09:54:26","guid":{"rendered":"https:\/\/xdsomename.tempurl.host\/swisspeak-website\/collection\/unkategorisiert\/kopfhoerer-v3-grau\/"},"modified":"2026-04-16T02:32:22","modified_gmt":"2026-04-16T00:32:22","slug":"kopfhoerer-v3-grau","status":"publish","type":"product","link":"https:\/\/swiss-peak.com\/de\/produkt\/kopfhoerer-v3-grau\/","title":{"rendered":"Kopfh\u00f6rer V3, grau"},"content":{"rendered":"<p>Kabelloser Stereo-Kopfh\u00f6rer mit hochwertiger Audioqualit\u00e4t f\u00fcr ein perfektes Klangerlebnis. Mit dem 300 mAh-Akku k\u00f6nnen Sie mit einer Ladung bis zu 11 Stunden Musik h\u00f6ren und das Aufladen dauert nur 1,5 Stunden. Reichweite bis zu 10 Meter. Der Kopfh\u00f6rer kann flach gefaltet werden, sodass er in die mitgelieferte Swiss Peak EVA-Reisetasche passt. Mit Aluminiumgeh\u00e4use und PU-Luftpolstern ist der Kopfh\u00f6rer bequem genug, um ihn stundenlang zu tragen. Mit Mikrofon um auch Telefonate f\u00fchren zu k\u00f6nnen.<\/p>\n","protected":false},"excerpt":{"rendered":"<p>Kabelloser Stereo-Kopfh\u00f6rer mit hochwertiger Audioqualit\u00e4t f\u00fcr ein perfektes Klangerlebnis. Mit dem 300 mAh-Akku k\u00f6nnen Sie mit einer Ladung bis zu 11 Stunden Musik h\u00f6ren und das Aufladen dauert nur 1,5 Stunden. Reichweite bis zu 10 Meter. Der Kopfh\u00f6rer kann flach gefaltet werden, sodass er in die mitgelieferte Swiss Peak EVA-Reisetasche passt. Mit Aluminiumgeh\u00e4use und PU-Luftpolstern [&hellip;]<\/p>\n","protected":false},"featured_media":46116,"template":"","meta":{"_acf_changed":false},"product_cat":[311,308],"product_tag":[],"class_list":["post-15081","product","type-product","status-publish","has-post-thumbnail","hentry","product_cat-audio-de","product_cat-freizeit-sport","pa_color-black-de","pa_color-grey-de"],"acf":[],"yoast_head":"<!-- This site is optimized with the Yoast SEO plugin v27.0 - https:\/\/yoast.com\/product\/yoast-seo-wordpress\/ -->\n<title>Kopfh\u00f6rer V3, grau - Swiss Peak<\/title>\n<meta name=\"robots\" content=\"index, follow, max-snippet:-1, max-image-preview:large, max-video-preview:-1\" \/>\n<link rel=\"canonical\" href=\"https:\/\/swiss-peak.com\/de\/produkt\/kopfhoerer-v3-grau\/\" \/>\n<meta property=\"og:locale\" content=\"de_DE\" \/>\n<meta property=\"og:type\" content=\"article\" \/>\n<meta property=\"og:title\" content=\"Kopfh\u00f6rer V3, grau - Swiss Peak\" \/>\n<meta property=\"og:description\" content=\"Kabelloser Stereo-Kopfh\u00f6rer mit hochwertiger Audioqualit\u00e4t f\u00fcr ein perfektes Klangerlebnis. Mit dem 300 mAh-Akku k\u00f6nnen Sie mit einer Ladung bis zu 11 Stunden Musik h\u00f6ren und das Aufladen dauert nur 1,5 Stunden. Reichweite bis zu 10 Meter. Der Kopfh\u00f6rer kann flach gefaltet werden, sodass er in die mitgelieferte Swiss Peak EVA-Reisetasche passt. Mit Aluminiumgeh\u00e4use und PU-Luftpolstern [&hellip;]\" \/>\n<meta property=\"og:url\" content=\"https:\/\/swiss-peak.com\/de\/produkt\/kopfhoerer-v3-grau\/\" \/>\n<meta property=\"og:site_name\" content=\"Swiss Peak\" \/>\n<meta property=\"article:modified_time\" content=\"2026-04-16T00:32:22+00:00\" \/>\n<meta property=\"og:image\" content=\"https:\/\/swiss-peak.com\/wp-content\/uploads\/sites\/9\/2026\/04\/P329.451__S_0__8e79bd6d7d324869b1be1b3172f7e5dc.jpg\" \/>\n\t<meta property=\"og:image:width\" content=\"1024\" \/>\n\t<meta property=\"og:image:height\" content=\"1024\" \/>\n\t<meta property=\"og:image:type\" content=\"image\/jpeg\" \/>\n<meta name=\"twitter:card\" content=\"summary_large_image\" \/>\n<script type=\"application\/ld+json\" class=\"yoast-schema-graph\">{\"@context\":\"https:\/\/schema.org\",\"@graph\":[{\"@type\":\"WebPage\",\"@id\":\"https:\/\/swiss-peak.com\/de\/produkt\/kopfhoerer-v3-grau\/\",\"url\":\"https:\/\/swiss-peak.com\/de\/produkt\/kopfhoerer-v3-grau\/\",\"name\":\"Kopfh\u00f6rer V3, grau - Swiss Peak\",\"isPartOf\":{\"@id\":\"https:\/\/swiss-peak.com\/de\/#website\"},\"primaryImageOfPage\":{\"@id\":\"https:\/\/swiss-peak.com\/de\/produkt\/kopfhoerer-v3-grau\/#primaryimage\"},\"image\":{\"@id\":\"https:\/\/swiss-peak.com\/de\/produkt\/kopfhoerer-v3-grau\/#primaryimage\"},\"thumbnailUrl\":\"https:\/\/swiss-peak.com\/wp-content\/uploads\/sites\/9\/2026\/04\/P329.451__S_0__8e79bd6d7d324869b1be1b3172f7e5dc.jpg\",\"datePublished\":\"2023-03-14T09:54:26+00:00\",\"dateModified\":\"2026-04-16T00:32:22+00:00\",\"breadcrumb\":{\"@id\":\"https:\/\/swiss-peak.com\/de\/produkt\/kopfhoerer-v3-grau\/#breadcrumb\"},\"inLanguage\":\"de\",\"potentialAction\":[{\"@type\":\"ReadAction\",\"target\":[\"https:\/\/swiss-peak.com\/de\/produkt\/kopfhoerer-v3-grau\/\"]}]},{\"@type\":\"ImageObject\",\"inLanguage\":\"de\",\"@id\":\"https:\/\/swiss-peak.com\/de\/produkt\/kopfhoerer-v3-grau\/#primaryimage\",\"url\":\"https:\/\/swiss-peak.com\/wp-content\/uploads\/sites\/9\/2026\/04\/P329.451__S_0__8e79bd6d7d324869b1be1b3172f7e5dc.jpg\",\"contentUrl\":\"https:\/\/swiss-peak.com\/wp-content\/uploads\/sites\/9\/2026\/04\/P329.451__S_0__8e79bd6d7d324869b1be1b3172f7e5dc.jpg\",\"width\":1024,\"height\":1024},{\"@type\":\"BreadcrumbList\",\"@id\":\"https:\/\/swiss-peak.com\/de\/produkt\/kopfhoerer-v3-grau\/#breadcrumb\",\"itemListElement\":[{\"@type\":\"ListItem\",\"position\":1,\"name\":\"Home\",\"item\":\"https:\/\/swiss-peak.com\/de\/\"},{\"@type\":\"ListItem\",\"position\":2,\"name\":\"Kollektion\",\"item\":\"https:\/\/swiss-peak.com\/de\/kollektion\/\"},{\"@type\":\"ListItem\",\"position\":3,\"name\":\"Kopfh\u00f6rer V3, grau\"}]},{\"@type\":\"WebSite\",\"@id\":\"https:\/\/swiss-peak.com\/de\/#website\",\"url\":\"https:\/\/swiss-peak.com\/de\/\",\"name\":\"Swiss Peak\",\"description\":\"Where will today take you?\",\"potentialAction\":[{\"@type\":\"SearchAction\",\"target\":{\"@type\":\"EntryPoint\",\"urlTemplate\":\"https:\/\/swiss-peak.com\/de\/?s={search_term_string}\"},\"query-input\":{\"@type\":\"PropertyValueSpecification\",\"valueRequired\":true,\"valueName\":\"search_term_string\"}}],\"inLanguage\":\"de\"}]}<\/script>\n<!-- \/ Yoast SEO plugin. -->","yoast_head_json":{"title":"Kopfh\u00f6rer V3, grau - Swiss Peak","robots":{"index":"index","follow":"follow","max-snippet":"max-snippet:-1","max-image-preview":"max-image-preview:large","max-video-preview":"max-video-preview:-1"},"canonical":"https:\/\/swiss-peak.com\/de\/produkt\/kopfhoerer-v3-grau\/","og_locale":"de_DE","og_type":"article","og_title":"Kopfh\u00f6rer V3, grau - Swiss Peak","og_description":"Kabelloser Stereo-Kopfh\u00f6rer mit hochwertiger Audioqualit\u00e4t f\u00fcr ein perfektes Klangerlebnis. Mit dem 300 mAh-Akku k\u00f6nnen Sie mit einer Ladung bis zu 11 Stunden Musik h\u00f6ren und das Aufladen dauert nur 1,5 Stunden. Reichweite bis zu 10 Meter. Der Kopfh\u00f6rer kann flach gefaltet werden, sodass er in die mitgelieferte Swiss Peak EVA-Reisetasche passt. Mit Aluminiumgeh\u00e4use und PU-Luftpolstern [&hellip;]","og_url":"https:\/\/swiss-peak.com\/de\/produkt\/kopfhoerer-v3-grau\/","og_site_name":"Swiss Peak","article_modified_time":"2026-04-16T00:32:22+00:00","og_image":[{"width":1024,"height":1024,"url":"https:\/\/swiss-peak.com\/wp-content\/uploads\/sites\/9\/2026\/04\/P329.451__S_0__8e79bd6d7d324869b1be1b3172f7e5dc.jpg","type":"image\/jpeg"}],"twitter_card":"summary_large_image","schema":{"@context":"https:\/\/schema.org","@graph":[{"@type":"WebPage","@id":"https:\/\/swiss-peak.com\/de\/produkt\/kopfhoerer-v3-grau\/","url":"https:\/\/swiss-peak.com\/de\/produkt\/kopfhoerer-v3-grau\/","name":"Kopfh\u00f6rer V3, grau - Swiss Peak","isPartOf":{"@id":"https:\/\/swiss-peak.com\/de\/#website"},"primaryImageOfPage":{"@id":"https:\/\/swiss-peak.com\/de\/produkt\/kopfhoerer-v3-grau\/#primaryimage"},"image":{"@id":"https:\/\/swiss-peak.com\/de\/produkt\/kopfhoerer-v3-grau\/#primaryimage"},"thumbnailUrl":"https:\/\/swiss-peak.com\/wp-content\/uploads\/sites\/9\/2026\/04\/P329.451__S_0__8e79bd6d7d324869b1be1b3172f7e5dc.jpg","datePublished":"2023-03-14T09:54:26+00:00","dateModified":"2026-04-16T00:32:22+00:00","breadcrumb":{"@id":"https:\/\/swiss-peak.com\/de\/produkt\/kopfhoerer-v3-grau\/#breadcrumb"},"inLanguage":"de","potentialAction":[{"@type":"ReadAction","target":["https:\/\/swiss-peak.com\/de\/produkt\/kopfhoerer-v3-grau\/"]}]},{"@type":"ImageObject","inLanguage":"de","@id":"https:\/\/swiss-peak.com\/de\/produkt\/kopfhoerer-v3-grau\/#primaryimage","url":"https:\/\/swiss-peak.com\/wp-content\/uploads\/sites\/9\/2026\/04\/P329.451__S_0__8e79bd6d7d324869b1be1b3172f7e5dc.jpg","contentUrl":"https:\/\/swiss-peak.com\/wp-content\/uploads\/sites\/9\/2026\/04\/P329.451__S_0__8e79bd6d7d324869b1be1b3172f7e5dc.jpg","width":1024,"height":1024},{"@type":"BreadcrumbList","@id":"https:\/\/swiss-peak.com\/de\/produkt\/kopfhoerer-v3-grau\/#breadcrumb","itemListElement":[{"@type":"ListItem","position":1,"name":"Home","item":"https:\/\/swiss-peak.com\/de\/"},{"@type":"ListItem","position":2,"name":"Kollektion","item":"https:\/\/swiss-peak.com\/de\/kollektion\/"},{"@type":"ListItem","position":3,"name":"Kopfh\u00f6rer V3, grau"}]},{"@type":"WebSite","@id":"https:\/\/swiss-peak.com\/de\/#website","url":"https:\/\/swiss-peak.com\/de\/","name":"Swiss Peak","description":"Where will today take you?","potentialAction":[{"@type":"SearchAction","target":{"@type":"EntryPoint","urlTemplate":"https:\/\/swiss-peak.com\/de\/?s={search_term_string}"},"query-input":{"@type":"PropertyValueSpecification","valueRequired":true,"valueName":"search_term_string"}}],"inLanguage":"de"}]}},"_links":{"self":[{"href":"https:\/\/swiss-peak.com\/de\/wp-json\/wp\/v2\/product\/15081","targetHints":{"allow":["GET"]}}],"collection":[{"href":"https:\/\/swiss-peak.com\/de\/wp-json\/wp\/v2\/product"}],"about":[{"href":"https:\/\/swiss-peak.com\/de\/wp-json\/wp\/v2\/types\/product"}],"wp:featuredmedia":[{"embeddable":true,"href":"https:\/\/swiss-peak.com\/de\/wp-json\/wp\/v2\/media\/46116"}],"wp:attachment":[{"href":"https:\/\/swiss-peak.com\/de\/wp-json\/wp\/v2\/media?parent=15081"}],"wp:term":[{"taxonomy":"product_cat","embeddable":true,"href":"https:\/\/swiss-peak.com\/de\/wp-json\/wp\/v2\/product_cat?post=15081"},{"taxonomy":"product_tag","embeddable":true,"href":"https:\/\/swiss-peak.com\/de\/wp-json\/wp\/v2\/product_tag?post=15081"}],"curies":[{"name":"wp","href":"https:\/\/api.w.org\/{rel}","templated":true}]}}