{"id":15077,"date":"2023-03-14T11:54:26","date_gmt":"2023-03-14T09:54:26","guid":{"rendered":"https:\/\/xdsomename.tempurl.host\/swisspeak-website\/collection\/unkategorisiert\/kabelloser-5w-bass-lautsprecher-grau\/"},"modified":"2026-04-16T02:32:19","modified_gmt":"2026-04-16T00:32:19","slug":"kabelloser-5w-bass-lautsprecher-grau","status":"publish","type":"product","link":"https:\/\/swiss-peak.com\/de\/produkt\/kabelloser-5w-bass-lautsprecher-grau\/","title":{"rendered":"Kabelloser 5W Bass Lautsprecher, grau"},"content":{"rendered":"<p>5W-Lautsprecher mit kraftvollem und klarem Klangbild. Mit eingebautem Subwoofer f\u00fcr tollen Bass. Aus hochwertigem Edelstahl f\u00fcr elegantes Aussehen und Haptik. Mit 650 mAh-Batterie f\u00fcr bis zu 5 Stunden Spielzeit Ihrer Lieblingsmusik sowie mit BT 5.0 f\u00fcr eine stabile Verbindng auf bis zu 10m. Inklusive PVC-freiem Micro-USB Ladekabel aus TPE.<\/p>\n","protected":false},"excerpt":{"rendered":"<p>5W-Lautsprecher mit kraftvollem und klarem Klangbild. Mit eingebautem Subwoofer f\u00fcr tollen Bass. Aus hochwertigem Edelstahl f\u00fcr elegantes Aussehen und Haptik. Mit 650 mAh-Batterie f\u00fcr bis zu 5 Stunden Spielzeit Ihrer Lieblingsmusik sowie mit BT 5.0 f\u00fcr eine stabile Verbindng auf bis zu 10m. Inklusive PVC-freiem Micro-USB Ladekabel aus TPE.<\/p>\n","protected":false},"featured_media":46109,"template":"","meta":{"_acf_changed":false},"product_cat":[311,308],"product_tag":[],"class_list":["post-15077","product","type-product","status-publish","has-post-thumbnail","hentry","product_cat-audio-de","product_cat-freizeit-sport","pa_color-grey-de"],"acf":[],"yoast_head":"<!-- This site is optimized with the Yoast SEO plugin v27.0 - https:\/\/yoast.com\/product\/yoast-seo-wordpress\/ -->\n<title>Kabelloser 5W Bass Lautsprecher, grau - Swiss Peak<\/title>\n<meta name=\"robots\" content=\"index, follow, max-snippet:-1, max-image-preview:large, max-video-preview:-1\" \/>\n<link rel=\"canonical\" href=\"https:\/\/swiss-peak.com\/de\/produkt\/kabelloser-5w-bass-lautsprecher-grau\/\" \/>\n<meta property=\"og:locale\" content=\"de_DE\" \/>\n<meta property=\"og:type\" content=\"article\" \/>\n<meta property=\"og:title\" content=\"Kabelloser 5W Bass Lautsprecher, grau - Swiss Peak\" \/>\n<meta property=\"og:description\" content=\"5W-Lautsprecher mit kraftvollem und klarem Klangbild. Mit eingebautem Subwoofer f\u00fcr tollen Bass. Aus hochwertigem Edelstahl f\u00fcr elegantes Aussehen und Haptik. Mit 650 mAh-Batterie f\u00fcr bis zu 5 Stunden Spielzeit Ihrer Lieblingsmusik sowie mit BT 5.0 f\u00fcr eine stabile Verbindng auf bis zu 10m. Inklusive PVC-freiem Micro-USB Ladekabel aus TPE.\" \/>\n<meta property=\"og:url\" content=\"https:\/\/swiss-peak.com\/de\/produkt\/kabelloser-5w-bass-lautsprecher-grau\/\" \/>\n<meta property=\"og:site_name\" content=\"Swiss Peak\" \/>\n<meta property=\"article:modified_time\" content=\"2026-04-16T00:32:19+00:00\" \/>\n<meta property=\"og:image\" content=\"https:\/\/swiss-peak.com\/wp-content\/uploads\/sites\/9\/2026\/04\/P329.262__S_0__c44019604d234fa98fe882569392369f.jpg\" \/>\n\t<meta property=\"og:image:width\" content=\"1024\" \/>\n\t<meta property=\"og:image:height\" content=\"1024\" \/>\n\t<meta property=\"og:image:type\" content=\"image\/jpeg\" \/>\n<meta name=\"twitter:card\" content=\"summary_large_image\" \/>\n<script type=\"application\/ld+json\" class=\"yoast-schema-graph\">{\"@context\":\"https:\/\/schema.org\",\"@graph\":[{\"@type\":\"WebPage\",\"@id\":\"https:\/\/swiss-peak.com\/de\/produkt\/kabelloser-5w-bass-lautsprecher-grau\/\",\"url\":\"https:\/\/swiss-peak.com\/de\/produkt\/kabelloser-5w-bass-lautsprecher-grau\/\",\"name\":\"Kabelloser 5W Bass Lautsprecher, grau - Swiss Peak\",\"isPartOf\":{\"@id\":\"https:\/\/swiss-peak.com\/de\/#website\"},\"primaryImageOfPage\":{\"@id\":\"https:\/\/swiss-peak.com\/de\/produkt\/kabelloser-5w-bass-lautsprecher-grau\/#primaryimage\"},\"image\":{\"@id\":\"https:\/\/swiss-peak.com\/de\/produkt\/kabelloser-5w-bass-lautsprecher-grau\/#primaryimage\"},\"thumbnailUrl\":\"https:\/\/swiss-peak.com\/wp-content\/uploads\/sites\/9\/2026\/04\/P329.262__S_0__c44019604d234fa98fe882569392369f.jpg\",\"datePublished\":\"2023-03-14T09:54:26+00:00\",\"dateModified\":\"2026-04-16T00:32:19+00:00\",\"breadcrumb\":{\"@id\":\"https:\/\/swiss-peak.com\/de\/produkt\/kabelloser-5w-bass-lautsprecher-grau\/#breadcrumb\"},\"inLanguage\":\"de\",\"potentialAction\":[{\"@type\":\"ReadAction\",\"target\":[\"https:\/\/swiss-peak.com\/de\/produkt\/kabelloser-5w-bass-lautsprecher-grau\/\"]}]},{\"@type\":\"ImageObject\",\"inLanguage\":\"de\",\"@id\":\"https:\/\/swiss-peak.com\/de\/produkt\/kabelloser-5w-bass-lautsprecher-grau\/#primaryimage\",\"url\":\"https:\/\/swiss-peak.com\/wp-content\/uploads\/sites\/9\/2026\/04\/P329.262__S_0__c44019604d234fa98fe882569392369f.jpg\",\"contentUrl\":\"https:\/\/swiss-peak.com\/wp-content\/uploads\/sites\/9\/2026\/04\/P329.262__S_0__c44019604d234fa98fe882569392369f.jpg\",\"width\":1024,\"height\":1024},{\"@type\":\"BreadcrumbList\",\"@id\":\"https:\/\/swiss-peak.com\/de\/produkt\/kabelloser-5w-bass-lautsprecher-grau\/#breadcrumb\",\"itemListElement\":[{\"@type\":\"ListItem\",\"position\":1,\"name\":\"Home\",\"item\":\"https:\/\/swiss-peak.com\/de\/\"},{\"@type\":\"ListItem\",\"position\":2,\"name\":\"Kollektion\",\"item\":\"https:\/\/swiss-peak.com\/de\/kollektion\/\"},{\"@type\":\"ListItem\",\"position\":3,\"name\":\"Kabelloser 5W Bass Lautsprecher, grau\"}]},{\"@type\":\"WebSite\",\"@id\":\"https:\/\/swiss-peak.com\/de\/#website\",\"url\":\"https:\/\/swiss-peak.com\/de\/\",\"name\":\"Swiss Peak\",\"description\":\"Where will today take you?\",\"potentialAction\":[{\"@type\":\"SearchAction\",\"target\":{\"@type\":\"EntryPoint\",\"urlTemplate\":\"https:\/\/swiss-peak.com\/de\/?s={search_term_string}\"},\"query-input\":{\"@type\":\"PropertyValueSpecification\",\"valueRequired\":true,\"valueName\":\"search_term_string\"}}],\"inLanguage\":\"de\"}]}<\/script>\n<!-- \/ Yoast SEO plugin. -->","yoast_head_json":{"title":"Kabelloser 5W Bass Lautsprecher, grau - Swiss Peak","robots":{"index":"index","follow":"follow","max-snippet":"max-snippet:-1","max-image-preview":"max-image-preview:large","max-video-preview":"max-video-preview:-1"},"canonical":"https:\/\/swiss-peak.com\/de\/produkt\/kabelloser-5w-bass-lautsprecher-grau\/","og_locale":"de_DE","og_type":"article","og_title":"Kabelloser 5W Bass Lautsprecher, grau - Swiss Peak","og_description":"5W-Lautsprecher mit kraftvollem und klarem Klangbild. Mit eingebautem Subwoofer f\u00fcr tollen Bass. Aus hochwertigem Edelstahl f\u00fcr elegantes Aussehen und Haptik. Mit 650 mAh-Batterie f\u00fcr bis zu 5 Stunden Spielzeit Ihrer Lieblingsmusik sowie mit BT 5.0 f\u00fcr eine stabile Verbindng auf bis zu 10m. Inklusive PVC-freiem Micro-USB Ladekabel aus TPE.","og_url":"https:\/\/swiss-peak.com\/de\/produkt\/kabelloser-5w-bass-lautsprecher-grau\/","og_site_name":"Swiss Peak","article_modified_time":"2026-04-16T00:32:19+00:00","og_image":[{"width":1024,"height":1024,"url":"https:\/\/swiss-peak.com\/wp-content\/uploads\/sites\/9\/2026\/04\/P329.262__S_0__c44019604d234fa98fe882569392369f.jpg","type":"image\/jpeg"}],"twitter_card":"summary_large_image","schema":{"@context":"https:\/\/schema.org","@graph":[{"@type":"WebPage","@id":"https:\/\/swiss-peak.com\/de\/produkt\/kabelloser-5w-bass-lautsprecher-grau\/","url":"https:\/\/swiss-peak.com\/de\/produkt\/kabelloser-5w-bass-lautsprecher-grau\/","name":"Kabelloser 5W Bass Lautsprecher, grau - Swiss Peak","isPartOf":{"@id":"https:\/\/swiss-peak.com\/de\/#website"},"primaryImageOfPage":{"@id":"https:\/\/swiss-peak.com\/de\/produkt\/kabelloser-5w-bass-lautsprecher-grau\/#primaryimage"},"image":{"@id":"https:\/\/swiss-peak.com\/de\/produkt\/kabelloser-5w-bass-lautsprecher-grau\/#primaryimage"},"thumbnailUrl":"https:\/\/swiss-peak.com\/wp-content\/uploads\/sites\/9\/2026\/04\/P329.262__S_0__c44019604d234fa98fe882569392369f.jpg","datePublished":"2023-03-14T09:54:26+00:00","dateModified":"2026-04-16T00:32:19+00:00","breadcrumb":{"@id":"https:\/\/swiss-peak.com\/de\/produkt\/kabelloser-5w-bass-lautsprecher-grau\/#breadcrumb"},"inLanguage":"de","potentialAction":[{"@type":"ReadAction","target":["https:\/\/swiss-peak.com\/de\/produkt\/kabelloser-5w-bass-lautsprecher-grau\/"]}]},{"@type":"ImageObject","inLanguage":"de","@id":"https:\/\/swiss-peak.com\/de\/produkt\/kabelloser-5w-bass-lautsprecher-grau\/#primaryimage","url":"https:\/\/swiss-peak.com\/wp-content\/uploads\/sites\/9\/2026\/04\/P329.262__S_0__c44019604d234fa98fe882569392369f.jpg","contentUrl":"https:\/\/swiss-peak.com\/wp-content\/uploads\/sites\/9\/2026\/04\/P329.262__S_0__c44019604d234fa98fe882569392369f.jpg","width":1024,"height":1024},{"@type":"BreadcrumbList","@id":"https:\/\/swiss-peak.com\/de\/produkt\/kabelloser-5w-bass-lautsprecher-grau\/#breadcrumb","itemListElement":[{"@type":"ListItem","position":1,"name":"Home","item":"https:\/\/swiss-peak.com\/de\/"},{"@type":"ListItem","position":2,"name":"Kollektion","item":"https:\/\/swiss-peak.com\/de\/kollektion\/"},{"@type":"ListItem","position":3,"name":"Kabelloser 5W Bass Lautsprecher, grau"}]},{"@type":"WebSite","@id":"https:\/\/swiss-peak.com\/de\/#website","url":"https:\/\/swiss-peak.com\/de\/","name":"Swiss Peak","description":"Where will today take you?","potentialAction":[{"@type":"SearchAction","target":{"@type":"EntryPoint","urlTemplate":"https:\/\/swiss-peak.com\/de\/?s={search_term_string}"},"query-input":{"@type":"PropertyValueSpecification","valueRequired":true,"valueName":"search_term_string"}}],"inLanguage":"de"}]}},"_links":{"self":[{"href":"https:\/\/swiss-peak.com\/de\/wp-json\/wp\/v2\/product\/15077","targetHints":{"allow":["GET"]}}],"collection":[{"href":"https:\/\/swiss-peak.com\/de\/wp-json\/wp\/v2\/product"}],"about":[{"href":"https:\/\/swiss-peak.com\/de\/wp-json\/wp\/v2\/types\/product"}],"wp:featuredmedia":[{"embeddable":true,"href":"https:\/\/swiss-peak.com\/de\/wp-json\/wp\/v2\/media\/46109"}],"wp:attachment":[{"href":"https:\/\/swiss-peak.com\/de\/wp-json\/wp\/v2\/media?parent=15077"}],"wp:term":[{"taxonomy":"product_cat","embeddable":true,"href":"https:\/\/swiss-peak.com\/de\/wp-json\/wp\/v2\/product_cat?post=15077"},{"taxonomy":"product_tag","embeddable":true,"href":"https:\/\/swiss-peak.com\/de\/wp-json\/wp\/v2\/product_tag?post=15077"}],"curies":[{"name":"wp","href":"https:\/\/api.w.org\/{rel}","templated":true}]}}