{"id":15070,"date":"2023-03-14T11:53:59","date_gmt":"2023-03-14T09:53:59","guid":{"rendered":"https:\/\/xdsomename.tempurl.host\/swisspeak-website\/collection\/unkategorisiert\/swiss-peak-rcs-recyceltes-10w-wireless-charging-pu-mauspad-schwarz\/"},"modified":"2026-04-16T02:32:09","modified_gmt":"2026-04-16T00:32:09","slug":"swiss-peak-rcs-recyceltes-10w-wireless-charging-pu-mauspad-schwarz","status":"publish","type":"product","link":"https:\/\/swiss-peak.com\/de\/produkt\/swiss-peak-rcs-recyceltes-10w-wireless-charging-pu-mauspad-schwarz\/","title":{"rendered":"RCS recyceltes 10W Wireless-Charging PU Mauspad, schwarz"},"content":{"rendered":"<p>Schickes Mauspad mit integriertem kabellosem 10W-Ladeger\u00e4t. Die Ladefl\u00e4che kann in aufrechter Position auch als Telefonst\u00e4nder verwendet werden. Hergestellt aus RCS (Recycled Claim Standard)-zertifiziert recycelten Materialien. Die RCS-Zertifizierung gew\u00e4hrleistet eine vollst\u00e4ndig zertifizierte Lieferkette der recycelten Materialien. Die glatte und luxuri\u00f6se Oberfl\u00e4che wertet jeden Schreibtisch zu einer gro\u00dfartigen Arbeitsumgebung auf. Gr\u00f6\u00dfe: 29 x 19 x 2 cm. Extra dick f\u00fcr ein perfektes Arbeitserlebnis. Au\u00dfenmaterial aus RCS zertifiziert recyceltem PU. Gesamter Recyclinganteil: 27% bezogen auf das Gesamtgewicht des Artikels. Mit 150cm langem Kabel aus PVC-freiem TPE-Material. Artikel und Zubeh\u00f6r PVC-frei. Kabelloses Aufladen kompatibel mit Android der neuesten Generation, iPhone 8 und h\u00f6her. Input: 9V\/2A; Wireless Ouput: 9V\/1,1A.<\/p>\n","protected":false},"excerpt":{"rendered":"<p>Schickes Mauspad mit integriertem kabellosem 10W-Ladeger\u00e4t. Die Ladefl\u00e4che kann in aufrechter Position auch als Telefonst\u00e4nder verwendet werden. Hergestellt aus RCS (Recycled Claim Standard)-zertifiziert recycelten Materialien. Die RCS-Zertifizierung gew\u00e4hrleistet eine vollst\u00e4ndig zertifizierte Lieferkette der recycelten Materialien. Die glatte und luxuri\u00f6se Oberfl\u00e4che wertet jeden Schreibtisch zu einer gro\u00dfartigen Arbeitsumgebung auf. Gr\u00f6\u00dfe: 29 x 19 x 2 cm. [&hellip;]<\/p>\n","protected":false},"featured_media":46088,"template":"","meta":{"_acf_changed":false},"product_cat":[288,305],"product_tag":[],"class_list":["post-15070","product","type-product","status-publish","has-post-thumbnail","hentry","product_cat-geschafte","product_cat-tech-de","pa_color-black-de"],"acf":[],"yoast_head":"<!-- This site is optimized with the Yoast SEO plugin v27.0 - https:\/\/yoast.com\/product\/yoast-seo-wordpress\/ -->\n<title>RCS recyceltes 10W Wireless-Charging PU Mauspad, schwarz - Swiss Peak<\/title>\n<meta name=\"robots\" content=\"index, follow, max-snippet:-1, max-image-preview:large, max-video-preview:-1\" \/>\n<link rel=\"canonical\" href=\"https:\/\/swiss-peak.com\/de\/produkt\/swiss-peak-rcs-recyceltes-10w-wireless-charging-pu-mauspad-schwarz\/\" \/>\n<meta property=\"og:locale\" content=\"de_DE\" \/>\n<meta property=\"og:type\" content=\"article\" \/>\n<meta property=\"og:title\" content=\"RCS recyceltes 10W Wireless-Charging PU Mauspad, schwarz - Swiss Peak\" \/>\n<meta property=\"og:description\" content=\"Schickes Mauspad mit integriertem kabellosem 10W-Ladeger\u00e4t. Die Ladefl\u00e4che kann in aufrechter Position auch als Telefonst\u00e4nder verwendet werden. Hergestellt aus RCS (Recycled Claim Standard)-zertifiziert recycelten Materialien. Die RCS-Zertifizierung gew\u00e4hrleistet eine vollst\u00e4ndig zertifizierte Lieferkette der recycelten Materialien. Die glatte und luxuri\u00f6se Oberfl\u00e4che wertet jeden Schreibtisch zu einer gro\u00dfartigen Arbeitsumgebung auf. Gr\u00f6\u00dfe: 29 x 19 x 2 cm. [&hellip;]\" \/>\n<meta property=\"og:url\" content=\"https:\/\/swiss-peak.com\/de\/produkt\/swiss-peak-rcs-recyceltes-10w-wireless-charging-pu-mauspad-schwarz\/\" \/>\n<meta property=\"og:site_name\" content=\"Swiss Peak\" \/>\n<meta property=\"article:modified_time\" content=\"2026-04-16T00:32:09+00:00\" \/>\n<meta property=\"og:image\" content=\"https:\/\/swiss-peak.com\/wp-content\/uploads\/sites\/9\/2026\/04\/P300.241__S_0__8cb8d3e348e34a17993cc0b2929d8512.jpg\" \/>\n\t<meta property=\"og:image:width\" content=\"1024\" \/>\n\t<meta property=\"og:image:height\" content=\"1024\" \/>\n\t<meta property=\"og:image:type\" content=\"image\/jpeg\" \/>\n<meta name=\"twitter:card\" content=\"summary_large_image\" \/>\n<meta name=\"twitter:label1\" content=\"Gesch\u00e4tzte Lesezeit\" \/>\n\t<meta name=\"twitter:data1\" content=\"1\u00a0Minute\" \/>\n<script type=\"application\/ld+json\" class=\"yoast-schema-graph\">{\"@context\":\"https:\/\/schema.org\",\"@graph\":[{\"@type\":\"WebPage\",\"@id\":\"https:\/\/swiss-peak.com\/de\/produkt\/swiss-peak-rcs-recyceltes-10w-wireless-charging-pu-mauspad-schwarz\/\",\"url\":\"https:\/\/swiss-peak.com\/de\/produkt\/swiss-peak-rcs-recyceltes-10w-wireless-charging-pu-mauspad-schwarz\/\",\"name\":\"RCS recyceltes 10W Wireless-Charging PU Mauspad, schwarz - Swiss Peak\",\"isPartOf\":{\"@id\":\"https:\/\/swiss-peak.com\/de\/#website\"},\"primaryImageOfPage\":{\"@id\":\"https:\/\/swiss-peak.com\/de\/produkt\/swiss-peak-rcs-recyceltes-10w-wireless-charging-pu-mauspad-schwarz\/#primaryimage\"},\"image\":{\"@id\":\"https:\/\/swiss-peak.com\/de\/produkt\/swiss-peak-rcs-recyceltes-10w-wireless-charging-pu-mauspad-schwarz\/#primaryimage\"},\"thumbnailUrl\":\"https:\/\/swiss-peak.com\/wp-content\/uploads\/sites\/9\/2026\/04\/P300.241__S_0__8cb8d3e348e34a17993cc0b2929d8512.jpg\",\"datePublished\":\"2023-03-14T09:53:59+00:00\",\"dateModified\":\"2026-04-16T00:32:09+00:00\",\"breadcrumb\":{\"@id\":\"https:\/\/swiss-peak.com\/de\/produkt\/swiss-peak-rcs-recyceltes-10w-wireless-charging-pu-mauspad-schwarz\/#breadcrumb\"},\"inLanguage\":\"de\",\"potentialAction\":[{\"@type\":\"ReadAction\",\"target\":[\"https:\/\/swiss-peak.com\/de\/produkt\/swiss-peak-rcs-recyceltes-10w-wireless-charging-pu-mauspad-schwarz\/\"]}]},{\"@type\":\"ImageObject\",\"inLanguage\":\"de\",\"@id\":\"https:\/\/swiss-peak.com\/de\/produkt\/swiss-peak-rcs-recyceltes-10w-wireless-charging-pu-mauspad-schwarz\/#primaryimage\",\"url\":\"https:\/\/swiss-peak.com\/wp-content\/uploads\/sites\/9\/2026\/04\/P300.241__S_0__8cb8d3e348e34a17993cc0b2929d8512.jpg\",\"contentUrl\":\"https:\/\/swiss-peak.com\/wp-content\/uploads\/sites\/9\/2026\/04\/P300.241__S_0__8cb8d3e348e34a17993cc0b2929d8512.jpg\",\"width\":1024,\"height\":1024},{\"@type\":\"BreadcrumbList\",\"@id\":\"https:\/\/swiss-peak.com\/de\/produkt\/swiss-peak-rcs-recyceltes-10w-wireless-charging-pu-mauspad-schwarz\/#breadcrumb\",\"itemListElement\":[{\"@type\":\"ListItem\",\"position\":1,\"name\":\"Home\",\"item\":\"https:\/\/swiss-peak.com\/de\/\"},{\"@type\":\"ListItem\",\"position\":2,\"name\":\"Kollektion\",\"item\":\"https:\/\/swiss-peak.com\/de\/kollektion\/\"},{\"@type\":\"ListItem\",\"position\":3,\"name\":\"RCS recyceltes 10W Wireless-Charging PU Mauspad, schwarz\"}]},{\"@type\":\"WebSite\",\"@id\":\"https:\/\/swiss-peak.com\/de\/#website\",\"url\":\"https:\/\/swiss-peak.com\/de\/\",\"name\":\"Swiss Peak\",\"description\":\"Where will today take you?\",\"potentialAction\":[{\"@type\":\"SearchAction\",\"target\":{\"@type\":\"EntryPoint\",\"urlTemplate\":\"https:\/\/swiss-peak.com\/de\/?s={search_term_string}\"},\"query-input\":{\"@type\":\"PropertyValueSpecification\",\"valueRequired\":true,\"valueName\":\"search_term_string\"}}],\"inLanguage\":\"de\"}]}<\/script>\n<!-- \/ Yoast SEO plugin. -->","yoast_head_json":{"title":"RCS recyceltes 10W Wireless-Charging PU Mauspad, schwarz - Swiss Peak","robots":{"index":"index","follow":"follow","max-snippet":"max-snippet:-1","max-image-preview":"max-image-preview:large","max-video-preview":"max-video-preview:-1"},"canonical":"https:\/\/swiss-peak.com\/de\/produkt\/swiss-peak-rcs-recyceltes-10w-wireless-charging-pu-mauspad-schwarz\/","og_locale":"de_DE","og_type":"article","og_title":"RCS recyceltes 10W Wireless-Charging PU Mauspad, schwarz - Swiss Peak","og_description":"Schickes Mauspad mit integriertem kabellosem 10W-Ladeger\u00e4t. Die Ladefl\u00e4che kann in aufrechter Position auch als Telefonst\u00e4nder verwendet werden. Hergestellt aus RCS (Recycled Claim Standard)-zertifiziert recycelten Materialien. Die RCS-Zertifizierung gew\u00e4hrleistet eine vollst\u00e4ndig zertifizierte Lieferkette der recycelten Materialien. Die glatte und luxuri\u00f6se Oberfl\u00e4che wertet jeden Schreibtisch zu einer gro\u00dfartigen Arbeitsumgebung auf. Gr\u00f6\u00dfe: 29 x 19 x 2 cm. [&hellip;]","og_url":"https:\/\/swiss-peak.com\/de\/produkt\/swiss-peak-rcs-recyceltes-10w-wireless-charging-pu-mauspad-schwarz\/","og_site_name":"Swiss Peak","article_modified_time":"2026-04-16T00:32:09+00:00","og_image":[{"width":1024,"height":1024,"url":"https:\/\/swiss-peak.com\/wp-content\/uploads\/sites\/9\/2026\/04\/P300.241__S_0__8cb8d3e348e34a17993cc0b2929d8512.jpg","type":"image\/jpeg"}],"twitter_card":"summary_large_image","twitter_misc":{"Gesch\u00e4tzte Lesezeit":"1\u00a0Minute"},"schema":{"@context":"https:\/\/schema.org","@graph":[{"@type":"WebPage","@id":"https:\/\/swiss-peak.com\/de\/produkt\/swiss-peak-rcs-recyceltes-10w-wireless-charging-pu-mauspad-schwarz\/","url":"https:\/\/swiss-peak.com\/de\/produkt\/swiss-peak-rcs-recyceltes-10w-wireless-charging-pu-mauspad-schwarz\/","name":"RCS recyceltes 10W Wireless-Charging PU Mauspad, schwarz - Swiss Peak","isPartOf":{"@id":"https:\/\/swiss-peak.com\/de\/#website"},"primaryImageOfPage":{"@id":"https:\/\/swiss-peak.com\/de\/produkt\/swiss-peak-rcs-recyceltes-10w-wireless-charging-pu-mauspad-schwarz\/#primaryimage"},"image":{"@id":"https:\/\/swiss-peak.com\/de\/produkt\/swiss-peak-rcs-recyceltes-10w-wireless-charging-pu-mauspad-schwarz\/#primaryimage"},"thumbnailUrl":"https:\/\/swiss-peak.com\/wp-content\/uploads\/sites\/9\/2026\/04\/P300.241__S_0__8cb8d3e348e34a17993cc0b2929d8512.jpg","datePublished":"2023-03-14T09:53:59+00:00","dateModified":"2026-04-16T00:32:09+00:00","breadcrumb":{"@id":"https:\/\/swiss-peak.com\/de\/produkt\/swiss-peak-rcs-recyceltes-10w-wireless-charging-pu-mauspad-schwarz\/#breadcrumb"},"inLanguage":"de","potentialAction":[{"@type":"ReadAction","target":["https:\/\/swiss-peak.com\/de\/produkt\/swiss-peak-rcs-recyceltes-10w-wireless-charging-pu-mauspad-schwarz\/"]}]},{"@type":"ImageObject","inLanguage":"de","@id":"https:\/\/swiss-peak.com\/de\/produkt\/swiss-peak-rcs-recyceltes-10w-wireless-charging-pu-mauspad-schwarz\/#primaryimage","url":"https:\/\/swiss-peak.com\/wp-content\/uploads\/sites\/9\/2026\/04\/P300.241__S_0__8cb8d3e348e34a17993cc0b2929d8512.jpg","contentUrl":"https:\/\/swiss-peak.com\/wp-content\/uploads\/sites\/9\/2026\/04\/P300.241__S_0__8cb8d3e348e34a17993cc0b2929d8512.jpg","width":1024,"height":1024},{"@type":"BreadcrumbList","@id":"https:\/\/swiss-peak.com\/de\/produkt\/swiss-peak-rcs-recyceltes-10w-wireless-charging-pu-mauspad-schwarz\/#breadcrumb","itemListElement":[{"@type":"ListItem","position":1,"name":"Home","item":"https:\/\/swiss-peak.com\/de\/"},{"@type":"ListItem","position":2,"name":"Kollektion","item":"https:\/\/swiss-peak.com\/de\/kollektion\/"},{"@type":"ListItem","position":3,"name":"RCS recyceltes 10W Wireless-Charging PU Mauspad, schwarz"}]},{"@type":"WebSite","@id":"https:\/\/swiss-peak.com\/de\/#website","url":"https:\/\/swiss-peak.com\/de\/","name":"Swiss Peak","description":"Where will today take you?","potentialAction":[{"@type":"SearchAction","target":{"@type":"EntryPoint","urlTemplate":"https:\/\/swiss-peak.com\/de\/?s={search_term_string}"},"query-input":{"@type":"PropertyValueSpecification","valueRequired":true,"valueName":"search_term_string"}}],"inLanguage":"de"}]}},"_links":{"self":[{"href":"https:\/\/swiss-peak.com\/de\/wp-json\/wp\/v2\/product\/15070","targetHints":{"allow":["GET"]}}],"collection":[{"href":"https:\/\/swiss-peak.com\/de\/wp-json\/wp\/v2\/product"}],"about":[{"href":"https:\/\/swiss-peak.com\/de\/wp-json\/wp\/v2\/types\/product"}],"wp:featuredmedia":[{"embeddable":true,"href":"https:\/\/swiss-peak.com\/de\/wp-json\/wp\/v2\/media\/46088"}],"wp:attachment":[{"href":"https:\/\/swiss-peak.com\/de\/wp-json\/wp\/v2\/media?parent=15070"}],"wp:term":[{"taxonomy":"product_cat","embeddable":true,"href":"https:\/\/swiss-peak.com\/de\/wp-json\/wp\/v2\/product_cat?post=15070"},{"taxonomy":"product_tag","embeddable":true,"href":"https:\/\/swiss-peak.com\/de\/wp-json\/wp\/v2\/product_tag?post=15070"}],"curies":[{"name":"wp","href":"https:\/\/api.w.org\/{rel}","templated":true}]}}